{"id":958,"date":"2020-10-23T16:56:22","date_gmt":"2020-10-23T16:56:22","guid":{"rendered":"https:\/\/www.justinian.com\/?page_id=958"},"modified":"2024-01-02T19:14:24","modified_gmt":"2024-01-03T01:14:24","slug":"talc-talcum-powder","status":"publish","type":"page","link":"https:\/\/www.justinian.com\/es\/recursos-legales\/polvo-de-talco-talco\/","title":{"rendered":"POLVO DE TALCO \/ TALCO"},"content":{"rendered":"<h2 class=\"wp-block-heading\" id=\"h-talc-talcum-powder-and-ovarian-cancer\">Polvo de talco \/ talco y c\u00e1ncer de ovario<\/h2>\n\n\n\n<ul class=\"wp-block-list\">\n<li>\u00bfUs\u00f3 usted o un ser querido Johnson &amp; Johnson Baby Powder o Shower to Shower talco diariamente para la higiene personal durante cuatro o m\u00e1s a\u00f1os?<\/li>\n\n\n\n<li>\u00bfDesarroll\u00f3 c\u00e1ncer de ovario BRCA negativo (falopio, seroso, seroso invasivo)?<\/li>\n\n\n\n<li>\u00bfFue usted o un ser querido diagnosticado a los 65 a\u00f1os?<\/li>\n<\/ul>\n\n\n\n<p>Si es as\u00ed, puede tener derecho a una compensaci\u00f3n econ\u00f3mica por sus lesiones.<\/p>\n\n\n\n<h2 class=\"wp-block-heading\" id=\"h-what-is-talc-talcum-powder\">\u00bfQu\u00e9 es el talco (talco en polvo)?<\/h2>\n\n\n\n<p>El talco es un mineral natural hecho de silicato de magnesio hidratado.<\/p>\n\n\n\n<p>El talco crudo se refina en un polvo fibroso blanco que se vende como <em>talco<\/em>.<\/p>\n\n\n\n<p>El polvo de talco es eficaz en:<\/p>\n\n\n\n<ul class=\"check-list wp-block-list\">\n<li>Reducir la fricci\u00f3n<\/li>\n\n\n\n<li>Absorbe la humedad<\/li>\n\n\n\n<li>Eliminar los olores desagradables<\/li>\n<\/ul>\n\n\n\n<p>Debido a estas cualidades, el talco se ha utilizado como ingrediente principal en productos de higiene personal. Tambi\u00e9n se usa en talco para beb\u00e9s. Tambi\u00e9n se utiliza en diafragmas y condones por su capacidad para reducir la fricci\u00f3n.<\/p>\n\n\n\n<p>Est\u00e9ticamente, el talco se suele rociar directamente sobre la piel:<\/p>\n\n\n\n<ul class=\"check-list wp-block-list\">\n<li>En ropa interior<\/li>\n\n\n\n<li>En zapatos<\/li>\n\n\n\n<li>En beb\u00e9s y pa\u00f1ales<\/li>\n\n\n\n<li>En toallas sanitarias de mujer.<\/li>\n<\/ul>\n\n\n\n<div class=\"wp-block-columns is-layout-flex wp-container-core-columns-is-layout-9d6595d7 wp-block-columns-is-layout-flex\">\n<div class=\"wp-block-column is-vertically-aligned-center is-layout-flow wp-block-column-is-layout-flow\" style=\"flex-basis:60%\">\n<h2 class=\"wp-block-heading\" id=\"h-the-dangers-of-using-talcum-powder-for-feminine-hygiene\">Los peligros de usar talco en polvo para la higiene femenina<\/h2>\n\n\n\n<p>El polvo de talco se considera seguro para la mayor\u00eda de las aplicaciones.<\/p>\n\n\n\n<p><strong>Sin embargo, cuando se usa para la higiene femenina, el talco en polvo puede causar problemas graves, incluso mortales.<\/strong><\/p>\n<\/div>\n\n\n\n<div class=\"wp-block-column is-vertically-aligned-center is-layout-flow wp-block-column-is-layout-flow\">\n<figure class=\"wp-block-image size-large\"><img decoding=\"async\" width=\"540\" height=\"536\" src=\"https:\/\/www.justinian.com\/wp-content\/uploads\/2020\/10\/The-Dangers-of-Using-Talcum-Powder-For-Feminine-Hygien.jpg\" alt=\"\" class=\"wp-image-1298\"\/><\/figure>\n<\/div>\n<\/div>\n\n\n\n<div style=\"border-bottom:0px;background-color:#8ed1fc;padding:20px\"><table class=\"has-fixed-layout\"><tbody><tr><td><h5>If you or someone you know has been injured or impacted by using talc or talcum power, contact Amber Pang Parra for a free consultation at (855) 452-5529 or <a href=\"mailto:pharma@justinian.com\">pharma@justinian.com<\/a>.<br><\/h5>\n<\/td><\/tr><\/tbody><\/table><\/div>\n<br>\n<br>\n\n\n\n<div class=\"wp-block-columns is-layout-flex wp-container-core-columns-is-layout-9d6595d7 wp-block-columns-is-layout-flex\">\n<div class=\"wp-block-column is-vertically-aligned-center is-layout-flow wp-block-column-is-layout-flow\" style=\"flex-basis:40%\">\n<figure class=\"wp-block-image size-large\"><img decoding=\"async\" width=\"540\" height=\"589\" src=\"https:\/\/www.justinian.com\/wp-content\/uploads\/2020\/10\/The-Link-Between-TalcTalcum-Powder-And-Ovarian-Cancer.jpg\" alt=\"\" class=\"wp-image-1299\" srcset=\"https:\/\/www.justinian.com\/wp-content\/uploads\/2020\/10\/The-Link-Between-TalcTalcum-Powder-And-Ovarian-Cancer.jpg 540w, https:\/\/www.justinian.com\/wp-content\/uploads\/2020\/10\/The-Link-Between-TalcTalcum-Powder-And-Ovarian-Cancer-495x540.jpg 495w\" sizes=\"(max-width: 540px) 100vw, 540px\" \/><\/figure>\n<\/div>\n\n\n\n<div class=\"wp-block-column is-vertically-aligned-center is-layout-flow wp-block-column-is-layout-flow\">\n<h2 class=\"wp-block-heading\" id=\"h-the-link-between-talc-talcum-powder-and-ovarian-cancer\">El v\u00ednculo entre el talco \/ polvo de talco y el c\u00e1ncer de ovario<\/h2>\n\n\n\n<p><a href=\"https:\/\/www.ingentaconnect.com\/content\/wk\/ede\/2018\/00000029\/00000001\/art00012\" target=\"_blank\" rel=\"noreferrer noopener\">Numerosos<\/a> <a href=\"https:\/\/www.ncbi.nlm.nih.gov\/pmc\/articles\/pmc4820665\/\" target=\"_blank\" rel=\"noreferrer noopener\">estudios<\/a> del Instituto Nacional de Salud y otros investigadores indican un v\u00ednculo entre el uso de polvos de talco para la higiene femenina y el desarrollo de c\u00e1ncer de ovario.<\/p>\n\n\n\n<p><em>De hecho, este v\u00ednculo potencial se <\/em><a href=\"https:\/\/www.nytimes.com\/2018\/12\/14\/business\/baby-powder-asbestos-johnson-johnson.html\" target=\"_blank\" rel=\"noreferrer noopener\"><em>conoce desde hace d\u00e9cadas<\/em><\/a><em>, pero los fabricantes de estos productos optaron por mantener esta informaci\u00f3n fuera del alcance del p\u00fablico.<\/em><\/p>\n<\/div>\n<\/div>\n\n\n\n<h3 class=\"wp-block-heading\" id=\"h-talc-is-a-mineral-that-can-embed-in-human-tissue-like-asbestos\">El talco es un mineral que puede incrustarse en el tejido humano como el amianto<\/h3>\n\n\n\n<p>Al igual que el amianto, el talco es un mineral de silicato con estructura cristalina. De hecho, algunos productos a base de talco tambi\u00e9n conten\u00edan amianto.<\/p>\n\n\n\n<p class=\"has-text-align-center has-background has-small-font-size\" style=\"background-color:#f3f3f3\"><strong><strong>NOTA: Todos los productos a base de talco han estado libres de asbesto desde la d\u00e9cada de 1970. Aunque son similares en estructura qu\u00edmica, el talco y el asbesto son sustancias diferentes y no deben confundirse.<\/strong><\/strong><\/p>\n\n\n\n<p>Pero como mineral que se puede inhalar, se sabe desde hace mucho tiempo que el polvo de talco causa problemas respiratorios, especialmente en los beb\u00e9s.<\/p>\n\n\n\n<p>La investigaci\u00f3n ha demostrado que la inhalaci\u00f3n de talco para beb\u00e9s puede provocar:<\/p>\n\n\n\n<ul class=\"check-list wp-block-list\">\n<li>Respiraci\u00f3n r\u00e1pida y superficial<\/li>\n\n\n\n<li>Sibilancias<\/li>\n\n\n\n<li>Toser<\/li>\n\n\n\n<li>Irritaci\u00f3n pulmonar aguda o cr\u00f3nica<\/li>\n\n\n\n<li>S\u00edntomas de neumon\u00eda y asma con exposici\u00f3n prolongada<\/li>\n<\/ul>\n\n\n\n<h3 class=\"wp-block-heading\" id=\"h-talc-and-talcum-powder-can-migrate-through-the-body\">El talco y el polvo de talco pueden migrar por el cuerpo<\/h3>\n\n\n\n<p>En la forma en que las part\u00edculas de asbesto se pueden inhalar hacia los pulmones, la investigaci\u00f3n en salud ha demostrado que el talco utilizado en productos de higiene femenina puede ingresar al cuerpo (a trav\u00e9s de la vagina) y abrirse camino a trav\u00e9s del \u00fatero y las trompas de Falopio para llegar a los ovarios.<\/p>\n\n\n\n<p>Una vez all\u00ed, las part\u00edculas de talco se incrustan en la membrana mucosa de los ovarios de la mujer. Esto causa inflamaci\u00f3n, que eventualmente puede conducir a c\u00e1ncer de ovario.<\/p>\n\n\n\n<div class=\"wp-block-columns is-layout-flex wp-container-core-columns-is-layout-9d6595d7 wp-block-columns-is-layout-flex\">\n<div class=\"wp-block-column is-vertically-aligned-center is-layout-flow wp-block-column-is-layout-flow\" style=\"flex-basis:40%\">\n<figure class=\"wp-block-image size-large\"><img decoding=\"async\" width=\"540\" height=\"423\" src=\"https:\/\/www.justinian.com\/wp-content\/uploads\/2020\/10\/Ovarian-cancer-may-have-developed-from-vaginal-exposure-to.jpg\" alt=\"\" class=\"wp-image-1300\"\/><\/figure>\n<\/div>\n\n\n\n<div class=\"wp-block-column is-vertically-aligned-center is-layout-flow wp-block-column-is-layout-flow\">\n<h4 class=\"wp-block-heading\" id=\"h-ovarian-cancer-may-have-developed-from-vaginal-exposure-to\">El c\u00e1ncer de ovario puede haberse desarrollado por exposici\u00f3n vaginal a:<\/h4>\n\n\n\n<ul class=\"check-list wp-block-list\">\n<li><strong>Polvos de talco<\/strong><\/li>\n\n\n\n<li><strong>Toallas sanitarias<\/strong><\/li>\n\n\n\n<li><strong>Condones<\/strong><\/li>\n<\/ul>\n\n\n\n<p>Algunos expertos incluso dicen que el talco en polvo tambi\u00e9n podr\u00eda aumentar el riesgo de c\u00e1ncer de ovario al suprimir ciertos anticuerpos que generalmente protegen contra el c\u00e1ncer.<\/p>\n<\/div>\n<\/div>\n\n\n\n<h3 class=\"wp-block-heading\" id=\"h-multiple-health-studies-indicate-a-link-between-talc-talcum-powder-and-ovarian-cancer\">M\u00faltiples estudios de salud indican un v\u00ednculo entre el talco \/ polvo de talco y el c\u00e1ncer de ovario<\/h3>\n\n\n\n<ul class=\"wp-block-list\">\n<li>Ya en 1971, un estudio de mujeres con c\u00e1ncer de ovario encontr\u00f3 part\u00edculas de talco incrustadas en el 75% de todos los tumores de ovario que examinaron los investigadores.<\/li>\n\n\n\n<li>El Journal of Gynecological Cancer public\u00f3 un estudio que muestra que la aplicaci\u00f3n frecuente de polvos de talco en el \u00e1rea genital de una mujer podr\u00eda aumentar su riesgo de desarrollar c\u00e1ncer de ovario entre un 30% y un 60%.<\/li>\n\n\n\n<li>En junio de 2013, la revista m\u00e9dica <a href=\"http:\/\/cancerpreventionresearch.aacrjournals.org\/content\/early\/2013\/06\/12\/1940-6207.CAPR-13-0037.abstract\" target=\"_blank\" rel=\"noreferrer noopener\">Cancer Prevention Research<\/a> public\u00f3 un estudio que mostraba que las mujeres en el estudio que usaban talco en polvo para la higiene femenina durante largos per\u00edodos de tiempo ten\u00edan un 20-30% m\u00e1s de riesgo de desarrollar ovario que las mujeres que no lo hac\u00edan.<\/li>\n\n\n\n<li>El epidemi\u00f3logo de la Universidad de Harvard, Daniel W. Cramer, ha testificado ante el tribunal que cree que se cree que hasta 10,000 casos de c\u00e1ncer de ovario por a\u00f1o est\u00e1n relacionados con el talco.<\/li>\n<\/ul>\n\n\n\n<h2 class=\"wp-block-heading\" id=\"h-talcum-powder-and-ovarian-cancer-lawsuits\">Polvo de talco y demandas por c\u00e1ncer de ovario<\/h2>\n\n\n\n<div class=\"wp-block-columns is-layout-flex wp-container-core-columns-is-layout-9d6595d7 wp-block-columns-is-layout-flex\">\n<div class=\"wp-block-column is-vertically-aligned-center is-layout-flow wp-block-column-is-layout-flow\" style=\"flex-basis:60%\">\n<p>Muchos productos que utilizan talco en polvo son fabricados por diferentes empresas de higiene. Entre ellos, dos han sido objeto de acciones legales por parte de consumidores que dicen que desarrollaron c\u00e1ncer de ovario por el uso de productos que contienen talco:<\/p>\n\n\n\n<ul class=\"check-list wp-block-list\">\n<li>Polvo de beb\u00e9 de Johnson &amp; Johnson<\/li>\n\n\n\n<li>De ducha a ducha de Johnson &amp; Johnson<\/li>\n<\/ul>\n\n\n\n<p>Se han presentado numerosas demandas contra Johnson &amp; Johnson y otros fabricantes de polvos de talco alegando que las empresas conoc\u00edan los peligros durante m\u00e1s de 40 a\u00f1os. A pesar de este supuesto conocimiento, las empresas optaron por anteponer las ganancias a las personas y ocultar los riesgos.<\/p>\n<\/div>\n\n\n\n<div class=\"wp-block-column is-vertically-aligned-center is-layout-flow wp-block-column-is-layout-flow\">\n<figure class=\"wp-block-image size-large\"><img decoding=\"async\" width=\"540\" height=\"620\" src=\"https:\/\/www.justinian.com\/wp-content\/uploads\/2020\/10\/Talcum-Powder-and-Ovarian-Cancer-Lawsuits.jpg\" alt=\"\" class=\"wp-image-1302\" srcset=\"https:\/\/www.justinian.com\/wp-content\/uploads\/2020\/10\/Talcum-Powder-and-Ovarian-Cancer-Lawsuits.jpg 540w, https:\/\/www.justinian.com\/wp-content\/uploads\/2020\/10\/Talcum-Powder-and-Ovarian-Cancer-Lawsuits-470x540.jpg 470w\" sizes=\"(max-width: 540px) 100vw, 540px\" \/><\/figure>\n<\/div>\n<\/div>\n\n\n\n<h3 class=\"wp-block-heading\" id=\"h-some-talc-personal-injury-lawsuits-have-resulted-in-jury-verdicts-against-the-manufacturers-of-talc-based-products\">Algunas demandas por lesiones personales relacionadas con el talco han dado lugar a veredictos del jurado contra los fabricantes de productos a base de talco<\/h3>\n\n\n\n<ul class=\"stripes-list wp-block-list\">\n<li><strong>Octubre de 2013<\/strong><br>Un jurado en Dakota del Sur encontr\u00f3 que una mujer de 56 a\u00f1os a la que se le diagnostic\u00f3 c\u00e1ncer de ovario en 2006 lo desarroll\u00f3 despu\u00e9s de a\u00f1os de usar el polvo de Ducha a Ducha.<br><br>Tres m\u00e9dicos diferentes utilizaron microscop\u00eda electr\u00f3nica para examinar sus tumores. Los tres m\u00e9dicos encontraron talco en cada uno de sus tumores. Los m\u00e9dicos declararon como testigos expertos que el talco del polvo provoc\u00f3 el c\u00e1ncer de ovario de la mujer.<br><br>Uno de los m\u00e9dicos que examin\u00f3 los tumores y testific\u00f3 fue el epidemi\u00f3logo de la Universidad de Harvard, Daniel W. Cramer, quien cree que al menos 10,000 casos de c\u00e1ncer de ovario fueron causados \u200b\u200bpor la exposici\u00f3n al talco.<\/li>\n\n\n\n<li><strong>Febrero de 2016<\/strong><br>Otro jurado fall\u00f3 a favor de la familia de una mujer que perdi\u00f3 la vida a causa de un c\u00e1ncer de ovario que determinaron que fue causado por su uso prolongado de talco.<\/li>\n\n\n\n<li><strong>Mayo de 2016<\/strong><br>Otro veredicto del jurado para la demandante, una mujer con c\u00e1ncer de ovario que us\u00f3 talco durante d\u00e9cadas.<\/li>\n<\/ul>\n\n\n\n<h3 class=\"wp-block-heading\" id=\"h-multi-district-litigation-in-personal-injury-lawsuits-for-talc-injuries\">Litigio de varios distritos en demandas por lesiones personales por lesiones de talco<\/h3>\n\n\n\n<p>Cuando una persona o empresa lastima a un grupo de personas de manera similar, esas personas a veces pueden combinar sus demandas. Una forma de hacerlo se llama <a href=\"https:\/\/www.justinian.com\/es\/recursos-legales\/\"><em>litigio de varios distritos (MDL)<\/em> (MDL)<\/a>.<\/p>\n\n\n\n<div class=\"wp-block-columns is-layout-flex wp-container-core-columns-is-layout-9d6595d7 wp-block-columns-is-layout-flex\">\n<div class=\"wp-block-column is-vertically-aligned-center is-layout-flow wp-block-column-is-layout-flow\" style=\"flex-basis:40%\">\n<figure class=\"wp-block-image size-large\"><img decoding=\"async\" width=\"540\" height=\"384\" src=\"https:\/\/www.justinian.com\/wp-content\/uploads\/2020\/10\/Multi-District-Litigation-In-Personal-Injury-Lawsuits-For-Talc-Injuries.jpg\" alt=\"\" class=\"wp-image-1303\"\/><\/figure>\n<\/div>\n\n\n\n<div class=\"wp-block-column is-vertically-aligned-center is-layout-flow wp-block-column-is-layout-flow\">\n<p>En un MDL, las personas que demandan (los <em>demandantes<\/em>) a menudo se encuentran en diferentes distritos. Pero un MDL les permite compartir el costo de una demanda. El tribunal maneja todos los procedimientos previos al juicio de los casos (descubrimiento, etc.) a la vez.<\/p>\n\n\n\n<p>El 4 de octubre de 2016, el Panel Judicial de Litigios Multidistritales (JPML) <a href=\"http:\/\/www.jpml.uscourts.gov\/sites\/jpml\/files\/MDL-2738-Initial_Transfer-09-16.pdf\" target=\"_blank\" rel=\"noreferrer noopener\">emiti\u00f3 una orden que<\/a> consolidaba muchas demandas por lesiones de talco en un litigio multidistrital (MDL). El MDL est\u00e1 siendo manejado en el Distrito de Nueva Jersey, presidido por la Jueza Freda L. Wolfson.<\/p>\n<\/div>\n<\/div>\n\n\n\n<p>Si usted o un ser querido ha resultado lesionado por la exposici\u00f3n al talco en polvo o un producto a base de talco, es posible que tenga derecho a una compensaci\u00f3n econ\u00f3mica por sus p\u00e9rdidas. Necesita abogados con experiencia de su lado.<\/p>\n\n\n\n<h2 class=\"wp-block-heading\" id=\"h-an-texas-personal-injury-law-firm-that-knows-what-you-re-up-against\">An Texas Personal Injury Law Firm That Knows What You\u2019re Up Against\u00a0<\/h2>\n\n\n\n<h3 class=\"wp-block-heading\" id=\"h-talc-and-talcum-powder-injury-lawsuits-can-be-complex-to-prove\"><strong>Las demandas por lesiones de talco y talco en polvo pueden ser complejas de probar<\/strong><\/h3>\n\n\n\n<p>Ganar una demanda por agravio masivo por lesiones causadas por productos qu\u00edmicos peligrosos que causan c\u00e1ncer, como los productos a base de talco, puede implicar demostrar que fabricantes como Johnson &amp; Johnson no advirtieron adecuadamente a las personas que lo asum\u00edan de los riesgos potenciales.<\/p>\n\n\n\n<p>Eso puede incluir la investigaci\u00f3n de estudios m\u00e9dicos, publicaciones corporativas y el uso de testimonios de expertos sobre c\u00f3mo el medicamento caus\u00f3 una lesi\u00f3n. Esto no es f\u00e1cil de hacer, especialmente cuando las compa\u00f1\u00edas farmac\u00e9uticas se presentan con un ej\u00e9rcito de abogados.<\/p>\n\n\n\n<p><em>Pero luchar contra los matones es lo que hace Justinian &amp; Associates.&nbsp;<\/em><\/p>\n\n\n\n<div class=\"wp-block-columns is-layout-flex wp-container-core-columns-is-layout-9d6595d7 wp-block-columns-is-layout-flex\">\n<div class=\"wp-block-column is-vertically-aligned-center is-layout-flow wp-block-column-is-layout-flow\" style=\"flex-basis:40%\">\n<figure class=\"wp-block-image size-large\"><img decoding=\"async\" width=\"540\" height=\"634\" src=\"https:\/\/www.justinian.com\/wp-content\/uploads\/2020\/10\/We-Are-Warriors-For-The-Injured8.jpg\" alt=\"\" class=\"wp-image-1304\" srcset=\"https:\/\/www.justinian.com\/wp-content\/uploads\/2020\/10\/We-Are-Warriors-For-The-Injured8.jpg 540w, https:\/\/www.justinian.com\/wp-content\/uploads\/2020\/10\/We-Are-Warriors-For-The-Injured8-460x540.jpg 460w\" sizes=\"(max-width: 540px) 100vw, 540px\" \/><\/figure>\n<\/div>\n\n\n\n<div class=\"wp-block-column is-vertically-aligned-center is-layout-flow wp-block-column-is-layout-flow\">\n<h3 class=\"wp-block-heading\" id=\"h-we-are-warriors-for-the-injured\">Somos guerreros para los heridos<\/h3>\n\n\n\n<p>Our Texas and San Antonio mass tort lawyers have successfully represented <a href=\"https:\/\/www.justinian.com\/es\/como-resulto-herido\/litigio-masivo-por-agravio\/\">muchas v\u00edctimas<\/a> lesionadas por <a href=\"https:\/\/www.justinian.com\/es\/como-resulto-herido\/lesiones-por-medicamentos-recetados\/\">productos farmac\u00e9uticos peligrosos<\/a> y otras sustancias peligrosas. Precisamente <a href=\"https:\/\/www.justinian.com\/es\/como-resulto-herido\/litigio-masivo-por-agravio\/\">por eso fuimos fundados<\/a>.<\/p>\n\n\n\n<p>Como <a href=\"https:\/\/www.justinian.com\/es\/como-resulto-herido\/litigio-masivo-por-agravio\/\">nuestro historial<\/a> , tenemos el conocimiento legal, la experiencia, los recursos, y los investigadores capacitados para enfrentar a adversarios de cualquier tama\u00f1o.<\/p>\n\n\n\n<p>Todo lo que hacemos es luchar por las v\u00edctimas heridas. Nuestro \u00fanico objetivo es la justicia para nuestros clientes, sea lo que sea que eso signifique para ellos. Y no aceptamos la derrota. A menos que le consigamos dinero por sus lesiones, no nos paga ni un centavo.<\/p>\n<\/div>\n<\/div>\n\n\n\n<h3 class=\"wp-block-heading\" id=\"h-the-time-to-act-is-now\">El momento de actuar es ahora<\/h3>\n\n\n\n<p>Sus derechos pueden perderse si espera.<\/p>\n\n\n\n<p>Existen leyes que limitan la cantidad de tiempo que tiene para presentar una demanda despu\u00e9s de sufrir una lesi\u00f3n. Se conocen como estatutos de prescripci\u00f3n. Pueden aplicar a su demanda para recuperar sus lesiones de talco. Es posible que la cuenta regresiva ya haya comenzado.<\/p>\n\n\n\n<p><strong>Si usted o un ser querido ha sido diagnosticado con c\u00e1ncer de ovario BRCA negativo (de Falopio, seroso, seroso invasivo) a los 65 a\u00f1os, despu\u00e9s de cuatro a\u00f1os o m\u00e1s de usar talco como producto de higiene femenina, ahora es el momento de buscar asistencia legal.<\/strong><\/p>\n\n\n\n<p>Call, text or email us for a free consultation, with no obligation. Speak to an Texas personal injury attorney from Justinian &amp; Associates (not a \u201cscreener\u201d or paralegal) to understand your rights.<\/p>"},"excerpt":{"rendered":"<p>Talc\/Talcum Powder and Ovarian Cancer If so, you may be entitled to financial compensation for your injuries. What is Talc (Talcum Powder)? Talc is a naturally-occurring mineral made of hydrated magnesium silicate. Raw talc is refined into a white, fibrous powder sold as talcum powder. Talcum powder is effective at: Because of these qualities, talcum [&#8230;]<\/p>\n<p><a class=\"btn btn-secondary understrap-read-more-link\" href=\"https:\/\/www.justinian.com\/es\/recursos-legales\/polvo-de-talco-talco\/\">Leer m\u00e1s&#8230;<\/a><\/p>","protected":false},"author":1,"featured_media":0,"parent":240,"menu_order":54,"comment_status":"closed","ping_status":"closed","template":"page-templates\/page-sidebar-template.php","meta":{"_acf_changed":false,"ub_ctt_via":"","footnotes":""},"class_list":["post-958","page","type-page","status-publish","hentry"],"acf":[],"featured_image_src":null,"_links":{"self":[{"href":"https:\/\/www.justinian.com\/es\/wp-json\/wp\/v2\/pages\/958","targetHints":{"allow":["GET"]}}],"collection":[{"href":"https:\/\/www.justinian.com\/es\/wp-json\/wp\/v2\/pages"}],"about":[{"href":"https:\/\/www.justinian.com\/es\/wp-json\/wp\/v2\/types\/page"}],"author":[{"embeddable":true,"href":"https:\/\/www.justinian.com\/es\/wp-json\/wp\/v2\/users\/1"}],"replies":[{"embeddable":true,"href":"https:\/\/www.justinian.com\/es\/wp-json\/wp\/v2\/comments?post=958"}],"version-history":[{"count":2,"href":"https:\/\/www.justinian.com\/es\/wp-json\/wp\/v2\/pages\/958\/revisions"}],"predecessor-version":[{"id":5855,"href":"https:\/\/www.justinian.com\/es\/wp-json\/wp\/v2\/pages\/958\/revisions\/5855"}],"up":[{"embeddable":true,"href":"https:\/\/www.justinian.com\/es\/wp-json\/wp\/v2\/pages\/240"}],"wp:attachment":[{"href":"https:\/\/www.justinian.com\/es\/wp-json\/wp\/v2\/media?parent=958"}],"curies":[{"name":"wp","href":"https:\/\/api.w.org\/{rel}","templated":true}]}}