{"id":950,"date":"2020-10-23T15:52:06","date_gmt":"2020-10-23T15:52:06","guid":{"rendered":"https:\/\/www.justinian.com\/?page_id=950"},"modified":"2024-01-02T19:14:47","modified_gmt":"2024-01-03T01:14:47","slug":"viagra-and-cialis-sildenafil","status":"publish","type":"page","link":"https:\/\/www.justinian.com\/es\/recursos-legales\/viagra-y-cialis-sildenafil\/","title":{"rendered":"Viagra y Cialis (sildenafil)"},"content":{"rendered":"<h2 class=\"wp-block-heading\" id=\"h-viagra-cialis-and-melanoma-skin-cancer\">Viagra, Cialis y melanoma (c\u00e1ncer de piel)<\/h2>\n\n\n\n<ul class=\"wp-block-list\">\n<li>\u00bfHa usado usted o un ser querido Viagra o Cialis durante un per\u00edodo de al menos seis meses?<\/li>\n\n\n\n<li>\u00bfLe diagnosticaron a usted oa un ser querido melanoma (c\u00e1ncer de piel) mientras usaba Viagra o Cialis?<\/li>\n\n\n\n<li>Es posible que tenga derecho a una compensaci\u00f3n por sus lesiones.<\/li>\n<\/ul>\n\n\n\n<h2 class=\"wp-block-heading\" id=\"h-what-are-viagra-and-cialis\">\u00bfQu\u00e9 son Viagra y Cialis?<\/h2>\n\n\n\n<p>Viagra y Cialis son medicamentos que se utilizan para tratar la disfunci\u00f3n er\u00e9ctil (DE) en los hombres.<\/p>\n\n\n\n<h2 class=\"wp-block-heading\" id=\"h-history-of-viagra-and-cialis\">Historia de Viagra y Cialis<\/h2>\n\n\n\n<div class=\"wp-block-columns is-layout-flex wp-container-core-columns-is-layout-9d6595d7 wp-block-columns-is-layout-flex\">\n<div class=\"wp-block-column is-vertically-aligned-center is-layout-flow wp-block-column-is-layout-flow\" style=\"flex-basis:60%\">\n<h3 class=\"wp-block-heading\" id=\"h-viagra\">Viagra<\/h3>\n\n\n\n<p>En 1998, Viagra (sildenafil) fue el primer medicamento para la disfunci\u00f3n er\u00e9ctil aprobado por la Administraci\u00f3n de Drogas y Alimentos de los Estados Unidos (FDA).<\/p>\n\n\n\n<p><em>El sildenafil<\/em> se dise\u00f1\u00f3 originalmente para tratar la hipertensi\u00f3n (presi\u00f3n arterial alta) y otras enfermedades cardiovasculares. Pero los cient\u00edficos de Pfizer (el fabricante del medicamento) descubrieron que tambi\u00e9n provocaba erecciones.<\/p>\n\n\n\n<p>Viagra gener\u00f3 a Pfizer m\u00e1s de mil millones de d\u00f3lares en ventas en su primer a\u00f1o. Desde 1998, el n\u00famero de hombres diagnosticados con disfunci\u00f3n er\u00e9ctil ha aumentado en un 250%.<\/p>\n<\/div>\n\n\n\n<div class=\"wp-block-column is-vertically-aligned-center is-layout-flow wp-block-column-is-layout-flow\">\n<figure class=\"wp-block-image size-large\"><img decoding=\"async\" width=\"540\" height=\"632\" src=\"https:\/\/www.justinian.com\/wp-content\/uploads\/2020\/10\/Viagra.jpg\" alt=\"\" class=\"wp-image-1317\" srcset=\"https:\/\/www.justinian.com\/wp-content\/uploads\/2020\/10\/Viagra.jpg 540w, https:\/\/www.justinian.com\/wp-content\/uploads\/2020\/10\/Viagra-461x540.jpg 461w\" sizes=\"(max-width: 540px) 100vw, 540px\" \/><\/figure>\n<\/div>\n<\/div>\n\n\n\n<div class=\"wp-block-columns is-layout-flex wp-container-core-columns-is-layout-9d6595d7 wp-block-columns-is-layout-flex\">\n<div class=\"wp-block-column is-vertically-aligned-center is-layout-flow wp-block-column-is-layout-flow\">\n<figure class=\"wp-block-image size-large\"><img decoding=\"async\" width=\"540\" height=\"230\" src=\"https:\/\/www.justinian.com\/wp-content\/uploads\/2020\/10\/Cialis.jpg\" alt=\"\" class=\"wp-image-1319\"\/><\/figure>\n<\/div>\n\n\n\n<div class=\"wp-block-column is-vertically-aligned-center is-layout-flow wp-block-column-is-layout-flow\">\n<h3 class=\"wp-block-heading\" id=\"h-cialis\">Cialis<\/h3>\n\n\n\n<p>Cialis (tadalafil) es fabricado por Eli Lilly &amp; Co.<\/p>\n\n\n\n<p>Cialis obtuvo la aprobaci\u00f3n de la FDA en 2003.<\/p>\n<\/div>\n<\/div>\n\n\n\n<h2 class=\"wp-block-heading\" id=\"h-side-effect-of-sildenafil\">Efecto secundario del sildenafil<\/h2>\n\n\n\n<p>Hay efectos secundarios con cualquier medicamento y no es diferente con Viagra y Cialis.<\/p>\n\n\n\n<h3 class=\"wp-block-heading\" id=\"h-common-side-effects-include\">Los efectos secundarios comunes incluyen:<\/h3>\n\n\n\n<div class=\"wp-block-columns is-layout-flex wp-container-core-columns-is-layout-9d6595d7 wp-block-columns-is-layout-flex\">\n<div class=\"wp-block-column is-layout-flow wp-block-column-is-layout-flow\">\n<ul class=\"wp-block-list\">\n<li>Dolor de cabeza<\/li>\n\n\n\n<li>Enrojecimiento de la cara, el cuello o el pecho<\/li>\n\n\n\n<li>Malestar estomacal, indigesti\u00f3n<\/li>\n\n\n\n<li>Nasal congestion<\/li>\n\n\n\n<li>Dolor de espalda<\/li>\n<\/ul>\n<\/div>\n\n\n\n<div class=\"wp-block-column is-layout-flow wp-block-column-is-layout-flow\">\n<ul class=\"wp-block-list\">\n<li>Dolor o sensibilidad muscular<\/li>\n\n\n\n<li>N\u00e1usea<\/li>\n\n\n\n<li>Erupci\u00f3n<\/li>\n\n\n\n<li>Diarrea<\/li>\n<\/ul>\n<\/div>\n<\/div>\n\n\n\n<h3 class=\"wp-block-heading\" id=\"h-more-serious-side-effects-include\">Los efectos secundarios m\u00e1s graves incluyen:<\/h3>\n\n\n\n<div class=\"wp-block-columns is-layout-flex wp-container-core-columns-is-layout-9d6595d7 wp-block-columns-is-layout-flex\">\n<div class=\"wp-block-column is-layout-flow wp-block-column-is-layout-flow\">\n<ul class=\"wp-block-list\">\n<li>Dolor de pecho o latidos card\u00edacos irregulares.<\/li>\n\n\n\n<li>Dificultad para respirar<\/li>\n\n\n\n<li>Hinchaz\u00f3n de manos, tobillos y pies.<\/li>\n\n\n\n<li>P\u00e9rdida repentina de la visi\u00f3n en un ojo, alteraci\u00f3n de la percepci\u00f3n del color o visi\u00f3n borrosa<\/li>\n<\/ul>\n<\/div>\n\n\n\n<div class=\"wp-block-column is-layout-flow wp-block-column-is-layout-flow\">\n<ul class=\"wp-block-list\">\n<li>P\u00e9rdida repentina de audici\u00f3n, tinnitus o mareos.<\/li>\n\n\n\n<li>Erecciones que duran m\u00e1s de cuatro horas (priapismo) y<\/li>\n\n\n\n<li>Ca\u00edda repentina de la presi\u00f3n arterial, que puede provocar desmayos, ataque card\u00edaco o accidente cerebrovascular.<\/li>\n<\/ul>\n<\/div>\n<\/div>\n\n\n\n<h3 class=\"wp-block-heading\" id=\"h-men-using-sildenafil-to-treat-ed-are-more-likely-to-experience-side-effects-if-they\">Los hombres que usan sildenafil para tratar la disfunci\u00f3n er\u00e9ctil tienen m\u00e1s probabilidades de experimentar efectos secundarios si:<\/h3>\n\n\n\n<div class=\"wp-block-columns is-layout-flex wp-container-core-columns-is-layout-9d6595d7 wp-block-columns-is-layout-flex\">\n<div class=\"wp-block-column is-layout-flow wp-block-column-is-layout-flow\">\n<ul class=\"wp-block-list\">\n<li>Tiene enfermedad cardiovascular<\/li>\n\n\n\n<li>Tiene m\u00e1s de 50 a\u00f1os<\/li>\n<\/ul>\n<\/div>\n\n\n\n<div class=\"wp-block-column is-layout-flow wp-block-column-is-layout-flow\">\n<ul class=\"wp-block-list\">\n<li>Tiene presi\u00f3n arterial alta<\/li>\n\n\n\n<li>Tiene colesterol alto<\/li>\n<\/ul>\n<\/div>\n<\/div>\n\n\n\n<div style=\"border-bottom:0px;background-color:#8ed1fc;padding:20px\"><table class=\"has-fixed-layout\"><tbody><tr><td><h5>If you or someone you know has been injured or impacted by using Viagra or Cialis, contact Amber Pang Parra for a free consultation at (855) 452-5529 or <a href=\"mailto:pharma@justinian.com\">pharma@justinian.com<\/a>.<br><\/h5>\n<\/td><\/tr><\/tbody><\/table><\/div>\n<br>\n<br>\n\n\n\n<h2 class=\"wp-block-heading\" id=\"h-viagra-and-cialis-and-the-dangers-of-developing-melanoma-skin-cancer\">Viagra y Cialis y los peligros de desarrollar melanoma (c\u00e1ncer de piel)<\/h2>\n\n\n\n<p>El melanoma es la forma m\u00e1s peligrosa de c\u00e1ncer de piel. El melanoma se desarrolla en las c\u00e9lulas que producen melanina, un pigmento del color de la piel.<\/p>\n\n\n\n<p>Tanto Viagra como Cialis funcionan inhibiendo una enzima llamada PDE5.<\/p>\n\n\n\n<p>Los estudios han demostrado que cuando se inhibe la PDE5, los melanomas pueden volverse mucho m\u00e1s invasivos.<\/p>\n\n\n\n<ul class=\"wp-block-list\">\n<li>De hecho, aproximadamente el 50% de los melanomas ya tienen mutaciones que tambi\u00e9n inhiben la PDE5, lo que solo los vuelve m\u00e1s agresivos.<\/li>\n<\/ul>\n\n\n\n<div class=\"wp-block-columns is-layout-flex wp-container-core-columns-is-layout-9d6595d7 wp-block-columns-is-layout-flex\">\n<div class=\"wp-block-column is-vertically-aligned-center is-layout-flow wp-block-column-is-layout-flow\" style=\"flex-basis:40%\">\n<figure class=\"wp-block-image size-large\"><img decoding=\"async\" width=\"540\" height=\"686\" src=\"https:\/\/www.justinian.com\/wp-content\/uploads\/2020\/10\/Symptoms-of-Melanoma-Skin-Cancer.jpg\" alt=\"\" class=\"wp-image-1320\" srcset=\"https:\/\/www.justinian.com\/wp-content\/uploads\/2020\/10\/Symptoms-of-Melanoma-Skin-Cancer.jpg 540w, https:\/\/www.justinian.com\/wp-content\/uploads\/2020\/10\/Symptoms-of-Melanoma-Skin-Cancer-425x540.jpg 425w\" sizes=\"(max-width: 540px) 100vw, 540px\" \/><\/figure>\n<\/div>\n\n\n\n<div class=\"wp-block-column is-vertically-aligned-center is-layout-flow wp-block-column-is-layout-flow\">\n<h3 class=\"wp-block-heading\" id=\"h-symptoms-of-melanoma-skin-cancer\">S\u00edntomas del melanoma (c\u00e1ncer de piel)<\/h3>\n\n\n\n<p>La gu\u00eda de valoraci\u00f3n de veh\u00edculos de <a rel=\"noreferrer noopener\" href=\"http:\/\/www.cancer.org\/cancer\/skincancer-melanoma\/detailedguide\/melanoma-skin-cancer-key-statistics\" target=\"_blank\">Sociedad Estadounidense del C\u00e1ncer<\/a> says half of men may develop melanoma whether they use Viagra and Cialis or not. The Society has estimated that there have been approximately 76,000 new cases of melanoma in the U.S. just this year. Around 10,000 men diagnosed with melanoma will not survive the disease.<\/p>\n\n\n\n<p>Muchos hombres tienen lunares. La mayor\u00eda son crecimientos cut\u00e1neos no cancerosos (benignos) que comienzan en las mismas c\u00e9lulas que producen melanina. Pero el melanoma (c\u00e1ncer de piel) tambi\u00e9n puede verse como un lunar o comenzar a crecer dentro de un lunar.<\/p>\n\n\n\n<p><strong>Por eso es bueno estar atento a cualquier cambio en los lunares.<\/strong><\/p>\n<\/div>\n<\/div>\n\n\n\n<p><strong>Si usted o un ser querido tiene lunares con las siguientes caracter\u00edsticas, debe consultar a su m\u00e9dico de inmediato:<\/strong><\/p>\n\n\n\n<div class=\"wp-block-columns is-layout-flex wp-container-core-columns-is-layout-9d6595d7 wp-block-columns-is-layout-flex\">\n<div class=\"wp-block-column is-layout-flow wp-block-column-is-layout-flow\">\n<ul class=\"wp-block-list\">\n<li>Forma asim\u00e9trica<\/li>\n\n\n\n<li>Bordes desiguales<\/li>\n\n\n\n<li>Variedad de colores (tostado, negro, rojo, blanco, azul)<\/li>\n<\/ul>\n<\/div>\n\n\n\n<div class=\"wp-block-column is-layout-flow wp-block-column-is-layout-flow\">\n<ul class=\"wp-block-list\">\n<li>M\u00e1s grande que un borrador de l\u00e1piz (1\/4 de pulgada de di\u00e1metro)<\/li>\n\n\n\n<li>Cambios en el tiempo<\/li>\n\n\n\n<li>Sangrado, picaz\u00f3n o costras<\/li>\n<\/ul>\n<\/div>\n<\/div>\n\n\n\n<h3 class=\"wp-block-heading\" id=\"h-study-links-viagra-and-cialis-use-and-aggressive-melanomas\">Estudio vincula el uso de Viagra y Cialis y los melanomas agresivos<\/h3>\n\n\n\n<ul class=\"wp-block-list\">\n<li>La revista <a href=\"http:\/\/www.ncbi.nlm.nih.gov\/pubmed\/24710960\" target=\"_blank\" rel=\"noreferrer noopener\">JAMA Internal Medicine<\/a> public\u00f3 un estudio de diez a\u00f1os realizado por investigadores de Harvard.<\/li>\n\n\n\n<li>En el estudio participaron aproximadamente 30.000 hombres que tomaban Viagra (Cialis a\u00fan no hab\u00eda obtenido la aprobaci\u00f3n de la FDA).<\/li>\n\n\n\n<li>Los cient\u00edficos tomaron en consideraci\u00f3n el uso de Viagra de los participantes, la salud sexual, el historial de exposici\u00f3n al sol y el riesgo de c\u00e1ncer de piel gen\u00e9tico.<\/li>\n\n\n\n<li>Tambi\u00e9n rastrearon el historial de lunares y el color de ojos y cabello.<\/li>\n\n\n\n<li>Los cient\u00edficos tambi\u00e9n rastrearon el desarrollo de otros tipos de c\u00e1nceres de piel en los participantes del estudio utilizando cuestionarios autoinformados.<\/li>\n\n\n\n<li>Algunos de los c\u00e1nceres que sigui\u00f3 el estudio fueron el carcinoma de c\u00e9lulas escamosas, el carcinoma de c\u00e9lulas basales y el melanoma.<\/li>\n\n\n\n<li>Durante los diez a\u00f1os que dur\u00f3 el estudio, los cient\u00edficos registraron 580 casos de carcinoma de c\u00e9lulas escamosas, 3030 casos de carcinoma de c\u00e9lulas basales y 142 casos de melanoma.<\/li>\n\n\n\n<li>Los investigadores concluyeron que los hombres que tomaban Viagra ten\u00edan el doble de probabilidades de desarrollar melanoma que sus hom\u00f3logos que no tomaban el f\u00e1rmaco.<\/li>\n\n\n\n<li>No se encontr\u00f3 ning\u00fan v\u00ednculo entre el uso de Viagra y un mayor riesgo de desarrollar otras formas de c\u00e1ncer de piel.<\/li>\n\n\n\n<li>Adem\u00e1s, el estudio no mostr\u00f3 ninguna evidencia de que el simple hecho de tener DE aumentara el riesgo de desarrollar melanoma.<\/li>\n<\/ul>\n\n\n\n<p class=\"has-text-align-center has-background has-small-font-size\" style=\"background-color:#f3f3f3\"><strong>NOTA: Este estudio no demostr\u00f3 una relaci\u00f3n de causa \/ efecto entre el uso de Viagra y un mayor riesgo de desarrollar melanoma. M\u00e1s bien, demostr\u00f3 que existe un v\u00ednculo de alg\u00fan tipo entre los dos. Es posible que se necesiten m\u00e1s estudios.<\/strong><\/p>\n\n\n\n<h3 class=\"wp-block-heading\" id=\"h-fda-involvement-on-sildenafil-erectile-dysfunction-drugs-and-melanoma-skin-cancer\">Participaci\u00f3n de la FDA en los f\u00e1rmacos sildenafil para la disfunci\u00f3n er\u00e9ctil y el melanoma (c\u00e1ncer de piel)<\/h3>\n\n\n\n<p>En 2005, la Administraci\u00f3n de Drogas y Alimentos de EE. UU. Aprob\u00f3 actualizaciones de etiquetas para medicamentos para la disfunci\u00f3n er\u00e9ctil. Las actualizaciones de la FDA agregaron la posibilidad de:<\/p>\n\n\n\n<ul class=\"wp-block-list\">\n<li>P\u00e9rdida repentina de la visi\u00f3n debido a una afecci\u00f3n conocida como neuropat\u00eda \u00f3ptica isqu\u00e9mica no artr\u00edtica (NAION), que implica un bloqueo del flujo sangu\u00edneo al nervio \u00f3ptico.<\/li>\n\n\n\n<li>&nbsp;En 2007, la Agencia requiri\u00f3 que se agregara la posibilidad de p\u00e9rdida auditiva repentina en las etiquetas de los medicamentos para la disfunci\u00f3n er\u00e9ctil.<\/li>\n<\/ul>\n\n\n\n<p>El 30 de junio de 2016, la FDA <a href=\"http:\/\/www.fda.gov\/Drugs\/GuidanceComplianceRegulatoryInformation\/Surveillance\/AdverseDrugEffects\/ucm509478.htm\" target=\"_blank\" rel=\"noreferrer noopener\">anunci\u00f3<\/a> que estaba investigando si exigir que los medicamentos para la disfunci\u00f3n er\u00e9ctil como Viagra y Cialis lleven etiquetados con advertencias del aumento del riesgo de melanoma.<\/p>\n\n\n\n<div class=\"wp-block-columns is-layout-flex wp-container-core-columns-is-layout-9d6595d7 wp-block-columns-is-layout-flex\">\n<div class=\"wp-block-column is-vertically-aligned-center is-layout-flow wp-block-column-is-layout-flow\" style=\"flex-basis:60%\">\n<h3 class=\"wp-block-heading\" id=\"h-sildenafil-s-manufacturers-have-not-warned-of-all-its-potential-risks\">Los fabricantes de sildenafil no han advertido de todos sus riesgos potenciales<\/h3>\n\n\n\n<p>A pesar de que el estudio muestra que existe alg\u00fan tipo de v\u00ednculo entre Viagra y el riesgo de desarrollar melanoma, su fabricante Pfizer se ha mantenido callado.<\/p>\n\n\n\n<p>Pfizer no ha advertido a los m\u00e9dicos ni a los pacientes del riesgo potencial.<\/p>\n\n\n\n<p>Aunque el estudio no incluy\u00f3 Cialis, Eli Lilly tambi\u00e9n guard\u00f3 silencio sobre cualquier posible conexi\u00f3n entre su medicamento para la disfunci\u00f3n er\u00e9ctil y el melanoma.<\/p>\n<\/div>\n\n\n\n<div class=\"wp-block-column is-vertically-aligned-center is-layout-flow wp-block-column-is-layout-flow\">\n<figure class=\"wp-block-image size-large\"><img decoding=\"async\" width=\"540\" height=\"610\" src=\"https:\/\/www.justinian.com\/wp-content\/uploads\/2020\/10\/Sildenafils-Manufacturers-Have-Not-Warned-Of-All-Its-Potential-Risks.jpg\" alt=\"\" class=\"wp-image-1321\" srcset=\"https:\/\/www.justinian.com\/wp-content\/uploads\/2020\/10\/Sildenafils-Manufacturers-Have-Not-Warned-Of-All-Its-Potential-Risks.jpg 540w, https:\/\/www.justinian.com\/wp-content\/uploads\/2020\/10\/Sildenafils-Manufacturers-Have-Not-Warned-Of-All-Its-Potential-Risks-478x540.jpg 478w\" sizes=\"(max-width: 540px) 100vw, 540px\" \/><\/figure>\n<\/div>\n<\/div>\n\n\n\n<h2 class=\"wp-block-heading\" id=\"h-viagra-and-cialis-melanoma-lawsuits\">Demandas por Viagra y Cialis por melanoma<\/h2>\n\n\n\n<p>Los hombres lesionados por Viagra han presentado una demanda contra Pfizer por no advertirles del posible riesgo de desarrollar melanoma.<\/p>\n\n\n\n<h3 class=\"wp-block-heading\" id=\"h-multi-district-litigation-and-melanoma-injuries-relating-to-sildenafil\">Litigios de varios distritos y lesiones por melanoma relacionadas con el sildenafil<\/h3>\n\n\n\n<p>Una <a href=\"https:\/\/www.justinian.com\/es\/recursos-legales\/\">Litigio Multidistrito (MDL)<\/a> combina las demandas de diferentes personas heridas de la misma manera. Al manejar todos los procedimientos previos al juicio (descubrimiento, etc.) en las demandas al mismo tiempo, ahorran dinero y evitan el riesgo de decisiones previas al juicio contradictorias.<\/p>\n\n\n\n<p>En abril de 2016, las demandas contra Pfizer por no advertir sobre el riesgo de melanoma se consolidaron en un litigio de varios distritos (MDL) en un tribunal federal del Distrito Norte de California, presidido por el juez Richard Seeborg.<\/p>\n\n\n\n<div class=\"wp-block-columns is-layout-flex wp-container-core-columns-is-layout-9d6595d7 wp-block-columns-is-layout-flex\">\n<div class=\"wp-block-column is-vertically-aligned-center is-layout-flow wp-block-column-is-layout-flow\" style=\"flex-basis:40%\">\n<figure class=\"wp-block-image size-large\"><img decoding=\"async\" width=\"540\" height=\"520\" src=\"https:\/\/www.justinian.com\/wp-content\/uploads\/2020\/10\/Multi-District-Litigation-And-Melanoma-Injuries-Relating-To-Sildenafil.jpg\" alt=\"\" class=\"wp-image-1322\"\/><\/figure>\n<\/div>\n\n\n\n<div class=\"wp-block-column is-vertically-aligned-center is-layout-flow wp-block-column-is-layout-flow\">\n<p>Algunos de los demandantes de Cialis le pidieron al Panel Judicial de Litigios de Distritos M\u00faltiples (JPML) en septiembre de 2016 que combinara sus demandas con las del Viagra MDL debido a la similitud en los hechos de los casos.<\/p>\n\n\n\n<ul class=\"check-list wp-block-list\">\n<li>Es muy posible que el futuro traiga demandas con respecto a Levitra (vardenafil) y el mayor riesgo de desarrollar melanoma. Levitra es otro f\u00e1rmaco para la disfunci\u00f3n er\u00e9ctil fabricado por GlaxoSmithKlein y Bayer Pharmaceuticals.<\/li>\n\n\n\n<li>Dependiendo de la cantidad de casos de Levitra presentados, puede haber otra moci\u00f3n presentada ante JPML para agregar estos casos a Viagra MDL.<\/li>\n<\/ul>\n<\/div>\n<\/div>\n\n\n\n<p><strong>Si usted o un ser querido ha sido diagnosticado con melanoma despu\u00e9s de usar Viagra o Cialis durante al menos seis meses, necesita abogados con experiencia de su lado.<\/strong><\/p>\n\n\n\n<h2 class=\"wp-block-heading\" id=\"h-an-texas-personal-injury-law-firm-that-knows-what-you-re-up-against\">An Texas Personal Injury Law Firm That Knows What You\u2019re Up Against\u00a0<\/h2>\n\n\n\n<h3 class=\"wp-block-heading\" id=\"h-viagra-and-cialis-sildenafil-injury-lawsuits-can-be-very-complex\"><strong>Viagra and Cialis (sildenafil) Injury Lawsuits Can Be Very Complex<\/strong><\/h3>\n\n\n\n<p>Ganar una demanda por agravio masivo por lesiones causadas por productos farmac\u00e9uticos peligrosos generalmente implica demostrar que los fabricantes no advirtieron adecuadamente a las personas que la asum\u00edan de los riesgos potenciales.<\/p>\n\n\n\n<p>Eso puede incluir la investigaci\u00f3n de estudios m\u00e9dicos, publicaciones corporativas y el uso de testimonios de expertos sobre c\u00f3mo el medicamento caus\u00f3 una lesi\u00f3n. Esto no es f\u00e1cil de hacer, especialmente cuando las compa\u00f1\u00edas farmac\u00e9uticas se presentan con un ej\u00e9rcito de abogados.<\/p>\n\n\n\n<p><em>Pero luchar contra los matones es lo que hace Justinian &amp; Associates.&nbsp;<\/em><\/p>\n\n\n\n<div class=\"wp-block-columns is-layout-flex wp-container-core-columns-is-layout-9d6595d7 wp-block-columns-is-layout-flex\">\n<div class=\"wp-block-column is-vertically-aligned-center is-layout-flow wp-block-column-is-layout-flow\" style=\"flex-basis:40%\">\n<figure class=\"wp-block-image size-large\"><img decoding=\"async\" width=\"540\" height=\"716\" src=\"https:\/\/www.justinian.com\/wp-content\/uploads\/2020\/10\/We-Are-Warriors-For-The-Injured-1.jpg\" alt=\"\" class=\"wp-image-1326\" srcset=\"https:\/\/www.justinian.com\/wp-content\/uploads\/2020\/10\/We-Are-Warriors-For-The-Injured-1.jpg 540w, https:\/\/www.justinian.com\/wp-content\/uploads\/2020\/10\/We-Are-Warriors-For-The-Injured-1-407x540.jpg 407w\" sizes=\"(max-width: 540px) 100vw, 540px\" \/><\/figure>\n<\/div>\n\n\n\n<div class=\"wp-block-column is-vertically-aligned-center is-layout-flow wp-block-column-is-layout-flow\">\n<h3 class=\"wp-block-heading\" id=\"h-we-are-warriors-for-the-injured\">Somos guerreros para los heridos<\/h3>\n\n\n\n<p>Our Texas and San Antonio mass tort lawyers have successfully represented <a href=\"https:\/\/www.justinian.com\/es\/como-resulto-herido\/litigio-masivo-por-agravio\/\">decenas de v\u00edctimas<\/a> lesionadas por <a href=\"https:\/\/www.justinian.com\/es\/como-resulto-herido\/lesiones-por-medicamentos-recetados\/\">productos farmac\u00e9uticos peligrosos<\/a> y otras sustancias peligrosas. Precisamente <a href=\"https:\/\/www.justinian.com\/es\/como-resulto-herido\/litigio-masivo-por-agravio\/\">por eso fuimos fundados<\/a>.<\/p>\n\n\n\n<p>El equipo legal de Justinian and Associates tiene a\u00f1os de experiencia en casos como Viagra y Cialis (sildenafil).<\/p>\n\n\n\n<p>Tenemos el conocimiento, la experiencia, los recursos y los investigadores capacitados para enfrentar a grandes adversarios como compa\u00f1\u00edas farmac\u00e9uticas de miles de millones de d\u00f3lares. Todo lo que hacemos es luchar por las v\u00edctimas heridas. Nuestro \u00fanico objetivo es la justicia para nuestros clientes, sea lo que sea que eso signifique para ellos. Y no aceptamos la derrota. A menos que le consigamos dinero por sus lesiones, no nos paga ni un centavo.<\/p>\n<\/div>\n<\/div>\n\n\n\n<h3 class=\"wp-block-heading\" id=\"h-the-time-to-act-is-now\">El momento de actuar es ahora<\/h3>\n\n\n\n<p>Sus derechos pueden perderse si espera.<\/p>\n\n\n\n<p>Existen leyes que limitan la cantidad de tiempo que tiene para presentar una demanda despu\u00e9s de sufrir una lesi\u00f3n. Se conocen como estatutos de prescripci\u00f3n. Es posible que se presenten a su demanda para recuperarse de sus lesiones por Viagra y Cialis (sildenafil). Es posible que la cuenta regresiva ya haya comenzado.<\/p>\n\n\n\n<p>Es posible que el estatuto de limitaciones (cu\u00e1nto tiempo tiene para presentar un caso) ya est\u00e9 en cuenta regresiva. \u00a1No dejes que caduque!<\/p>\n\n\n\n<p>Call, text or email us for a free consultation, with no obligation. Speak to an Texas personal injury attorney from Justinian &amp; Associates (not a \u201cscreener\u201d or paralegal) to understand your rights.<\/p>"},"excerpt":{"rendered":"<p>Viagra, Cialis and Melanoma (Skin Cancer) What are Viagra and Cialis? Viagra and Cialis are drugs used to treat erectile dysfunction (ED) in men. History of Viagra and Cialis Viagra In 1998, Viagra (sildenafil) was the first erectile dysfunction drug approved by the U.S. Food and Drug Administration (FDA). Sildenafil was originally designed to treat [&#8230;]<\/p>\n<p><a class=\"btn btn-secondary understrap-read-more-link\" href=\"https:\/\/www.justinian.com\/es\/recursos-legales\/viagra-y-cialis-sildenafil\/\">Leer m\u00e1s&#8230;<\/a><\/p>","protected":false},"author":1,"featured_media":0,"parent":240,"menu_order":56,"comment_status":"closed","ping_status":"closed","template":"page-templates\/page-sidebar-template.php","meta":{"_acf_changed":false,"ub_ctt_via":"","footnotes":""},"class_list":["post-950","page","type-page","status-publish","hentry"],"acf":[],"featured_image_src":null,"_links":{"self":[{"href":"https:\/\/www.justinian.com\/es\/wp-json\/wp\/v2\/pages\/950","targetHints":{"allow":["GET"]}}],"collection":[{"href":"https:\/\/www.justinian.com\/es\/wp-json\/wp\/v2\/pages"}],"about":[{"href":"https:\/\/www.justinian.com\/es\/wp-json\/wp\/v2\/types\/page"}],"author":[{"embeddable":true,"href":"https:\/\/www.justinian.com\/es\/wp-json\/wp\/v2\/users\/1"}],"replies":[{"embeddable":true,"href":"https:\/\/www.justinian.com\/es\/wp-json\/wp\/v2\/comments?post=950"}],"version-history":[{"count":3,"href":"https:\/\/www.justinian.com\/es\/wp-json\/wp\/v2\/pages\/950\/revisions"}],"predecessor-version":[{"id":5857,"href":"https:\/\/www.justinian.com\/es\/wp-json\/wp\/v2\/pages\/950\/revisions\/5857"}],"up":[{"embeddable":true,"href":"https:\/\/www.justinian.com\/es\/wp-json\/wp\/v2\/pages\/240"}],"wp:attachment":[{"href":"https:\/\/www.justinian.com\/es\/wp-json\/wp\/v2\/media?parent=950"}],"curies":[{"name":"wp","href":"https:\/\/api.w.org\/{rel}","templated":true}]}}