{"id":917,"date":"2020-10-22T22:25:43","date_gmt":"2020-10-22T22:25:43","guid":{"rendered":"https:\/\/www.justinian.com\/?page_id=917"},"modified":"2024-01-03T17:37:36","modified_gmt":"2024-01-03T23:37:36","slug":"invokana","status":"publish","type":"page","link":"https:\/\/www.justinian.com\/es\/recursos-legales\/invokana\/","title":{"rendered":"Invokana"},"content":{"rendered":"<h2 class=\"wp-block-heading\" id=\"h-invokana-lawsuit-information\">Informaci\u00f3n de la demanda de Invokana<\/h2>\n\n\n\n<p>Si a usted o un ser querido le recetaron Invokana para la diabetes tipo 2 y desarrollaron una infecci\u00f3n grave del tracto urinario como pielonefritis \/ urosepsis, \u00e1cido en sangre elevado, accidente cerebrovascular, ataque card\u00edaco o enfermedad renal grave, no est\u00e1 solo.<\/p>\n\n\n\n<p>Ya se han presentado innumerables demandas contra los fabricantes de Invokana que alegan que la compa\u00f1\u00eda no advirti\u00f3 adecuadamente sobre los efectos secundarios potencialmente mortales que han experimentado los usuarios.<\/p>\n\n\n\n<ul class=\"wp-block-list\">\n<li>En respuesta a las numerosas quejas registradas con respecto al medicamento, la FDA investig\u00f3 y descubri\u00f3 que Invokana aumentaba el riesgo de que los pacientes desarrollaran problemas cardiovasculares, insuficiencia renal, cetoacidosis diab\u00e9tica e infecciones graves del tracto urinario.<\/li>\n\n\n\n<li>Si estos riesgos se hubieran revelado a m\u00e9dicos y pacientes antes de recetar y \/ o tomar el medicamento, es probable que se hubiera recomendado otro inhibidor del cotransportador de sodio-glucosa-2 (SGLT2).\n<ul class=\"wp-block-list\">\n<li>Los inhibidores de SGLT2 son una clase de medicamentos dise\u00f1ados para reducir los niveles de az\u00facar en sangre en pacientes adultos que padecen diabetes tipo 2.<\/li>\n<\/ul>\n<\/li>\n<\/ul>\n\n\n\n<h2 class=\"wp-block-heading\" id=\"h-what-is-invokana\">\u00bfQu\u00e9 es Invokana?<\/h2>\n\n\n\n<p>Invokana, o canagliflozin, es un medicamento oral desarrollado por Janssen Pharmaceuticals, Inc. para controlar los niveles de az\u00facar en sangre en adultos diagnosticados con diabetes tipo 2.<\/p>\n\n\n\n<p>Invokana (canagliflozin) ayuda al cuerpo a eliminar la glucosa del torrente sangu\u00edneo a trav\u00e9s de los ri\u00f1ones y est\u00e1 dise\u00f1ado para usarse junto con una dieta saludable y ejercicio. <strong>No est\u00e1 destinado a tratar la diabetes tipo 1.<\/strong><\/p>\n\n\n\n<h2 class=\"wp-block-heading\" id=\"h-the-dangers-of-type-2-diabetes\">Los peligros de la diabetes tipo 2<\/h2>\n\n\n\n<p>Si no se trata, la diabetes tipo 2 puede provocar complicaciones graves, que pueden incluir:<\/p>\n\n\n\n<div class=\"wp-block-columns is-layout-flex wp-container-core-columns-is-layout-9d6595d7 wp-block-columns-is-layout-flex\">\n<div class=\"wp-block-column is-layout-flow wp-block-column-is-layout-flow\">\n<ul class=\"check-list wp-block-list\">\n<li><strong>Hipoglucemia<\/strong> : niveles de glucosa en sangre peligrosamente bajos<\/li>\n<\/ul>\n<\/div>\n\n\n\n<div class=\"wp-block-column is-layout-flow wp-block-column-is-layout-flow\">\n<ul class=\"check-list wp-block-list\">\n<li><strong>S\u00edndrome hipergluc\u00e9mico hiperosmolar no cet\u00f3sico (HHNS)<\/strong> <strong>(HHNS)<\/strong> : niveles de glucosa en sangre peligrosamente altos)<\/li>\n<\/ul>\n<\/div>\n<\/div>\n\n\n\n<p>O incluso m\u00e1s gravemente, la diabetes tipo 2 puede causar:<\/p>\n\n\n\n<div class=\"wp-block-columns is-layout-flex wp-container-core-columns-is-layout-9d6595d7 wp-block-columns-is-layout-flex\">\n<div class=\"wp-block-column is-layout-flow wp-block-column-is-layout-flow\">\n<ul id=\"block-7f363d33-24d5-4343-b819-25ef322f0a18\" class=\"check-list wp-block-list\">\n<li><strong>Retinopat\u00eda diab\u00e9tica<\/strong> (da\u00f1o en los ojos que, en algunos casos, puede provocar ceguera)<\/li>\n\n\n\n<li><strong>Nefropat\u00eda<\/strong> (enfermedad renal)<\/li>\n<\/ul>\n<\/div>\n\n\n\n<div class=\"wp-block-column is-layout-flow wp-block-column-is-layout-flow\">\n<ul id=\"block-7f363d33-24d5-4343-b819-25ef322f0a18\" class=\"check-list wp-block-list\">\n<li><strong>Neuropat\u00eda diab\u00e9tica<\/strong> (da\u00f1o a los nervios que ocurre con mayor frecuencia en las piernas y los pies)<\/li>\n\n\n\n<li><strong>Problemas macrovasculares<\/strong> (complicaciones que incluyen enfermedad de las arterias coronarias, enfermedad arterial perif\u00e9rica y accidente cerebrovascular)<\/li>\n<\/ul>\n<\/div>\n<\/div>\n\n\n\n<p class=\"has-background\" style=\"background-color:#f8f8f8\"><strong>Ninguna de estas condiciones debe ignorarse y cada una requiere un tratamiento seguro y monitoreado para el manejo y control de la diabetes tipo 2.<\/strong><\/p>\n\n\n\n<div style=\"border-bottom:0px;background-color:#8ed1fc;padding:20px\"><table class=\"has-fixed-layout\"><tbody><tr><td><h5>If you or someone you know has been injured or impacted by Invokana, contact Amber Pang Parra for a free consultation at (855) 452-5529 or <a href=\"mailto:pharma@justinian.com\">pharma@justinian.com<\/a>.<br><\/h5>\n<\/td><\/tr><\/tbody><\/table><\/div>\n<br>\n<br>\n\n\n\n<h2 class=\"wp-block-heading\" id=\"h-dangers-associated-with-the-use-of-invokana\">Peligros asociados con el uso de Invokana<\/h2>\n\n\n\n<p>En 2013, los fabricantes de Invokana gastaron $ 12 millones en publicidad impresa para impulsar su producto, lo que llev\u00f3 a las personas que padec\u00edan diabetes tipo 2 a creer que este medicamento brindaba una forma m\u00e1s sencilla de controlar su enfermedad.<\/p>\n\n\n\n<p>Sin embargo, los estudios cl\u00ednicos del f\u00e1rmaco con el fin de obtener la aprobaci\u00f3n de la FDA no incluyeron informaci\u00f3n sobre los datos de seguridad y el mayor potencial de cetoacidosis diab\u00e9tica.<\/p>\n\n\n\n<p><strong>Como resultado, las personas que tomaron Invokana corrieron un gran riesgo de desarrollar una serie de complicaciones que pusieron en grave peligro su salud.<\/strong><\/p>\n\n\n\n<h3 class=\"wp-block-heading\" id=\"h-the-fda-s-investigation-found-that-using-invokana-diabetes-medication-may-be-linked-to\">La investigaci\u00f3n de la FDA descubri\u00f3 que el uso de medicamentos para la diabetes Invokana puede estar relacionado con:<\/h3>\n\n\n\n<h4 class=\"wp-block-heading\" id=\"h-cardiovascular-problems\">Problemas cardiovasculares<\/h4>\n\n\n\n<p>El revisor de la Administraci\u00f3n de Drogas y Alimentos de EE. UU. Determin\u00f3 que los eventos cardiovasculares tempranos, como el infarto de miocardio, m\u00e1s conocido como ataque card\u00edaco, posiblemente estaban relacionados con cambios hemodin\u00e1micos (que se relacionan con el flujo de sangre dentro de los tejidos y \u00f3rganos del cuerpo) despu\u00e9s de comenzar el tratamiento con Invokana.<\/p>\n\n\n\n<p>Adem\u00e1s, ocho de los 15 miembros del consejo asesor de la FDA expresaron su profunda preocupaci\u00f3n por los resultados cardiovasculares y los riesgos posteriores que representaban para los pacientes.<\/p>\n\n\n\n<div class=\"wp-block-columns is-layout-flex wp-container-core-columns-is-layout-9d6595d7 wp-block-columns-is-layout-flex\">\n<div class=\"wp-block-column is-vertically-aligned-center is-layout-flow wp-block-column-is-layout-flow\" style=\"flex-basis:40%\">\n<figure class=\"wp-block-image size-large\"><img decoding=\"async\" width=\"540\" height=\"586\" src=\"https:\/\/www.justinian.com\/wp-content\/uploads\/2020\/10\/General-Symptoms-Of-Myocardial-Infarction-Include.jpg\" alt=\"\" class=\"wp-image-1212\" srcset=\"https:\/\/www.justinian.com\/wp-content\/uploads\/2020\/10\/General-Symptoms-Of-Myocardial-Infarction-Include.jpg 540w, https:\/\/www.justinian.com\/wp-content\/uploads\/2020\/10\/General-Symptoms-Of-Myocardial-Infarction-Include-498x540.jpg 498w\" sizes=\"(max-width: 540px) 100vw, 540px\" \/><\/figure>\n<\/div>\n\n\n\n<div class=\"wp-block-column is-vertically-aligned-center is-layout-flow wp-block-column-is-layout-flow\">\n<h5 class=\"wp-block-heading\" id=\"h-general-symptoms-of-myocardial-infarction-include\">Los s\u00edntomas generales del infarto de miocardio incluyen:<\/h5>\n\n\n\n<ul class=\"check-list wp-block-list\">\n<li>Dolor que se irradia a la mand\u00edbula, la espalda, el brazo o la garganta<\/li>\n\n\n\n<li>Dolor en el pecho que se asemeja a una sensaci\u00f3n de opresi\u00f3n, presi\u00f3n o pesadez<\/li>\n\n\n\n<li>Dificultad para tragar \/ sensaci\u00f3n de asfixia<\/li>\n\n\n\n<li>Una sensaci\u00f3n de saciedad o indigesti\u00f3n que se asemeja a la acidez de est\u00f3mago.<\/li>\n\n\n\n<li>Sudoraci\u00f3n excesiva, mareos, n\u00e1useas y \/ o v\u00f3mitos.<\/li>\n<\/ul>\n\n\n\n<p>Estos son s\u00edntomas generales y pueden variar mucho entre hombres y mujeres.<\/p>\n<\/div>\n<\/div>\n\n\n\n<h4 class=\"wp-block-heading\" id=\"h-renal-problems\">Problemas renales<\/h4>\n\n\n\n<p>El revisor de la FDA y los miembros de su consejo asesor tambi\u00e9n expresaron su preocupaci\u00f3n por los efectos renales que experimentan los pacientes al tomar Invokana, citando el peque\u00f1o volumen de datos relacionados con su seguridad en relaci\u00f3n con los problemas renales.<\/p>\n\n\n\n<div class=\"wp-block-columns is-layout-flex wp-container-core-columns-is-layout-9d6595d7 wp-block-columns-is-layout-flex\">\n<div class=\"wp-block-column is-vertically-aligned-center is-layout-flow wp-block-column-is-layout-flow\">\n<p><strong>Como tal, se desconocen los efectos renales a largo plazo debido a la exposici\u00f3n prolongada al f\u00e1rmaco.<\/strong> Esto significa que el verdadero alcance de la lesi\u00f3n renal en los pacientes podr\u00eda tardar a\u00f1os en descubrirse y puede quedar expuesto durante la poscomercializaci\u00f3n del medicamento.<\/p>\n\n\n\n<h5 class=\"wp-block-heading\" id=\"h-long-term-renal-effects-include\">Los efectos renales a largo plazo incluyen:<\/h5>\n\n\n\n<ul class=\"check-list wp-block-list\">\n<li>Insuficiencia renal<\/li>\n\n\n\n<li>Funci\u00f3n renal alterada<\/li>\n<\/ul>\n<\/div>\n\n\n\n<div class=\"wp-block-column is-vertically-aligned-center is-layout-flow wp-block-column-is-layout-flow\" style=\"flex-basis:40%\">\n<figure class=\"wp-block-image size-large\"><img decoding=\"async\" width=\"540\" height=\"439\" src=\"https:\/\/www.justinian.com\/wp-content\/uploads\/2020\/10\/Renal-Problems.jpg\" alt=\"\" class=\"wp-image-1213\"\/><\/figure>\n<\/div>\n<\/div>\n\n\n\n<h4 class=\"wp-block-heading\" id=\"h-diabetic-keotacidosis\">Ceotacidosis diab\u00e9tica<\/h4>\n\n\n\n<p>Los riesgos de ceotacidosis diab\u00e9tica (CAD) que plantea el uso de medicamentos para la diabetes de Invokana no se consideraron directamente en los ensayos cl\u00ednicos de la FDA ni en el proceso de aprobaci\u00f3n de Invokana.<\/p>\n\n\n\n<p>Sin embargo, los datos de la investigaci\u00f3n muestran una instancia de tres a uno de desarrollar CAD mientras se toma el medicamento en lugar de tomar un placebo, lo que llev\u00f3 a la FDA a emitir una alerta de seguridad el 15 de mayo de 2015 indicando que los inhibidores de SGLT2 como clase pueden en realidad desencadenar la CAD.<\/p>\n\n\n\n<div class=\"wp-block-columns is-layout-flex wp-container-core-columns-is-layout-9d6595d7 wp-block-columns-is-layout-flex\">\n<div class=\"wp-block-column is-vertically-aligned-center is-layout-flow wp-block-column-is-layout-flow\" style=\"flex-basis:40%\">\n<figure class=\"wp-block-image size-large\"><img decoding=\"async\" width=\"540\" height=\"667\" src=\"https:\/\/www.justinian.com\/wp-content\/uploads\/2020\/10\/Symptoms-Of-Diabetic-Ketoacidosis.jpg\" alt=\"\" class=\"wp-image-1214\" srcset=\"https:\/\/www.justinian.com\/wp-content\/uploads\/2020\/10\/Symptoms-Of-Diabetic-Ketoacidosis.jpg 540w, https:\/\/www.justinian.com\/wp-content\/uploads\/2020\/10\/Symptoms-Of-Diabetic-Ketoacidosis-437x540.jpg 437w\" sizes=\"(max-width: 540px) 100vw, 540px\" \/><\/figure>\n<\/div>\n\n\n\n<div class=\"wp-block-column is-vertically-aligned-center is-layout-flow wp-block-column-is-layout-flow\">\n<h5 class=\"wp-block-heading\" id=\"h-symptoms-of-diabetic-ketoacidosis\">Los s\u00edntomas de la cetoacidosis diab\u00e9tica<\/h5>\n\n\n\n<p>Los s\u00edntomas de la cetoacidosis diab\u00e9tica generalmente se desarrollan r\u00e1pidamente, a veces en 24 horas. Pueden incluir:<\/p>\n\n\n\n<ul class=\"check-list wp-block-list\">\n<li>Dificultad para respirar<\/li>\n\n\n\n<li>Dolor abdominal<\/li>\n\n\n\n<li>N\u00e1useas y v\u00f3mitos<\/li>\n\n\n\n<li>Micci\u00f3n repetida<\/li>\n\n\n\n<li>Sed excesiva<\/li>\n\n\n\n<li>Confusi\u00f3n \/ sensaci\u00f3n de neblina<\/li>\n\n\n\n<li>Hiperglucemia<\/li>\n\n\n\n<li>Aliento con aroma a frutas<\/li>\n\n\n\n<li>Niveles elevados de cetonas en orina<\/li>\n<\/ul>\n<\/div>\n<\/div>\n\n\n\n<h4 class=\"wp-block-heading\" id=\"h-urinary-tract-infections-utis\">Infecciones del tracto urinario (ITU)<\/h4>\n\n\n\n<p>Aunque el potencial de infecciones del tracto urinario se enumera en las secciones de efectos secundarios adversos de Invokana, no se enumera en la secci\u00f3n de advertencias y precauciones a pesar de su prevalencia mientras se toma el medicamento.<\/p>\n\n\n\n<p>De hecho, la \u00fanica condici\u00f3n enumerada en el ajuste de advertencias \/ precauciones es la infecci\u00f3n mic\u00f3tica genital, com\u00fanmente conocida como infecci\u00f3n por hongos. Las infecciones graves del tracto urinario conllevan varias implicaciones para la salud y pueden causar da\u00f1os irreparables a los ri\u00f1ones si no se tratan.<\/p>\n\n\n\n<p>Dichas infecciones incluyen pielonefritis \/ urepsis, que es causada por una infecci\u00f3n bacteriana que ha viajado a trav\u00e9s del torrente sangu\u00edneo hasta los ri\u00f1ones o se ha diseminado dentro del tracto urinario para causar inflamaci\u00f3n en la pelvis y puede conducir a un caso mortal de sepsis.<\/p>\n\n\n\n<h5 class=\"wp-block-heading\" id=\"h-signs-of-a-severe-urinary-tract-infection-pyelonephritis-include\">Los signos de una infecci\u00f3n grave del tracto urinario \/ pielonefritis incluyen:<\/h5>\n\n\n\n<div class=\"wp-block-columns is-layout-flex wp-container-core-columns-is-layout-9d6595d7 wp-block-columns-is-layout-flex\">\n<div class=\"wp-block-column is-layout-flow wp-block-column-is-layout-flow\">\n<ul class=\"check-list wp-block-list\">\n<li>Sangre en la orina<\/li>\n\n\n\n<li>Orina turbia o maloliente<\/li>\n\n\n\n<li>Dolor lumbar o lateral<\/li>\n\n\n\n<li>Fiebre<\/li>\n\n\n\n<li>Resfriado<\/li>\n<\/ul>\n<\/div>\n\n\n\n<div class=\"wp-block-column is-layout-flow wp-block-column-is-layout-flow\" style=\"flex-basis:40%\">\n<ul id=\"block-ea6e60b5-7e10-49c1-a30d-a6dc427ad319\" class=\"check-list wp-block-list\">\n<li>Malestar general<\/li>\n\n\n\n<li>N\u00e1useas y v\u00f3mitos<\/li>\n\n\n\n<li>Confusi\u00f3n \/ sensaci\u00f3n de neblina<\/li>\n\n\n\n<li>Necesidad urgente de orinar<\/li>\n\n\n\n<li>Dolor al orinar<\/li>\n<\/ul>\n<\/div>\n<\/div>\n\n\n\n<h2 class=\"wp-block-heading\" id=\"h-a-texas-personal-injury-law-firm-that-knows-what-you-re-up-against\">A Texas Personal Injury Law Firm That Knows What You\u2019re Up Against<\/h2>\n\n\n\n<div class=\"wp-block-columns is-layout-flex wp-container-core-columns-is-layout-9d6595d7 wp-block-columns-is-layout-flex\">\n<div class=\"wp-block-column is-vertically-aligned-center is-layout-flow wp-block-column-is-layout-flow\">\n<h3 class=\"wp-block-heading\" id=\"h-invokana-diabetes-medication-injury-lawsuits-can-be-complex\"><strong>Las demandas por lesiones por medicamentos para la diabetes de Invokana pueden ser complejas<\/strong><\/h3>\n\n\n\n<p>Ganar una demanda por agravio masivo por lesiones causadas por el medicamento para la diabetes de Invokana puede implicar demostrar que los fabricantes de Invokana no advirtieron adecuadamente a las personas que lo tomaban sobre los riesgos potenciales.<\/p>\n\n\n\n<p>Eso puede incluir la investigaci\u00f3n de estudios m\u00e9dicos, publicaciones corporativas y el uso de testimonios de expertos sobre c\u00f3mo el medicamento caus\u00f3 una lesi\u00f3n. Esto no es f\u00e1cil de hacer, especialmente cuando las compa\u00f1\u00edas farmac\u00e9uticas se presentan con un ej\u00e9rcito de abogados.<\/p>\n\n\n\n<p><em>Pero luchar contra los matones es lo que hace Justinian &amp; Associates.&nbsp;<\/em><\/p>\n<\/div>\n\n\n\n<div class=\"wp-block-column is-vertically-aligned-center is-layout-flow wp-block-column-is-layout-flow\" style=\"flex-basis:40%\">\n<figure class=\"wp-block-image size-large\"><img decoding=\"async\" width=\"540\" height=\"618\" src=\"https:\/\/www.justinian.com\/wp-content\/uploads\/2020\/10\/Invokana-Diabetes-Medication-Injury-Lawsuits-Can-Be-Complex.jpg\" alt=\"\" class=\"wp-image-1215\" srcset=\"https:\/\/www.justinian.com\/wp-content\/uploads\/2020\/10\/Invokana-Diabetes-Medication-Injury-Lawsuits-Can-Be-Complex.jpg 540w, https:\/\/www.justinian.com\/wp-content\/uploads\/2020\/10\/Invokana-Diabetes-Medication-Injury-Lawsuits-Can-Be-Complex-472x540.jpg 472w\" sizes=\"(max-width: 540px) 100vw, 540px\" \/><\/figure>\n<\/div>\n<\/div>\n\n\n\n<h3 class=\"wp-block-heading\" id=\"h-we-are-warriors-for-the-injured\">Somos guerreros para los heridos<\/h3>\n\n\n\n<p>Our Texas and San Antonio mass tort lawyers have successfully represented <a href=\"https:\/\/www.justinian.com\/es\/como-resulto-herido\/litigio-masivo-por-agravio\/\">muchas v\u00edctimas<\/a> lesionadas por <a href=\"https:\/\/www.justinian.com\/es\/como-resulto-herido\/lesiones-por-medicamentos-recetados\/\">productos m\u00e9dicos defectuosos<\/a>. Precisamente <a href=\"https:\/\/www.justinian.com\/es\/como-resulto-herido\/litigio-masivo-por-agravio\/\">por eso fuimos fundados<\/a>.<\/p>\n\n\n\n<p>Como <a href=\"https:\/\/www.justinian.com\/es\/como-resulto-herido\/litigio-masivo-por-agravio\/\">nuestro historial<\/a> , tenemos el conocimiento legal, la experiencia, los recursos, y los investigadores capacitados para enfrentar a adversarios de cualquier tama\u00f1o.<\/p>\n\n\n\n<p>Todo lo que hacemos es luchar por las v\u00edctimas heridas. Nuestro \u00fanico objetivo es la justicia para nuestros clientes, sea lo que sea que eso signifique para ellos. Y no aceptamos la derrota. A menos que le consigamos dinero por sus lesiones, no nos paga ni un centavo.<\/p>\n\n\n\n<div class=\"wp-block-columns is-layout-flex wp-container-core-columns-is-layout-9d6595d7 wp-block-columns-is-layout-flex\">\n<div class=\"wp-block-column is-vertically-aligned-center is-layout-flow wp-block-column-is-layout-flow\" style=\"flex-basis:40%\">\n<figure class=\"wp-block-image size-large\"><img decoding=\"async\" width=\"540\" height=\"556\" src=\"https:\/\/www.justinian.com\/wp-content\/uploads\/2020\/10\/Your-Rights-Can-Be-Lost-If-You-Wait-2.jpg\" alt=\"\" class=\"wp-image-1217\" srcset=\"https:\/\/www.justinian.com\/wp-content\/uploads\/2020\/10\/Your-Rights-Can-Be-Lost-If-You-Wait-2.jpg 540w, https:\/\/www.justinian.com\/wp-content\/uploads\/2020\/10\/Your-Rights-Can-Be-Lost-If-You-Wait-2-524x540.jpg 524w\" sizes=\"(max-width: 540px) 100vw, 540px\" \/><\/figure>\n<\/div>\n\n\n\n<div class=\"wp-block-column is-vertically-aligned-center is-layout-flow wp-block-column-is-layout-flow\">\n<h3 class=\"wp-block-heading\" id=\"h-your-rights-can-be-lost-if-you-wait\">Sus derechos pueden perderse si espera<\/h3>\n\n\n\n<p>El litigio de Invokana se est\u00e1 llevando a cabo en todo el pa\u00eds, en tribunales estatales y federales.<\/p>\n\n\n\n<p>Existen leyes que limitan la cantidad de tiempo que tiene para presentar una demanda despu\u00e9s de sufrir una lesi\u00f3n. Se conocen como <em>estatutos de prescripci\u00f3n<\/em>. Pueden aplicar a su demanda para recuperar sus lesiones de PPI. Es posible que la cuenta regresiva ya haya comenzado.<\/p>\n\n\n\n<p>Es posible que se impongan limitaciones adicionales de conformidad con determinados acuerdos de conciliaci\u00f3n con los distintos fabricantes de dispositivos.<\/p>\n<\/div>\n<\/div>\n\n\n\n<p><strong>Si usted o un ser querido tom\u00f3 Invokana para el tratamiento de la diabetes tipo 2 y sufri\u00f3 alguna de las complicaciones mencionadas anteriormente, incluida la muerte, ahora es el momento de actuar.<\/strong><\/p>\n\n\n\n<p>Si no est\u00e1 seguro de si califica o no para recibir da\u00f1os, no se preocupe. Ll\u00e1menos, env\u00edenos un mensaje de texto o env\u00edenos un correo electr\u00f3nico para una consulta gratuita, sin compromiso.<\/p>\n\n\n\n<p>Speak to a Texas personal injury attorney from Justinian &amp; Associates (not a \u201cscreener\u201d or paralegal) to understand your rights.<\/p>\n\n\n\n<p>Estamos aqu\u00ed para usted y haremos todo lo posible para ayudarlo a recibir la compensaci\u00f3n que se merece. Estamos de su lado.<\/p>"},"excerpt":{"rendered":"<p>Invokana Lawsuit Information If you or a loved one were prescribed Invokana for type 2 diabetes and developed a severe urinary tract infection such as pyelonephritis\/urosepsis, elevated blood acid, stroke, heart attack or severe kidney disease, you&#8217;re not alone. Countless lawsuits have already been filed against the manufacturers of Invokana that allege the company failed [&#8230;]<\/p>\n<p><a class=\"btn btn-secondary understrap-read-more-link\" href=\"https:\/\/www.justinian.com\/es\/recursos-legales\/invokana\/\">Leer m\u00e1s&#8230;<\/a><\/p>","protected":false},"author":1,"featured_media":0,"parent":240,"menu_order":47,"comment_status":"closed","ping_status":"closed","template":"page-templates\/page-sidebar-template.php","meta":{"_acf_changed":false,"ub_ctt_via":"","footnotes":""},"class_list":["post-917","page","type-page","status-publish","hentry"],"acf":[],"featured_image_src":null,"_links":{"self":[{"href":"https:\/\/www.justinian.com\/es\/wp-json\/wp\/v2\/pages\/917","targetHints":{"allow":["GET"]}}],"collection":[{"href":"https:\/\/www.justinian.com\/es\/wp-json\/wp\/v2\/pages"}],"about":[{"href":"https:\/\/www.justinian.com\/es\/wp-json\/wp\/v2\/types\/page"}],"author":[{"embeddable":true,"href":"https:\/\/www.justinian.com\/es\/wp-json\/wp\/v2\/users\/1"}],"replies":[{"embeddable":true,"href":"https:\/\/www.justinian.com\/es\/wp-json\/wp\/v2\/comments?post=917"}],"version-history":[{"count":3,"href":"https:\/\/www.justinian.com\/es\/wp-json\/wp\/v2\/pages\/917\/revisions"}],"predecessor-version":[{"id":5935,"href":"https:\/\/www.justinian.com\/es\/wp-json\/wp\/v2\/pages\/917\/revisions\/5935"}],"up":[{"embeddable":true,"href":"https:\/\/www.justinian.com\/es\/wp-json\/wp\/v2\/pages\/240"}],"wp:attachment":[{"href":"https:\/\/www.justinian.com\/es\/wp-json\/wp\/v2\/media?parent=917"}],"curies":[{"name":"wp","href":"https:\/\/api.w.org\/{rel}","templated":true}]}}