{"id":911,"date":"2020-10-22T22:09:09","date_gmt":"2020-10-22T22:09:09","guid":{"rendered":"https:\/\/www.justinian.com\/?page_id=911"},"modified":"2024-01-02T19:15:50","modified_gmt":"2024-01-03T01:15:50","slug":"inferior-vena-cava-filters-ivc-filters","status":"publish","type":"page","link":"https:\/\/www.justinian.com\/es\/recursos-legales\/filtros-de-vena-cava-inferior\/","title":{"rendered":"Filtros de vena cava inferior (filtros IVC)"},"content":{"rendered":"<h2 class=\"wp-block-heading\" id=\"h-ivc-blood-clot-filters-can-be-dangerous\">Los filtros de co\u00e1gulos de sangre IVC pueden ser peligrosos<\/h2>\n\n\n\n<p>\u00bfAlguna vez le han implantado un filtro de co\u00e1gulos de sangre IVC despu\u00e9s de 2006? \u00bfSufri\u00f3 una embolia pulmonar, un accidente cerebrovascular u otra falla del filtro de VCI? Puede tener derecho a una compensaci\u00f3n econ\u00f3mica.<\/p>\n\n\n\n<h3 class=\"wp-block-heading\" id=\"h-what-are-inferior-vena-cava-ivc-filters\">\u00bfQu\u00e9 son los filtros de vena cava inferior (VCI)?<\/h3>\n\n\n\n<p>La vena cava inferior es la vena m\u00e1s grande del cuerpo humano y transporta sangre desde las partes inferiores del cuerpo hasta el coraz\u00f3n. Los filtros IVC son alambres en forma de ara\u00f1a que se insertan en la vena cava inferior con el prop\u00f3sito de evitar que los co\u00e1gulos de sangre lleguen al coraz\u00f3n, pulmones, cerebro o ri\u00f1ones. Los filtros IVC atrapan los co\u00e1gulos de sangre y permiten que se descompongan a medida que pasa el tiempo.<\/p>\n\n\n\n<p>Los filtros IVC se utilizan con mayor frecuencia para aquellos pacientes que tienen un mayor riesgo de embolia pulmonar (EP), que es un bloqueo de una de las arterias del pulm\u00f3n. Estos pacientes tambi\u00e9n tienen menos probabilidades o no pueden tomar medicamentos anticoagulantes que ayudar\u00edan a prevenir la coagulaci\u00f3n. Los filtros IVC se dise\u00f1aron para ayudar a prevenir la EP recurrente.<\/p>\n\n\n\n<p>Los co\u00e1gulos de sangre en estos pacientes pueden ser mortales si llegan a cualquiera de las \u00e1reas mencionadas anteriormente.<\/p>\n\n\n\n<h4 class=\"wp-block-heading\" id=\"h-what-are-ivc-filters-used-for\">\u00bfPara qu\u00e9 se utilizan los filtros IVC?<\/h4>\n\n\n\n<p>Las razones para usar filtros IVC en los Estados Unidos pueden variar. Actualmente, existen dos condiciones o indicaciones para el uso del filtro IVC:<\/p>\n\n\n\n<div class=\"wp-block-columns is-layout-flex wp-container-core-columns-is-layout-9d6595d7 wp-block-columns-is-layout-flex\">\n<div class=\"wp-block-column is-vertically-aligned-center is-layout-flow wp-block-column-is-layout-flow\" style=\"flex-basis:40%\">\n<figure class=\"wp-block-image size-large\"><img decoding=\"async\" width=\"540\" height=\"569\" src=\"https:\/\/www.justinian.com\/wp-content\/uploads\/2020\/10\/What-Are-IVC-Filters-Used-For.jpg\" alt=\"\" class=\"wp-image-1222\" srcset=\"https:\/\/www.justinian.com\/wp-content\/uploads\/2020\/10\/What-Are-IVC-Filters-Used-For.jpg 540w, https:\/\/www.justinian.com\/wp-content\/uploads\/2020\/10\/What-Are-IVC-Filters-Used-For-512x540.jpg 512w\" sizes=\"(max-width: 540px) 100vw, 540px\" \/><\/figure>\n<\/div>\n\n\n\n<div class=\"wp-block-column is-vertically-aligned-center is-layout-flow wp-block-column-is-layout-flow\" style=\"flex-basis:60%\">\n<h5 class=\"wp-block-heading\" id=\"h-therapeutic-use\"><strong>Uso Terap\u00e9utico<\/strong><\/h5>\n\n\n\n<p>Los filtros IVC se utilizan principalmente con fines terap\u00e9uticos. Que implica:<\/p>\n\n\n\n<ul class=\"wp-block-list\">\n<li>Trombosis venosa profunda (TVP), una afecci\u00f3n peligrosa en la que se forman co\u00e1gulos de sangre en las venas profundas de las piernas. Podr\u00edan soltarse y viajar al coraz\u00f3n, los pulmones, los ri\u00f1ones o el cerebro y causar la muerte.<\/li>\n\n\n\n<li>PE masiva<\/li>\n\n\n\n<li>Situaciones en las que la terapia anticoagulante ha fallado o no se puede utilizar<\/li>\n\n\n\n<li>Enfermedad card\u00edaca y pulmonar (cardiopulmonar) grave con complicaciones causadas por TVP<\/li>\n<\/ul>\n<\/div>\n<\/div>\n\n\n\n<div class=\"wp-block-columns is-layout-flex wp-container-core-columns-is-layout-9d6595d7 wp-block-columns-is-layout-flex\">\n<div class=\"wp-block-column is-vertically-aligned-center is-layout-flow wp-block-column-is-layout-flow\">\n<h5 class=\"wp-block-heading\" id=\"h-prophylactic-use\">Uso profil\u00e1ctico<\/h5>\n\n\n\n<p>El uso profil\u00e1ctico de filtros IVC es m\u00e1s controvertido e incluye:<\/p>\n\n\n\n<ul class=\"wp-block-list\">\n<li>Pacientes traumatizados sin tromboembolismo venoso (TEV). La TEV es simplemente la formaci\u00f3n de co\u00e1gulos de sangre en las venas.<\/li>\n\n\n\n<li>Evitar que los pacientes que se someten a cirug\u00edas de alto riesgo, como procedimientos espinales o bari\u00e1tricos, desarrollen EP.<\/li>\n<\/ul>\n<\/div>\n\n\n\n<div class=\"wp-block-column is-vertically-aligned-center is-layout-flow wp-block-column-is-layout-flow\" style=\"flex-basis:40%\">\n<figure class=\"wp-block-image size-large\"><img decoding=\"async\" width=\"540\" height=\"431\" src=\"https:\/\/www.justinian.com\/wp-content\/uploads\/2020\/10\/Prophylactic-Use.jpg\" alt=\"\" class=\"wp-image-1223\"\/><\/figure>\n<\/div>\n<\/div>\n\n\n\n<div class=\"wp-block-columns is-layout-flex wp-container-core-columns-is-layout-9d6595d7 wp-block-columns-is-layout-flex\">\n<div class=\"wp-block-column is-vertically-aligned-center is-layout-flow wp-block-column-is-layout-flow\" style=\"flex-basis:40%\">\n<figure class=\"wp-block-image size-large\"><img decoding=\"async\" width=\"540\" height=\"667\" src=\"https:\/\/www.justinian.com\/wp-content\/uploads\/2020\/10\/IVC-FIlters-Are-Commonly-Used-But-Show-Risks-Of-Injury.jpg\" alt=\"\" class=\"wp-image-1224\" srcset=\"https:\/\/www.justinian.com\/wp-content\/uploads\/2020\/10\/IVC-FIlters-Are-Commonly-Used-But-Show-Risks-Of-Injury.jpg 540w, https:\/\/www.justinian.com\/wp-content\/uploads\/2020\/10\/IVC-FIlters-Are-Commonly-Used-But-Show-Risks-Of-Injury-437x540.jpg 437w\" sizes=\"(max-width: 540px) 100vw, 540px\" \/><\/figure>\n<\/div>\n\n\n\n<div class=\"wp-block-column is-vertically-aligned-center is-layout-flow wp-block-column-is-layout-flow\">\n<h4 class=\"wp-block-heading\" id=\"h-ivc-filters-are-commonly-used-but-show-risks-of-injury\">Los filtros IVC se utilizan com\u00fanmente pero muestran riesgos de lesiones<\/h4>\n\n\n\n<p>Hasta 2002, todos los filtros IVC eran implantes permanentes. En 2002, Bard, Cook y Cordis se apresuraron a ser la primera empresa en fabricar filtros IVC recuperables (extra\u00edbles). Por \u00faltimo, los filtros IVC son fabricados por 11 compa\u00f1\u00edas diferentes y casi 250.000 pacientes solo en los EE. UU. Obtienen uno cada a\u00f1o. En la mayor\u00eda de los casos, los filtros IVC no presentan problemas. Sin embargo, cuando causan problemas, los problemas son graves y potencialmente mortales. El riesgo de problemas es tan alto que los expertos han recomendado que se retiren todos los filtros IVC dentro de las 6 a 12 semanas posteriores a la inserci\u00f3n. Dejar los filtros IVC en su lugar durante m\u00e1s tiempo hace que sea m\u00e1s dif\u00edcil recuperarlos y aumenta el riesgo de complicaciones peligrosas.<\/p>\n<\/div>\n<\/div>\n\n\n\n<div style=\"border-bottom:0px;background-color:#8ed1fc;padding:20px\"><table class=\"has-fixed-layout\"><tbody><tr><td><h5>If you or someone you know has been injured or impacted by IVC filters, contact Amber Pang Parra for a free consultation at (855) 452-5529 or <a href=\"mailto:pharma@justinian.com\">pharma@justinian.com<\/a>.<br><\/h5>\n<\/td><\/tr><\/tbody><\/table><\/div>\n<br>\n<br>\n\n\n\n<h2 class=\"wp-block-heading\" id=\"h-what-is-the-problem-with-ivc-filters\">\u00bfCu\u00e1l es el problema con los filtros IVC?<\/h2>\n\n\n\n<p>Muchos pacientes han experimentado los siguientes problemas con sus filtros IVC:<\/p>\n\n\n\n<div class=\"wp-block-columns is-layout-flex wp-container-core-columns-is-layout-9d6595d7 wp-block-columns-is-layout-flex\">\n<div class=\"wp-block-column is-layout-flow wp-block-column-is-layout-flow\">\n<ul class=\"wp-block-list\" id=\"block-b5a9bd64-8330-4553-b487-cedd8a50f310\">\n<li>Migraci\u00f3n a otras partes del cuerpo, incluidos otros vasos sangu\u00edneos. Este \u00faltimo se llama embolizaci\u00f3n.<\/li>\n\n\n\n<li>Penetraci\u00f3n o perforaci\u00f3n de la propia vena cava inferior.<\/li>\n<\/ul>\n<\/div>\n\n\n\n<div class=\"wp-block-column is-layout-flow wp-block-column-is-layout-flow\">\n<ul class=\"wp-block-list\" id=\"block-b5a9bd64-8330-4553-b487-cedd8a50f310\">\n<li>Fractura del filtro IVC, lo que permite que las piezas afiladas de metal se extiendan por el sistema circulatorio del paciente. Tambi\u00e9n existe el riesgo de punci\u00f3n de una vena u \u00f3rgano cuando los filtros se fracturan.<\/li>\n\n\n\n<li>Se forman co\u00e1gulos alrededor del filtro de IVC (trombosis de IVC).<\/li>\n<\/ul>\n<\/div>\n<\/div>\n\n\n\n<p>Si se perfora la vena cava inferior y las piezas del filtro de la VCI llegan al coraz\u00f3n, puede resultar en la perforaci\u00f3n de las paredes de la c\u00e1mara card\u00edaca. Esto puede causar latidos card\u00edacos irregulares (arritmia).<\/p>\n\n\n\n<p>Puede desarrollarse otra afecci\u00f3n,<em> el taponamiento card\u00edaco<\/em>. En el taponamiento card\u00edaco, fluidos como sangre o pus se filtran al revestimiento que rodea el coraz\u00f3n (el pericardio). Esto causa presi\u00f3n sobre el m\u00fasculo card\u00edaco y puede interferir con los latidos del coraz\u00f3n del paciente.<\/p>\n\n\n\n<p>Otras lesiones que se experimentan com\u00fanmente con piezas del filtro IVC que llegan a los pulmones o al coraz\u00f3n incluyen:<\/p>\n\n\n\n<div class=\"wp-block-columns is-layout-flex wp-container-core-columns-is-layout-9d6595d7 wp-block-columns-is-layout-flex\">\n<div class=\"wp-block-column is-layout-flow wp-block-column-is-layout-flow\">\n<ul class=\"check-list wp-block-list\">\n<li>Confusion<\/li>\n\n\n\n<li>Hipotensi\u00f3n (presi\u00f3n arterial baja)<\/li>\n\n\n\n<li>Dolor en el pecho<\/li>\n\n\n\n<li>N\u00e1usea<\/li>\n<\/ul>\n<\/div>\n\n\n\n<div class=\"wp-block-column is-layout-flow wp-block-column-is-layout-flow\">\n<ul class=\"check-list wp-block-list\">\n<li>Aturdimiento<\/li>\n\n\n\n<li>Dificultad para respirar<\/li>\n\n\n\n<li>Dolor de cuello<\/li>\n\n\n\n<li>Sangrado o hemorragia interna<\/li>\n<\/ul>\n<\/div>\n<\/div>\n\n\n\n<p>Las lesiones graves asociadas con la fractura del filtro de VCI cuando las piezas llegan a los pulmones o al coraz\u00f3n incluyen:<\/p>\n\n\n\n<div class=\"wp-block-columns is-layout-flex wp-container-core-columns-is-layout-9d6595d7 wp-block-columns-is-layout-flex\">\n<div class=\"wp-block-column is-layout-flow wp-block-column-is-layout-flow\">\n<ul class=\"check-list wp-block-list\">\n<li>Embolia pulmonar (una condici\u00f3n que se supone que previenen los filtros)<\/li>\n\n\n\n<li>Carrera<\/li>\n<\/ul>\n<\/div>\n\n\n\n<div class=\"wp-block-column is-layout-flow wp-block-column-is-layout-flow\">\n<ul class=\"check-list wp-block-list\">\n<li>Sangrado severo (hemorragia)<\/li>\n\n\n\n<li>Muerte<\/li>\n<\/ul>\n<\/div>\n<\/div>\n\n\n\n<div class=\"wp-block-columns is-layout-flex wp-container-core-columns-is-layout-9d6595d7 wp-block-columns-is-layout-flex\">\n<div class=\"wp-block-column is-vertically-aligned-center is-layout-flow wp-block-column-is-layout-flow\">\n<p>Muy a menudo, las complicaciones de los filtros IVC requieren que los pacientes se sometan a procedimientos de emergencia para retirar el filtro. En ciertos casos, esto puede significar una cirug\u00eda a coraz\u00f3n abierto.<\/p>\n\n\n\n<p>\u00bfPor qu\u00e9 los fabricantes de filtros IVC contin\u00faan fabricando dispositivos tan peligrosos? Si bien los filtros IVC ayudan a muchos pacientes, la respuesta es mucho menos altruista. Las empresas quer\u00edan ampliar su alcance en el mercado mediante el uso de filtros fuera de la etiqueta. Su \u00e9xito fue asombroso. Se utilizan m\u00e1s filtros IVC en los Estados Unidos que en cualquier otro lugar del mundo y el mercado creci\u00f3 de $ 100 millones en 2002 a $ 300 millones en 2012. Las ganancias por los pacientes vuelven a golpear.<\/p>\n<\/div>\n\n\n\n<div class=\"wp-block-column is-vertically-aligned-center is-layout-flow wp-block-column-is-layout-flow\" style=\"flex-basis:40%\">\n<figure class=\"wp-block-image size-large\"><img decoding=\"async\" width=\"540\" height=\"540\" src=\"https:\/\/www.justinian.com\/wp-content\/uploads\/2020\/10\/What-is-the-Problem-with-IVC-Filters.jpg\" alt=\"\" class=\"wp-image-1228\" srcset=\"https:\/\/www.justinian.com\/wp-content\/uploads\/2020\/10\/What-is-the-Problem-with-IVC-Filters.jpg 540w, https:\/\/www.justinian.com\/wp-content\/uploads\/2020\/10\/What-is-the-Problem-with-IVC-Filters-220x220.jpg 220w\" sizes=\"(max-width: 540px) 100vw, 540px\" \/><\/figure>\n<\/div>\n<\/div>\n\n\n\n<h2 class=\"wp-block-heading\" id=\"h-fda-actions-on-inferior-vena-cava-filters-ivc-filters\">Acciones de la FDA sobre filtros de vena cava inferiores (filtros IVC)<\/h2>\n\n\n\n<p>La Administraci\u00f3n de Drogas y Alimentos de EE. UU. Ha tomado las siguientes medidas en los \u00faltimos a\u00f1os:<\/p>\n\n\n\n<ul class=\"stripes-list wp-block-list\">\n<li><strong>9 de agosto de 2010<\/strong> &#8211; the Agency issued a safety alert based on the 921 adverse event reports it received since 2005. The FDA determined that the 328 IVC filter migrations, the 146 detachment of device components, the 70 inferior vena cava perforations, and the 56 filter fractures may be related to leaving the IVC filters in place after the risk of PE has passed.<\/li>\n\n\n\n<li><strong>6 de mayo de 2014<\/strong> - la FDA public\u00f3 una <a rel=\"noreferrer noopener\" href=\"http:\/\/www.fda.gov\/MedicalDevices\/Safety\/AlertsandNotices\/ucm396377.htm\" target=\"_blank\">actualizaci\u00f3n de la alerta de seguridad de 2010<\/a>. La actualizaci\u00f3n recomend\u00f3 la eliminaci\u00f3n del filtro IVC cuando el riesgo de EP haya pasado. Tambi\u00e9n conten\u00eda un an\u00e1lisis que mostr\u00f3 que el riesgo del uso del filtro IVC superaba los beneficios en pacientes con necesidades transitorias dentro de los 29 a 54 d\u00edas.<\/li>\n\n\n\n<li><strong>15 de julio de 2015<\/strong> - La Agencia emiti\u00f3 una carta de advertencia por no informar y \/ o informar incorrectamente los eventos adversos. La advertencia tambi\u00e9n cubr\u00eda la falta de creaci\u00f3n y mantenimiento de buenos procedimientos para investigar y reportar eventos adversos, as\u00ed como el hecho de que los m\u00e9todos de fabricaci\u00f3n, los m\u00e9todos de almacenamiento y el empaque no cumpl\u00edan con las Directrices de Buenas Pr\u00e1cticas de Fabricaci\u00f3n (GMP).<\/li>\n\n\n\n<li><strong>Febrero de 2016<\/strong> - la FDA cita al fabricante Bard por infracciones de seguridad, incluido el incumplimiento de los procedimientos de fabricaci\u00f3n propios de la empresa y el incumplimiento de las normas m\u00ednimas de seguridad de la Agencia relacionadas con el procedimiento de tendencia posterior a la comercializaci\u00f3n que la empresa utiliz\u00f3 para identificar problemas de seguridad con su IVC anterior. filtros.<\/li>\n<\/ul>\n\n\n\n<h2 class=\"wp-block-heading\" id=\"h-medical-studies-showing-the-dangers-of-inferior-vena-cava-filters-ivc-filters\">Estudios m\u00e9dicos que muestran los peligros de los filtros de vena cava inferiores (filtros IVC)<\/h2>\n\n\n\n<p>Se han publicado numerosos estudios sobre los riesgos de los filtros IVC:<\/p>\n\n\n\n<ul class=\"stripes-list wp-block-list\">\n<li>En un estudio de agosto de 2010 publicado en Archives of Internal Medicine, la tasa de falla del sistema Bard Recover Filter fue del 25% y la del sistema Bard G2 Filter fue de alrededor del 12%.<\/li>\n\n\n\n<li>Los investigadores emitieron una recomendaci\u00f3n para que los m\u00e9dicos dejen de usar de inmediato estos filtros Bard IVC para proteger a sus pacientes de da\u00f1os.<\/li>\n\n\n\n<li>Un estudio de abril de 2012 publicado en <em>Cardiovascular Interventional Radiology<\/em> encontr\u00f3 que la perforaci\u00f3n de la vena cava inferior era com\u00fan cuanto m\u00e1s tiempo se dejaban colocados los filtros recuperables G\u00fcnther Tulip y Celect. Usando tomograf\u00edas computarizadas tomadas entre 1 y 880 d\u00edas despu\u00e9s de la inserci\u00f3n del filtro, los investigadores encontraron que al menos un componente del filtro perforaba la cavidad de la vena inferior en el 86% de los pacientes estudiados. Se mostr\u00f3 alguna perforaci\u00f3n en todos los filtros escaneados despu\u00e9s de 71 d\u00edas y la perforaci\u00f3n a menudo se mostr\u00f3 como un proceso progresivo. Se encontr\u00f3 inclinaci\u00f3n de los filtros de la VCI en el 40% de los pacientes estudiados con alguna perforaci\u00f3n presente en todos los pacientes cuyos filtros de la VCI se hab\u00edan inclinado.<\/li>\n\n\n\n<li>Al igual que la FDA y el estudio de agosto de 2010, estos investigadores recomendaron la eliminaci\u00f3n del filtro IVC tan pronto como sea posible despu\u00e9s de que haya pasado el riesgo de EP. Tambi\u00e9n aconsejaron que los m\u00e9dicos deber\u00edan examinar de cerca los filtros de VCI durante las exploraciones por im\u00e1genes de seguimiento.<\/li>\n\n\n\n<li>En un art\u00edculo publicado en el <a rel=\"noreferrer noopener\" href=\"http:\/\/www.journals.elsevier.com\/international-journal-of-cardiology\/\" target=\"_blank\">International Journal of Cardiology<\/a> en 2014, los Dres. Mohamad Alkhouli y Riyaz Bashir citaron investigaciones que mostraban que la \u201ctrombosis tard\u00eda relacionada con el filtro\u201d se produc\u00eda en un 8% -30% de los casos estudiados. Las complicaciones surgen, en parte, debido a la extracci\u00f3n tard\u00eda de los filtros IVC adem\u00e1s de su dise\u00f1o. En el momento en que los autores escribieron su art\u00edculo, la tasa de eliminaci\u00f3n m\u00e1s alta informada en los EE. UU. Era del 34%, en comparaci\u00f3n con el 81% en el Reino Unido. Descubrieron que algunos filtros IVC no se eliminan por buenas razones, como un filtro inclinado o un co\u00e1gulo atrapado .<\/li>\n\n\n\n<li>La gu\u00eda de valoraci\u00f3n de veh\u00edculos de <a rel=\"noreferrer noopener\" href=\"http:\/\/www.jvir.org\/article\/S1051-0443(15)00148-7\/abstract\" target=\"_blank\">Journal of Vascular and Interventional Radiology<\/a> public\u00f3 un estudio de marzo de 2015 realizado por cient\u00edficos de la Universidad de Colorado y la Universidad Northwestern que mostr\u00f3 que las perforaciones del filtro IVC ocurrieron con mucha m\u00e1s frecuencia con el filtro Cook Celect IVC que con otros filtros IVC.<\/li>\n\n\n\n<li>El Journal of the American Medical Association (JAMA) public\u00f3 un estudio de abril de 2015 que mostr\u00f3 que los filtros IVC no eran tan efectivos como la terapia de anticoagulaci\u00f3n (medicamentos) para prevenir la EP. Los datos mostraron que los pacientes con filtros IVC ten\u00edan el doble de probabilidades que los que recib\u00edan terapia de anticoagulaci\u00f3n de que un co\u00e1gulo de sangre llegara a sus pulmones.<\/li>\n<\/ul>\n\n\n\n<h2 class=\"wp-block-heading\" id=\"h-ivc-filter-lawsuits\">Demandas de filtros IVC<\/h2>\n\n\n\n<p>Sobre la base de lesiones tan graves, se han presentado numerosas demandas contra los diversos fabricantes de filtros IVC por no advertir a los m\u00e9dicos y pacientes sobre los altos riesgos de fractura y migraci\u00f3n del filtro y la posibilidad de da\u00f1os en los \u00f3rganos internos.<\/p>\n\n\n\n<div class=\"wp-block-columns is-layout-flex wp-container-core-columns-is-layout-9d6595d7 wp-block-columns-is-layout-flex\">\n<div class=\"wp-block-column is-vertically-aligned-center is-layout-flow wp-block-column-is-layout-flow\" style=\"flex-basis:40%\">\n<figure class=\"wp-block-image size-large\"><img decoding=\"async\" width=\"540\" height=\"540\" src=\"https:\/\/www.justinian.com\/wp-content\/uploads\/2020\/10\/IVC-Filter-Lawsuits.jpg\" alt=\"\" class=\"wp-image-1226\" srcset=\"https:\/\/www.justinian.com\/wp-content\/uploads\/2020\/10\/IVC-Filter-Lawsuits.jpg 540w, https:\/\/www.justinian.com\/wp-content\/uploads\/2020\/10\/IVC-Filter-Lawsuits-220x220.jpg 220w\" sizes=\"(max-width: 540px) 100vw, 540px\" \/><\/figure>\n<\/div>\n\n\n\n<div class=\"wp-block-column is-vertically-aligned-center is-layout-flow wp-block-column-is-layout-flow\">\n<p>Algunas de las demandas presentadas en los tribunales estatales se resolvieron antes de ir a juicio. Sin embargo, los fabricantes de filtros IVC no est\u00e1n dispuestos a resolver la gran cantidad de casos a\u00fan pendientes. Esto ha llevado a los demandantes a buscar el estatus de litigio de m\u00faltiples distritos (MDL). Los MDL centralizan todos los casos frente a un juez federal y todos los procedimientos previos al juicio se realizan al mismo tiempo para evitar demoras, decisiones contradictorias y recortar gastos.<\/p>\n\n\n\n<p>All Cook IVC filter lawsuits were centralized as an MDL in October 2014 in the U.S. District Court for the Southern District of Indiana. The same happened in August 2015 with all suits against Bard IVC Filter Lawsuit. This MDL is located in Arizona federal court.<\/p>\n<\/div>\n<\/div>\n\n\n\n<h3 class=\"wp-block-heading\" id=\"h-don-t-wait-to-seek-legal-assistance-for-your-ivc-filter-injury-lawsuit\">No espere para buscar asistencia legal para su demanda por lesiones en el filtro IVC<\/h3>\n\n\n\n<p>Sus derechos pueden perderse si espera.<\/p>\n\n\n\n<h3 class=\"wp-block-heading\" id=\"h-statute-of-limitations-and-personal-injury-lawsuits\">Estatuto de limitaciones y demandas por lesiones personales<\/h3>\n\n\n\n<p>Un estatuto de limitaciones es una ley que establece una cierta ventana de tiempo despu\u00e9s del accidente. Cualquier demanda relacionada con ese accidente debe presentarse antes de la fecha l\u00edmite establecida en el estatuto de limitaciones.<\/p>\n\n\n\n<p>Despu\u00e9s de que el plazo de prescripci\u00f3n haya expirado, las demandas generalmente ser\u00e1n prohibidas (bloqueadas) y el Tribunal se negar\u00e1 a escuchar el caso. Esto es cierto incluso si no hizo nada malo y los hechos y la ley de su lado.<\/p>\n\n\n\n<h2 class=\"wp-block-heading\" id=\"h-warriors-for-the-injured\">Guerreros para los heridos<\/h2>\n\n\n\n<p>Si usted o un ser querido tuvo un Filtro de Vena Cava Inferior (Filtro IVC) y experiment\u00f3 alguno de los impactos negativos mencionados, necesita abogados farmac\u00e9uticos con experiencia de su lado.<\/p>\n\n\n\n<p>Justinian &amp; Associates ha representado a <a href=\"https:\/\/www.justinian.com\/es\/como-resulto-herido\/litigio-masivo-por-agravio\/\">decenas de v\u00edctimas<\/a> lesionadas por <a href=\"https:\/\/www.justinian.com\/es\/como-resulto-herido\/lesiones-por-medicamentos-recetados\/\">productos m\u00e9dicos peligrosos<\/a> like IVC Filters. Our Texas personal injury attorneys also have extensive experience handling mass torts and multi-district litigation.<\/p>\n\n\n\n<p>Conocemos la ley, conocemos el sistema y lucharemos para asegurarnos de que reciba toda la compensaci\u00f3n a la que tiene derecho seg\u00fan la ley.<\/p>\n\n\n\n<p>Call, text or email us for a free consultation with a seasoned Texas personal injury attorney. Tell us your story, and we will explain your options under the law. And unless we get you money for your injuries, you owe us nothing.<\/p>"},"excerpt":{"rendered":"<p>IVC Blood Clot Filters Can Be Dangerous Have you ever had an IVC blood clot filter implanted after 2006? Did you suffer a pulmonary embolism, stroke, or other failure of the IVC filter?&nbsp; You may be entitled to financial compensation. What Are Inferior Vena Cava (IVC) Filters? The inferior vena cava is the largest vein [&#8230;]<\/p>\n<p><a class=\"btn btn-secondary understrap-read-more-link\" href=\"https:\/\/www.justinian.com\/es\/recursos-legales\/filtros-de-vena-cava-inferior\/\">Leer m\u00e1s&#8230;<\/a><\/p>","protected":false},"author":1,"featured_media":0,"parent":240,"menu_order":48,"comment_status":"closed","ping_status":"closed","template":"page-templates\/page-sidebar-template.php","meta":{"_acf_changed":false,"ub_ctt_via":"","footnotes":""},"class_list":["post-911","page","type-page","status-publish","hentry"],"acf":[],"featured_image_src":null,"_links":{"self":[{"href":"https:\/\/www.justinian.com\/es\/wp-json\/wp\/v2\/pages\/911","targetHints":{"allow":["GET"]}}],"collection":[{"href":"https:\/\/www.justinian.com\/es\/wp-json\/wp\/v2\/pages"}],"about":[{"href":"https:\/\/www.justinian.com\/es\/wp-json\/wp\/v2\/types\/page"}],"author":[{"embeddable":true,"href":"https:\/\/www.justinian.com\/es\/wp-json\/wp\/v2\/users\/1"}],"replies":[{"embeddable":true,"href":"https:\/\/www.justinian.com\/es\/wp-json\/wp\/v2\/comments?post=911"}],"version-history":[{"count":9,"href":"https:\/\/www.justinian.com\/es\/wp-json\/wp\/v2\/pages\/911\/revisions"}],"predecessor-version":[{"id":5868,"href":"https:\/\/www.justinian.com\/es\/wp-json\/wp\/v2\/pages\/911\/revisions\/5868"}],"up":[{"embeddable":true,"href":"https:\/\/www.justinian.com\/es\/wp-json\/wp\/v2\/pages\/240"}],"wp:attachment":[{"href":"https:\/\/www.justinian.com\/es\/wp-json\/wp\/v2\/media?parent=911"}],"curies":[{"name":"wp","href":"https:\/\/api.w.org\/{rel}","templated":true}]}}