{"id":855,"date":"2020-10-22T16:44:16","date_gmt":"2020-10-22T16:44:16","guid":{"rendered":"https:\/\/www.justinian.com\/?page_id=855"},"modified":"2024-01-03T17:37:20","modified_gmt":"2024-01-03T23:37:20","slug":"how-long-you-have-to-take-certain-actions","status":"publish","type":"page","link":"https:\/\/www.justinian.com\/es\/recursos-legales\/cuanto-tiempo-tienes-para-tomar-ciertas-acciones\/","title":{"rendered":"CU\u00c1NTO TIEMPO TIENES PARA TOMAR CIERTAS ACCIONES"},"content":{"rendered":"<h2 class=\"wp-block-heading\" id=\"h-deadlines-and-statutes-of-limitation-for-texas-lawsuits\">Plazos y estatutos de limitaci\u00f3n para demandas en Texas<\/h2>\n\n\n\n<p>Hay muchas fechas l\u00edmite en una demanda por lesiones personales en Texas. Esto incluye:<\/p>\n\n\n\n<h3 class=\"wp-block-heading\" id=\"h-statute-of-limitations-laws-in-texas\">Leyes del estatuto de limitaciones en Texas<\/h3>\n\n\n\n<p>If you were injured in Texas, even if you did nothing wrong, you must file your lawsuit before a certain deadline set by Texas state law. This kind of law is known as a <em>estatuto de limitaciones<\/em>.<\/p>\n\n\n\n<p>Conocer la fecha l\u00edmite para su demanda puede depender de:<\/p>\n\n\n\n<ul class=\"wp-block-list\">\n<li>Como te lesionaste<\/li>\n\n\n\n<li>D\u00f3nde result\u00f3 herido<\/li>\n\n\n\n<li>Quien te lastim\u00f3<\/li>\n\n\n\n<li>Cuando se enter\u00f3 de la herida<\/li>\n\n\n\n<li>Requisitos de informes de las fuerzas del orden<\/li>\n\n\n\n<li>Requisitos de seguro (hacer una reclamaci\u00f3n, informar)<\/li>\n<\/ul>\n\n\n\n<h3 class=\"wp-block-heading\" id=\"h-what-is-a-statute-of-limitations\">\u00bfQu\u00e9 es un estatuto de limitaciones?<\/h3>\n\n\n\n<p>El estatuto de limitaciones establece una cierta ventana de tiempo despu\u00e9s del accidente. Cualquier demanda relacionada con ese accidente debe presentarse antes de la fecha l\u00edmite establecida en el estatuto de limitaciones.<\/p>\n\n\n\n<p>Despu\u00e9s de que el plazo de prescripci\u00f3n haya expirado, las demandas generalmente ser\u00e1n prohibidas (bloqueadas) y el Tribunal se negar\u00e1 a escuchar el caso. Esto es cierto incluso si no hizo nada malo y los hechos y la ley de su lado.<\/p>\n\n\n\n<p>That is why after an auto accident, it is important to speak to a Texas personal injury attorney that can understand your case and advise you on how long you have to file the case.<\/p>\n\n\n\n<h3 class=\"wp-block-heading\" id=\"h-when-does-a-statute-of-limitations-begin-to-run\">\u00bfCu\u00e1ndo comienza a ejecutarse un estatuto de limitaciones?<\/h3>\n\n\n\n<p>Los estatutos de prescripci\u00f3n generalmente comienzan a correr en el momento en que la persona lesionada tiene derecho a presentar una demanda. Esto a veces se conoce como<em>trigger<\/em>.<\/p>\n\n\n\n<div class=\"wp-block-columns is-layout-flex wp-container-core-columns-is-layout-9d6595d7 wp-block-columns-is-layout-flex\">\n<div class=\"wp-block-column is-vertically-aligned-center is-layout-flow wp-block-column-is-layout-flow\">\n<h4 class=\"wp-block-heading\" id=\"h-when-the-victim-was-injured\">Cuando la v\u00edctima result\u00f3 herida<\/h4>\n\n\n\n<p>En muchos casos, el gatillo comienza en el momento en que la persona lesionada recibe la lesi\u00f3n. Por ejemplo, el estatuto de limitaci\u00f3n por lesiones por un accidente automovil\u00edstico podr\u00eda comenzar en el momento del accidente.<\/p>\n\n\n\n<h4 class=\"wp-block-heading\" id=\"h-when-the-victim-learned-of-the-injury\">Cuando la v\u00edctima se <em>enter\u00f3<\/em> de la lesi\u00f3n<\/h4>\n\n\n\n<p>En algunos casos, donde la persona lesionada no pudo haber sabido antes sobre la lesi\u00f3n, el estatuto solo comienza <em>cuando la persona sabe<\/em> sobre la lesi\u00f3n. Sin embargo, en estos casos, si la persona <em>pudo haber sabido<\/em> about the injury, that counts too. Therefore, it is important not to wait, to receive medical care and to discuss the matter with an experienced Texas personal injury attorney.<\/p>\n<\/div>\n\n\n\n<div class=\"wp-block-column is-vertically-aligned-center is-layout-flow wp-block-column-is-layout-flow\" style=\"flex-basis:40%\">\n<figure class=\"wp-block-image size-large\"><img decoding=\"async\" width=\"540\" height=\"667\" src=\"https:\/\/www.justinian.com\/wp-content\/uploads\/2020\/10\/When-Does-A-Statute-of-Limitations-Begin-To-Run-1.jpg\" alt=\"\" class=\"wp-image-1329\" srcset=\"https:\/\/www.justinian.com\/wp-content\/uploads\/2020\/10\/When-Does-A-Statute-of-Limitations-Begin-To-Run-1.jpg 540w, https:\/\/www.justinian.com\/wp-content\/uploads\/2020\/10\/When-Does-A-Statute-of-Limitations-Begin-To-Run-1-437x540.jpg 437w\" sizes=\"(max-width: 540px) 100vw, 540px\" \/><\/figure>\n<\/div>\n<\/div>\n\n\n\n<h3 class=\"wp-block-heading\" id=\"h-statutes-of-limitation-for-different-types-of-injury-in-texas\">Estatutos de limitaci\u00f3n para diferentes tipos de lesiones en Texas<\/h3>\n\n\n\n<p>Los estatutos de prescripci\u00f3n son diferentes para diferentes tipos de hechos il\u00edcitos.<\/p>\n\n\n\n<ul class=\"wp-block-list\">\n<li>Por ejemplo, para recuperar a alguien que te <em>difama<\/em> (imprime algo falso y da\u00f1ino sobre tu car\u00e1cter), <strong>el plazo de prescripci\u00f3n es de un a\u00f1o a partir de la fecha en que supiste que se public\u00f3 la difamaci\u00f3n<\/strong>.<\/li>\n\n\n\n<li>Pero para un <em>accidente automovil\u00edstico<\/em> en Texas, tiene <strong>2 a\u00f1os<\/strong> <strong>a partir de la fecha del accidente<\/strong> para presentar su demanda en el sistema judicial.<\/li>\n<\/ul>\n\n\n\n<div class=\"wp-block-columns is-layout-flex wp-container-core-columns-is-layout-9d6595d7 wp-block-columns-is-layout-flex\">\n<div class=\"wp-block-column is-vertically-aligned-center is-layout-flow wp-block-column-is-layout-flow\" style=\"flex-basis:40%\">\n<figure class=\"wp-block-image size-large\"><img decoding=\"async\" width=\"540\" height=\"325\" src=\"https:\/\/www.justinian.com\/wp-content\/uploads\/2020\/10\/Texas-Statute-of-Limitations-for-Personal-Injury-Lawsuits.jpg\" alt=\"\" class=\"wp-image-1331\"\/><\/figure>\n<\/div>\n\n\n\n<div class=\"wp-block-column is-vertically-aligned-center is-layout-flow wp-block-column-is-layout-flow\">\n<h4 class=\"wp-block-heading\" id=\"h-texas-statute-of-limitations-for-personal-injury-lawsuits\">Estatuto de limitaciones de Texas para demandas por lesiones personales<\/h4>\n\n\n\n<p>De acuerdo con la secci\u00f3n 16.003 del C\u00f3digo de Pr\u00e1cticas Civiles y Remedios de Texas, las demandas por lesiones personales deben presentarse dentro de los dos a\u00f1os posteriores a que \"se acumule la causa de la acci\u00f3n\". La <em>causa de la acci\u00f3n<\/em> es la raz\u00f3n por la que est\u00e1 demandando. Por lo tanto, debe presentar la demanda dentro de los dos a\u00f1os posteriores al accidente.<\/p>\n<\/div>\n<\/div>\n\n\n\n<h3 class=\"wp-block-heading\" id=\"h-texas-lawsuits-against-the-government-have-special-rules\">Las demandas de Texas contra el gobierno tienen reglas especiales<\/h3>\n\n\n\n<p>Si su caso involucra a una agencia estatal o al gobierno de Texas, se aplican muchas reglas diferentes. En casos como estos, no puede simplemente presentar una demanda. Debe presentar un reclamo formal ante la parte del gobierno que cree que es responsable de su lesi\u00f3n.<\/p>\n\n\n\n<p>Esto debe hacerse dentro de un plazo determinado y en tan s\u00f3lo 45 d\u00edas desde el momento en que se lesion\u00f3. Debe incluir los detalles del accidente y la hora y el lugar donde ocurri\u00f3. Existen diferentes reglas y l\u00edmites para los da\u00f1os cuando presenta un reclamo como este.<\/p>\n\n\n\n<figure class=\"wp-block-image size-large\"><img decoding=\"async\" width=\"1330\" height=\"557\" src=\"https:\/\/www.justinian.com\/wp-content\/uploads\/2020\/10\/Texas-Lawsuits-Against-the-Government-Have-Special-Rules.jpg\" alt=\"\" class=\"wp-image-1332\" srcset=\"https:\/\/www.justinian.com\/wp-content\/uploads\/2020\/10\/Texas-Lawsuits-Against-the-Government-Have-Special-Rules.jpg 1330w, https:\/\/www.justinian.com\/wp-content\/uploads\/2020\/10\/Texas-Lawsuits-Against-the-Government-Have-Special-Rules-540x226.jpg 540w, https:\/\/www.justinian.com\/wp-content\/uploads\/2020\/10\/Texas-Lawsuits-Against-the-Government-Have-Special-Rules-768x322.jpg 768w\" sizes=\"(max-width: 1330px) 100vw, 1330px\" \/><\/figure>\n\n\n\n<h2 class=\"wp-block-heading\" id=\"h-even-if-you-did-nothing-wrong-and-the-facts-are-on-your-side-if-the-statute-of-limitation-deadline-has-passed-your-personal-injury-lawsuit-may-be-rejected\">Incluso si no hizo nada malo y los hechos est\u00e1n de su lado, si la fecha l\u00edmite del estatuto de limitaci\u00f3n ha pasado, su demanda por lesiones personales puede ser rechazada.<\/h2>\n\n\n\n<p>So it is vital to understand the particular statute of limitation for your case. A Texas personal injury attorney from Justinian &amp; Associates can understand your case and advise you on how long you have to file the case.<\/p>\n\n\n\n<p>Entendemos cuando se acumula la causa de la acci\u00f3n y comienza a correr el per\u00edodo de la demanda. Y tenemos experiencia con los trucos y m\u00e9todos de las compa\u00f1\u00edas de seguros para argumentar que ha pasado una fecha l\u00edmite.<\/p>\n\n\n\n<p>Cont\u00e1ctenos para una consulta gratuita con un abogado experimentado en lesiones personales. Escucharemos su historia y le explicaremos sus opciones bajo la ley de Texas.<\/p>"},"excerpt":{"rendered":"<p>Deadlines and Statutes of Limitation For Texas Lawsuits There are many deadlines in a personal injury lawsuit in Texas. This includes: Statute of Limitations Laws in Texas If you were injured in Texas, even if you did nothing wrong, you must file your lawsuit before a certain deadline set by Texas state law. This kind [&#8230;]<\/p>\n<p><a class=\"btn btn-secondary understrap-read-more-link\" href=\"https:\/\/www.justinian.com\/es\/recursos-legales\/cuanto-tiempo-tienes-para-tomar-ciertas-acciones\/\">Leer m\u00e1s&#8230;<\/a><\/p>","protected":false},"author":1,"featured_media":0,"parent":240,"menu_order":59,"comment_status":"closed","ping_status":"closed","template":"page-templates\/page-sidebar-template.php","meta":{"_acf_changed":false,"ub_ctt_via":"","footnotes":""},"class_list":["post-855","page","type-page","status-publish","hentry"],"acf":[],"featured_image_src":null,"_links":{"self":[{"href":"https:\/\/www.justinian.com\/es\/wp-json\/wp\/v2\/pages\/855","targetHints":{"allow":["GET"]}}],"collection":[{"href":"https:\/\/www.justinian.com\/es\/wp-json\/wp\/v2\/pages"}],"about":[{"href":"https:\/\/www.justinian.com\/es\/wp-json\/wp\/v2\/types\/page"}],"author":[{"embeddable":true,"href":"https:\/\/www.justinian.com\/es\/wp-json\/wp\/v2\/users\/1"}],"replies":[{"embeddable":true,"href":"https:\/\/www.justinian.com\/es\/wp-json\/wp\/v2\/comments?post=855"}],"version-history":[{"count":3,"href":"https:\/\/www.justinian.com\/es\/wp-json\/wp\/v2\/pages\/855\/revisions"}],"predecessor-version":[{"id":5932,"href":"https:\/\/www.justinian.com\/es\/wp-json\/wp\/v2\/pages\/855\/revisions\/5932"}],"up":[{"embeddable":true,"href":"https:\/\/www.justinian.com\/es\/wp-json\/wp\/v2\/pages\/240"}],"wp:attachment":[{"href":"https:\/\/www.justinian.com\/es\/wp-json\/wp\/v2\/media?parent=855"}],"curies":[{"name":"wp","href":"https:\/\/api.w.org\/{rel}","templated":true}]}}