{"id":826,"date":"2020-10-22T01:00:38","date_gmt":"2020-10-22T01:00:38","guid":{"rendered":"https:\/\/www.justinian.com\/?page_id=826"},"modified":"2024-01-03T17:37:06","modified_gmt":"2024-01-03T23:37:06","slug":"dangerous-prescription-drugs","status":"publish","type":"page","link":"https:\/\/www.justinian.com\/es\/recursos-legales\/medicamentos-recetados-peligrosos\/","title":{"rendered":"MEDICAMENTOS CON RECETA"},"content":{"rendered":"<p><strong>Muchos fabricantes de medicamentos recetados han comercializado medicamentos peligrosos o defectuosos que no advirtieron al consumidor sobre los efectos secundarios que incluyen da\u00f1os corporales e incluso la muerte.<\/strong><\/p>\n\n\n\n<p><strong>Existen recetas para garantizar que los medicamentos solo se tomen bajo el consejo de un proveedor de atenci\u00f3n m\u00e9dica.<\/strong><\/p>\n\n\n\n<p><strong>Los pacientes conf\u00edan en que las empresas que fabrican los medicamentos son honestos y abiertos sobre lo que pueden hacer los medicamentos y los riesgos que conlleva tomarlos.<\/strong><\/p>\n\n\n\n<p><strong>Cuando se rompe esa confianza y los pacientes resultan heridos, tienen derecho a una compensaci\u00f3n por sus lesiones y sufrimiento.<\/strong><\/p>\n\n\n\n<h2 class=\"wp-block-heading\" id=\"h-civil-liability-for-prescription-drug-manufacturers-that-have-injured-consumers\">Responsabilidad civil de los fabricantes de medicamentos recetados que han lesionado a los consumidores<\/h2>\n\n\n\n<p>Hay muchos <a href=\"https:\/\/www.justinian.com\/es\/como-resulto-herido\/lesiones-por-medicamentos-recetados\/\">ejemplos<\/a> de pacientes que resultaron lesionados por f\u00e1rmacos que les recetaron.<\/p>\n\n\n\n<p>En algunos casos, las v\u00edctimas han podido ganar juicios monetarios por sus lesiones en juicios contra las compa\u00f1\u00edas farmac\u00e9uticas que fabricaron los medicamentos recetados.<\/p>\n\n\n\n<p>Seg\u00fan las leyes civiles federales y estatales de Texas, una persona o empresa es legalmente responsable del da\u00f1o que cause si act\u00faa:<\/p>\n\n\n\n<div class=\"wp-block-columns is-layout-flex wp-container-core-columns-is-layout-9d6595d7 wp-block-columns-is-layout-flex\">\n<div class=\"wp-block-column is-layout-flow wp-block-column-is-layout-flow\">\n<ul class=\"dot-list wp-block-list\">\n<li><strong>Negligentemente<\/strong><\/li>\n<\/ul>\n\n\n\n<p>La negligencia es el t\u00e9rmino legal para descuido.<\/p>\n\n\n\n<p>Algunos fabricantes no fueron lo suficientemente cautelosos y cuidadosos al investigar sus medicamentos para comprender sus peligros antes de ponerlos en el mercado.<\/p>\n<\/div>\n\n\n\n<div class=\"wp-block-column is-layout-flow wp-block-column-is-layout-flow\">\n<ul class=\"dot-list wp-block-list\">\n<li><strong>Aturdidamente<\/strong><\/li>\n<\/ul>\n\n\n\n<p>Imprudente significa que una persona comprende que su comportamiento es muy arriesgado y puede herir a otros, pero ignora el riesgo.<\/p>\n\n\n\n<p>Algunos fabricantes ten\u00edan ciertas dudas sobre sus productos bas\u00e1ndose en informes de consumidores o proveedores de salud, pero tomaron el riesgo y presionaron para venderlos de todos modos.<\/p>\n<\/div>\n\n\n\n<div class=\"wp-block-column is-layout-flow wp-block-column-is-layout-flow\">\n<ul class=\"dot-list wp-block-list\">\n<li><strong>Intencionalmente<\/strong><\/li>\n<\/ul>\n\n\n\n<p>Las personas y las empresas son responsables de las acciones y el comportamiento que realizan a prop\u00f3sito.<\/p>\n\n\n\n<p>En el peor de los casos, algunas <em>compa\u00f1\u00edas farmac\u00e9uticas sab\u00edan del peligro de un medicamento y ocultaban la informaci\u00f3n para que el medicamento fuera aprobado o comercializado.<\/em><\/p>\n<\/div>\n<\/div>\n\n\n\n<div class=\"wp-block-columns is-layout-flex wp-container-core-columns-is-layout-9d6595d7 wp-block-columns-is-layout-flex\">\n<div class=\"wp-block-column is-vertically-aligned-center is-layout-flow wp-block-column-is-layout-flow\" style=\"flex-basis:60%\">\n<p>Incluso si fue un accidente, una persona que act\u00faa de manera negligente, imprudente o intencional y da\u00f1a a otra generalmente debe pagar por las lesiones corporales y da\u00f1os a la propiedad de la otra v\u00edctima lesionada. Eso puede incluir:<\/p>\n\n\n\n<ul class=\"check-list wp-block-list\">\n<li>Facturas m\u00e9dicas (incluida la atenci\u00f3n continua)<\/li>\n\n\n\n<li>Salarios perdidos<\/li>\n\n\n\n<li>Angustia y trauma<\/li>\n<\/ul>\n\n\n\n<p>Alguien lesionado puede presentar una demanda por agravio. Si muchas personas han resultado heridas por el mismo medicamento, pueden combinar sus demandas en una <a href=\"https:\/\/www.justinian.com\/es\/como-resulto-herido\/litigio-masivo-por-agravio\/\">demanda por agravio masivo<\/a>.<\/p>\n<\/div>\n\n\n\n<div class=\"wp-block-column is-vertically-aligned-center is-layout-flow wp-block-column-is-layout-flow\" style=\"flex-basis:40%\">\n<figure class=\"wp-block-image size-large\"><img decoding=\"async\" width=\"540\" height=\"634\" src=\"https:\/\/www.justinian.com\/wp-content\/uploads\/2020\/10\/doctor-presenting-report-of-diagnosis-2.jpg\" alt=\"\" class=\"wp-image-1324\" srcset=\"https:\/\/www.justinian.com\/wp-content\/uploads\/2020\/10\/doctor-presenting-report-of-diagnosis-2.jpg 540w, https:\/\/www.justinian.com\/wp-content\/uploads\/2020\/10\/doctor-presenting-report-of-diagnosis-2-460x540.jpg 460w\" sizes=\"(max-width: 540px) 100vw, 540px\" \/><\/figure>\n<\/div>\n<\/div>\n\n\n\n<div style=\"border-bottom:0px;background-color:#8ed1fc;padding:20px\"><table class=\"has-fixed-layout\"><tbody><tr><td><h5>If you or someone you know has been injured or impacted by a prescription drug, contact Amber Pang Parra for a free consultation at (855) 452-5529 or <a href=\"mailto:pharma@justinian.com\">pharma@justinian.com<\/a>.<br><\/h5>\n<\/td><\/tr><\/tbody><\/table><\/div>\n<br>\n<br>\n\n\n\n<h2 class=\"wp-block-heading\" id=\"h-but-winning-a-prescription-drug-personal-injury-lawsuit-can-be-complex\">Pero ganar una demanda por lesiones personales por medicamentos recetados puede ser complejo.<\/h2>\n\n\n\n<p>Puede incluir la investigaci\u00f3n de estudios m\u00e9dicos, publicaciones corporativas y el uso de testimonios de expertos sobre c\u00f3mo el medicamento caus\u00f3 una lesi\u00f3n. Esto no es f\u00e1cil de hacer, especialmente cuando las compa\u00f1\u00edas farmac\u00e9uticas se presentan con un ej\u00e9rcito de abogados.<\/p>\n\n\n\n<p>If you have been injured by a medication you were prescribed, speak to a Texas personal injury attorney with experience in prescription drug lawsuits and mass tort law.<\/p>\n\n\n\n<p>Un abogado puede evaluar los detalles de su historia y ver si otras personas han resultado heridas por el medicamento. Su abogado puede aconsejarle c\u00f3mo probar su caso para recibir una compensaci\u00f3n por sus da\u00f1os.<\/p>\n\n\n\n<h2 class=\"wp-block-heading\" id=\"h-what-is-a-tort\">\u00bfQu\u00e9 es un agravio?<\/h2>\n\n\n\n<p>Un agravio es una violaci\u00f3n legal de los derechos de alguien bajo la ley civil (a diferencia del derecho penal). Por ejemplo, una persona o empresa puede cometer tanto el <em>delito<\/em> de agresi\u00f3n como el <em>responsabilidad civil<\/em> de agresi\u00f3n.<\/p>\n\n\n\n<p>La persona o empresa que comete un delito o agravio se conoce como <em>demandado<\/em>.<\/p>\n\n\n\n<div class=\"wp-block-columns is-layout-flex wp-container-core-columns-is-layout-9d6595d7 wp-block-columns-is-layout-flex\">\n<div class=\"wp-block-column is-vertically-aligned-center is-layout-flow wp-block-column-is-layout-flow\" style=\"flex-basis:40%\">\n<figure class=\"wp-block-image size-large\"><img decoding=\"async\" width=\"540\" height=\"569\" src=\"https:\/\/www.justinian.com\/wp-content\/uploads\/2020\/10\/A-Crime-is-Addressed-By-the-Governments-Prosecutor-2.jpg\" alt=\"\" class=\"wp-image-1139\" srcset=\"https:\/\/www.justinian.com\/wp-content\/uploads\/2020\/10\/A-Crime-is-Addressed-By-the-Governments-Prosecutor-2.jpg 540w, https:\/\/www.justinian.com\/wp-content\/uploads\/2020\/10\/A-Crime-is-Addressed-By-the-Governments-Prosecutor-2-512x540.jpg 512w\" sizes=\"(max-width: 540px) 100vw, 540px\" \/><\/figure>\n<\/div>\n\n\n\n<div class=\"wp-block-column is-vertically-aligned-center is-layout-flow wp-block-column-is-layout-flow\">\n<h3 class=\"wp-block-heading\" id=\"h-a-crime-is-addressed-by-the-government-s-prosecutor\">Una <em>delito<\/em> es abordado por el <em>fiscal del gobierno<\/em><\/h3>\n\n\n\n<p>El fiscal acusa al acusado en el tribunal penal. El fiscal puede pedirle al tribunal que castigue al acusado con:<\/p>\n\n\n\n<ul class=\"check-list wp-block-list\">\n<li><strong>Multas penales<\/strong><\/li>\n\n\n\n<li><strong>Prisi\u00f3n<\/strong><\/li>\n\n\n\n<li><strong>Sanciones<\/strong> como la p\u00e9rdida de una licencia ocupacional<\/li>\n\n\n\n<li><strong>Restituci\u00f3n<\/strong> como servicio comunitario<\/li>\n\n\n\n<li><strong>Monitoreo continuo<\/strong> como libertad condicional o pruebas de drogas<\/li>\n<\/ul>\n<\/div>\n<\/div>\n\n\n\n<div class=\"wp-block-columns is-layout-flex wp-container-core-columns-is-layout-9d6595d7 wp-block-columns-is-layout-flex\">\n<div class=\"wp-block-column is-vertically-aligned-center is-layout-flow wp-block-column-is-layout-flow\">\n<h3 class=\"wp-block-heading\" id=\"h-a-tort-is-addressed-by-the-person-who-was-injured-known-as-the-plaintiff\">Una <em>Agravio<\/em> es abordado por la persona lesionada, conocida como el <em>El demandante<\/em><\/h3>\n\n\n\n<p>El demandante presenta una demanda en un tribunal civil. El demandante puede pedirle a la corte:<\/p>\n\n\n\n<ul class=\"check-list wp-block-list\">\n<li><strong>Sentencia monetaria<\/strong> contra el acusado para pagar las lesiones del demandante<\/li>\n\n\n\n<li><strong>Orden judicial de<\/strong> que el demandado debe reparar el da\u00f1o del demandante<\/li>\n<\/ul>\n<\/div>\n\n\n\n<div class=\"wp-block-column is-vertically-aligned-center is-layout-flow wp-block-column-is-layout-flow\" style=\"flex-basis:40%\">\n<figure class=\"wp-block-image size-large\"><img decoding=\"async\" width=\"540\" height=\"488\" src=\"https:\/\/www.justinian.com\/wp-content\/uploads\/2020\/10\/A-Tort-is-Addressed-By-the-Person-Who-was-Injured-Known-as-the-Plaintiff.jpg\" alt=\"\" class=\"wp-image-1133\"\/><\/figure>\n<\/div>\n<\/div>\n\n\n\n<h2 class=\"wp-block-heading\" id=\"h-we-have-always-helped-people-who-were-injured-by-prescription-drug-side-effects\">Siempre hemos ayudado a las personas que resultaron lesionadas por los efectos secundarios de los medicamentos recetados.<\/h2>\n\n\n\n<p>Los casos de medicamentos recetados y de venta libre suelen ser m\u00e1s complicados que el promedio de casos de accidentes. Mostrar c\u00f3mo un medicamento <em>caus\u00f3<\/em> una lesi\u00f3n puede requerir experiencia legal <em>y <\/em>scientific expertise which many Texas personal injury attorneys simply do not have.<\/p>\n\n\n\n<p>Justinian &amp; Associates se ha centrado en el sector <strong>m\u00e9dico<\/strong> de la ley de lesiones personales desde nuestra fundaci\u00f3n. Hemos representado con \u00e9xito a muchas v\u00edctimas da\u00f1adas por medicamentos recetados y de venta libre.<\/p>\n\n\n\n<p>Nuestra pr\u00e1ctica de la ley de medicamentos recetados se basa en nuestra oficina de San Antonio, y tenemos un equipo de abogados y asistentes legales dedicados que trabajan todos los d\u00edas para responsabilizar a las compa\u00f1\u00edas farmac\u00e9uticas cuando sus medicamentos tienen efectos secundarios no deseados o no revelados.<\/p>\n\n\n\n<h3 class=\"wp-block-heading\" id=\"h-justinian-associates-federal-drug-administration-database\">Base de datos de la Administraci\u00f3n Federal de Medicamentos de Justinian &amp; Associates<\/h3>\n\n\n\n<p>Nuestro bufete de abogados de lesiones ha desarrollado una base de datos interna que contiene todas las quejas presentadas ante la Administraci\u00f3n Federal de Drogas (FDA) desde 2004. Ning\u00fan otro bufete de abogados que conozcamos ha invertido en la creaci\u00f3n de una base de datos tan completa.<\/p>\n\n\n\n<p>Usamos la base de datos y otras investigaciones y recursos cient\u00edficos para determinar si se sabe que un medicamento causa el tipo de lesiones en cuesti\u00f3n. Si el medicamento es responsable, le informamos a la persona si podemos o no manejar una demanda por medicamentos recetados en su nombre.<\/p>\n\n\n\n<p>Si cree que ha sido lesionado por un medicamento en particular, llame, env\u00ede un mensaje de texto o env\u00ede un correo electr\u00f3nico a Justinian &amp; Associates para una consulta gratuita, y un abogado (no un \u201cevaluador\u201d) ofrecer\u00e1 nuestra evaluaci\u00f3n clara de sus derechos y opciones, sin ning\u00fan costo para usted.<\/p>\n\n\n\n<div class=\"wp-block-columns is-layout-flex wp-container-core-columns-is-layout-9d6595d7 wp-block-columns-is-layout-flex\">\n<div class=\"wp-block-column is-vertically-aligned-center is-layout-flow wp-block-column-is-layout-flow\">\n<h3 class=\"wp-block-heading\" id=\"h-speaking-to-a-texas-personal-injury-lawyer-at-justinian-associates-costs-nothing\">Speaking to a Texas Personal Injury Lawyer at Justinian &amp; Associates Costs Nothing<\/h3>\n\n\n\n<p>Ofrecemos una consulta totalmente gratuita con un abogado experimentado (no un asistente legal ni un \"evaluador\") que escuchar\u00e1 los detalles de su caso y le explicar\u00e1 sus derechos seg\u00fan las leyes de los Estados Unidos y Texas.<\/p>\n\n\n\n<p>Ofrecemos tecnolog\u00eda de comunicaciones de vanguardia, pero estamos listos y dispuestos a conocerlo en persona mientras se recupera en el hospital o donde sea conveniente.<\/p>\n\n\n\n<p>Estamos aqu\u00ed para escucharlo 24 horas al d\u00eda, 7 d\u00edas a la semana. Sin obligaci\u00f3n. Ll\u00e1menos, env\u00edenos un mensaje de texto o env\u00edenos un correo electr\u00f3nico ahora.<\/p>\n<\/div>\n\n\n\n<div class=\"wp-block-column is-vertically-aligned-center is-layout-flow wp-block-column-is-layout-flow\" style=\"flex-basis:40%\">\n<figure class=\"wp-block-image size-large\"><img decoding=\"async\" width=\"540\" height=\"634\" src=\"https:\/\/www.justinian.com\/wp-content\/uploads\/2020\/10\/Speaking-to-an-Austin-Personal-Injury-Lawyer-at-Justinian-Associates-Costs-Nothing.jpg\" alt=\"\" class=\"wp-image-1134\" srcset=\"https:\/\/www.justinian.com\/wp-content\/uploads\/2020\/10\/Speaking-to-an-Austin-Personal-Injury-Lawyer-at-Justinian-Associates-Costs-Nothing.jpg 540w, https:\/\/www.justinian.com\/wp-content\/uploads\/2020\/10\/Speaking-to-an-Austin-Personal-Injury-Lawyer-at-Justinian-Associates-Costs-Nothing-460x540.jpg 460w\" sizes=\"(max-width: 540px) 100vw, 540px\" \/><\/figure>\n<\/div>\n<\/div>\n\n\n\n<h2 class=\"wp-block-heading\" id=\"h-prescription-and-over-the-counter-drugs-that-may-cause-injury\">Medicamentos recetados y de venta libre que pueden causar lesiones.<\/h2>\n\n\n\n<p>Si tom\u00f3 uno de estos medicamentos y desea que investiguemos su posible caso, comun\u00edquese con nosotros y con gusto lo ayudaremos.<\/p>\n\n\n\n<ul class=\"stripes-list wp-block-list\">\n<li><a href=\"https:\/\/www.justinian.com\/es\/recursos-legales\/filtros-de-vena-cava-inferior\/\">Filtros de IVC<\/a>: Los filtros de co\u00e1gulos de sangre de IVC fueron dise\u00f1ados para prevenir los co\u00e1gulos de sangre, pero algunas veces no s\u00f3lo fallan en prevenir los co\u00e1gulos de sangre, sino que en realidad pueden causarlos. Nuestros abogados representan a personas que sufrieron embolias pulmonares, accidentes cerebrovasculares y otras lesiones cardiovasculares graves despu\u00e9s de que se les implant\u00f3 un filtro IVC.<\/li>\n\n\n\n<li><a href=\"https:\/\/www.justinian.com\/es\/recursos-legales\/viagra-y-cialis-sildenafil\/\">Viagra &amp; Cialis<\/a>: Ambos medicamentos est\u00e1n asociados con un mayor riesgo de melanoma en los hombres, y nuestro bufete de abogados est\u00e1 trabajando para responsabilizar a los fabricantes en representaci\u00f3n de nuestros clientes.<\/li>\n\n\n\n<li><a href=\"https:\/\/www.justinian.com\/es\/como-resulto-herido\/litigio-masivo-por-agravio\/\">Essure<\/a>: representamos a varias mujeres que han sufrido efectos secundarios graves de su dispositivo Essure, como perforaci\u00f3n interna o falla catastr\u00f3fica del dispositivo Essure.<\/li>\n\n\n\n<li><a href=\"https:\/\/www.justinian.com\/es\/recursos-legales\/implantes-de-cadera-de-metal-sobre-metal\/\">Caderas de metal sobre metal<\/a>: estamos ampliamente involucrados en litigios contra los fabricantes de caderas de metal sobre metal debido a las complicaciones asociadas con esos dispositivos, como la metalosis y los reemplazos de cadera fallidos.<\/li>\n\n\n\n<li><a href=\"https:\/\/www.justinian.com\/es\/recursos-legales\/bair-hugger\/\">Dispositivo de calentamiento de aire Bair Hugger<\/a>: Representamos a varias personas que sufrieron infecciones graves despu\u00e9s de que se us\u00f3 un Bair Hugger durante su cirug\u00eda de reemplazo de articulaciones.<\/li>\n\n\n\n<li><a href=\"https:\/\/www.justinian.com\/es\/recursos-legales\/morceladores-de-energia\/\">Power Morecellators<\/a>: Se ha descubierto recientemente que los Power Morecellators utilizados para histerectom\u00edas laparosc\u00f3picas y extirpaciones de fibromas se han asociado con un mayor riesgo de c\u00e1ncer de \u00fatero.<\/li>\n\n\n\n<li><a href=\"https:\/\/www.justinian.com\/es\/recursos-legales\/inhibidores-de-la-bomba-de-protones-ppis\/\">Inhibidores de la bomba de protones (Nexium, Prilosec y Pepcid)<\/a>: nuestra firma representa a personas que tomaron estos medicamentos de venta libre y m\u00e1s tarde desarrollaron una enfermedad renal cr\u00f3nica grave.<\/li>\n\n\n\n<li><a href=\"https:\/\/www.justinian.com\/es\/recursos-legales\/invokana\/\">Invokana<\/a>: se ha demostrado que este medicamento para la diabetes tipo 2 aumenta el riesgo de infecciones del tracto urinario, \u00e1cido sangu\u00edneo elevado, enfermedad renal grave e incluso derrames cerebrales y ataques card\u00edacos. Nuestros abogados est\u00e1n trabajando para responsabilizar a los creadores de Invokana por nuestros clientes que sufrieron estos efectos secundarios.<\/li>\n\n\n\n<li><a href=\"https:\/\/www.justinian.com\/es\/recursos-legales\/polvo-de-talco-talco\/\">Talco<\/a>: Se ha demostrado que el talco en polvo vendido por compa\u00f1\u00edas como Johnson &amp; Johnson causa c\u00e1ncer de ovario en mujeres que lo usan a diario despu\u00e9s de la ducha. Estamos luchando duro en nombre de nuestros clientes de talco en polvo.<\/li>\n\n\n\n<li><a href=\"https:\/\/www.justinian.com\/es\/recursos-legales\/taxotere\/\">Taxotere<\/a>: Muchos de nuestros clientes que sufrieron primero de c\u00e1ncer de mama y luego de la ca\u00edda permanente del cabello causada por Taxotere se sienten m\u00e1s lastimados por la ca\u00edda permanente del cabello. Representamos a varias mujeres cuyo cabello no regresar\u00e1 despu\u00e9s de usar Taxotere durante su tratamiento contra el c\u00e1ncer.<\/li>\n\n\n\n<li><a href=\"https:\/\/www.justinian.com\/es\/recursos-legales\/antibioticos-de-fluoroquinolonas-flq\/\">Fluoroquinolonas (Cipro, Levaquin y Avelox)<\/a>: representamos a personas que tomaron estos antibi\u00f3ticos y luego se les diagnostic\u00f3 neuropat\u00eda perif\u00e9rica, otros tipos de da\u00f1o nervioso severo y disecci\u00f3n aor\u00edtica.<\/li>\n<\/ul>\n\n\n\n<p>Si ha resultado lesionado o ha experimentado un efecto secundario adverso a un medicamento recetado o dispositivo m\u00e9dico, incluso si no est\u00e1 en la lista anterior, no dude en contactarnos para ver c\u00f3mo podemos ayudarlo.<\/p>"},"excerpt":{"rendered":"<p>Many Prescription Drug Makers have marketed dangerous or defective medication that did not warn the consumer of side effects including bodily harm and even death. Prescriptions exist to ensure that medication is only taken under the advice of a healthcare provider. Patients trust the companies who make the medicines to be honest and open about [&#8230;]<\/p>\n<p><a class=\"btn btn-secondary understrap-read-more-link\" href=\"https:\/\/www.justinian.com\/es\/recursos-legales\/medicamentos-recetados-peligrosos\/\">Leer m\u00e1s&#8230;<\/a><\/p>","protected":false},"author":1,"featured_media":0,"parent":240,"menu_order":40,"comment_status":"closed","ping_status":"closed","template":"page-templates\/page-sidebar-template.php","meta":{"_acf_changed":false,"ub_ctt_via":"","footnotes":""},"class_list":["post-826","page","type-page","status-publish","hentry"],"acf":[],"featured_image_src":null,"_links":{"self":[{"href":"https:\/\/www.justinian.com\/es\/wp-json\/wp\/v2\/pages\/826","targetHints":{"allow":["GET"]}}],"collection":[{"href":"https:\/\/www.justinian.com\/es\/wp-json\/wp\/v2\/pages"}],"about":[{"href":"https:\/\/www.justinian.com\/es\/wp-json\/wp\/v2\/types\/page"}],"author":[{"embeddable":true,"href":"https:\/\/www.justinian.com\/es\/wp-json\/wp\/v2\/users\/1"}],"replies":[{"embeddable":true,"href":"https:\/\/www.justinian.com\/es\/wp-json\/wp\/v2\/comments?post=826"}],"version-history":[{"count":6,"href":"https:\/\/www.justinian.com\/es\/wp-json\/wp\/v2\/pages\/826\/revisions"}],"predecessor-version":[{"id":5929,"href":"https:\/\/www.justinian.com\/es\/wp-json\/wp\/v2\/pages\/826\/revisions\/5929"}],"up":[{"embeddable":true,"href":"https:\/\/www.justinian.com\/es\/wp-json\/wp\/v2\/pages\/240"}],"wp:attachment":[{"href":"https:\/\/www.justinian.com\/es\/wp-json\/wp\/v2\/media?parent=826"}],"curies":[{"name":"wp","href":"https:\/\/api.w.org\/{rel}","templated":true}]}}