{"id":567,"date":"2020-10-16T01:03:42","date_gmt":"2020-10-16T01:03:42","guid":{"rendered":"https:\/\/www.justinian.com\/?page_id=567"},"modified":"2024-01-03T17:39:03","modified_gmt":"2024-01-03T23:39:03","slug":"mass-tort-litigation","status":"publish","type":"page","link":"https:\/\/www.justinian.com\/es\/como-resulto-herido\/litigio-masivo-por-agravio\/","title":{"rendered":"Litigio masivo por agravio"},"content":{"rendered":"<h2 class=\"wp-block-heading\" id=\"h-what-is-a-mass-tort\">\u00bfQu\u00e9 es un agravio masivo?<\/h2>\n\n\n\n<p>Un agravio masivo es una demanda que permite a un grupo de demandantes combinar los casos de muchas personas diferentes que fueron lastimadas por el mismo acusado. Por ejemplo, cuando un fabricante de medicamentos vende un medicamento que tiene efectos secundarios da\u00f1inos, todos los afectados por ese medicamento a menudo pueden ser compensados \u200b\u200bpor sus lesiones. Esto puede incluir facturas m\u00e9dicas, salarios perdidos o dolor y sufrimiento.<\/p>\n\n\n\n<div class=\"wp-block-columns is-layout-flex wp-container-core-columns-is-layout-9d6595d7 wp-block-columns-is-layout-flex\">\n<div class=\"wp-block-column is-vertically-aligned-center is-layout-flow wp-block-column-is-layout-flow\" style=\"flex-basis:40%\">\n<figure class=\"wp-block-image size-large\"><img decoding=\"async\" width=\"540\" height=\"488\" src=\"https:\/\/www.justinian.com\/wp-content\/uploads\/2020\/10\/What-Is-A-Mass-Tort.jpg\" alt=\"\" class=\"wp-image-726\"\/><\/figure>\n<\/div>\n\n\n\n<div class=\"wp-block-column is-vertically-aligned-center is-layout-flow wp-block-column-is-layout-flow\">\n<p>Justinian &amp; Associates is a Texas personal injury firm with highly experienced mass tort lawyers on staff. We have represented thousands of mass tort victims of:<\/p>\n\n\n\n<ul class=\"dot-list wp-block-list\">\n<li><a rel=\"noreferrer noopener\" href=\"https:\/\/www.asbestosclaims.law\/\" target=\"_blank\">AMIANTO Y MESOTELIOMA<\/a><\/li>\n\n\n\n<li><a href=\"https:\/\/www.justinian.com\/es\/como-resulto-herido\/litigio-masivo-por-agravio\/\">Medicamentos recetados peligrosos<\/a><\/li>\n\n\n\n<li><a href=\"https:\/\/www.justinian.com\/es\/recursos-legales\/dispositivos-medicos-defectuosos\/\">Dispositivos m\u00e9dicos defectuosos<\/a><\/li>\n<\/ul>\n\n\n\n<p>Los casos de litigio de agravios masivos requieren enfoque, preparaci\u00f3n y compromiso con el cliente y la causa. Cuando se encuentra en su punto m\u00e1s vulnerable, necesita orientaci\u00f3n legal confiable para protegerse de todas las variables posibles.<\/p>\n<\/div>\n<\/div>\n\n\n\n<h2 class=\"wp-block-heading\" id=\"h-what-is-a-tort\">\u00bfQu\u00e9 es un agravio?<\/h2>\n\n\n\n<p>Un agravio es una violaci\u00f3n legal de los derechos de alguien bajo la ley civil (a diferencia del derecho penal). Por ejemplo, una persona o empresa puede cometer tanto el <em>delito<\/em> de agresi\u00f3n como el <em>responsabilidad civil<\/em> de agresi\u00f3n.<\/p>\n\n\n\n<p>La persona o empresa que comete un delito o agravio se conoce como <em>demandado<\/em>.<\/p>\n\n\n\n<div class=\"wp-block-columns is-layout-flex wp-container-core-columns-is-layout-9d6595d7 wp-block-columns-is-layout-flex\">\n<div class=\"wp-block-column is-vertically-aligned-center is-layout-flow wp-block-column-is-layout-flow\">\n<h3 class=\"wp-block-heading\" id=\"h-a-crime-is-addressed-by-the-government-s-prosecutor\">Una <em>delito<\/em> es abordado por el <em>fiscal del gobierno<\/em><\/h3>\n\n\n\n<p>El fiscal acusa al acusado en el tribunal penal. El fiscal puede pedirle al tribunal que castigue al acusado con:<\/p>\n\n\n\n<ul class=\"check-list wp-block-list\">\n<li><strong>Multas penales<\/strong><\/li>\n\n\n\n<li><strong>Prisi\u00f3n<\/strong><\/li>\n\n\n\n<li><strong>Sanciones<\/strong> como la p\u00e9rdida de una licencia ocupacional<\/li>\n\n\n\n<li><strong>Restituci\u00f3n<\/strong> como servicio comunitario<\/li>\n\n\n\n<li><strong>Monitoreo continuo<\/strong> como libertad condicional o pruebas de drogas<\/li>\n<\/ul>\n<\/div>\n\n\n\n<div class=\"wp-block-column is-vertically-aligned-center is-layout-flow wp-block-column-is-layout-flow\" style=\"flex-basis:40%\">\n<figure class=\"wp-block-image size-large\"><img decoding=\"async\" width=\"540\" height=\"569\" src=\"https:\/\/www.justinian.com\/wp-content\/uploads\/2020\/10\/A-Crime-is-Addressed-By-the-Governments-Prosecutor.jpg\" alt=\"\" class=\"wp-image-728\" srcset=\"https:\/\/www.justinian.com\/wp-content\/uploads\/2020\/10\/A-Crime-is-Addressed-By-the-Governments-Prosecutor.jpg 540w, https:\/\/www.justinian.com\/wp-content\/uploads\/2020\/10\/A-Crime-is-Addressed-By-the-Governments-Prosecutor-512x540.jpg 512w\" sizes=\"(max-width: 540px) 100vw, 540px\" \/><\/figure>\n<\/div>\n<\/div>\n\n\n\n<h3 class=\"wp-block-heading\" id=\"h-a-tort-is-addressed-by-the-person-who-was-injured-known-as-the-plaintiff\">Una <em>Agravio<\/em> es abordado por la persona lesionada, conocida como el <em>El demandante<\/em><\/h3>\n\n\n\n<p>El demandante presenta una demanda en un tribunal civil. El demandante puede pedirle a la corte:<\/p>\n\n\n\n<ul class=\"check-list wp-block-list\">\n<li>Sentencia monetaria contra el acusado para pagar las lesiones del demandante<\/li>\n\n\n\n<li>Orden judicial de que el demandado debe reparar el da\u00f1o del demandante<\/li>\n<\/ul>\n\n\n\n<h2 class=\"wp-block-heading\" id=\"h-why-to-hire-a-texas-mass-tort-lawyer\">Why To Hire a Texas Mass Tort Lawyer<\/h2>\n\n\n\n<h3 class=\"wp-block-heading\" id=\"h-lawsuits-can-be-expensive-on-your-own\">Las demandas pueden ser costosas por su cuenta<\/h3>\n\n\n\n<p>Puede resultar caro entablar una demanda. Hay tarifas de presentaci\u00f3n judicial, costos de descubrimiento, gastos de viaje y tarifas de testigos expertos.<\/p>\n\n\n\n<p>Con una demanda de agravio masivo, un s\u00f3lo abogado de agravio masivo por lesiones personales puede representar a un grupo de demandantes al mismo tiempo. De esa forma, un grupo de demandantes que fueron todos lesionados por la misma persona o empresa puede poner en com\u00fan sus recursos. Esto distribuye el costo de la demanda y puede permitir que los demandantes tengan una recuperaci\u00f3n mayor que si siguieran el caso solos.<\/p>\n\n\n\n<h3 class=\"wp-block-heading\" id=\"h-mass-tort-lawsuits-can-be-complicated\">Las demandas por agravio masivo pueden ser complicadas<\/h3>\n\n\n\n<h4 class=\"wp-block-heading\" id=\"h-mass-tort-lawsuits-often-involve-a-mix-of-state-and-federal-laws\">Las demandas por agravio masivo a menudo involucran una combinaci\u00f3n de leyes estatales y federales<\/h4>\n\n\n\n<p>Muchas demandas por lesiones personales involucran leyes <em>culpable<\/em> . Estas leyes establecen cu\u00e1ndo una parte lesionada puede demandar por un agravio y cu\u00e1nto puede recuperar. Las leyes de los tribunales estatales determinan qu\u00e9 pruebas puede utilizar un demandante o un acusado.<\/p>\n\n\n\n<p>Pero la industria de las aerol\u00edneas se rige principalmente por leyes <em>federales<\/em> , por ejemplo, las regulaciones de seguridad de la Administraci\u00f3n Federal de Aerol\u00edneas (FAA).<\/p>\n\n\n\n<p>De manera similar, la mayor\u00eda de los medicamentos y f\u00e1rmacos est\u00e1n regulados por la Administraci\u00f3n de Alimentos y Medicamentos (FDA), que opera bajo la ley federal.<\/p>\n\n\n\n<p>Un accidente de avi\u00f3n o un medicamento inseguro que da\u00f1\u00f3 a las personas involucrar\u00edan una combinaci\u00f3n de leyes y jurisdicciones estatales y federales. Saber exactamente cu\u00e1l se aplica puede ser complicado.<\/p>\n\n\n\n<div class=\"wp-block-columns is-layout-flex wp-container-core-columns-is-layout-9d6595d7 wp-block-columns-is-layout-flex\">\n<div class=\"wp-block-column is-vertically-aligned-center is-layout-flow wp-block-column-is-layout-flow\">\n<h4 class=\"wp-block-heading\" id=\"h-mass-tort-lawsuits-usually-involve-complex-facts\">Las demandas por agravio masivo generalmente involucran hechos complejos<\/h4>\n\n\n\n<p>Las personas lesionadas en un accidente a\u00e9reo podr\u00edan tener que probar que el accidente a\u00e9reo fue el resultado de la <a href=\"https:\/\/www.justinian.com\/es\/como-resulto-herido\/litigio-masivo-por-agravio\/\">la negligencia<\/a>. Esto podr\u00eda requerir que expertos en ingenier\u00eda expliquen las fallas mec\u00e1nicas exactas del avi\u00f3n.<\/p>\n\n\n\n<p>Con una demanda por agravio masivo, un testigo experto s\u00f3lo tiene que explicar por qu\u00e9 el avi\u00f3n se estrell\u00f3 una vez. Un grupo de demandantes lesionados por el accidente pueden usar el testimonio del experto para recuperarse juntos.<\/p>\n<\/div>\n\n\n\n<div class=\"wp-block-column is-vertically-aligned-center is-layout-flow wp-block-column-is-layout-flow\">\n<figure class=\"wp-block-image size-large\"><img decoding=\"async\" width=\"540\" height=\"459\" src=\"https:\/\/www.justinian.com\/wp-content\/uploads\/2020\/10\/Mass-Tort-Lawsuits-Usually-Involve-Complex-Facts.jpg\" alt=\"\" class=\"wp-image-729\"\/><\/figure>\n<\/div>\n<\/div>\n\n\n\n<h4 class=\"wp-block-heading\" id=\"h-many-lawsuits-require-extensive-legal-research\">Muchas demandas requieren una amplia investigaci\u00f3n legal<\/h4>\n\n\n\n<p>Algo importante sobre todas las demandas: involucran muchos documentos.<\/p>\n\n\n\n<p>Las quejas, respuestas, declaraciones juradas, mociones y pruebas deben ser investigadas y escritas para presentarlas al tribunal.<\/p>\n\n\n\n<p>Mass torts allow a single Texas personal injury attorney or law firm to do the work for dozens, hundreds or even thousands of plaintiffs at the same time, so that the legal arguments made for one case can apply to the others.<\/p>\n\n\n\n<p>En Justinian &amp; Associates, nuestros abogados e investigadores experimentados en lesiones personales han representado a miles de demandantes juntos en demandas por agravio masivo. Desde la investigaci\u00f3n hasta las discusiones en los tribunales, somos guerreros por los heridos, luchando por aquellos que no siempre pueden luchar por s\u00ed mismos.<\/p>\n\n\n\n<h3 class=\"wp-block-heading\" id=\"h-injured-parties-should-also-be-represented-in-a-negotiation\">Las partes perjudicadas tambi\u00e9n deben estar representadas en una negociaci\u00f3n<\/h3>\n\n\n\n<div class=\"wp-block-columns is-layout-flex wp-container-core-columns-is-layout-9d6595d7 wp-block-columns-is-layout-flex\">\n<div class=\"wp-block-column is-vertically-aligned-center is-layout-flow wp-block-column-is-layout-flow\" style=\"flex-basis:40%\">\n<figure class=\"wp-block-image size-large\"><img decoding=\"async\" width=\"540\" height=\"586\" src=\"https:\/\/www.justinian.com\/wp-content\/uploads\/2020\/10\/Injured-Parties-Should-Also-Be-Represented-in-a-Negotiation.jpg\" alt=\"\" class=\"wp-image-730\" srcset=\"https:\/\/www.justinian.com\/wp-content\/uploads\/2020\/10\/Injured-Parties-Should-Also-Be-Represented-in-a-Negotiation.jpg 540w, https:\/\/www.justinian.com\/wp-content\/uploads\/2020\/10\/Injured-Parties-Should-Also-Be-Represented-in-a-Negotiation-498x540.jpg 498w\" sizes=\"(max-width: 540px) 100vw, 540px\" \/><\/figure>\n<\/div>\n\n\n\n<div class=\"wp-block-column is-vertically-aligned-center is-layout-flow wp-block-column-is-layout-flow\">\n<p>Algunas demandas se cortan y se secan. Cuando lo son, el acusado que lastim\u00f3 a otras personas (o la compa\u00f1\u00eda de seguros del acusado) generalmente ofrecer\u00e1 un acuerdo a los demandantes lesionados. Esa oferta de liquidaci\u00f3n generalmente la realiza un abogado.<\/p>\n\n\n\n<p>Pero el acusado que lo lastim\u00f3, y su compa\u00f1\u00eda de seguros, no tienen como objetivo sus mejores intereses. Ese no es su trabajo.<\/p>\n\n\n\n<p>Mereces tener un abogado que analice todas las leyes y los hechos desde <em>su<\/em> perspectiva. Ese es nuestro trabajo. Ponemos sus intereses en primer lugar en la negociaci\u00f3n. Nunca lo presionamos para que acepte un acuerdo ni para que presente una demanda. Usted toma todas las decisiones.<\/p>\n<\/div>\n<\/div>\n\n\n\n<h3 class=\"wp-block-heading\" id=\"h-a-group-of-davids-can-defeat-a-goliath\">Un grupo de David puede derrotar a un Goliat<\/h3>\n\n\n\n<p>En los litigios por agravios masivos, las v\u00edctimas lesionadas a menudo se enfrentan a grandes actores como las compa\u00f1\u00edas farmac\u00e9uticas y los grandes fabricantes.<\/p>\n\n\n\n<p>Decir que este tipo de corporaciones tienen abogados es quedarse corto. Sus abogados tienen abogados (conocidos como <em>abogados externos<\/em>.)<\/p>\n\n\n\n<p>Estas empresas saben que la mayor\u00eda de las personas lesionadas por sus productos tendr\u00e1n dificultades para entablar una demanda. Las demandas son caras, con una lista vertiginosa de costos, que incluyen:<\/p>\n\n\n\n<div class=\"wp-block-columns is-layout-flex wp-container-core-columns-is-layout-9d6595d7 wp-block-columns-is-layout-flex\">\n<div class=\"wp-block-column is-vertically-aligned-top is-layout-flow wp-block-column-is-layout-flow\">\n<ul class=\"check-list wp-block-list\">\n<li>Tasas judiciales<\/li>\n\n\n\n<li>Investigaci\u00f3n y redacci\u00f3n jur\u00eddica<\/li>\n\n\n\n<li>Obtener registros m\u00e9dicos<\/li>\n<\/ul>\n<\/div>\n\n\n\n<div class=\"wp-block-column is-vertically-aligned-top is-layout-flow wp-block-column-is-layout-flow\" style=\"flex-basis:40%\">\n<ul id=\"block-e0c0be7b-0a80-4ede-85b5-c3c369adda99\" class=\"check-list wp-block-list\">\n<li>Testigos expertos<\/li>\n\n\n\n<li>Ayudas visuales<\/li>\n<\/ul>\n<\/div>\n<\/div>\n\n\n\n<p><strong>Pero hay poder en los n\u00fameros. <\/strong>Un grupo de personas lesionadas puede trabajar en conjunto para presentar una demanda por agravio masivo.<\/p>\n\n\n\n<p>Al unirse, las v\u00edctimas de agravio masivo lesionadas reducen los costos de la demanda, por lo que el bufete de abogados de lesiones personales puede asumir el riesgo.<\/p>\n\n\n\n<p>Cuando estas personas lesionadas cuentan su historia colectiva juntas, es mucho m\u00e1s dif\u00edcil ignorarlas. De repente, la empresa que los lastim\u00f3 escuchar\u00e1.<\/p>\n\n\n                    <!-- .FREE CASE EVALUATION - start -->\r\n                    <div class=\"free-case-evaluation-cta my-4 my-lg-5\">\r\n                        \n<div class=\"wpcf7 no-js\" id=\"wpcf7-f1454-o2\" lang=\"en-US\" dir=\"ltr\" data-wpcf7-id=\"1454\">\n<div class=\"screen-reader-response\"><p role=\"status\" aria-live=\"polite\" aria-atomic=\"true\"><\/p> <ul><\/ul><\/div>\n<form action=\"\/es\/wp-json\/wp\/v2\/pages\/567#wpcf7-f1454-o2\" method=\"post\" class=\"wpcf7-form init\" aria-label=\"Contact form\" novalidate=\"novalidate\" data-status=\"init\" data-trp-original-action=\"\/es\/wp-json\/wp\/v2\/pages\/567#wpcf7-f1454-o2\">\n<fieldset class=\"hidden-fields-container\"><input type=\"hidden\" name=\"_wpcf7\" value=\"1454\" \/><input type=\"hidden\" name=\"_wpcf7_version\" value=\"6.1.4\" \/><input type=\"hidden\" name=\"_wpcf7_locale\" value=\"en_US\" \/><input type=\"hidden\" name=\"_wpcf7_unit_tag\" value=\"wpcf7-f1454-o2\" \/><input type=\"hidden\" name=\"_wpcf7_container_post\" value=\"0\" \/><input type=\"hidden\" name=\"_wpcf7_posted_data_hash\" value=\"\" \/><input type=\"hidden\" name=\"_wpcf7_recaptcha_response\" value=\"\" \/>\n<\/fieldset>\n<div class=\"text-center\">\n\t<h2 class=\"title\"><strong>GRATIS<\/strong> EVALUACION DE CASO\n\t<\/h2>\n<\/div>\n<div class=\"form-row\">\n\t<div class=\"col-12 col-sm-6\">\n\t\t<div class=\"form-group\">\n\t\t\t<p><span class=\"wpcf7-form-control-wrap\" data-name=\"your-name\"><input size=\"40\" maxlength=\"400\" class=\"wpcf7-form-control wpcf7-text wpcf7-validates-as-required form-control\" aria-required=\"true\" aria-invalid=\"false\" placeholder=\"Nombre\" value=\"\" type=\"text\" name=\"your-name\" \/><\/span>\n\t\t\t<\/p>\n\t\t<\/div>\n\t<\/div>\n\t<div class=\"col-12 col-sm-6\">\n\t\t<div class=\"form-group\">\n\t\t\t<p><span class=\"wpcf7-form-control-wrap\" data-name=\"your-phone\"><input size=\"40\" maxlength=\"400\" class=\"wpcf7-form-control wpcf7-text wpcf7-validates-as-required form-control\" aria-required=\"true\" aria-invalid=\"false\" placeholder=\"N\u00famero de Tel\u00e9fono\" value=\"\" type=\"text\" name=\"your-phone\" \/><\/span>\n\t\t\t<\/p>\n\t\t<\/div>\n\t<\/div>\n<\/div>\n<div class=\"form-row\">\n\t<div class=\"col-12 col-sm-6\">\n\t\t<div class=\"form-group\">\n\t\t\t<p><span class=\"wpcf7-form-control-wrap\" data-name=\"your-email\"><input size=\"40\" maxlength=\"400\" class=\"wpcf7-form-control wpcf7-email wpcf7-validates-as-required wpcf7-text wpcf7-validates-as-email form-control\" aria-required=\"true\" aria-invalid=\"false\" placeholder=\"E-mail\" value=\"\" type=\"email\" name=\"your-email\" \/><\/span>\n\t\t\t<\/p>\n\t\t<\/div>\n\t<\/div>\n\t<div class=\"col-12 col-sm-6\">\n\t\t<div class=\"form-group d-flex align-items-center justify-content-between\">\n\t\t\t<p><span class=\"mb-0 label\">Comun\u00edquese con<br \/>\ncontacto<\/span><span class=\"wpcf7-form-control-wrap\" data-name=\"contact-method\"><span class=\"wpcf7-form-control wpcf7-radio radio-custom\"><span class=\"wpcf7-list-item first\"><label><input type=\"radio\" name=\"contact-method\" value=\"Call\" checked=\"checked\" \/><span class=\"wpcf7-list-item-label\">Llamada<\/span><\/label><\/span><span class=\"wpcf7-list-item\"><label><input type=\"radio\" name=\"contact-method\" value=\"Text\" \/><span class=\"wpcf7-list-item-label\">Texto<\/span><\/label><\/span><span class=\"wpcf7-list-item last\"><label><input type=\"radio\" name=\"contact-method\" value=\"E-mail\" \/><span class=\"wpcf7-list-item-label\">Email<\/span><\/label><\/span><\/span><\/span>\n\t\t\t<\/p>\n\t\t<\/div>\n\t<\/div>\n<\/div>\n<div class=\"form-group\">\n\t<p><label for=\"aboutcase\" class=\"text-uppercase\"><strong>\u00bfC\u00f3mo podemos ayudarle?<\/strong><\/label><br \/>\n<span class=\"wpcf7-form-control-wrap\" data-name=\"your-case\"><textarea cols=\"40\" rows=\"10\" maxlength=\"2000\" class=\"wpcf7-form-control wpcf7-textarea wpcf7-validates-as-required form-control\" aria-required=\"true\" aria-invalid=\"false\" placeholder=\"Cu\u00e9ntenos su caso\" name=\"your-case\"><\/textarea><\/span>\n\t<\/p>\n<\/div>\n<div class=\"text-center\">\n\t<p><input class=\"wpcf7-form-control wpcf7-submit has-spinner btn btn-wa btn-primary\" type=\"submit\" value=\"CONSIGA AYUDA AHORA\" \/>\n\t<\/p>\n<\/div><div class=\"wpcf7-response-output\" aria-hidden=\"true\"><\/div>\n<input type=\"hidden\" name=\"trp-form-language\" value=\"es\"\/><\/form>\n<\/div>\n                    <\/div>\r\n                    <!-- .FREE CASE EVALUATION - end -->\n\n\n\n<h2 class=\"wp-block-heading\" id=\"h-we-are-warriors-for-the-injured\">Somos guerreros de los heridos<\/h2>\n\n\n\n<h3 class=\"wp-block-heading\" id=\"h-justinian-associates-was-founded-to-help-injured-victims-of-mass-torts\">Justinian &amp; Associates fue fundada para ayudar a las v\u00edctimas lesionadas de agravios masivos<\/h3>\n\n\n\n<p>El fundador de nuestro bufete de abogados es Justinian Lane. Como todos nuestros abogados, Justiniano es impulsado en primer lugar por experiencias personales con la injusticia. En el caso de Justinian, esas experiencias estaban relacionadas con la ley de responsabilidad civil masiva.<\/p>\n\n\n\n<p>Varios <a href=\"https:\/\/www.justinian.com\/es\/recursos-legales\/miembros-de-la-familia\/\">miembros mayores de la familia<\/a> de Justinian murieron debido a la exposici\u00f3n al asbesto, as\u00ed como a medicamentos recetados defectuosos. Las dolorosas experiencias por las que pas\u00f3 Justinian le han dado una perspectiva \u00fanica sobre las necesidades de quienes acuden a su firma.<\/p>\n\n\n\n<p>Ha alimentado su pasi\u00f3n por esta \u00e1rea del derecho.<\/p>\n\n\n\n<p>He understands that the playing field isn\u2019t always even. And he knows the stakes. That\u2019s why all the Texas personal injury attorneys Justinian recruits are driven by the same desire to help victims in need.<\/p>\n\n\n\n<h3 class=\"wp-block-heading\" id=\"h-we-have-the-knowledge-and-resources-to-take-on-bigger-adversaries\">Tenemos el conocimiento y los recursos para enfrentar a adversarios m\u00e1s grandes<\/h3>\n\n\n\n<div class=\"wp-block-columns is-layout-flex wp-container-core-columns-is-layout-9d6595d7 wp-block-columns-is-layout-flex\">\n<div class=\"wp-block-column is-vertically-aligned-center is-layout-flow wp-block-column-is-layout-flow\">\n<h4 class=\"wp-block-heading\" id=\"h-justinian-associates-has-battled-bullies-and-won-many-times\">Justinian &amp; Associates ha luchado contra los matones (y ha ganado) muchas veces.<\/h4>\n\n\n\n<p>Nos enfrentamos a adversarios de cualquier tama\u00f1o y hemos ganado millones de d\u00f3lares para nuestros clientes. Eche un vistazo a algunos de nuestros <a href=\"https:\/\/www.justinian.com\/es\/resultados-de-casos\/\">resultados de casos<\/a> y <a href=\"https:\/\/www.justinian.com\/es\/resenas-de-clientes\/\">rese\u00f1as de clientes<\/a>.<\/p>\n\n\n\n<p>Our Texas mass tort attorneys know law and process, front to back.<\/p>\n<\/div>\n\n\n\n<div class=\"wp-block-column is-vertically-aligned-center is-layout-flow wp-block-column-is-layout-flow\">\n<figure class=\"wp-block-image size-large\"><img decoding=\"async\" width=\"540\" height=\"324\" src=\"https:\/\/www.justinian.com\/wp-content\/uploads\/2020\/10\/Justinian-Associates-has-battled-bullies-and-won-many-times..jpg\" alt=\"\" class=\"wp-image-732\"\/><\/figure>\n<\/div>\n<\/div>\n\n\n\n<div class=\"wp-block-columns is-layout-flex wp-container-core-columns-is-layout-9d6595d7 wp-block-columns-is-layout-flex\">\n<div class=\"wp-block-column is-vertically-aligned-center is-layout-flow wp-block-column-is-layout-flow\" style=\"flex-basis:40%\">\n<figure class=\"wp-block-image size-large\"><img decoding=\"async\" width=\"540\" height=\"586\" src=\"https:\/\/www.justinian.com\/wp-content\/uploads\/2020\/10\/Our-firm-is-equipped-with-the-most-advanced-technology-available..jpg\" alt=\"\" class=\"wp-image-734\" srcset=\"https:\/\/www.justinian.com\/wp-content\/uploads\/2020\/10\/Our-firm-is-equipped-with-the-most-advanced-technology-available..jpg 540w, https:\/\/www.justinian.com\/wp-content\/uploads\/2020\/10\/Our-firm-is-equipped-with-the-most-advanced-technology-available.-498x540.jpg 498w\" sizes=\"(max-width: 540px) 100vw, 540px\" \/><\/figure>\n<\/div>\n\n\n\n<div class=\"wp-block-column is-vertically-aligned-center is-layout-flow wp-block-column-is-layout-flow\">\n<h4 class=\"wp-block-heading\" id=\"h-our-firm-is-equipped-with-the-most-advanced-technology-available\">Nuestra firma est\u00e1 equipada con la tecnolog\u00eda m\u00e1s avanzada disponible.<\/h4>\n\n\n\n<p>Antes de fundar esta firma, Justinian Lane estuvo diez a\u00f1os trabajando en el sector tecnol\u00f3gico. \u00c9l utiliza esa experiencia para asegurarse de que los abogados de esta firma est\u00e9n equipados con las mejores herramientas posibles para hacer su trabajo.<\/p>\n\n\n\n<p>Desde la gesti\u00f3n de casos hasta la sala del tribunal, nuestros abogados utilizan la tecnolog\u00eda m\u00e1s avanzada disponible para igualar el campo de juego. Es por eso que hemos <a href=\"https:\/\/www.justinian.com\/es\/resultados-de-casos\/\">derrotado a muchos ej\u00e9rcitos legales multimillonarios<\/a>.<\/p>\n\n\n\n<p>Y en el campo de batalla, cuentan con el apoyo de un personal capacitado de investigadores legales.<\/p>\n<\/div>\n<\/div>\n\n\n\n<div class=\"wp-block-columns is-layout-flex wp-container-core-columns-is-layout-9d6595d7 wp-block-columns-is-layout-flex\">\n<div class=\"wp-block-column is-vertically-aligned-center is-layout-flow wp-block-column-is-layout-flow\">\n<h4 class=\"wp-block-heading\" id=\"h-justinian-associates-has-a-pharmacovigilance-specialist-on-hand\">Justinian &amp; Associates tiene un especialista en farmacovigilancia disponible<\/h4>\n\n\n\n<p>Un especialista en farmacovigilancia investiga constantemente la \u00faltima literatura m\u00e9dica. Nuestro personal especializado mantiene al equipo de derecho farmac\u00e9utico informado de casos y hallazgos actualizados e innovadores.<\/p>\n\n\n\n<p>Tambi\u00e9n mantenemos una extensa base de datos de las decisiones y la informaci\u00f3n de la Administraci\u00f3n de Alimentos y Medicamentos. As\u00ed que tenemos mucha informaci\u00f3n a mano que otros abogados tienen que buscar.<\/p>\n<\/div>\n\n\n\n<div class=\"wp-block-column is-vertically-aligned-center is-layout-flow wp-block-column-is-layout-flow\" style=\"flex-basis:40%\">\n<figure class=\"wp-block-image size-large\"><img decoding=\"async\" width=\"540\" height=\"472\" src=\"https:\/\/www.justinian.com\/wp-content\/uploads\/2020\/10\/Justinian-Associates-has-a-Pharmacovigilance-Specialist-on-hand.jpg\" alt=\"\" class=\"wp-image-736\"\/><\/figure>\n<\/div>\n<\/div>\n\n\n\n<p>Justinian significa justicia. Y todos en Justinian &amp; Associates est\u00e1n enfocados en brindar justicia a nuestros clientes lesionados, lo que sea que eso signifique para ellos.<\/p>\n\n\n\n<p>Creemos en nuestros conocimientos y habilidades, por eso trabajamos <em>en caso de contingencia<\/em>. Eso significa que no importa cu\u00e1nto trabajo hagamos, s\u00f3lo se nos paga si nuestros clientes reciben una compensaci\u00f3n.<\/p>\n\n\n\n<p>Ofrecemos una consulta gratuita con uno de nuestros abogados con experiencia en agravios colectivos (no un \"evaluador\" o asistente legal).<\/p>\n\n\n\n<p>Si result\u00f3 lesionado por un medicamento o producto, ll\u00e1menos, env\u00edenos un mensaje de texto o env\u00edenos un correo electr\u00f3nico para programar una cita. Si est\u00e1 lesionado, acudiremos a usted, donde sea conveniente.<\/p>\n\n\n\n<p>Cu\u00e9ntenos su historia y le explicaremos sus opciones seg\u00fan la ley. Podemos ver si el producto que consumi\u00f3 est\u00e1 en nuestra base de datos. Puede que usted no sea el \u00fanico que result\u00f3 herido. Y podemos ayudarle a averiguarlo.<\/p>"},"excerpt":{"rendered":"<p>What Is A Mass Tort? A mass tort is a lawsuit that lets a group of plaintiffs combine the cases of many different people who were hurt by the same defendant. For example, when a drug manufacturer sells a medication that has harmful side effects, everyone harmed by that drug can often be compensated for [&#8230;]<\/p>\n<p><a class=\"btn btn-secondary understrap-read-more-link\" href=\"https:\/\/www.justinian.com\/es\/como-resulto-herido\/litigio-masivo-por-agravio\/\">Leer m\u00e1s&#8230;<\/a><\/p>","protected":false},"author":1,"featured_media":0,"parent":258,"menu_order":16,"comment_status":"closed","ping_status":"closed","template":"page-templates\/page-sidebar-template.php","meta":{"_acf_changed":false,"ub_ctt_via":"","footnotes":""},"class_list":["post-567","page","type-page","status-publish","hentry"],"acf":[],"featured_image_src":null,"_links":{"self":[{"href":"https:\/\/www.justinian.com\/es\/wp-json\/wp\/v2\/pages\/567","targetHints":{"allow":["GET"]}}],"collection":[{"href":"https:\/\/www.justinian.com\/es\/wp-json\/wp\/v2\/pages"}],"about":[{"href":"https:\/\/www.justinian.com\/es\/wp-json\/wp\/v2\/types\/page"}],"author":[{"embeddable":true,"href":"https:\/\/www.justinian.com\/es\/wp-json\/wp\/v2\/users\/1"}],"replies":[{"embeddable":true,"href":"https:\/\/www.justinian.com\/es\/wp-json\/wp\/v2\/comments?post=567"}],"version-history":[{"count":8,"href":"https:\/\/www.justinian.com\/es\/wp-json\/wp\/v2\/pages\/567\/revisions"}],"predecessor-version":[{"id":5942,"href":"https:\/\/www.justinian.com\/es\/wp-json\/wp\/v2\/pages\/567\/revisions\/5942"}],"up":[{"embeddable":true,"href":"https:\/\/www.justinian.com\/es\/wp-json\/wp\/v2\/pages\/258"}],"wp:attachment":[{"href":"https:\/\/www.justinian.com\/es\/wp-json\/wp\/v2\/media?parent=567"}],"curies":[{"name":"wp","href":"https:\/\/api.w.org\/{rel}","templated":true}]}}