{"id":560,"date":"2020-10-16T00:29:06","date_gmt":"2020-10-16T00:29:06","guid":{"rendered":"https:\/\/www.justinian.com\/?page_id=560"},"modified":"2024-01-03T17:39:08","modified_gmt":"2024-01-03T23:39:08","slug":"medical-device-cases","status":"publish","type":"page","link":"https:\/\/www.justinian.com\/es\/como-resulto-herido\/estuches-para-dispositivos-medicos\/","title":{"rendered":"Estuches para dispositivos medicos"},"content":{"rendered":"<h2 class=\"wp-block-heading\" id=\"h-defective-and-recalled-medical-device-lawsuits\">Demandas por dispositivos m\u00e9dicos defectuosos y retirados del mercado<\/h2>\n\n\n\n<div class=\"wp-block-columns is-layout-flex wp-container-core-columns-is-layout-9d6595d7 wp-block-columns-is-layout-flex\">\n<div class=\"wp-block-column is-vertically-aligned-center is-layout-flow wp-block-column-is-layout-flow\" style=\"flex-basis:40%\">\n<figure class=\"wp-block-image size-large\"><img decoding=\"async\" width=\"540\" height=\"342\" src=\"https:\/\/www.justinian.com\/wp-content\/uploads\/2020\/10\/Defective-and-Recalled-Medical-Device-Lawsuits.jpg\" alt=\"\" class=\"wp-image-739\"\/><\/figure>\n<\/div>\n\n\n\n<div class=\"wp-block-column is-vertically-aligned-center is-layout-flow wp-block-column-is-layout-flow\">\n<p>Cuando se trata de un implante o dispositivo m\u00e9dico defectuoso o retirado del mercado, se enfrenta a una variedad de problemas, que incluyen:<\/p>\n\n\n\n<ul class=\"check-list wp-block-list\">\n<li>Retiro y recuperaci\u00f3n del dispositivo defectuoso<\/li>\n\n\n\n<li>Descanso y recuperaci\u00f3n despu\u00e9s de una cirug\u00eda correctiva<\/li>\n\n\n\n<li>Apoyo durante y despu\u00e9s de su tiempo de recuperaci\u00f3n<\/li>\n<\/ul>\n<\/div>\n<\/div>\n\n\n\n<p>When you\u2019re dealing with all this without a Texas medical device attorney, it falls on you to navigate this complex system alone. Even worse, you\u2019re forced to do it while at your most vulnerable.<\/p>\n\n\n\n<p>Necesita a alguien de su lado que no s\u00f3lo est\u00e9 familiarizado con el proceso, sino que pueda prever y cubrir sus posibles necesidades legales durante su recuperaci\u00f3n y m\u00e1s all\u00e1.<\/p>\n\n\n\n<h3 class=\"wp-block-heading\" id=\"h-defective-medical-devices-and-healthcare-products\">Productos sanitarios y dispositivos m\u00e9dicos defectuosos<\/h3>\n\n\n\n<p>Technological advancements in the medical industry have improved healthcare in Texas and around the world. Many make surgeries and treatment safer or faster, while others allow people to live longer and healthier lives.<\/p>\n\n\n\n<p>Pero muchos dispositivos m\u00e9dicos son peligrosos o defectuosos. Pueden lesionar a los pacientes a los que se supone que deben ayudar, a veces incluso de manera fatal.<\/p>\n\n\n\n<ul id=\"block-ad5fea5e-34cc-4806-8bd4-2855e58ef125\" class=\"check-list wp-block-list\">\n<li>En algunos casos, los dise\u00f1adores o fabricantes de dispositivos m\u00e9dicos <em>lanzaron el producto al mercado antes de que fueran evidentes sus peligros<\/em>.<\/li>\n\n\n\n<li>En otros casos, las empresas incluso <em>continuaron vendiendo un producto despu\u00e9s de que ellas o las autoridades de seguridad hubieran sido advertidas del peligro del dispositivo<\/em>.<\/li>\n<\/ul>\n\n\n\n<p>At Justinian &amp; Associates, our Texas personal injury lawyers have extensive experience in negotiating and winning lawsuits for injuries caused by dangerous or defective medical devices.<\/p>\n\n\n\n<p>Hemos recibido justicia con \u00e9xito para los clientes que resultaron heridos por:<\/p>\n\n\n\n<div class=\"wp-block-columns is-layout-flex wp-container-core-columns-is-layout-9d6595d7 wp-block-columns-is-layout-flex\">\n<div class=\"wp-block-column is-vertically-aligned-center is-layout-flow wp-block-column-is-layout-flow\" style=\"flex-basis:40%\">\n<figure class=\"wp-block-image size-large\"><img decoding=\"async\" width=\"540\" height=\"325\" src=\"https:\/\/www.justinian.com\/wp-content\/uploads\/2020\/10\/Defective-Medical-Devices-And-Healthcare-Products-2-1.jpg\" alt=\"\" class=\"wp-image-743\"\/><\/figure>\n<\/div>\n\n\n\n<div class=\"wp-block-column is-vertically-aligned-center is-layout-flow wp-block-column-is-layout-flow\">\n<ul id=\"block-ea15d798-b2b0-48cc-b6cd-b6215c502f68\" class=\"check-list wp-block-list\">\n<li>Reemplazo de cadera Stryker<\/li>\n\n\n\n<li>Reemplazo de cadera y rodilla Zimmer<\/li>\n\n\n\n<li>Reemplazo de cadera DePuy<\/li>\n\n\n\n<li>Reemplazo de cadera Zimmer Durom Cup<\/li>\n\n\n\n<li>Reemplazo de rodilla Zimmer NexGen<\/li>\n\n\n\n<li>Malla quir\u00fargica transvaginal<\/li>\n<\/ul>\n<\/div>\n<\/div>\n\n\n\n<div style=\"border-bottom:0px;background-color:#8ed1fc;padding:20px\"><table class=\"has-fixed-layout\"><tbody><tr><td><h5>If you or someone you know has been injured by a medical device, contact Amber Pang Parra for a free consultation at (855) 452-5529 or <a href=\"mailto:pharma@justinian.com\">pharma@justinian.com<\/a>.<br><\/h5>\n<\/td><\/tr><\/tbody><\/table><\/div>\n<br>\n<br>\n\n\n\n<h3 class=\"wp-block-heading\" id=\"h-monetary-compensation-for-your-medical-device-injury-under-texas-law\">Compensaci\u00f3n monetaria por la lesi\u00f3n de su dispositivo m\u00e9dico seg\u00fan la ley de Texas<\/h3>\n\n\n\n<p>El t\u00e9rmino legal para descuido es <em>la negligencia<\/em>. Seg\u00fan la ley de Texas, las personas deben mantener un cierto nivel de cuidado en su comportamiento.<\/p>\n\n\n\n<ul class=\"dot-list wp-block-list\">\n<li>Diferentes circunstancias requieren diferentes niveles de atenci\u00f3n. Cuando el riesgo de lesiones es grande (como ocurre con muchos dispositivos m\u00e9dicos), una persona o empresa debe tener especial cuidado.<\/li>\n<\/ul>\n\n\n\n<p>Los fabricantes, dise\u00f1adores o vendedores de dispositivos m\u00e9dicos defectuosos o peligrosos pueden ser legalmente responsables de las lesiones causadas por su negligencia.<\/p>\n\n\n\n<div class=\"wp-block-columns is-layout-flex wp-container-core-columns-is-layout-9d6595d7 wp-block-columns-is-layout-flex\">\n<div class=\"wp-block-column is-vertically-aligned-center is-layout-flow wp-block-column-is-layout-flow\">\n<h4 class=\"wp-block-heading\" id=\"h-what-can-you-recover-for-a-medical-device-injury-in-texas\">What Can You Recover For A Medical Device Injury In Texas?<\/h4>\n\n\n\n<p>La ley de Texas brinda alivio a las personas lesionadas por la negligencia de otra persona. La v\u00edctima lesionada a menudo puede recuperar dinero por sus da\u00f1os, que incluyen:<\/p>\n\n\n\n<ul class=\"dot-list wp-block-list\">\n<li>Da\u00f1os a la propiedad<\/li>\n\n\n\n<li>Facturas m\u00e9dicas<\/li>\n\n\n\n<li>Salarios perdidos<\/li>\n\n\n\n<li>Da\u00f1os no econ\u00f3micos (angustia mental y trauma)<\/li>\n<\/ul>\n<\/div>\n\n\n\n<div class=\"wp-block-column is-vertically-aligned-center is-layout-flow wp-block-column-is-layout-flow\" style=\"flex-basis:40%\">\n<figure class=\"wp-block-image size-large\"><img decoding=\"async\" width=\"540\" height=\"520\" src=\"https:\/\/www.justinian.com\/wp-content\/uploads\/2020\/10\/What-Can-You-Recover-For-A-Medical-Device-Injury-In-Austin.jpg\" alt=\"\" class=\"wp-image-742\"\/><\/figure>\n<\/div>\n<\/div>\n\n\n\n<h3 class=\"wp-block-heading\" id=\"h-hiring-the-right-texas-medical-device-attorney-can-make-or-break-your-case\">Hiring The Right Texas Medical Device Attorney Can Make Or Break Your Case<\/h3>\n\n\n\n<p>La determinaci\u00f3n de la culpa en un caso m\u00e9dico requiere una intensa investigaci\u00f3n, documentaci\u00f3n, comunicaci\u00f3n con todos los posibles testigos presenciales y, por supuesto, la identificaci\u00f3n de todas y cada una de las personas y entidades responsables.<\/p>\n\n\n                    <!-- .FREE CASE EVALUATION - start -->\r\n                    <div class=\"free-case-evaluation-cta my-4 my-lg-5\">\r\n                        \n<div class=\"wpcf7 no-js\" id=\"wpcf7-f1454-o2\" lang=\"en-US\" dir=\"ltr\" data-wpcf7-id=\"1454\">\n<div class=\"screen-reader-response\"><p role=\"status\" aria-live=\"polite\" aria-atomic=\"true\"><\/p> <ul><\/ul><\/div>\n<form action=\"\/es\/wp-json\/wp\/v2\/pages\/560#wpcf7-f1454-o2\" method=\"post\" class=\"wpcf7-form init\" aria-label=\"Contact form\" novalidate=\"novalidate\" data-status=\"init\" data-trp-original-action=\"\/es\/wp-json\/wp\/v2\/pages\/560#wpcf7-f1454-o2\">\n<fieldset class=\"hidden-fields-container\"><input type=\"hidden\" name=\"_wpcf7\" value=\"1454\" \/><input type=\"hidden\" name=\"_wpcf7_version\" value=\"6.1.4\" \/><input type=\"hidden\" name=\"_wpcf7_locale\" value=\"en_US\" \/><input type=\"hidden\" name=\"_wpcf7_unit_tag\" value=\"wpcf7-f1454-o2\" \/><input type=\"hidden\" name=\"_wpcf7_container_post\" value=\"0\" \/><input type=\"hidden\" name=\"_wpcf7_posted_data_hash\" value=\"\" \/><input type=\"hidden\" name=\"_wpcf7_recaptcha_response\" value=\"\" \/>\n<\/fieldset>\n<div class=\"text-center\">\n\t<h2 class=\"title\"><strong>GRATIS<\/strong> EVALUACION DE CASO\n\t<\/h2>\n<\/div>\n<div class=\"form-row\">\n\t<div class=\"col-12 col-sm-6\">\n\t\t<div class=\"form-group\">\n\t\t\t<p><span class=\"wpcf7-form-control-wrap\" data-name=\"your-name\"><input size=\"40\" maxlength=\"400\" class=\"wpcf7-form-control wpcf7-text wpcf7-validates-as-required form-control\" aria-required=\"true\" aria-invalid=\"false\" placeholder=\"Nombre\" value=\"\" type=\"text\" name=\"your-name\" \/><\/span>\n\t\t\t<\/p>\n\t\t<\/div>\n\t<\/div>\n\t<div class=\"col-12 col-sm-6\">\n\t\t<div class=\"form-group\">\n\t\t\t<p><span class=\"wpcf7-form-control-wrap\" data-name=\"your-phone\"><input size=\"40\" maxlength=\"400\" class=\"wpcf7-form-control wpcf7-text wpcf7-validates-as-required form-control\" aria-required=\"true\" aria-invalid=\"false\" placeholder=\"N\u00famero de Tel\u00e9fono\" value=\"\" type=\"text\" name=\"your-phone\" \/><\/span>\n\t\t\t<\/p>\n\t\t<\/div>\n\t<\/div>\n<\/div>\n<div class=\"form-row\">\n\t<div class=\"col-12 col-sm-6\">\n\t\t<div class=\"form-group\">\n\t\t\t<p><span class=\"wpcf7-form-control-wrap\" data-name=\"your-email\"><input size=\"40\" maxlength=\"400\" class=\"wpcf7-form-control wpcf7-email wpcf7-validates-as-required wpcf7-text wpcf7-validates-as-email form-control\" aria-required=\"true\" aria-invalid=\"false\" placeholder=\"E-mail\" value=\"\" type=\"email\" name=\"your-email\" \/><\/span>\n\t\t\t<\/p>\n\t\t<\/div>\n\t<\/div>\n\t<div class=\"col-12 col-sm-6\">\n\t\t<div class=\"form-group d-flex align-items-center justify-content-between\">\n\t\t\t<p><span class=\"mb-0 label\">Comun\u00edquese con<br \/>\ncontacto<\/span><span class=\"wpcf7-form-control-wrap\" data-name=\"contact-method\"><span class=\"wpcf7-form-control wpcf7-radio radio-custom\"><span class=\"wpcf7-list-item first\"><label><input type=\"radio\" name=\"contact-method\" value=\"Call\" checked=\"checked\" \/><span class=\"wpcf7-list-item-label\">Llamada<\/span><\/label><\/span><span class=\"wpcf7-list-item\"><label><input type=\"radio\" name=\"contact-method\" value=\"Text\" \/><span class=\"wpcf7-list-item-label\">Texto<\/span><\/label><\/span><span class=\"wpcf7-list-item last\"><label><input type=\"radio\" name=\"contact-method\" value=\"E-mail\" \/><span class=\"wpcf7-list-item-label\">Email<\/span><\/label><\/span><\/span><\/span>\n\t\t\t<\/p>\n\t\t<\/div>\n\t<\/div>\n<\/div>\n<div class=\"form-group\">\n\t<p><label for=\"aboutcase\" class=\"text-uppercase\"><strong>\u00bfC\u00f3mo podemos ayudarle?<\/strong><\/label><br \/>\n<span class=\"wpcf7-form-control-wrap\" data-name=\"your-case\"><textarea cols=\"40\" rows=\"10\" maxlength=\"2000\" class=\"wpcf7-form-control wpcf7-textarea wpcf7-validates-as-required form-control\" aria-required=\"true\" aria-invalid=\"false\" placeholder=\"Cu\u00e9ntenos su caso\" name=\"your-case\"><\/textarea><\/span>\n\t<\/p>\n<\/div>\n<div class=\"text-center\">\n\t<p><input class=\"wpcf7-form-control wpcf7-submit has-spinner btn btn-wa btn-primary\" type=\"submit\" value=\"CONSIGA AYUDA AHORA\" \/>\n\t<\/p>\n<\/div><div class=\"wpcf7-response-output\" aria-hidden=\"true\"><\/div>\n<input type=\"hidden\" name=\"trp-form-language\" value=\"es\"\/><\/form>\n<\/div>\n                    <\/div>\r\n                    <!-- .FREE CASE EVALUATION - end -->\n\n\n\n<h3 class=\"wp-block-heading\" id=\"h-medical-device-injury-lawsuits-can-be-very-complex-to-prove\">Las demandas por lesiones de dispositivos m\u00e9dicos pueden ser muy complejas de probar<\/h3>\n\n\n\n<p>Ganar una demanda por lesiones causadas por un dispositivo m\u00e9dico da\u00f1ino generalmente implica probar que los fabricantes o dise\u00f1adores no respondieron adecuadamente a los riesgos potenciales del dispositivo (incluida una advertencia, mejor dise\u00f1o, descontinuaci\u00f3n del dispositivo).<\/p>\n\n\n\n<p>Eso puede incluir la investigaci\u00f3n de estudios m\u00e9dicos, publicaciones corporativas y el uso de testimonios de expertos sobre c\u00f3mo el medicamento caus\u00f3 una lesi\u00f3n. Esto no es f\u00e1cil de hacer, especialmente cuando las compa\u00f1\u00edas farmac\u00e9uticas se presentan con un ej\u00e9rcito de abogados.<\/p>\n\n\n\n<p><em>Pero luchar contra los matones es lo que hace Justinian &amp; Associates.&nbsp;<\/em><\/p>\n\n\n\n<div class=\"wp-block-columns is-layout-flex wp-container-core-columns-is-layout-9d6595d7 wp-block-columns-is-layout-flex\">\n<div class=\"wp-block-column is-vertically-aligned-center is-layout-flow wp-block-column-is-layout-flow\" style=\"flex-basis:40%\">\n<figure class=\"wp-block-image size-large\"><img decoding=\"async\" width=\"540\" height=\"618\" src=\"https:\/\/www.justinian.com\/wp-content\/uploads\/2020\/10\/We-Are-Warriors-For-The-Injured-2.jpg\" alt=\"\" class=\"wp-image-744\" srcset=\"https:\/\/www.justinian.com\/wp-content\/uploads\/2020\/10\/We-Are-Warriors-For-The-Injured-2.jpg 540w, https:\/\/www.justinian.com\/wp-content\/uploads\/2020\/10\/We-Are-Warriors-For-The-Injured-2-472x540.jpg 472w\" sizes=\"(max-width: 540px) 100vw, 540px\" \/><\/figure>\n<\/div>\n\n\n\n<div class=\"wp-block-column is-vertically-aligned-center is-layout-flow wp-block-column-is-layout-flow\">\n<h4 class=\"wp-block-heading\" id=\"h-we-are-warriors-for-the-injured\">Somos guerreros para los heridos<\/h4>\n\n\n\n<p>Our Texas and San Antonio medical device lawyers have successfully represented <a href=\"https:\/\/www.justinian.com\/es\/como-resulto-herido\/litigio-masivo-por-agravio\/\">muchas v\u00edctimas<\/a> lesionadas por <a href=\"https:\/\/www.justinian.com\/es\/como-resulto-herido\/responsabilidad-por-productos-y-productos-peligrosos\/\">productos de salud peligrosos<\/a> y otros productos defectuosos. Precisamente <a href=\"https:\/\/www.justinian.com\/es\/como-resulto-herido\/litigio-masivo-por-agravio\/\">por eso fuimos fundados<\/a>.<\/p>\n\n\n\n<p>Como <a href=\"https:\/\/www.justinian.com\/es\/resultados-de-casos\/\">nuestro historial<\/a> , tenemos el conocimiento legal, la experiencia, los recursos, y los investigadores capacitados para enfrentar a adversarios de cualquier tama\u00f1o.<\/p>\n\n\n\n<p>Todo lo que hacemos es luchar por las v\u00edctimas heridas. Nuestro \u00fanico objetivo es la justicia para nuestros clientes, sea lo que sea que eso signifique para ellos. Y no aceptamos la derrota. A menos que le consigamos dinero por sus lesiones, no nos paga ni un centavo.<\/p>\n<\/div>\n<\/div>\n\n\n\n<div class=\"wp-block-columns is-layout-flex wp-container-core-columns-is-layout-9d6595d7 wp-block-columns-is-layout-flex\">\n<div class=\"wp-block-column is-vertically-aligned-center is-layout-flow wp-block-column-is-layout-flow\">\n<h4 class=\"wp-block-heading\" id=\"h-the-time-to-act-is-now\">El momento de actuar es ahora<\/h4>\n\n\n\n<p>Sus derechos pueden perderse si espera.<\/p>\n\n\n\n<p>There are laws that limit how much time you have to file a lawsuit after being injured. They are known as statutes of limitation. They may apply to your lawsuit to recover for your medical device injuries. The countdown may already have begun. Call, text or email us for a free consultation, with no obligation. Speak to a Texas personal injury attorney from Justinian &amp; Associates (not a \u201cscreener\u201d or paralegal) to understand your rights.<\/p>\n<\/div>\n\n\n\n<div class=\"wp-block-column is-vertically-aligned-center is-layout-flow wp-block-column-is-layout-flow\" style=\"flex-basis:40%\">\n<figure class=\"wp-block-image size-large\"><img decoding=\"async\" width=\"540\" height=\"472\" src=\"https:\/\/www.justinian.com\/wp-content\/uploads\/2020\/10\/The-Time-to-Act-is-Now.jpg\" alt=\"\" class=\"wp-image-745\"\/><\/figure>\n<\/div>\n<\/div>"},"excerpt":{"rendered":"<p>Defective and Recalled Medical Device Lawsuits When dealing with a defective or recalled medical implant or device, you\u2019re faced with a variety of issues, including: When you\u2019re dealing with all this without a Texas medical device attorney, it falls on you to navigate this complex system alone. Even worse, you\u2019re forced to do it while [&#8230;]<\/p>\n<p><a class=\"btn btn-secondary understrap-read-more-link\" href=\"https:\/\/www.justinian.com\/es\/como-resulto-herido\/estuches-para-dispositivos-medicos\/\">Leer m\u00e1s&#8230;<\/a><\/p>","protected":false},"author":1,"featured_media":0,"parent":258,"menu_order":18,"comment_status":"closed","ping_status":"closed","template":"page-templates\/page-sidebar-template.php","meta":{"_acf_changed":false,"ub_ctt_via":"","footnotes":""},"class_list":["post-560","page","type-page","status-publish","hentry"],"acf":[],"featured_image_src":null,"_links":{"self":[{"href":"https:\/\/www.justinian.com\/es\/wp-json\/wp\/v2\/pages\/560","targetHints":{"allow":["GET"]}}],"collection":[{"href":"https:\/\/www.justinian.com\/es\/wp-json\/wp\/v2\/pages"}],"about":[{"href":"https:\/\/www.justinian.com\/es\/wp-json\/wp\/v2\/types\/page"}],"author":[{"embeddable":true,"href":"https:\/\/www.justinian.com\/es\/wp-json\/wp\/v2\/users\/1"}],"replies":[{"embeddable":true,"href":"https:\/\/www.justinian.com\/es\/wp-json\/wp\/v2\/comments?post=560"}],"version-history":[{"count":4,"href":"https:\/\/www.justinian.com\/es\/wp-json\/wp\/v2\/pages\/560\/revisions"}],"predecessor-version":[{"id":5943,"href":"https:\/\/www.justinian.com\/es\/wp-json\/wp\/v2\/pages\/560\/revisions\/5943"}],"up":[{"embeddable":true,"href":"https:\/\/www.justinian.com\/es\/wp-json\/wp\/v2\/pages\/258"}],"wp:attachment":[{"href":"https:\/\/www.justinian.com\/es\/wp-json\/wp\/v2\/media?parent=560"}],"curies":[{"name":"wp","href":"https:\/\/api.w.org\/{rel}","templated":true}]}}