{"id":545,"date":"2020-10-15T22:15:54","date_gmt":"2020-10-15T22:15:54","guid":{"rendered":"https:\/\/www.justinian.com\/?page_id=545"},"modified":"2024-01-02T19:18:25","modified_gmt":"2024-01-03T01:18:25","slug":"prescription-drug-injuries","status":"publish","type":"page","link":"https:\/\/www.justinian.com\/es\/como-resulto-herido\/lesiones-por-medicamentos-recetados\/","title":{"rendered":"Lesiones por medicamentos recetados"},"content":{"rendered":"<h2 class=\"wp-block-heading\" id=\"h-we-have-always-helped-people-who-were-injured-by-prescription-drug-side-effects\">Siempre hemos ayudado a las personas que resultaron lesionadas por los efectos secundarios de los medicamentos recetados.<\/h2>\n\n\n\n<p>Los casos de medicamentos recetados y de venta libre suelen ser m\u00e1s complicados que el promedio de casos de accidentes. Mostrar c\u00f3mo un medicamento <em>caus\u00f3<\/em> una lesi\u00f3n puede requerir experiencia legal <em>y <\/em>scientific expertise which many Texas personal injury attorneys simply do not have.<\/p>\n\n\n\n<div class=\"wp-block-columns is-layout-flex wp-container-core-columns-is-layout-9d6595d7 wp-block-columns-is-layout-flex\">\n<div class=\"wp-block-column is-vertically-aligned-center is-layout-flow wp-block-column-is-layout-flow\">\n<p>Justinian &amp; Associates se ha centrado en el sector <strong>m\u00e9dico<\/strong> de la ley de lesiones personales desde nuestra fundaci\u00f3n. Hemos representado con \u00e9xito a muchas v\u00edctimas da\u00f1adas por medicamentos recetados y de venta libre.<\/p>\n\n\n\n<p>Nuestra pr\u00e1ctica de la ley de medicamentos recetados se basa en nuestra oficina de San Antonio, y tenemos un equipo de abogados y asistentes legales dedicados que trabajan todos los d\u00edas para responsabilizar a las compa\u00f1\u00edas farmac\u00e9uticas cuando sus medicamentos tienen efectos secundarios no deseados o no revelados.<\/p>\n<\/div>\n\n\n\n<div class=\"wp-block-column is-vertically-aligned-center is-layout-flow wp-block-column-is-layout-flow\" style=\"flex-basis:40%\">\n<figure class=\"wp-block-image size-large\"><img decoding=\"async\" width=\"540\" height=\"390\" src=\"https:\/\/www.justinian.com\/wp-content\/uploads\/2020\/10\/We-Have-Always-Helped-People-Who-Were-Injured-By-Prescription-Drug-Side-Effects..jpg\" alt=\"\" class=\"wp-image-779\"\/><\/figure>\n<\/div>\n<\/div>\n\n\n\n<h2 class=\"wp-block-heading\" id=\"h-do-you-need-a-prescription-drug-side-effect-lawyer\">\u00bfNecesita un abogado de efectos secundarios de medicamentos recetados?<\/h2>\n\n\n\n<p id=\"h-in-our-experience-most-people-who-contact-us-about-a-medical-drug-injury-fall-into-one-of-four-categories\">Seg\u00fan nuestra experiencia, la mayor\u00eda de las personas que nos contactan sobre una lesi\u00f3n m\u00e9dica por drogas se clasifican en una de cuatro categor\u00edas:<\/p>\n\n\n\n<h3 class=\"wp-block-heading\" id=\"h-you-don-t-know-if-your-injury-was-caused-by-a-prescription-or-over-the-counter-drug\">No sabe si su lesi\u00f3n fue causada por un medicamento recetado o de venta libre.<\/h3>\n\n\n\n<p>Many people contact our Texas injury law firm because they aren\u2019t sure whether or not a drug they took is responsible for a medical problem they are having. We have a unique resource at our disposal that we use when we investigate a potential prescription drug lawsuit.<\/p>\n\n\n\n<div class=\"wp-block-columns is-layout-flex wp-container-core-columns-is-layout-9d6595d7 wp-block-columns-is-layout-flex\">\n<div class=\"wp-block-column is-vertically-aligned-center is-layout-flow wp-block-column-is-layout-flow\">\n<h4 class=\"wp-block-heading\" id=\"h-justinian-associates-federal-drug-administration-database\">Base de datos de la Administraci\u00f3n Federal de Medicamentos de Justinian &amp; Associates<\/h4>\n\n\n\n<p>Nuestro bufete de abogados de lesiones ha desarrollado una base de datos interna que contiene todas las quejas presentadas ante la Administraci\u00f3n Federal de Drogas (FDA) desde 2004. Ning\u00fan otro bufete de abogados que conozcamos ha invertido en la creaci\u00f3n de una base de datos tan completa.<\/p>\n<\/div>\n\n\n\n<div class=\"wp-block-column is-vertically-aligned-center is-layout-flow wp-block-column-is-layout-flow\">\n<figure class=\"wp-block-image size-large\"><img decoding=\"async\" width=\"540\" height=\"311\" src=\"https:\/\/www.justinian.com\/wp-content\/uploads\/2020\/10\/Justinian-Associates-Federal-Drug-Administration-Database.jpg\" alt=\"\" class=\"wp-image-781\"\/><\/figure>\n<\/div>\n<\/div>\n\n\n\n<p>Usamos la base de datos y otras investigaciones y recursos cient\u00edficos para determinar si se sabe que un medicamento causa el tipo de lesiones en cuesti\u00f3n. Si el medicamento es responsable, le informamos a la persona si podemos o no manejar una demanda por medicamentos recetados en su nombre.<\/p>\n\n\n\n<p>Si cree que ha sido lesionado por un medicamento en particular, llame, env\u00ede un mensaje de texto o env\u00ede un correo electr\u00f3nico a Justinian &amp; Associates para una consulta gratuita, y un abogado (no un \u201cevaluador\u201d) ofrecer\u00e1 nuestra evaluaci\u00f3n clara de sus derechos y opciones, sin ning\u00fan costo para usted.<\/p>\n\n\n\n<div style=\"border-bottom:0px;background-color:#8ed1fc;padding:20px\"><table class=\"has-fixed-layout\"><tbody><tr><td><h5>If you or someone you know has been injured by a prescription drug, contact Amber Pang Parra for a free consultation at (855) 452-5529 or <a href=\"mailto:pharma@justinian.com\">pharma@justinian.com<\/a>.<br><\/h5>\n<\/td><\/tr><\/tbody><\/table><\/div>\n<br>\n<br>\n\n\n\n<h3 class=\"wp-block-heading\" id=\"h-you-re-pretty-sure-you-were-injured-by-a-drug-but-don-t-know-what-your-rights-are\">Est\u00e1 bastante seguro de que fue lesionado por una droga, pero no sabe cu\u00e1les son sus derechos.<\/h3>\n\n\n\n<p id=\"h-you-re-pretty-sure-you-were-injured-by-a-drug-but-don-t-know-what-your-rights-arelawsuits-over-prescription-and-over-the-counter-drugs-can-be-some-of-the-most-complicated-injury-lawsuits-that-a-personal-injury-law-firm-will-ever-handle-that-s-because-they-almost-always-involve-both-state-and-federal-law\">Las demandas por medicamentos recetados y de venta libre pueden ser algunas de las demandas por lesiones m\u00e1s complicadas que un bufete de abogados de lesiones personales manejar\u00e1. Eso es porque casi siempre involucran tanto la ley estatal como la federal.<\/p>\n\n\n\n<p>Algunos de los factores que afectan sus derechos incluyen, en qu\u00e9 estado vive (tenemos clientes en todo el pa\u00eds), si el medicamento que tom\u00f3 era un medicamento de marca o su equivalente gen\u00e9rico, cuando sospech\u00f3 por primera vez que su lesi\u00f3n fue causada por el medicamento, y por qu\u00e9 se le recet\u00f3 el medicamento en primer lugar.<\/p>\n\n\n\n<p>Nuestros abogados de lesiones por drogas pueden trabajar r\u00e1pidamente con usted para determinar si es elegible para una compensaci\u00f3n por sus lesiones. Si es elegible, trabajaremos con usted para responsabilizar al fabricante de medicamentos y pagar sus lesiones y facturas m\u00e9dicas.<\/p>\n\n\n\n<h3 class=\"wp-block-heading\" id=\"h-you-re-ready-to-file-a-claim-or-a-lawsuit-against-the-manufacturer-of-your-drug-but-don-t-know-how-to-choose-a-law-firm\">Est\u00e1 listo para presentar un reclamo o una demanda contra el fabricante de su medicamento, pero no sabe c\u00f3mo elegir un bufete de abogados.<\/h3>\n\n\n\n<p>Elegir un bufete de abogados para manejar su caso de lesiones por drogas no tiene por qu\u00e9 ser complicado. Esto es lo que le recomendamos que busque:<\/p>\n\n\n\n<div class=\"wp-block-columns is-layout-flex wp-container-core-columns-is-layout-9d6595d7 wp-block-columns-is-layout-flex\">\n<div class=\"wp-block-column is-vertically-aligned-center is-layout-flow wp-block-column-is-layout-flow\">\n<h4 class=\"wp-block-heading\" id=\"h-find-a-firm-that-will-handle-your-case-itself\">Encuentre una empresa que se encargue de su caso.<\/h4>\n\n\n\n<p>Muchos de los bufetes de abogados que ve en la publicidad por televisi\u00f3n no manejan los casos de lesiones por drogas ellos mismos, sino que remiten el caso a otro bufete de abogados a cambio de una tarifa de referencia.<\/p>\n\n\n\n<p>Algunos abogados se ganan la vida muy bien siendo lo que a veces llamamos un molino de referencias.<\/p>\n\n\n\n<p>Muchas firmas de abogados pagar\u00e1n hasta 1\/3 de los honorarios totales del abogado a una firma que no hizo m\u00e1s que enviarles un cliente. No somos una f\u00e1brica de referencias, y los abogados que ve en nuestro sitio web ser\u00e1n los que manejen su caso. (A veces es apropiado que unamos fuerzas con otra firma, pero no s\u00f3lo trasladaremos su caso a otra firma).<\/p>\n<\/div>\n\n\n\n<div class=\"wp-block-column is-vertically-aligned-center is-layout-flow wp-block-column-is-layout-flow\" style=\"flex-basis:40%\">\n<figure class=\"wp-block-image size-large\"><img decoding=\"async\" width=\"540\" height=\"618\" src=\"https:\/\/www.justinian.com\/wp-content\/uploads\/2020\/10\/Find-a-firm-that-will-handle-your-case-itself.jpg\" alt=\"\" class=\"wp-image-782\" srcset=\"https:\/\/www.justinian.com\/wp-content\/uploads\/2020\/10\/Find-a-firm-that-will-handle-your-case-itself.jpg 540w, https:\/\/www.justinian.com\/wp-content\/uploads\/2020\/10\/Find-a-firm-that-will-handle-your-case-itself-472x540.jpg 472w\" sizes=\"(max-width: 540px) 100vw, 540px\" \/><\/figure>\n<\/div>\n<\/div>\n\n\n\n<div class=\"wp-block-columns is-layout-flex wp-container-core-columns-is-layout-9d6595d7 wp-block-columns-is-layout-flex\">\n<div class=\"wp-block-column is-vertically-aligned-center is-layout-flow wp-block-column-is-layout-flow\" style=\"flex-basis:40%\">\n<figure class=\"wp-block-image size-large\"><img decoding=\"async\" width=\"540\" height=\"553\" src=\"https:\/\/www.justinian.com\/wp-content\/uploads\/2020\/10\/Make-sure-the-law-firm-has-one-or-more-attorneys-whose-primary-job-is-handling-drug-lawsuits.jpg\" alt=\"\" class=\"wp-image-783\" srcset=\"https:\/\/www.justinian.com\/wp-content\/uploads\/2020\/10\/Make-sure-the-law-firm-has-one-or-more-attorneys-whose-primary-job-is-handling-drug-lawsuits.jpg 540w, https:\/\/www.justinian.com\/wp-content\/uploads\/2020\/10\/Make-sure-the-law-firm-has-one-or-more-attorneys-whose-primary-job-is-handling-drug-lawsuits-527x540.jpg 527w\" sizes=\"(max-width: 540px) 100vw, 540px\" \/><\/figure>\n<\/div>\n\n\n\n<div class=\"wp-block-column is-vertically-aligned-center is-layout-flow wp-block-column-is-layout-flow\">\n<h4 class=\"wp-block-heading\" id=\"h-make-sure-the-law-firm-has-one-or-more-attorneys-whose-primary-job-is-handling-drug-lawsuits\"><strong>Aseg\u00farese de que el bufete de abogados tenga uno o m\u00e1s abogados cuyo trabajo principal sea manejar demandas por drogas<\/strong><\/h4>\n\n\n\n<p>Cuando un bufete de abogados presenta una demanda por lesiones contra una importante empresa farmac\u00e9utica, acabar\u00e1 luchando contra los mejores y m\u00e1s caros abogados del mundo. Johnson &amp; Johnson, por ejemplo, vendi\u00f3 productos por valor de m\u00e1s de $ 70 mil millones de d\u00f3lares en 2015. Ciertamente, no van a contratar a un bufete de abogados que incursione en demandas por medicamentos recetados. Usted tampoco deber\u00eda hacerlo, y es por eso que los abogados Amber Pang Parra y Justinian Lane s\u00f3lo manejan casos como estos como su trabajo principal.<\/p>\n<\/div>\n<\/div>\n\n\n\n<h4 class=\"wp-block-heading\" id=\"h-make-sure-you-like-the-lawyer-who-will-be-handling-your-case\">Aseg\u00farese de que le guste el abogado que se encargar\u00e1 de su caso<\/h4>\n\n\n\n<p>Si presenta una demanda por medicamentos recetados, tendr\u00e1 que hablar sobre asuntos personales con su abogado, como su historial m\u00e9dico y c\u00f3mo las lesiones han afectado su vida. Si no pudo usar el ba\u00f1o sin ayuda, o para tener intimidad con su pareja, o si no pudo disfrutar partes de su vida, deber\u00e1 dec\u00edrselo a su abogado. Esas no son conversaciones que disfrutar\u00e1 tener con un abogado que cree que es grosero, insistente o desinteresado en su caso. Cada abogado que trabaja en Justinian &amp; Associates es amable, emp\u00e1tico y considerado con todos y cada uno de nuestros clientes. No toleramos abogados o personal groseros, y usted tampoco deber\u00eda hacerlo.<\/p>\n\n\n\n<div class=\"wp-block-columns is-layout-flex wp-container-core-columns-is-layout-9d6595d7 wp-block-columns-is-layout-flex\">\n<div class=\"wp-block-column is-vertically-aligned-center is-layout-flow wp-block-column-is-layout-flow\">\n<h4 class=\"wp-block-heading\" id=\"h-do-not-hire-a-lawyer-who-promises-you-a-certain-outcome-in-your-drug-injury-case\">No contrate a un abogado que le prometa un resultado determinado en su caso de lesiones por drogas<\/h4>\n\n\n\n<p>Cualquier abogado que le prometa un resultado espec\u00edfico en su caso le est\u00e1 mintiendo o le est\u00e1 diciendo lo que \u00e9l o ella cree que usted quiere escuchar para que usted contrate a ese bufete de abogados.<\/p>\n\n\n\n<p>Ning\u00fan abogado puede prometer de manera \u00e9tica o veraz ning\u00fan resultado en su caso. Lo que prometemos es que lo trataremos con dignidad y respeto, que trabajaremos arduamente en su caso y que no lo resolveremos sin su permiso.<\/p>\n<\/div>\n\n\n\n<div class=\"wp-block-column is-vertically-aligned-center is-layout-flow wp-block-column-is-layout-flow\" style=\"flex-basis:40%\">\n<figure class=\"wp-block-image size-large\"><img decoding=\"async\" width=\"540\" height=\"520\" src=\"https:\/\/www.justinian.com\/wp-content\/uploads\/2020\/10\/Do-not-hire-a-lawyer-who-promises-you-a-certain-outcome-in-your-drug-injury-case.jpg\" alt=\"\" class=\"wp-image-784\"\/><\/figure>\n<\/div>\n<\/div>\n\n\n                    <!-- .FREE CASE EVALUATION - start -->\r\n                    <div class=\"free-case-evaluation-cta my-4 my-lg-5\">\r\n                        \n<div class=\"wpcf7 no-js\" id=\"wpcf7-f1454-o2\" lang=\"en-US\" dir=\"ltr\" data-wpcf7-id=\"1454\">\n<div class=\"screen-reader-response\"><p role=\"status\" aria-live=\"polite\" aria-atomic=\"true\"><\/p> <ul><\/ul><\/div>\n<form action=\"\/es\/wp-json\/wp\/v2\/pages\/545#wpcf7-f1454-o2\" method=\"post\" class=\"wpcf7-form init\" aria-label=\"Contact form\" novalidate=\"novalidate\" data-status=\"init\" data-trp-original-action=\"\/es\/wp-json\/wp\/v2\/pages\/545#wpcf7-f1454-o2\">\n<fieldset class=\"hidden-fields-container\"><input type=\"hidden\" name=\"_wpcf7\" value=\"1454\" \/><input type=\"hidden\" name=\"_wpcf7_version\" value=\"6.1.4\" \/><input type=\"hidden\" name=\"_wpcf7_locale\" value=\"en_US\" \/><input type=\"hidden\" name=\"_wpcf7_unit_tag\" value=\"wpcf7-f1454-o2\" \/><input type=\"hidden\" name=\"_wpcf7_container_post\" value=\"0\" \/><input type=\"hidden\" name=\"_wpcf7_posted_data_hash\" value=\"\" \/><input type=\"hidden\" name=\"_wpcf7_recaptcha_response\" value=\"\" \/>\n<\/fieldset>\n<div class=\"text-center\">\n\t<h2 class=\"title\"><strong>GRATIS<\/strong> EVALUACION DE CASO\n\t<\/h2>\n<\/div>\n<div class=\"form-row\">\n\t<div class=\"col-12 col-sm-6\">\n\t\t<div class=\"form-group\">\n\t\t\t<p><span class=\"wpcf7-form-control-wrap\" data-name=\"your-name\"><input size=\"40\" maxlength=\"400\" class=\"wpcf7-form-control wpcf7-text wpcf7-validates-as-required form-control\" aria-required=\"true\" aria-invalid=\"false\" placeholder=\"Nombre\" value=\"\" type=\"text\" name=\"your-name\" \/><\/span>\n\t\t\t<\/p>\n\t\t<\/div>\n\t<\/div>\n\t<div class=\"col-12 col-sm-6\">\n\t\t<div class=\"form-group\">\n\t\t\t<p><span class=\"wpcf7-form-control-wrap\" data-name=\"your-phone\"><input size=\"40\" maxlength=\"400\" class=\"wpcf7-form-control wpcf7-text wpcf7-validates-as-required form-control\" aria-required=\"true\" aria-invalid=\"false\" placeholder=\"N\u00famero de Tel\u00e9fono\" value=\"\" type=\"text\" name=\"your-phone\" \/><\/span>\n\t\t\t<\/p>\n\t\t<\/div>\n\t<\/div>\n<\/div>\n<div class=\"form-row\">\n\t<div class=\"col-12 col-sm-6\">\n\t\t<div class=\"form-group\">\n\t\t\t<p><span class=\"wpcf7-form-control-wrap\" data-name=\"your-email\"><input size=\"40\" maxlength=\"400\" class=\"wpcf7-form-control wpcf7-email wpcf7-validates-as-required wpcf7-text wpcf7-validates-as-email form-control\" aria-required=\"true\" aria-invalid=\"false\" placeholder=\"E-mail\" value=\"\" type=\"email\" name=\"your-email\" \/><\/span>\n\t\t\t<\/p>\n\t\t<\/div>\n\t<\/div>\n\t<div class=\"col-12 col-sm-6\">\n\t\t<div class=\"form-group d-flex align-items-center justify-content-between\">\n\t\t\t<p><span class=\"mb-0 label\">Comun\u00edquese con<br \/>\ncontacto<\/span><span class=\"wpcf7-form-control-wrap\" data-name=\"contact-method\"><span class=\"wpcf7-form-control wpcf7-radio radio-custom\"><span class=\"wpcf7-list-item first\"><label><input type=\"radio\" name=\"contact-method\" value=\"Call\" checked=\"checked\" \/><span class=\"wpcf7-list-item-label\">Llamada<\/span><\/label><\/span><span class=\"wpcf7-list-item\"><label><input type=\"radio\" name=\"contact-method\" value=\"Text\" \/><span class=\"wpcf7-list-item-label\">Texto<\/span><\/label><\/span><span class=\"wpcf7-list-item last\"><label><input type=\"radio\" name=\"contact-method\" value=\"E-mail\" \/><span class=\"wpcf7-list-item-label\">Email<\/span><\/label><\/span><\/span><\/span>\n\t\t\t<\/p>\n\t\t<\/div>\n\t<\/div>\n<\/div>\n<div class=\"form-group\">\n\t<p><label for=\"aboutcase\" class=\"text-uppercase\"><strong>\u00bfC\u00f3mo podemos ayudarle?<\/strong><\/label><br \/>\n<span class=\"wpcf7-form-control-wrap\" data-name=\"your-case\"><textarea cols=\"40\" rows=\"10\" maxlength=\"2000\" class=\"wpcf7-form-control wpcf7-textarea wpcf7-validates-as-required form-control\" aria-required=\"true\" aria-invalid=\"false\" placeholder=\"Cu\u00e9ntenos su caso\" name=\"your-case\"><\/textarea><\/span>\n\t<\/p>\n<\/div>\n<div class=\"text-center\">\n\t<p><input class=\"wpcf7-form-control wpcf7-submit has-spinner btn btn-wa btn-primary\" type=\"submit\" value=\"CONSIGA AYUDA AHORA\" \/>\n\t<\/p>\n<\/div><div class=\"wpcf7-response-output\" aria-hidden=\"true\"><\/div>\n<input type=\"hidden\" name=\"trp-form-language\" value=\"es\"\/><\/form>\n<\/div>\n                    <\/div>\r\n                    <!-- .FREE CASE EVALUATION - end -->\n\n\n\n<h3 class=\"wp-block-heading\" id=\"h-you-re-ready-to-file-a-claim-or-a-lawsuit-against-the-manufacturer-of-your-drug-but-don-t-know-what-to-do-next\">Est\u00e1 listo para presentar un reclamo o una demanda contra el fabricante de su medicamento, pero no sabe qu\u00e9 hacer a continuaci\u00f3n.<\/h3>\n\n\n\n<p>\u00c9ste es f\u00e1cil. Simplemente cont\u00e1ctenos y cu\u00e9ntenos su historia.<\/p>\n\n\n\n<p>You can call us, email us, text us or use the contact form above anytime, 24-hours a day.<\/p>\n\n\n\n<p>Una vez que se haya comunicado con nosotros, le haremos algunas preguntas simples y veremos si nuestro bufete de abogados de lesiones puede ayudarlo. Responderemos todas sus preguntas y, si decide presentar una reclamaci\u00f3n, le facilitaremos la contrataci\u00f3n para que lo hagamos por usted.<\/p>\n\n\n\n<h3 class=\"wp-block-heading\" id=\"h-prescription-and-over-the-counter-drug-cases-we-are-currently-accepting\">Casos de medicamentos recetados y de venta libre que estamos aceptando actualmente<\/h3>\n\n\n\n<p>Our firm is currently representing individuals who were injured by the following drugs <a href=\"https:\/\/www.justinian.com\/es\/mass-torts\/defective-medical-devices\/\">and defective medical devices<\/a>. If you took one of these drugs and would like us to investigate your potential case, please contact us and we will be glad to help.<\/p>\n\n\n\n<ul class=\"stripes-list wp-block-list\">\n<li><a href=\"https:\/\/www.justinian.com\/es\/mass-torts\/mirena-iud\/\">Mirena<\/a>: Representamos a mujeres que desarrollaron pseudotumor cerebral mientras usaban un dispositivo anticonceptivo Mirena. Esta rara condici\u00f3n provoca un aumento de la presi\u00f3n dentro del cr\u00e1neo.<\/li>\n\n\n\n<li><a href=\"https:\/\/www.justinian.com\/es\/recursos-legales\/filtros-de-vena-cava-inferior\/\">Filtros de IVC<\/a>: Los filtros de co\u00e1gulos de sangre de IVC fueron dise\u00f1ados para prevenir los co\u00e1gulos de sangre, pero algunas veces no s\u00f3lo fallan en prevenir los co\u00e1gulos de sangre, sino que en realidad pueden causarlos. Nuestros abogados representan a personas que sufrieron embolias pulmonares, accidentes cerebrovasculares y otras lesiones cardiovasculares graves despu\u00e9s de que se les implant\u00f3 un filtro IVC.<\/li>\n\n\n\n<li><a href=\"https:\/\/www.justinian.com\/es\/recursos-legales\/viagra-y-cialis-sildenafil\/\">Viagra &amp; Cialis<\/a>: Ambos medicamentos est\u00e1n asociados con un mayor riesgo de melanoma en los hombres, y nuestro bufete de abogados est\u00e1 trabajando para responsabilizar a los fabricantes en representaci\u00f3n de nuestros clientes.<\/li>\n\n\n\n<li><a href=\"https:\/\/www.justinian.com\/es\/recursos-legales\/implantes-de-cadera-de-metal-sobre-metal\/\">Caderas de metal sobre metal<\/a>: estamos ampliamente involucrados en litigios contra los fabricantes de caderas de metal sobre metal debido a las complicaciones asociadas con esos dispositivos, como la metalosis y los reemplazos de cadera fallidos.<\/li>\n\n\n\n<li><a href=\"https:\/\/www.justinian.com\/es\/recursos-legales\/bair-hugger\/\">Dispositivo de calentamiento de aire Bair Hugger<\/a>: Representamos a varias personas que sufrieron infecciones graves despu\u00e9s de que se us\u00f3 un Bair Hugger durante su cirug\u00eda de reemplazo de articulaciones.<\/li>\n\n\n\n<li><a href=\"https:\/\/www.justinian.com\/es\/recursos-legales\/morceladores-de-energia\/\">Power Morecellators<\/a>: Se ha descubierto recientemente que los Power Morecellators utilizados para histerectom\u00edas laparosc\u00f3picas y extirpaciones de fibromas se han asociado con un mayor riesgo de c\u00e1ncer de \u00fatero.<\/li>\n\n\n\n<li><a href=\"https:\/\/www.justinian.com\/es\/legal-resources\/abilify\/\">Abilify<\/a>: Nuestra firma est\u00e1 investigando si el uso de Abilify puede conducir al juego compulsivo en personas que nunca antes hab\u00edan jugado compulsivamente.<\/li>\n\n\n\n<li><a href=\"https:\/\/www.justinian.com\/es\/recursos-legales\/inhibidores-de-la-bomba-de-protones-ppis\/\">Inhibidores de la bomba de protones (Nexium, Prilosec y Pepcid)<\/a>: nuestra firma representa a personas que tomaron estos medicamentos de venta libre y m\u00e1s tarde desarrollaron una enfermedad renal cr\u00f3nica grave.<\/li>\n\n\n\n<li><a href=\"https:\/\/www.justinian.com\/es\/recursos-legales\/invokana\/\">Invokana<\/a>: se ha demostrado que este medicamento para la diabetes tipo 2 aumenta el riesgo de infecciones del tracto urinario, \u00e1cido sangu\u00edneo elevado, enfermedad renal grave e incluso derrames cerebrales y ataques card\u00edacos. Nuestros abogados est\u00e1n trabajando para responsabilizar a los creadores de Invokana por nuestros clientes que sufrieron estos efectos secundarios.<\/li>\n\n\n\n<li><a href=\"https:\/\/www.justinian.com\/es\/recursos-legales\/polvo-de-talco-talco\/\">Talco<\/a>: Se ha demostrado que el talco en polvo vendido por compa\u00f1\u00edas como Johnson &amp; Johnson causa c\u00e1ncer de ovario en mujeres que lo usan a diario despu\u00e9s de la ducha. Estamos luchando duro en nombre de nuestros clientes de talco en polvo.<\/li>\n\n\n\n<li><a href=\"https:\/\/www.justinian.com\/es\/recursos-legales\/taxotere\/\">Taxotere<\/a>: Muchos de nuestros clientes que sufrieron primero de c\u00e1ncer de mama y luego de la ca\u00edda permanente del cabello causada por Taxotere se sienten m\u00e1s lastimados por la ca\u00edda permanente del cabello. Representamos a varias mujeres cuyo cabello no regresar\u00e1 despu\u00e9s de usar Taxotere durante su tratamiento contra el c\u00e1ncer.<\/li>\n\n\n\n<li><a href=\"https:\/\/www.justinian.com\/es\/recursos-legales\/antibioticos-de-fluoroquinolonas-flq\/\">Fluoroquinolonas (Cipro, Levaquin y Avelox)<\/a>: representamos a personas que tomaron estos antibi\u00f3ticos y luego se les diagnostic\u00f3 neuropat\u00eda perif\u00e9rica, otros tipos de da\u00f1o nervioso severo y disecci\u00f3n aor\u00edtica.<\/li>\n<\/ul>\n\n\n\n<p>If you&#8217;ve been injured or have experienced an adverse side effect to a prescription drug or <a href=\"https:\/\/www.justinian.com\/es\/mass-torts\/defective-medical-devices\/\">defective medical device<\/a> \u2014 even if it&#8217;s not listed above \u2014 don&#8217;t hesitate to contact us to see how we can help you!<\/p>"},"excerpt":{"rendered":"<p>We Have Always Helped People Who Were Injured By Prescription Drug Side Effects. Prescription and over-the-counter drug cases are typically more complicated than the average fender-bender. Showing how a medication caused an injury can require legal and scientific expertise which many Texas personal injury attorneys simply do not have. Justinian &amp; Associates has focused on [&#8230;]<\/p>\n<p><a class=\"btn btn-secondary understrap-read-more-link\" href=\"https:\/\/www.justinian.com\/es\/como-resulto-herido\/lesiones-por-medicamentos-recetados\/\">Leer m\u00e1s&#8230;<\/a><\/p>","protected":false},"author":1,"featured_media":0,"parent":258,"menu_order":17,"comment_status":"closed","ping_status":"closed","template":"page-templates\/page-sidebar-template.php","meta":{"_acf_changed":false,"ub_ctt_via":"","footnotes":""},"class_list":["post-545","page","type-page","status-publish","hentry"],"acf":[],"featured_image_src":null,"_links":{"self":[{"href":"https:\/\/www.justinian.com\/es\/wp-json\/wp\/v2\/pages\/545","targetHints":{"allow":["GET"]}}],"collection":[{"href":"https:\/\/www.justinian.com\/es\/wp-json\/wp\/v2\/pages"}],"about":[{"href":"https:\/\/www.justinian.com\/es\/wp-json\/wp\/v2\/types\/page"}],"author":[{"embeddable":true,"href":"https:\/\/www.justinian.com\/es\/wp-json\/wp\/v2\/users\/1"}],"replies":[{"embeddable":true,"href":"https:\/\/www.justinian.com\/es\/wp-json\/wp\/v2\/comments?post=545"}],"version-history":[{"count":7,"href":"https:\/\/www.justinian.com\/es\/wp-json\/wp\/v2\/pages\/545\/revisions"}],"predecessor-version":[{"id":5881,"href":"https:\/\/www.justinian.com\/es\/wp-json\/wp\/v2\/pages\/545\/revisions\/5881"}],"up":[{"embeddable":true,"href":"https:\/\/www.justinian.com\/es\/wp-json\/wp\/v2\/pages\/258"}],"wp:attachment":[{"href":"https:\/\/www.justinian.com\/es\/wp-json\/wp\/v2\/media?parent=545"}],"curies":[{"name":"wp","href":"https:\/\/api.w.org\/{rel}","templated":true}]}}