{"id":529,"date":"2020-10-15T17:26:40","date_gmt":"2020-10-15T17:26:40","guid":{"rendered":"https:\/\/www.justinian.com\/?page_id=529"},"modified":"2024-01-03T17:39:15","modified_gmt":"2024-01-03T23:39:15","slug":"products-liability-and-dangerous-products","status":"publish","type":"page","link":"https:\/\/www.justinian.com\/es\/como-resulto-herido\/responsabilidad-por-productos-y-productos-peligrosos\/","title":{"rendered":"Responsabilidad por productos y productos peligrosos"},"content":{"rendered":"<h2 class=\"wp-block-heading\" id=\"h-products-liability-injuries-in-texas\">Products Liability Injuries in Texas<\/h2>\n\n\n\n<p>The Central Texas region situated around Texas is known for its diverse manufacturing industry, producing everything from computers to candy bars to cowboy hats.<\/p>\n\n\n\n<p>Pero la cadena de suministro moderna es global, y con tantos bienes pasando por tantos lugares, que es probable que los productos tengan defectos. Desafortunadamente, los consumidores se lesionan, a veces incluso <a href=\"https:\/\/www.justinian.com\/es\/personal-injury\/wrongful-death\/\">fatalmente<\/a>.<\/p>\n\n\n\n<div class=\"wp-block-columns is-layout-flex wp-container-core-columns-is-layout-9d6595d7 wp-block-columns-is-layout-flex\">\n<div class=\"wp-block-column is-vertically-aligned-center is-layout-flow wp-block-column-is-layout-flow\">\n<h3 class=\"wp-block-heading\" id=\"h-strict-liability-for-defective-products-under-texas-law\">La responsabilidad estricta en Texas trata de proteger a los consumidores<\/h3>\n\n\n\n<p>Las personas y empresas que fabricaron o vendieron un producto defectuoso est\u00e1n en mejor posici\u00f3n que los consumidores para examinar el producto en busca de condiciones peligrosas. Los consumidores tienen menos experiencia con el producto y, a veces, pocas posibilidades de examinarlo.<\/p>\n\n\n\n<p>Es por eso que estados como Texas han adoptado un principio legal conocido como <em>responsabilidad objetiva<\/em>. <em>La responsabilidad estricta <\/em>hace que las empresas paguen por las lesiones causadas por el dise\u00f1o o la fabricaci\u00f3n defectuosos de sus productos.<\/p>\n<\/div>\n\n\n\n<div class=\"wp-block-column is-vertically-aligned-center is-layout-flow wp-block-column-is-layout-flow\" style=\"flex-basis:40%\">\n<figure class=\"wp-block-image size-large\"><img decoding=\"async\" width=\"540\" height=\"553\" src=\"https:\/\/www.justinian.com\/wp-content\/uploads\/2020\/10\/Strict-Liability-for-Defective-Products-under-Texas-Law.jpg\" alt=\"\" class=\"wp-image-786\" srcset=\"https:\/\/www.justinian.com\/wp-content\/uploads\/2020\/10\/Strict-Liability-for-Defective-Products-under-Texas-Law.jpg 540w, https:\/\/www.justinian.com\/wp-content\/uploads\/2020\/10\/Strict-Liability-for-Defective-Products-under-Texas-Law-527x540.jpg 527w\" sizes=\"(max-width: 540px) 100vw, 540px\" \/><\/figure>\n<\/div>\n<\/div>\n\n\n\n<h2 class=\"wp-block-heading\" id=\"h-strict-liability-in-texas-is-about-protecting-consumers\">La responsabilidad estricta en Texas se trata de proteger a los consumidores<\/h2>\n\n\n\n<p>La ley de responsabilidad de productos de Texas protege a los compradores y usuarios de productos materiales (incluidos los medicamentos) al hacer que el fabricante del producto sea financieramente responsable.<\/p>\n\n\n\n<p>Todos los fabricantes de un producto que da\u00f1e a una persona o propiedad como resultado del defecto del producto pueden ser responsables. Esto incluso incluye a los fabricantes de las piezas del producto.<\/p>\n\n\n\n<p>Las empresas que colocan el producto defectuoso en la corriente comercial tambi\u00e9n son responsables. Adem\u00e1s, la ley civil de Texas establece que los vendedores que alteren un producto de una manera que lo haga peligroso deben pagar por las lesiones causadas por esa alteraci\u00f3n.<\/p>\n\n\n\n<div class=\"wp-block-columns is-layout-flex wp-container-core-columns-is-layout-9d6595d7 wp-block-columns-is-layout-flex\">\n<div class=\"wp-block-column is-vertically-aligned-center is-layout-flow wp-block-column-is-layout-flow\" style=\"flex-basis:40%\">\n<figure class=\"wp-block-image size-large\"><img decoding=\"async\" width=\"540\" height=\"504\" src=\"https:\/\/www.justinian.com\/wp-content\/uploads\/2020\/10\/Other-Theories-of-Liability-for-Product-Defect-Injuries-in-Texas.jpg\" alt=\"\" class=\"wp-image-788\"\/><\/figure>\n<\/div>\n\n\n\n<div class=\"wp-block-column is-vertically-aligned-center is-layout-flow wp-block-column-is-layout-flow\">\n<h3 class=\"wp-block-heading\" id=\"h-other-theories-of-liability-for-product-defect-injuries-in-texas\">Otras teor\u00edas de responsabilidad por lesiones por defectos de productos en Texas<\/h3>\n\n\n\n<p>Existen otras teor\u00edas legales para obtener compensaci\u00f3n por lesiones por productos defectuosos, incluida la <a href=\"https:\/\/www.justinian.com\/es\/como-resulto-herido\/litigio-masivo-por-agravio\/\">negligence and breach of warranty.<\/a><\/p>\n\n\n\n<p>Pero la responsabilidad estricta brinda a los proveedores de productos y a las aseguradoras claridad para planificar con anticipaci\u00f3n utilizando estrategias de <a href=\"https:\/\/upscapital.com\/wp-content\/themes\/upscapital-mxen\/assets\/media\/managing-risk-in-the-global-supply-chain-eBook-english-10-2014.pdf\" target=\"_blank\" rel=\"noreferrer noopener\">gesti\u00f3n de riesgos<\/a> como <a href=\"https:\/\/books.google.com\/books?hl=en&amp;lr=&amp;id=s2jNZUcBq38C&amp;oi=fnd&amp;pg=PR7&amp;dq=do+lawsuits+reduce+defects&amp;ots=Hunj0MzZT2&amp;sig=o1YxMn4L3UTvcJ0u7AMb965CtR8#v=onepage&amp;q=insurance&amp;f=false\" target=\"_blank\" rel=\"noreferrer noopener\">seguros e indemnizaciones<\/a>, al tiempo que protege a los consumidores individuales que no tienen forma de saber que un producto es defectuoso.<\/p>\n<\/div>\n<\/div>\n\n\n\n<h3 class=\"wp-block-heading\" id=\"h-strict-liability-and-personal-injury-lawsuits-make-products-safer\">Las demandas de responsabilidad estricta y lesiones personales hacen que los productos sean m\u00e1s seguros<\/h3>\n\n\n\n<p><a href=\"https:\/\/statutes.capitol.texas.gov\/Docs\/CP\/htm\/CP.82.htm\" target=\"_blank\" rel=\"noreferrer noopener\">La ley de Texas<\/a> reconoce el desaf\u00edo de prevenir lesiones causadas por productos defectuosos.<\/p>\n\n\n\n<p>Por ejemplo, los productos a menudo se venden en cajas o empaques. Si un vendedor s\u00f3lo vendi\u00f3 una pieza defectuosa y no particip\u00f3 en su fabricaci\u00f3n, los fabricantes deben indemnizar al vendedor contra la demanda de un consumidor lesionado.<\/p>\n\n\n\n<p>Otros productos (como la dinamita) son intr\u00ednsecamente inseguros. Seg\u00fan el estatuto de responsabilidad de productos de Texas, los fabricantes pueden no ser responsables de las lesiones causadas por un <a href=\"https:\/\/statutes.capitol.texas.gov\/Docs\/CP\/htm\/CP.82.htm\" target=\"_blank\" rel=\"noreferrer noopener\">producto intr\u00ednsecamente inseguro<\/a> siempre que el consumidor reciba una <a href=\"https:\/\/statutes.capitol.texas.gov\/Docs\/CP\/htm\/CP.82.htm\" target=\"_blank\" rel=\"noreferrer noopener\">advertencia<\/a> suficiente de que el producto no es seguro.<\/p>\n\n\n\n<p>Pero muchos productos comunes eran <a href=\"https:\/\/scholar.valpo.edu\/cgi\/viewcontent.cgi?article=1141&amp;context=vulr\" target=\"_blank\" rel=\"noreferrer noopener\">incluso menos seguros<\/a> antes de las leyes de responsabilidad estricta, porque la negligencia y las leyes contractuales por s\u00ed solas <a href=\"https:\/\/scholar.valpo.edu\/cgi\/viewcontent.cgi?article=1141&amp;context=vulr\" target=\"_blank\" rel=\"noreferrer noopener\">no proteg\u00edan a los consumidores<\/a>.<\/p>\n\n\n                    <!-- .FREE CASE EVALUATION - start -->\r\n                    <div class=\"free-case-evaluation-cta my-4 my-lg-5\">\r\n                        \n<div class=\"wpcf7 no-js\" id=\"wpcf7-f1454-o2\" lang=\"en-US\" dir=\"ltr\" data-wpcf7-id=\"1454\">\n<div class=\"screen-reader-response\"><p role=\"status\" aria-live=\"polite\" aria-atomic=\"true\"><\/p> <ul><\/ul><\/div>\n<form action=\"\/es\/wp-json\/wp\/v2\/pages\/529#wpcf7-f1454-o2\" method=\"post\" class=\"wpcf7-form init\" aria-label=\"Contact form\" novalidate=\"novalidate\" data-status=\"init\" data-trp-original-action=\"\/es\/wp-json\/wp\/v2\/pages\/529#wpcf7-f1454-o2\">\n<fieldset class=\"hidden-fields-container\"><input type=\"hidden\" name=\"_wpcf7\" value=\"1454\" \/><input type=\"hidden\" name=\"_wpcf7_version\" value=\"6.1.4\" \/><input type=\"hidden\" name=\"_wpcf7_locale\" value=\"en_US\" \/><input type=\"hidden\" name=\"_wpcf7_unit_tag\" value=\"wpcf7-f1454-o2\" \/><input type=\"hidden\" name=\"_wpcf7_container_post\" value=\"0\" \/><input type=\"hidden\" name=\"_wpcf7_posted_data_hash\" value=\"\" \/><input type=\"hidden\" name=\"_wpcf7_recaptcha_response\" value=\"\" \/>\n<\/fieldset>\n<div class=\"text-center\">\n\t<h2 class=\"title\"><strong>GRATIS<\/strong> EVALUACION DE CASO\n\t<\/h2>\n<\/div>\n<div class=\"form-row\">\n\t<div class=\"col-12 col-sm-6\">\n\t\t<div class=\"form-group\">\n\t\t\t<p><span class=\"wpcf7-form-control-wrap\" data-name=\"your-name\"><input size=\"40\" maxlength=\"400\" class=\"wpcf7-form-control wpcf7-text wpcf7-validates-as-required form-control\" aria-required=\"true\" aria-invalid=\"false\" placeholder=\"Nombre\" value=\"\" type=\"text\" name=\"your-name\" \/><\/span>\n\t\t\t<\/p>\n\t\t<\/div>\n\t<\/div>\n\t<div class=\"col-12 col-sm-6\">\n\t\t<div class=\"form-group\">\n\t\t\t<p><span class=\"wpcf7-form-control-wrap\" data-name=\"your-phone\"><input size=\"40\" maxlength=\"400\" class=\"wpcf7-form-control wpcf7-text wpcf7-validates-as-required form-control\" aria-required=\"true\" aria-invalid=\"false\" placeholder=\"N\u00famero de Tel\u00e9fono\" value=\"\" type=\"text\" name=\"your-phone\" \/><\/span>\n\t\t\t<\/p>\n\t\t<\/div>\n\t<\/div>\n<\/div>\n<div class=\"form-row\">\n\t<div class=\"col-12 col-sm-6\">\n\t\t<div class=\"form-group\">\n\t\t\t<p><span class=\"wpcf7-form-control-wrap\" data-name=\"your-email\"><input size=\"40\" maxlength=\"400\" class=\"wpcf7-form-control wpcf7-email wpcf7-validates-as-required wpcf7-text wpcf7-validates-as-email form-control\" aria-required=\"true\" aria-invalid=\"false\" placeholder=\"E-mail\" value=\"\" type=\"email\" name=\"your-email\" \/><\/span>\n\t\t\t<\/p>\n\t\t<\/div>\n\t<\/div>\n\t<div class=\"col-12 col-sm-6\">\n\t\t<div class=\"form-group d-flex align-items-center justify-content-between\">\n\t\t\t<p><span class=\"mb-0 label\">Comun\u00edquese con<br \/>\ncontacto<\/span><span class=\"wpcf7-form-control-wrap\" data-name=\"contact-method\"><span class=\"wpcf7-form-control wpcf7-radio radio-custom\"><span class=\"wpcf7-list-item first\"><label><input type=\"radio\" name=\"contact-method\" value=\"Call\" checked=\"checked\" \/><span class=\"wpcf7-list-item-label\">Llamada<\/span><\/label><\/span><span class=\"wpcf7-list-item\"><label><input type=\"radio\" name=\"contact-method\" value=\"Text\" \/><span class=\"wpcf7-list-item-label\">Texto<\/span><\/label><\/span><span class=\"wpcf7-list-item last\"><label><input type=\"radio\" name=\"contact-method\" value=\"E-mail\" \/><span class=\"wpcf7-list-item-label\">Email<\/span><\/label><\/span><\/span><\/span>\n\t\t\t<\/p>\n\t\t<\/div>\n\t<\/div>\n<\/div>\n<div class=\"form-group\">\n\t<p><label for=\"aboutcase\" class=\"text-uppercase\"><strong>\u00bfC\u00f3mo podemos ayudarle?<\/strong><\/label><br \/>\n<span class=\"wpcf7-form-control-wrap\" data-name=\"your-case\"><textarea cols=\"40\" rows=\"10\" maxlength=\"2000\" class=\"wpcf7-form-control wpcf7-textarea wpcf7-validates-as-required form-control\" aria-required=\"true\" aria-invalid=\"false\" placeholder=\"Cu\u00e9ntenos su caso\" name=\"your-case\"><\/textarea><\/span>\n\t<\/p>\n<\/div>\n<div class=\"text-center\">\n\t<p><input class=\"wpcf7-form-control wpcf7-submit has-spinner btn btn-wa btn-primary\" type=\"submit\" value=\"CONSIGA AYUDA AHORA\" \/>\n\t<\/p>\n<\/div><div class=\"wpcf7-response-output\" aria-hidden=\"true\"><\/div>\n<input type=\"hidden\" name=\"trp-form-language\" value=\"es\"\/><\/form>\n<\/div>\n                    <\/div>\r\n                    <!-- .FREE CASE EVALUATION - end -->\n\n\n\n<h2 class=\"wp-block-heading\" id=\"h-a-texas-products-liability-attorney-can-help-get-compensation-for-your-injury\">A Texas Products Liability Attorney Can Help Get Compensation For Your Injury<\/h2>\n\n\n\n<p>Manufacturers and insurance companies frequently try to deny responsibility or offer lowball settlements that may not even cover a victim\u2019s injuries. But experienced Texas personal injury attorneys like Justinian &amp; Associates know the methods and loopholes they use.<\/p>\n\n\n\n<p>No es de extra\u00f1ar que los estudios muestren que las personas que est\u00e1n representadas por un abogado de lesiones personales de Texas obtienen una compensaci\u00f3n mucho mayor por sus lesiones que las que se representan a s\u00ed mismas.<\/p>\n\n\n\n<h3 class=\"wp-block-heading\" id=\"h-a-texas-products-liability-attorney-with-a-record-of-success\">A Texas Products Liability Attorney with a Record of Success<\/h3>\n\n\n\n<p>Desde asuntos de lesiones personales menores hasta <a href=\"https:\/\/www.justinian.com\/es\/mass-torts\/\">litigios por agravios masivos<\/a> que involucran a cientos de consumidores lesionados, Justinian &amp; Associates ha luchado por miles de clientes lesionados por veh\u00edculos defectuosos y partes automotrices como llantas <a href=\"https:\/\/www.justinian.com\/es\/mass-torts\/defective-medical-devices\/\">defectuosas , dispositivos m\u00e9dicos defectuosos o retirados del mercado<\/a>, <a href=\"https:\/\/www.justinian.com\/es\/como-resulto-herido\/litigio-masivo-por-agravio\/\">medicamentos farmac\u00e9uticos peligrosos<\/a>, productos qu\u00edmicos peligrosos y bienes de consumo.<\/p>\n\n\n\n<p>Justinian &amp; Associates has a roster of highly-trained and seasoned personal injury lawyers who will build your case using investigators, advanced technology like computer modeling and testimony from health and engineering experts.<\/p>\n\n\n\n<p>Podemos demostrar las formas exactas en que un producto fue inseguro y lo lastim\u00f3, y por qu\u00e9 el fabricante, el vendedor o la compa\u00f1\u00eda de seguros deben compensar sus lesiones, incluida la reparaci\u00f3n o reemplazo, facturas m\u00e9dicas, trabajo perdido o da\u00f1os no econ\u00f3micos como dolor f\u00edsico y sufrimiento emocional.<\/p>\n\n\n\n<h3 class=\"wp-block-heading\" id=\"h-discussing-your-case-costs-nothing-but-might-mean-everything\">Hablar de su caso no cuesta nada, pero puede significar todo<\/h3>\n\n\n\n<div class=\"wp-block-columns is-layout-flex wp-container-core-columns-is-layout-9d6595d7 wp-block-columns-is-layout-flex\">\n<div class=\"wp-block-column is-vertically-aligned-center is-layout-flow wp-block-column-is-layout-flow\" style=\"flex-basis:40%\">\n<figure class=\"wp-block-image size-large\"><img decoding=\"async\" width=\"540\" height=\"277\" src=\"https:\/\/www.justinian.com\/wp-content\/uploads\/2020\/10\/Discussing-Your-Case-Costs-Nothing-But-Might-Mean-Everything.jpg\" alt=\"\" class=\"wp-image-789\"\/><\/figure>\n<\/div>\n\n\n\n<div class=\"wp-block-column is-vertically-aligned-center is-layout-flow wp-block-column-is-layout-flow\">\n<p>Justinian &amp; Associates ofrece una consulta absolutamente gratuita con uno de nuestros dedicados abogados, que escuchar\u00e1 todos los detalles de su caso y le informar\u00e1 sus opciones. Debido a que trabajamos sobre la base de una tarifa de contingencia, nuestro pago depende de si recuperamos dinero para usted o no. Entonces, si trabajamos en su caso y fallamos, no debe ni un centavo.<\/p>\n<\/div>\n<\/div>\n\n\n\n<p>Cada caso es \u00fanico, con diferentes detalles, y lo que importa es qu\u00e9 tan bien el demandante puede presentar los hechos y explicar que la ley est\u00e1 de su lado. Todo comienza con una consulta gratuita, disponible 24 horas al d\u00eda, 7 d\u00edas a la semana.<\/p>\n\n\n\n<div class=\"wp-block-columns is-layout-flex wp-container-core-columns-is-layout-9d6595d7 wp-block-columns-is-layout-flex\">\n<div class=\"wp-block-column is-vertically-aligned-center is-layout-flow wp-block-column-is-layout-flow\">\n<h3 class=\"wp-block-heading\" id=\"h-warriors-for-the-injured\">Guerreros para los heridos&nbsp;&nbsp;&nbsp;&nbsp;<\/h3>\n\n\n\n<p>Ninguna cantidad de dinero puede reemplazar a un ser querido o revertir una lesi\u00f3n o enfermedad debilitante.<\/p>\n\n\n\n<p>Pero un acuerdo puede ayudar a pagar sus facturas m\u00e9dicas, salarios perdidos o propiedad da\u00f1ada.<\/p>\n\n\n\n<p>Si sufre de dolor f\u00edsico o emocional como resultado de sus lesiones, la compensaci\u00f3n de las corporaciones que fabricaron y vendieron el producto defectuoso puede ayudarlo a obtener apoyo terap\u00e9utico y otra asistencia necesaria para hacer frente a las consecuencias de su lesi\u00f3n y trauma.<\/p>\n<\/div>\n\n\n\n<div class=\"wp-block-column is-vertically-aligned-center is-layout-flow wp-block-column-is-layout-flow\" style=\"flex-basis:40%\">\n<figure class=\"wp-block-image size-large\"><img decoding=\"async\" width=\"540\" height=\"569\" src=\"https:\/\/www.justinian.com\/wp-content\/uploads\/2020\/10\/Warriors-For-The-Injured.jpg\" alt=\"\" class=\"wp-image-790\" srcset=\"https:\/\/www.justinian.com\/wp-content\/uploads\/2020\/10\/Warriors-For-The-Injured.jpg 540w, https:\/\/www.justinian.com\/wp-content\/uploads\/2020\/10\/Warriors-For-The-Injured-512x540.jpg 512w\" sizes=\"(max-width: 540px) 100vw, 540px\" \/><\/figure>\n<\/div>\n<\/div>\n\n\n\n<p>Adem\u00e1s de recuperar el apoyo financiero para nuestros clientes, tambi\u00e9n esperamos enviar un mensaje a las grandes corporaciones.<\/p>\n\n\n\n<p>Lamentablemente, a veces las ganancias se anteponen a la seguridad, y al aumentar la conciencia p\u00fablica sobre un producto peligroso y obligar a los fabricantes a rectificarse, el trabajo que hacemos juntos puede evitar que la misma tragedia le suceda a otra persona.<\/p>\n\n\n\n<p>If you have been injured by a defective product in Texas or San Antonio, then call, text or email Justinian &amp; Associates. There is no obligation.<\/p>"},"excerpt":{"rendered":"<p>Products Liability Injuries in Texas The Central Texas region situated around Texas is known for its diverse manufacturing industry, producing everything from computers to candy bars to cowboy hats. But the modern supply chain is global, and with so many goods passing through so many places, products are bound to have defects. Unfortunately consumers get [&#8230;]<\/p>\n<p><a class=\"btn btn-secondary understrap-read-more-link\" href=\"https:\/\/www.justinian.com\/es\/como-resulto-herido\/responsabilidad-por-productos-y-productos-peligrosos\/\">Leer m\u00e1s&#8230;<\/a><\/p>","protected":false},"author":1,"featured_media":0,"parent":258,"menu_order":22,"comment_status":"closed","ping_status":"closed","template":"page-templates\/page-sidebar-template.php","meta":{"_acf_changed":false,"ub_ctt_via":"","footnotes":""},"class_list":["post-529","page","type-page","status-publish","hentry"],"acf":[],"featured_image_src":null,"_links":{"self":[{"href":"https:\/\/www.justinian.com\/es\/wp-json\/wp\/v2\/pages\/529","targetHints":{"allow":["GET"]}}],"collection":[{"href":"https:\/\/www.justinian.com\/es\/wp-json\/wp\/v2\/pages"}],"about":[{"href":"https:\/\/www.justinian.com\/es\/wp-json\/wp\/v2\/types\/page"}],"author":[{"embeddable":true,"href":"https:\/\/www.justinian.com\/es\/wp-json\/wp\/v2\/users\/1"}],"replies":[{"embeddable":true,"href":"https:\/\/www.justinian.com\/es\/wp-json\/wp\/v2\/comments?post=529"}],"version-history":[{"count":2,"href":"https:\/\/www.justinian.com\/es\/wp-json\/wp\/v2\/pages\/529\/revisions"}],"predecessor-version":[{"id":5944,"href":"https:\/\/www.justinian.com\/es\/wp-json\/wp\/v2\/pages\/529\/revisions\/5944"}],"up":[{"embeddable":true,"href":"https:\/\/www.justinian.com\/es\/wp-json\/wp\/v2\/pages\/258"}],"wp:attachment":[{"href":"https:\/\/www.justinian.com\/es\/wp-json\/wp\/v2\/media?parent=529"}],"curies":[{"name":"wp","href":"https:\/\/api.w.org\/{rel}","templated":true}]}}