{"id":4881,"date":"2022-04-21T21:32:25","date_gmt":"2022-04-21T21:32:25","guid":{"rendered":"https:\/\/www.justinian.com\/?page_id=4881"},"modified":"2022-04-21T21:45:01","modified_gmt":"2022-04-21T21:45:01","slug":"cedar-park-personal-injury-lawyer","status":"publish","type":"page","link":"https:\/\/www.justinian.com\/es\/cedar-park-abogado-de-lesiones-personales\/","title":{"rendered":"Abogados de lesiones personales en Cedar Park"},"content":{"rendered":"<p>El bufete de abogados de lesiones personales de Cedar Park de Justinian &amp; Associates lucha exclusivamente por las v\u00edctimas lesionadas. Luchar contra los matones y las compa\u00f1\u00edas de seguros que no cooperan es nuestro fuerte. <a href=\"https:\/\/www.justinian.com\/es\/resultados-de-casos\/\" target=\"_blank\" rel=\"noreferrer noopener\">Asegurar millones de d\u00f3lares<\/a> para nuestros clientes y hacer justicia es nuestra base. Cuando \"buscar un abogado de lesiones cerca de m\u00ed\" es lo m\u00e1s importante, perm\u00edtanos ser su primer contacto.<\/p>\n\n\n\n<p>Por qu\u00e9 <a href=\"#contact-us-form\">contactarnos<\/a>? Para empezar, ofrecemos una consulta totalmente gratuita y sin compromiso con un abogado experimentado en lesiones personales. No es un \"cribador\" como otras empresas. Escucharemos los detalles de su caso de lesiones personales y le explicaremos sus derechos seg\u00fan las leyes de EE. UU. y Texas. Y a menos que le consigamos una compensaci\u00f3n, no paga nada.<\/p>\n\n\n\n<p><a href=\"#contact-us-form\">Cont\u00e1ctenos<\/a> para una evaluaci\u00f3n gratuita de su caso. Estamos aqu\u00ed para escuchar 24\/7.<\/p>"},"excerpt":{"rendered":"<p>The Cedar Park personal injury law firm of Justinian &amp; Associates fights exclusively for injured victims. Battling bullies and uncooperative insurance companies is our forte. Securing millions of dollars for our clients and seeing that justice is done is our foundation. When &#8220;looking for an injury lawyer near me&#8221; is top of mind, let us [&#8230;]<\/p>\n<p><a class=\"btn btn-secondary understrap-read-more-link\" href=\"https:\/\/www.justinian.com\/es\/cedar-park-abogado-de-lesiones-personales\/\">Leer m\u00e1s&#8230;<\/a><\/p>","protected":false},"author":2,"featured_media":127,"parent":0,"menu_order":73,"comment_status":"closed","ping_status":"closed","template":"page-templates\/landing-cities.php","meta":{"_acf_changed":false,"ub_ctt_via":"","footnotes":""},"class_list":["post-4881","page","type-page","status-publish","has-post-thumbnail","hentry"],"acf":[],"featured_image_src":"https:\/\/www.justinian.com\/wp-content\/uploads\/2020\/09\/pano2.jpg","_links":{"self":[{"href":"https:\/\/www.justinian.com\/es\/wp-json\/wp\/v2\/pages\/4881","targetHints":{"allow":["GET"]}}],"collection":[{"href":"https:\/\/www.justinian.com\/es\/wp-json\/wp\/v2\/pages"}],"about":[{"href":"https:\/\/www.justinian.com\/es\/wp-json\/wp\/v2\/types\/page"}],"author":[{"embeddable":true,"href":"https:\/\/www.justinian.com\/es\/wp-json\/wp\/v2\/users\/2"}],"replies":[{"embeddable":true,"href":"https:\/\/www.justinian.com\/es\/wp-json\/wp\/v2\/comments?post=4881"}],"version-history":[{"count":3,"href":"https:\/\/www.justinian.com\/es\/wp-json\/wp\/v2\/pages\/4881\/revisions"}],"predecessor-version":[{"id":4884,"href":"https:\/\/www.justinian.com\/es\/wp-json\/wp\/v2\/pages\/4881\/revisions\/4884"}],"wp:featuredmedia":[{"embeddable":true,"href":"https:\/\/www.justinian.com\/es\/wp-json\/wp\/v2\/media\/127"}],"wp:attachment":[{"href":"https:\/\/www.justinian.com\/es\/wp-json\/wp\/v2\/media?parent=4881"}],"curies":[{"name":"wp","href":"https:\/\/api.w.org\/{rel}","templated":true}]}}