{"id":316,"date":"2020-10-12T22:49:08","date_gmt":"2020-10-12T22:49:08","guid":{"rendered":"https:\/\/www.justinian.com\/?page_id=316"},"modified":"2024-01-03T17:39:25","modified_gmt":"2024-01-03T23:39:25","slug":"attorneys","status":"publish","type":"page","link":"https:\/\/www.justinian.com\/es\/abogados\/","title":{"rendered":"ABOGADOS"},"content":{"rendered":"<h2 class=\"wp-block-heading\" id=\"h-warriors-for-the-injured\">Guerreros para los heridos<\/h2>\n\n\n\n<p>La misi\u00f3n de nuestra firma siempre ha sido m\u00e1s que ganar dinero o entablar demandas.<\/p>\n\n\n\n<p>Como abogados experimentados que han luchado contra ej\u00e9rcitos de abogados que trabajan para empresas de miles de millones de d\u00f3lares, sabemos que el sistema legal a menudo es desequilibrado.<\/p>\n\n\n\n<p>Cada uno de nosotros ha visto de cerca c\u00f3mo las personas con pocos recursos o conexiones se quedan con lesiones corporales y monta\u00f1as de facturas, mientras que la persona o empresa bien financiada que los lastim\u00f3 niega su responsabilidad.<\/p>\n\n\n\n<p>Por eso se fund\u00f3 Justinian &amp; Associates.&nbsp;<em>Para que sea una pelea justa<\/em>.<\/p>\n\n\n<div class=\"personal-nav mb-4 mt-4 mt-lg-5\">\n    <div class=\"personal\">\n        <h4 class=\"personal-name\">Justinian C. Lane<\/h4>\n        <div class=\"bg-personal\"><\/div>\n        <img decoding=\"async\" src=\"https:\/\/seamus.securedserverspace.com\/~justinia\/wp-content\/uploads\/2021\/01\/Justinian-Lane-Attorneys-slide-174x120-1.png\"\n            alt=\"\" \/>\n    <\/div>\n\n    <div class=\"personal\">\n        <h4 class=\"personal-name\">Amber M.<\/h4>\n        <div class=\"bg-personal\"><\/div>\n        <img decoding=\"async\" src=\"https:\/\/seamus.securedserverspace.com\/~justinia\/wp-content\/uploads\/2021\/01\/Justinian-Amber-Attorneys-slide-174x120-1.png\"\n            alt=\"\" \/>\n    <\/div>\n\n<\/div>\n\n<div class=\"personal-reel mb-0\">\n    <div>\n        <div class=\"personal-bio wp-block-columns align-items-center\">\n            <div class=\"wp-block-column\">\n                <h2>Justinian C. Lane, <small>Propietario<\/small><\/h2>\n                <p>Nuestra firma tiene como objetivo lograr justicia para nuestros clientes, sea lo que sea que eso signifique para ellos.<\/p>\n                <p>Ese objetivo proviene de nuestro fundador, Justinian Lane.<\/p>\n                <p>Como todos nuestros abogados, Justinian es impulsado primero por experiencias personales con la injusticia. Al crecer en Texas, varios de sus familiares mayores murieron debido a la exposici\u00f3n al asbesto, as\u00ed como a medicamentos recetados defectuosos.<\/p>\n                <p>Las dolorosas experiencias por las que pas\u00f3 Justinian le han dado una perspectiva \u00fanica sobre las necesidades de quienes acuden a su firma.<\/p>\n                <a href=\"https:\/\/www.justinian.com\/es\/abogados\/justinian-c-lane\/\" class=\"btn btn-outline-secondary\">Aprende m\u00e1s<\/a>\n            <\/div>\n            <div class=\"wp-block-column\" style=\"flex-basis:40%;\">\n                <figure class=\"wp-block-image size-large\"><img decoding=\"async\"\n                        src=\"https:\/\/seamus.securedserverspace.com\/~justinia\/wp-content\/uploads\/2021\/01\/justinian-Lane-Attorneys-740x890-1.png\"\n                        alt=\"\" class=\"img-fluid\"><\/figure>\n            <\/div>\n        <\/div>\n    <\/div>\n    <div>\n        <div class=\"personal-bio wp-block-columns align-items-center\">\n            <div class=\"wp-block-column\">\n                <h2>Amber M. Pang Parra, <small>Socio Gerente<\/small><\/h2>\n                <p>Amber M. Pang Parra puede tener nuestro mejor reclamo de ser una verdadera guerrera por los heridos. Eso es porque tiene un cintur\u00f3n negro de tercer grado en Tae Kwon Do, compitiendo en torneos de artes marciales en todo el mundo y en un momento ostentando el t\u00edtulo nacional por romper el poder femenino de los tablones de madera.<\/p>\n                <p>El enfoque principal de Amber son los agravios masivos, donde se gu\u00eda por el deseo de ayudar a los muchos individuos marginados y de bajos ingresos que se ven perjudicados por el descuido y la codicia de demasiados intereses corporativos.<\/p>\n                <a href=\"https:\/\/www.justinian.com\/es\/abogados\/amber-m-pang-parra\/\" class=\"btn btn-outline-secondary\">Aprende m\u00e1s<\/a>\n            <\/div>\n            <div class=\"wp-block-column\" style=\"flex-basis:40%;\">\n                <figure class=\"wp-block-image size-large\"><img decoding=\"async\"\n                        src=\"https:\/\/seamus.securedserverspace.com\/~justinia\/wp-content\/uploads\/2021\/01\/justinian-Amber-Attorneys-740x890-1.png\"\n                        alt=\"\" class=\"img-fluid\"><\/figure>\n            <\/div>\n        <\/div>\n    <\/div>\n<\/div>\n\n\n\n<h2 class=\"wp-block-heading\" id=\"h-a-texas-personal-injury-law-firm-that-knows-what-you-re-up-against\">A Texas Personal Injury Law Firm That Knows What You\u2019re Up Against<\/h2>\n\n\n\n<p>Cuando se enfrenta a una compa\u00f1\u00eda farmac\u00e9utica o de seguros de mil millones de d\u00f3lares, se enfrentar\u00e1 a un batall\u00f3n de abogados, utilizando todos los trucos legales que conocen para retrasar el caso o hacer que se desestime su reclamo.<\/p>\n\n\n\n<p>In addition, many injured victims aren\u2019t even in the condition to speak with an insurance company, much less prepare and file a lawsuit. That\u2019s why to speak with a Texas personal injury attorney at Justinian &amp; Associates.<\/p>\n\n\n\n<h3 class=\"wp-block-heading\" id=\"h-personal-injury-lawsuits-can-be-complex-to-prove-by-yourself\">Las demandas por lesiones personales pueden ser complejas de probar por s\u00ed mismo<\/h3>\n\n\n\n<p>Ganar una demanda por lesiones personales en Texas puede implicar probar que una persona o empresa fue descuidada o no advirti\u00f3 adecuadamente a las personas sobre los riesgos potenciales.<\/p>\n\n\n\n<p>Depending on the Texas personal injury lawsuit, a particular case might involve:<\/p>\n\n\n\n<div class=\"wp-block-columns is-layout-flex wp-container-core-columns-is-layout-9d6595d7 wp-block-columns-is-layout-flex\">\n<div class=\"wp-block-column is-vertically-aligned-center is-layout-flow wp-block-column-is-layout-flow\">\n<h4 class=\"wp-block-heading\" id=\"h-federal-and-texas-legal-knowledge\">Conocimientos legales federales y de Texas<\/h4>\n\n\n\n<ul class=\"check-list wp-block-list\">\n<li>Leyes de responsabilidad civil de Texas<\/li>\n\n\n\n<li>Reglas de prueba<\/li>\n\n\n\n<li>Ley de seguros de Texas<\/li>\n\n\n\n<li>Jurisprudencia de Texas<\/li>\n\n\n\n<li>Leyes de tr\u00e1fico estatales y locales<\/li>\n\n\n\n<li>Regulaciones federales de salud y seguridad<\/li>\n<\/ul>\n<\/div>\n\n\n\n<div class=\"wp-block-column is-layout-flow wp-block-column-is-layout-flow\" style=\"flex-basis:45%\">\n<figure class=\"wp-block-image size-medium\"><img decoding=\"async\" width=\"540\" height=\"360\" src=\"https:\/\/www.justinian.com\/wp-content\/uploads\/2020\/10\/federal-and-texas-legal-knowledge-1-540x360.jpg\" alt=\"\" class=\"wp-image-317\" srcset=\"https:\/\/www.justinian.com\/wp-content\/uploads\/2020\/10\/federal-and-texas-legal-knowledge-1-540x360.jpg 540w, https:\/\/www.justinian.com\/wp-content\/uploads\/2020\/10\/federal-and-texas-legal-knowledge-1-768x512.jpg 768w, https:\/\/www.justinian.com\/wp-content\/uploads\/2020\/10\/federal-and-texas-legal-knowledge-1-1536x1024.jpg 1536w, https:\/\/www.justinian.com\/wp-content\/uploads\/2020\/10\/federal-and-texas-legal-knowledge-1.jpg 1680w\" sizes=\"(max-width: 540px) 100vw, 540px\" \/><\/figure>\n<\/div>\n<\/div>\n\n\n\n<div class=\"wp-block-columns is-layout-flex wp-container-core-columns-is-layout-9d6595d7 wp-block-columns-is-layout-flex\">\n<div class=\"wp-block-column is-layout-flow wp-block-column-is-layout-flow\" style=\"flex-basis:45%\">\n<figure class=\"wp-block-image size-large\"><img decoding=\"async\" width=\"1680\" height=\"1120\" src=\"https:\/\/www.justinian.com\/wp-content\/uploads\/2020\/10\/gathering-Evidence-1.jpg\" alt=\"\" class=\"wp-image-318\" srcset=\"https:\/\/www.justinian.com\/wp-content\/uploads\/2020\/10\/gathering-Evidence-1.jpg 1680w, https:\/\/www.justinian.com\/wp-content\/uploads\/2020\/10\/gathering-Evidence-1-540x360.jpg 540w, https:\/\/www.justinian.com\/wp-content\/uploads\/2020\/10\/gathering-Evidence-1-768x512.jpg 768w, https:\/\/www.justinian.com\/wp-content\/uploads\/2020\/10\/gathering-Evidence-1-1536x1024.jpg 1536w\" sizes=\"(max-width: 1680px) 100vw, 1680px\" \/><\/figure>\n<\/div>\n\n\n\n<div class=\"wp-block-column is-vertically-aligned-center is-layout-flow wp-block-column-is-layout-flow\">\n<h4 class=\"wp-block-heading\" id=\"h-gathering-evidence\">Recopilaci\u00f3n de pruebas<\/h4>\n\n\n\n<ul class=\"check-list wp-block-list\">\n<li>Publicaciones y documentos corporativos<\/li>\n\n\n\n<li>Estudios cient\u00edficos (m\u00e9dicos, ingenier\u00eda)<\/li>\n\n\n\n<li>Informes de la Administraci\u00f3n de Alimentos y Medicamentos<\/li>\n\n\n\n<li>Investigaciones de evidencia material (marcas de deslizamiento en la carretera, equipo defectuoso, propiedad da\u00f1ada)<\/li>\n<\/ul>\n<\/div>\n<\/div>\n\n\n\n<div class=\"wp-block-columns is-layout-flex wp-container-core-columns-is-layout-9d6595d7 wp-block-columns-is-layout-flex\">\n<div class=\"wp-block-column is-vertically-aligned-center is-layout-flow wp-block-column-is-layout-flow\">\n<h4 class=\"wp-block-heading\" id=\"h-expert-testimony-on-subjects-including\">Testimonio de expertos sobre temas que incluyen:<\/h4>\n\n\n\n<ul class=\"check-list wp-block-list\">\n<li>Informaci\u00f3n m\u00e9dica \/ epidemiolog\u00eda<\/li>\n\n\n\n<li>Ingenier\u00eda mec\u00e1nica \/ qu\u00edmica (en caso de falla mec\u00e1nica o medicamentos y equipos m\u00e9dicos defectuosos)<\/li>\n\n\n\n<li>Experiencia en colisiones (accidentes automovil\u00edsticos y de motocicleta, veh\u00edculos de 18 ruedas)<\/li>\n\n\n\n<li>Fabricaci\u00f3n (por ejemplo, productos defectuosos)<\/li>\n\n\n\n<li>Econom\u00eda (predecir la p\u00e9rdida de ingresos de una v\u00edctima lesionada)<\/li>\n<\/ul>\n<\/div>\n\n\n\n<div class=\"wp-block-column is-layout-flow wp-block-column-is-layout-flow\" style=\"flex-basis:45%\">\n<figure class=\"wp-block-image size-medium\"><img decoding=\"async\" width=\"540\" height=\"504\" src=\"https:\/\/www.justinian.com\/wp-content\/uploads\/2020\/10\/expert-Testimony-on-Subjects-Including-1-540x504.jpg\" alt=\"\" class=\"wp-image-319\" srcset=\"https:\/\/www.justinian.com\/wp-content\/uploads\/2020\/10\/expert-Testimony-on-Subjects-Including-1-540x504.jpg 540w, https:\/\/www.justinian.com\/wp-content\/uploads\/2020\/10\/expert-Testimony-on-Subjects-Including-1-768x717.jpg 768w, https:\/\/www.justinian.com\/wp-content\/uploads\/2020\/10\/expert-Testimony-on-Subjects-Including-1-1536x1435.jpg 1536w, https:\/\/www.justinian.com\/wp-content\/uploads\/2020\/10\/expert-Testimony-on-Subjects-Including-1.jpg 1680w\" sizes=\"(max-width: 540px) 100vw, 540px\" \/><\/figure>\n<\/div>\n<\/div>\n\n\n\n<p><strong>Esto no es f\u00e1cil, especialmente cuando las compa\u00f1\u00edas de seguros, farmac\u00e9uticas y de fabricaci\u00f3n se presentan con un ej\u00e9rcito de abogados.<\/strong><\/p>\n\n\n\n<h3 class=\"wp-block-heading\" id=\"h-filing-a-lawsuit-is-also-expensive\">Presentar una demanda tambi\u00e9n es costoso<\/h3>\n\n\n\n<p>Las demandas implican honorarios judiciales, investigaci\u00f3n, costos de investigaci\u00f3n y redacci\u00f3n y, en muchos casos, testigos expertos que deben ser pagados por su tiempo.<\/p>\n\n\n\n<p>En Justinian &amp; Associates trabajamos de manera contingente. Eso significa que ponemos el dinero para la demanda, para que usted no tenga que hacerlo. Y no aceptamos la derrota.<\/p>\n\n\n\n<p>A menos que ganemos dinero por sus lesiones, <em>no nos paga ni un centavo<\/em>.<\/p>\n\n\n\n<h3 class=\"wp-block-heading\" id=\"h-we-are-warriors-for-the-injured\">Somos guerreros para los heridos<\/h3>\n\n\n\n<p>Unless you have a Texas personal injury attorney fighting for you, the person or companies that injured you because of carelessness or greed can often get away with it.<\/p>\n\n\n\n<p>Incluso cuando est\u00e1 claro que la v\u00edctima lesionada no hizo nada malo, las compa\u00f1\u00edas de seguros (como todas las empresas) intentan aumentar las ganancias ofreciendo lo menos posible. De hecho, muchos de nuestros clientes recibieron ofertas de liquidaci\u00f3n que ni siquiera cubrir\u00edan sus facturas m\u00e9dicas.<\/p>\n\n\n\n<p>Es decir, hasta que empezamos a hacer las llamadas telef\u00f3nicas.<\/p>\n\n\n\n<p>Como&nbsp;<a href=\"https:\/\/www.justinian.com\/es\/resultados-de-casos\/\">nuestro historial<\/a>&nbsp;, tenemos el conocimiento legal, la experiencia, los recursos e investigadores capacitados para enfrentar a adversarios de cualquier tama\u00f1o.<\/p>\n\n\n\n<p>Todo lo que Justinian &amp; Associates hace es luchar por las v\u00edctimas heridas. Nuestro \u00fanico objetivo es la justicia para nuestros clientes, sea lo que sea que eso signifique para ellos.<\/p>\n\n\n\n<h3 class=\"wp-block-heading\" id=\"h-your-rights-can-be-lost-if-you-wait\">Sus derechos pueden perderse si espera<\/h3>\n\n\n\n<p>Existen leyes que limitan la cantidad de tiempo que tiene para presentar una demanda despu\u00e9s de sufrir una lesi\u00f3n. Se conocen como&nbsp;<em>estatutos de prescripci\u00f3n<\/em>. Es posible que se apliquen a su demanda por lesiones personales y es posible que la cuenta regresiva ya haya comenzado.<\/p>\n\n\n\n<p>Si no est\u00e1 seguro de si califica o no para recibir da\u00f1os, no se preocupe. Ll\u00e1menos, env\u00edenos un mensaje de texto o env\u00edenos un correo electr\u00f3nico para una consulta gratuita, sin compromiso.<\/p>\n\n\n\n<p>Speak to a Texas personal injury attorney from Justinian &amp; Associates (not a \u201cscreener\u201d or paralegal) to understand your rights.<\/p>\n\n\n\n<p>Estamos aqu\u00ed para usted y haremos todo lo posible para ayudarlo a recibir la compensaci\u00f3n que se merece. Estamos de su lado.<\/p>"},"excerpt":{"rendered":"<p>Warriors For The Injured Our firm\u2019s mission has always been more than making money or filing lawsuits. As experienced attorneys who have battled armies of lawyers working for billion-dollar companies, we know that the legal system is often lopsided. Each of us has seen close up how people with little resources or connections get left [&#8230;]<\/p>\n<p><a class=\"btn btn-secondary understrap-read-more-link\" href=\"https:\/\/www.justinian.com\/es\/abogados\/\">Leer m\u00e1s&#8230;<\/a><\/p>","protected":false},"author":1,"featured_media":0,"parent":0,"menu_order":3,"comment_status":"closed","ping_status":"closed","template":"page-templates\/page-sidebar-template.php","meta":{"_acf_changed":false,"ub_ctt_via":"","footnotes":""},"class_list":["post-316","page","type-page","status-publish","hentry"],"acf":[],"featured_image_src":null,"_links":{"self":[{"href":"https:\/\/www.justinian.com\/es\/wp-json\/wp\/v2\/pages\/316","targetHints":{"allow":["GET"]}}],"collection":[{"href":"https:\/\/www.justinian.com\/es\/wp-json\/wp\/v2\/pages"}],"about":[{"href":"https:\/\/www.justinian.com\/es\/wp-json\/wp\/v2\/types\/page"}],"author":[{"embeddable":true,"href":"https:\/\/www.justinian.com\/es\/wp-json\/wp\/v2\/users\/1"}],"replies":[{"embeddable":true,"href":"https:\/\/www.justinian.com\/es\/wp-json\/wp\/v2\/comments?post=316"}],"version-history":[{"count":6,"href":"https:\/\/www.justinian.com\/es\/wp-json\/wp\/v2\/pages\/316\/revisions"}],"predecessor-version":[{"id":5945,"href":"https:\/\/www.justinian.com\/es\/wp-json\/wp\/v2\/pages\/316\/revisions\/5945"}],"wp:attachment":[{"href":"https:\/\/www.justinian.com\/es\/wp-json\/wp\/v2\/media?parent=316"}],"curies":[{"name":"wp","href":"https:\/\/api.w.org\/{rel}","templated":true}]}}