{"id":258,"date":"2020-10-12T21:02:58","date_gmt":"2020-10-12T21:02:58","guid":{"rendered":"https:\/\/www.justinian.com\/?page_id=258"},"modified":"2024-01-03T17:39:41","modified_gmt":"2024-01-03T23:39:41","slug":"how-were-you-injured","status":"publish","type":"page","link":"https:\/\/www.justinian.com\/es\/como-resulto-herido\/","title":{"rendered":"How Were You Injured"},"content":{"rendered":"<p>Algunos de nuestros clientes s\u00f3lo quieren que se paguen sus facturas m\u00e9dicas y las reparaciones del autom\u00f3vil despu\u00e9s de un peque\u00f1o \"accidente\".<\/p>\n\n\n\n<p>Otras personas necesitan ayuda para rehacer su vida mientras se enfrentan a una lesi\u00f3n que les cambia la vida.<\/p>\n\n\n\n<p>But however you were hurt, hiring a Texas personal injury attorney can be a stressful experience. Most people don\u2019t even know what to look for in a lawyer or <a href=\"https:\/\/www.justinian.com\/es\/mass-torts\/\">understand what a mass tort is<\/a>.<\/p>\n\n\n\n<p>Nuestro objetivo es eliminar el estr\u00e9s lo m\u00e1s r\u00e1pido posible siendo amigables, accesibles y nunca menospreciando a nadie.<\/p>\n\n\n\n<p>Our staff of seasoned personal injury lawyers has the knowledge and experience needed for a variety of cases. Our clients include drivers and bikers involved in auto accidents. They also include large groups of consumers injured by dangerous pharmaceuticals.<\/p>\n\n\n\n<p>Cualquiera sea la causa de su lesi\u00f3n, puede discutirla con nosotros en una consulta gratuita. No hay ninguna obligaci\u00f3n. Cu\u00e9ntenos su historia y le explicaremos sus derechos y opciones bajo la ley federal y de Texas.<\/p>\n\n\n\n<p>No es necesario que nos contrate. Incluso si lo hace, a menos que le consigamos dinero por su lesi\u00f3n, usted <em>no paga nada<\/em>.<\/p>\n\n\n\n<h2 class=\"wp-block-heading\" id=\"h-we-handle-most-kinds-of-personal-injury-accident-cases-including\">Manejamos la mayor\u00eda de los casos de accidentes con lesiones personales, que incluyen:<\/h2>\n\n\n\t\t\t\t\t<div id=\"row-areas\" class=\"row\">\n\t\t\t\t\t\t<div class=\"col-xl-3 col-lg-6 col-md-6 col-sm-6\">\n\t\t\t\t\t\t\t<div class=\"areas\">\n\t\t\t\t\t\t\t\t<div class=\"are-img\">\n\t\t\t\t\t\t\t\t\t<img decoding=\"async\" src=\"\/wp-content\/uploads\/2024\/01\/veteran-disability.png\" alt=\"\">\n\t\t\t\t\t\t\t\t<\/div>\n\t\t\t\t\t\t\t\t<h4>Discapacidad de veterano estadounidense<\/h4>\n\t\t\t\t\t\t\t\t<a class=\"btn btn-outline-secondary\" href=\"https:\/\/www.justinian.com\/es\/como-resulto-herido\/us-veteran-disability\/\">Aprende m\u00e1s<\/a>\n\t\t\t\t\t\t\t<\/div>\n\t\t\t\t\t\t<\/div>\n\t\t\t\t\t\t<div class=\"col-xl-3 col-lg-6 col-md-6 col-sm-6\">\n\t\t\t\t\t\t\t<div class=\"areas\">\n\t\t\t\t\t\t\t\t<div class=\"are-img\">\n\t\t\t\t\t\t\t\t\t<img decoding=\"async\" src=\"https:\/\/www.justinian.com\/wp-content\/themes\/justinian\/images\/prescription-drugs.png\" alt=\"\">\n\t\t\t\t\t\t\t\t<\/div>\n\t\t\t\t\t\t\t\t<h4>Casos de medicamentos recetados<\/h4>\n\t\t\t\t\t\t\t\t<a class=\"btn btn-outline-secondary\" href=\"https:\/\/www.justinian.com\/es\/como-resulto-herido\/lesiones-por-medicamentos-recetados\/\">Aprende m\u00e1s<\/a>\n\t\t\t\t\t\t\t<\/div>\n\t\t\t\t\t\t<\/div>\n\t\t\t\t\t\t<div class=\"col-xl-3 col-lg-6 col-md-6 col-sm-6\">\n\t\t\t\t\t\t\t<div class=\"areas\">\n\t\t\t\t\t\t\t\t<div class=\"are-img\">\n\t\t\t\t\t\t\t\t\t<img decoding=\"async\" src=\"https:\/\/www.justinian.com\/wp-content\/themes\/justinian\/images\/medical-device.png\" alt=\"\">\n\t\t\t\t\t\t\t\t<\/div>\n\t\t\t\t\t\t\t\t<h4>Estuches para dispositivos medicos<\/h4>\n\t\t\t\t\t\t\t\t<a class=\"btn btn-outline-secondary\" href=\"https:\/\/www.justinian.com\/es\/como-resulto-herido\/estuches-para-dispositivos-medicos\/\">Aprende m\u00e1s<\/a>\n\t\t\t\t\t\t\t<\/div>\n\t\t\t\t\t\t<\/div>\n\t\t\t\t\t\t<div class=\"col-xl-3 col-lg-6 col-md-6 col-sm-6\">\n\t\t\t\t\t\t\t<div class=\"areas\">\n\t\t\t\t\t\t\t\t<div class=\"are-img\">\n\t\t\t\t\t\t\t\t\t<img decoding=\"async\" src=\"https:\/\/www.justinian.com\/wp-content\/themes\/justinian\/images\/asbestos-meso.png\" alt=\"\">\n\t\t\t\t\t\t\t\t<\/div>\n\t\t\t\t\t\t\t\t<h4>Amianto y mesotelioma<\/h4>\n\t\t\t\t\t\t\t\t<a class=\"btn btn-outline-secondary\" href=\"https:\/\/www.justinian.com\/es\/recursos-legales\/amianto-y-mesotelioma\/\">Aprende m\u00e1s<\/a>\n\t\t\t\t\t\t\t<\/div>\n\t\t\t\t\t\t<\/div>\n\t\t\t\t\t<\/div>\n\n\n\n<p>Si no somos la empresa adecuada para manejar su caso, se lo diremos. Por ejemplo, no somos una buena opci\u00f3n si tiene un caso de negligencia m\u00e9dica. Sin embargo, estamos m\u00e1s que felices de ayudarlo a encontrar el abogado o bufete de abogados adecuado para manejar su caso.<\/p>\n\n\n\n<p><strong>Tambi\u00e9n manejamos casos m\u00e1s complicados, como:<\/strong><\/p>\n\n\n\n<div class=\"wp-block-columns is-layout-flex wp-container-core-columns-is-layout-9d6595d7 wp-block-columns-is-layout-flex\">\n<div class=\"wp-block-column is-layout-flow wp-block-column-is-layout-flow\">\n<ul class=\"check-list wp-block-list\">\n<li><a href=\"https:\/\/www.justinian.com\/es\/como-resulto-herido\/responsabilidad-por-productos-y-productos-peligrosos\/\">Responsabilidad de producto<\/a><\/li>\n\n\n\n<li><a href=\"https:\/\/www.justinian.com\/es\/como-resulto-herido\/lesiones-por-medicamentos-recetados\/\">Medicamentos recetados peligrosos<\/a><\/li>\n<\/ul>\n<\/div>\n\n\n\n<div class=\"wp-block-column is-layout-flow wp-block-column-is-layout-flow\">\n<ul class=\"check-list wp-block-list\">\n<li><a href=\"https:\/\/www.justinian.com\/es\/como-resulto-herido\/estuches-para-dispositivos-medicos\/\">Dispositivos m\u00e9dicos<\/a><\/li>\n\n\n\n<li><a href=\"https:\/\/www.justinian.com\/es\/how-were-you-injured\/pedestrian-accidents\/\">Piezas de autom\u00f3vil defectuosas<\/a><\/li>\n<\/ul>\n<\/div>\n<\/div>\n\n\n\n<p>Todos en Justinian &amp; Associates trabajan arduamente para maximizar la cantidad de dinero que podemos recuperar para nuestros clientes. Trabajamos diligentemente para asegurarnos de no dejar dinero sobre la mesa.<\/p>\n\n\n\n<div class=\"wp-block-columns is-layout-flex wp-container-core-columns-is-layout-9d6595d7 wp-block-columns-is-layout-flex\">\n<div class=\"wp-block-column is-layout-flow wp-block-column-is-layout-flow\">\n<h2 class=\"wp-block-heading\">Ayuda legal dedicada y apasionada, 24\/7.<\/h2>\n\n\n\n<p><a href=\"#contact-us-form\">Contact our<\/a> firm today for a free consultation. Your e-mail will go directly to a lawyer, not to a \u201cscreener.\u201d One of our attorneys will give you a straightforward analysis of your case and tell you if we think we can help.<\/p>\n\n\n\n<p>Si creemos que podemos ayudar, programaremos una reuni\u00f3n a la hora y en el lugar que sea conveniente para usted.<\/p>\n\n\n\n<p>Podemos encontrarnos en una de nuestras oficinas. Pero si prefiere que uno de nosotros acuda a usted, estaremos encantados de hacerlo tambi\u00e9n. En cualquier momento del d\u00eda o de la noche, trabajamos para usted (no al rev\u00e9s).<\/p>\n\n\n\n<p>Si podemos ayudar, trabajaremos para usted en base a una tarifa de contingencia, lo que significa que s\u00f3lo se nos pagar\u00e1 una tarifa si ganamos su caso. Para que quede claro, s\u00f3lo nos pagan si recuperamos dinero para usted.<\/p>\n<\/div>\n\n\n\n<div class=\"wp-block-column is-layout-flow wp-block-column-is-layout-flow\" style=\"flex-basis:40%\">\n<figure class=\"wp-block-image size-large\"><img decoding=\"async\" width=\"332\" height=\"574\" src=\"https:\/\/www.justinian.com\/wp-content\/uploads\/2020\/12\/Dedicated-passionate-legal-help-247..jpg\" alt=\"\" class=\"wp-image-2029\" srcset=\"https:\/\/www.justinian.com\/wp-content\/uploads\/2020\/12\/Dedicated-passionate-legal-help-247..jpg 332w, https:\/\/www.justinian.com\/wp-content\/uploads\/2020\/12\/Dedicated-passionate-legal-help-247.-312x540.jpg 312w\" sizes=\"(max-width: 332px) 100vw, 332px\" \/><\/figure>\n<\/div>\n<\/div>\n\n\n\n<h2 class=\"wp-block-heading\">Somos agradables, pero el otro lado no lo pensar\u00e1.<\/h2>\n\n\n\n<p>Hay muchos abogados que gritan a la c\u00e1mara o lanzan palabras como \"malo\" o \"duro\". Algunos incluso se califican a s\u00ed mismos como \u201cm\u00e1s feroces que un perro guardian\" o \"un gorila\" o alguna otra tonter\u00eda para persuadir a los clientes para que los contraten.\nNosotros no.\nEstamos contentos de luchar sin descanso contra el otro lado hasta que hayamos recuperado una compensaci\u00f3n justa para nuestros clientes. Guardamos la \"actuaci\u00f3n de tipo duro\" para los malos.<\/p>\n\n\n\n<figure class=\"wp-block-image size-large\"><img decoding=\"async\" width=\"870\" height=\"400\" src=\"https:\/\/www.justinian.com\/wp-content\/uploads\/2020\/10\/how-injured-image-2.jpg\" alt=\"\" class=\"wp-image-503\" srcset=\"https:\/\/www.justinian.com\/wp-content\/uploads\/2020\/10\/how-injured-image-2.jpg 870w, https:\/\/www.justinian.com\/wp-content\/uploads\/2020\/10\/how-injured-image-2-540x248.jpg 540w, https:\/\/www.justinian.com\/wp-content\/uploads\/2020\/10\/how-injured-image-2-768x353.jpg 768w\" sizes=\"(max-width: 870px) 100vw, 870px\" \/><\/figure>\n\n\n\n<div class=\"wp-block-columns is-layout-flex wp-container-core-columns-is-layout-9d6595d7 wp-block-columns-is-layout-flex\">\n<div class=\"wp-block-column is-vertically-aligned-center is-layout-flow wp-block-column-is-layout-flow\">\n<h2 class=\"wp-block-heading\">Es&nbsp;<strong>GRATIS<\/strong>&nbsp;ponerse en contacto con nosotros, y nunca, nunca intentamos de persuadirlos.<\/h2>\n\n\n\n<p>Nuestros abogados fueron a la facultad de derecho para ser abogados, no vendedores. Nadie en nuestro equipo intentar\u00e1 presionarlo para que nos contrate. No acosamos a nuestros clientes, los ayudamos. Entonces, si tiene alguna pregunta sobre si tiene un caso, \u00a1ll\u00e1menos o env\u00edenos un correo electr\u00f3nico hoy!<\/p>\n\n\n\n<p>It costs nothing to <a href=\"#contact-us-form\">contactarnos<\/a> and there\u2019s no obligation to hire us.<\/p>\n<\/div>\n\n\n\n<div class=\"wp-block-column is-layout-flow wp-block-column-is-layout-flow\" style=\"flex-basis:40%\">\n<div class=\"wp-block-columns is-layout-flex wp-container-core-columns-is-layout-9d6595d7 wp-block-columns-is-layout-flex\">\n<div class=\"wp-block-column is-layout-flow wp-block-column-is-layout-flow\">\n<figure class=\"wp-block-image size-large\"><img decoding=\"async\" width=\"370\" height=\"417\" src=\"https:\/\/www.justinian.com\/wp-content\/uploads\/2020\/12\/Its-FREE-to-contact-us-\u2013-and-we-never-ever-try-a-hard-sell..jpg\" alt=\"\" class=\"wp-image-2031\"\/><\/figure>\n<\/div>\n<\/div>\n<\/div>\n<\/div>\n\n\n                    <div class=\"mass-tort-videos-cta\">\r\n                        <div class=\"row align-items-center\">\r\n                            <div class=\"col-12 col-md-6 mb-4 mb-md-0 py-1\">\r\n                                <h2 class=\"mb-2\">Videos de lesiones personales y agravio masivo<\/h2>\r\n                                <a href=\"https:\/\/www.justinian.com\/es\/recursos-legales\/videos-de-lesiones-personales-y-agravio-masivo\/\" class=\"btn btn-outline-light\">VER VIDEOS<\/a>\r\n                            <\/div>\r\n                            <div class=\"col-12 col-md-6\">\r\n                                <img decoding=\"async\" src=\"https:\/\/www.justinian.com\/wp-content\/themes\/justinian\/images\/demo\/mass-tort-videos-banner.png\" alt=\"\" class=\"img-fluid\">\r\n                            <\/div>\r\n                        <\/div>\r\n                    <\/div>"},"excerpt":{"rendered":"<p>Some of our clients just want their medical bills and car repairs paid after a minor \u201cfender bender.\u201d Other people need help putting their life back together while coping with a life-changing injury. But however you were hurt, hiring a Texas personal injury attorney can be a stressful experience. Most people don\u2019t even know what [&#8230;]<\/p>\n<p><a class=\"btn btn-secondary understrap-read-more-link\" href=\"https:\/\/www.justinian.com\/es\/como-resulto-herido\/\">Leer m\u00e1s&#8230;<\/a><\/p>","protected":false},"author":1,"featured_media":0,"parent":0,"menu_order":9,"comment_status":"closed","ping_status":"closed","template":"page-templates\/page-sidebar-template.php","meta":{"_acf_changed":false,"ub_ctt_via":"","footnotes":""},"class_list":["post-258","page","type-page","status-publish","hentry"],"acf":[],"featured_image_src":null,"_links":{"self":[{"href":"https:\/\/www.justinian.com\/es\/wp-json\/wp\/v2\/pages\/258","targetHints":{"allow":["GET"]}}],"collection":[{"href":"https:\/\/www.justinian.com\/es\/wp-json\/wp\/v2\/pages"}],"about":[{"href":"https:\/\/www.justinian.com\/es\/wp-json\/wp\/v2\/types\/page"}],"author":[{"embeddable":true,"href":"https:\/\/www.justinian.com\/es\/wp-json\/wp\/v2\/users\/1"}],"replies":[{"embeddable":true,"href":"https:\/\/www.justinian.com\/es\/wp-json\/wp\/v2\/comments?post=258"}],"version-history":[{"count":5,"href":"https:\/\/www.justinian.com\/es\/wp-json\/wp\/v2\/pages\/258\/revisions"}],"predecessor-version":[{"id":5948,"href":"https:\/\/www.justinian.com\/es\/wp-json\/wp\/v2\/pages\/258\/revisions\/5948"}],"wp:attachment":[{"href":"https:\/\/www.justinian.com\/es\/wp-json\/wp\/v2\/media?parent=258"}],"curies":[{"name":"wp","href":"https:\/\/api.w.org\/{rel}","templated":true}]}}