{"id":222,"date":"2020-10-06T16:32:23","date_gmt":"2020-10-06T16:32:23","guid":{"rendered":"https:\/\/www.justinian.com\/?page_id=222"},"modified":"2024-01-02T18:12:12","modified_gmt":"2024-01-03T00:12:12","slug":"case-results","status":"publish","type":"page","link":"https:\/\/www.justinian.com\/es\/resultados-de-casos\/","title":{"rendered":"RESULTADOS DE CASOS"},"content":{"rendered":"<style>\n.tags-case {\n    display: flex;\n}\n\n.result-content small a {\n    color: #003955 !important;\n}\n\n.tags-case a {\n    color: #003955;\n    font-style: italic;\n    position: relative;\n    padding-right: 10px;\n    margin-right: 10px;\n}\n\n.tags-case a:before {\n    content: \"\";\n    position: absolute;\n    width: 1px;\n    height: 10px;\n    background: #003955;\n    right: 0px;\n    transform: translateY(-50%);\n    top: 50%;\n}\n\n.tags-case a:last-child:before {\n    width: 0px !important\n}\n<\/style>\n\n\n\n<section id=\"case-results-block-0\" class=\"mb-4 mb-lg-5\">\n\n    <p>Justinian &amp; Associates ha litigado cientos de casos y ganado millones de d\u00f3lares en compensaci\u00f3n para nuestros clientes. Estas son s\u00f3lo algunas de nuestras historias de \u00e9xito.<\/p>\n<p>Sin embargo, los resultados de todos los asuntos del cliente dependen de una variedad de factores \u00fanicos para cada asunto. Los resultados de casos pasados \u200b\u200bno predicen ni garantizan resultados de casos futuros.<\/p>\n\n    \n    <div class=\"mt-5 card-columns results-columns\">\n                <div class=\"card-result\" id=\"card-1\">\n            <div class=\"result-amount d-flex align-items-center flex-wrap\">\n                <div class=\"icon\">\n                    <img decoding=\"async\" src=\"https:\/\/www.justinian.com\/wp-content\/themes\/justinian\/images\/demo\/icon-bank.svg\" alt=\"\">\n                <\/div>\n                <div class=\"amount\">\n                    <span>$55,325,714<\/span>\n                                    <\/div>\n            <\/div>\n            <div class=\"result-content\">\n                <p>Parte del equipo de apelaciones que protegi\u00f3 el veredicto del jurado en American Honda Motor Co. Inc. v. Mart\u00ednez et al. (expediente n\u00famero 445 EDA 2015). Esta fue una <strong>apelaci\u00f3n del veredicto por defecto de autom\u00f3vil m\u00e1s alto jam\u00e1s emitido en el estado de Pennsylvania<\/strong>. Debido a su reputaci\u00f3n estelar entre los abogados de responsabilidad por productos defectuosos, Erik Walker fue contratado para informar las 8 cuestiones planteadas por Honda en su apelaci\u00f3n de este veredicto tan importante. El equipo de Erik prevaleci\u00f3 en todos y cada uno de los temas y el caso se resolvi\u00f3 poco despu\u00e9s por una suma confidencial.<\/p>\n<p><small><span style=\"color: #003955\"><a href=\"https:\/\/www.justinian.com\/es\/como-resulto-herido\/responsabilidad-por-productos-y-productos-peligrosos\/\"><em>Responsabilidad por Productos<\/em><em>y productos peligrosos <\/em><\/a><strong>|<\/strong><a href=\"https:\/\/www.justinian.com\/es\/attorneys\/erik-walker\/\"><em> Erik Walker<\/em><\/a><\/span><\/small><\/p>\n                            <\/div>\n        <\/div>\n                <div class=\"card-result\" id=\"card-2\">\n            <div class=\"result-amount d-flex align-items-center flex-wrap\">\n                <div class=\"icon\">\n                    <img decoding=\"async\" src=\"https:\/\/www.justinian.com\/wp-content\/themes\/justinian\/images\/demo\/icon-bank.svg\" alt=\"\">\n                <\/div>\n                <div class=\"amount\">\n                    <span>$28,000,000<\/span>\n                                    <\/div>\n            <\/div>\n            <div class=\"result-content\">\n                <p>Despu\u00e9s de que Erik Walker obtuvo un veredicto del jurado por un monto de $ 28,000,000.00, persuadi\u00f3 al Octavo Circuito de revertir la anulaci\u00f3n de una indemnizaci\u00f3n por da\u00f1os punitivos de $ 28 millones de d\u00f3lares e hizo una nueva ley favorable a los demandantes con respecto a la defensa del intermediario aprendido. Scroggin v. Wyeth, 586 F.3d 547 (8\u00ba Cir. 2009), cert. 561 US 1019 (2010) ahora es ampliamente citado por la barra de demandantes e innumerables demandantes de agravio masivo se han beneficiado de este caso que Erik inform\u00f3 y argument\u00f3.<\/p>\n<p><small><span style=\"color: #003955\"><a href=\"https:\/\/www.justinian.com\/es\/como-resulto-herido\/litigio-masivo-por-agravio\/\"><em>Litigio masivo por agravio <\/em><\/a><strong>|<\/strong><a href=\"https:\/\/www.justinian.com\/es\/attorneys\/erik-walker\/\"><em> Erik Walker<\/em><\/a><\/span><\/small><\/p>\n                            <\/div>\n        <\/div>\n                <div class=\"card-result\" id=\"card-3\">\n            <div class=\"result-amount d-flex align-items-center flex-wrap\">\n                <div class=\"icon\">\n                    <img decoding=\"async\" src=\"https:\/\/www.justinian.com\/wp-content\/themes\/justinian\/images\/demo\/icon-bank.svg\" alt=\"\">\n                <\/div>\n                <div class=\"amount\">\n                    <span>$8,618,036<\/span>\n                                        <span class=\"ref\">ACUERDO CONFIDENCIAL<\/span>\n                                    <\/div>\n            <\/div>\n            <div class=\"result-content\">\n                <p>Un gran contratista industrial cre\u00f3 una condici\u00f3n de trabajo insegura que provoc\u00f3 lesiones catastr\u00f3ficas. Abogado Justinian C. Lane demostr\u00f3 que el contratista ten\u00eda un patr\u00f3n de ignorar las regulaciones de seguridad y crear peligros en el lugar de trabajo. Esta conducta condujo a un acuerdo confidencial de $ 8,6 millones de d\u00f3lares.<\/p>\n<p><small><span style=\"color: #003955\"><a href=\"https:\/\/www.justinian.com\/es\/how-were-you-injured\/premises-liability\/\"><em>Responsabilidad de las instalaciones <\/em><\/a><strong>|<\/strong><a href=\"https:\/\/www.justinian.com\/es\/abogados\/justinian-c-lane\/\"><em> Justinian Lane<\/em><\/a><\/span><\/small><\/p>\n                            <\/div>\n        <\/div>\n                <div class=\"card-result\" id=\"card-4\">\n            <div class=\"result-amount d-flex align-items-center flex-wrap\">\n                <div class=\"icon\">\n                    <img decoding=\"async\" src=\"https:\/\/www.justinian.com\/wp-content\/themes\/justinian\/images\/demo\/icon-bank.svg\" alt=\"\">\n                <\/div>\n                <div class=\"amount\">\n                    <span>$5,933,761<\/span>\n                                        <span class=\"ref\">ACUERDO CONFIDENCIAL<\/span>\n                                    <\/div>\n            <\/div>\n            <div class=\"result-content\">\n                <p>Un fabricante de productos multinacional vendi\u00f3 a sabiendas un producto dise\u00f1ado con defectos que caus\u00f3 lesiones graves a los trabajadores que lo reparaban. El fabricante tuvo la oportunidad de dise\u00f1ar el producto de una manera m\u00e1s segura que hubiera evitado las lesiones en cuesti\u00f3n, pero eligi\u00f3 un dise\u00f1o menos costoso pero m\u00e1s peligroso.<\/p>\n<p><small><span style=\"color: #003955\"><a href=\"https:\/\/www.justinian.com\/es\/como-resulto-herido\/responsabilidad-por-productos-y-productos-peligrosos\/\"><em>Responsabilidad por Productos<\/em><em>y productos peligrosos <\/em><\/a><strong>|<\/strong><em> <a href=\"https:\/\/www.justinian.com\/es\/sobre-nosotros\/\"><span style=\"color: #003955\">J&amp;A Team<\/span><\/a><\/em><\/span><\/small><\/p>\n                            <\/div>\n        <\/div>\n                <div class=\"card-result d-none\" id=\"card-5\">\n            <div class=\"result-amount d-flex align-items-center flex-wrap\">\n                <div class=\"icon\">\n                    <img decoding=\"async\" src=\"https:\/\/www.justinian.com\/wp-content\/themes\/justinian\/images\/demo\/icon-bank.svg\" alt=\"\">\n                <\/div>\n                <div class=\"amount\">\n                    <span>$5,789,651<\/span>\n                                        <span class=\"ref\">ACUERDO CONFIDENCIAL<\/span>\n                                    <\/div>\n            <\/div>\n            <div class=\"result-content\">\n                <p>Una subsidiaria de propiedad total de un contratista de defensa multimillonario fue responsable de lesiones graves en el lugar de trabajo debido a su negligencia en la instalaci\u00f3n de productos de alta temperatura. Este contratista ignor\u00f3 las normas de seguridad y su comportamiento provoc\u00f3 lesiones que alteraron la vida.<\/p>\n                            <\/div>\n        <\/div>\n                <div class=\"card-result d-none\" id=\"card-6\">\n            <div class=\"result-amount d-flex align-items-center flex-wrap\">\n                <div class=\"icon\">\n                    <img decoding=\"async\" src=\"https:\/\/www.justinian.com\/wp-content\/themes\/justinian\/images\/demo\/icon-bank.svg\" alt=\"\">\n                <\/div>\n                <div class=\"amount\">\n                    <span>$3,550,318<\/span>\n                                        <span class=\"ref\">ACUERDO CONFIDENCIAL<\/span>\n                                    <\/div>\n            <\/div>\n            <div class=\"result-content\">\n                <p>Esta reconocida empresa lleg\u00f3 a un acuerdo confidencial luego de que su producto causara lesiones permanentes e irreversibles. Desde entonces, esta empresa ha retirado el producto defectuoso debido a la alta probabilidad de que su producto vuelva a causar lesiones similares.<\/p>\n                            <\/div>\n        <\/div>\n            <\/div>\n\n        <div class=\"text-center\">\n        <button type=\"button\" class=\"text-uppercase btn-learn-more\"\n            data-block=\"#case-results-block-0\"><span>Aprende m\u00e1s<\/span><\/button>\n    <\/div>\n        <\/section>\n\n<section id=\"case-results-block-1\" class=\"mb-4 mb-lg-5\">\n\n    <h2 class=\"title mb-2\">NO TODOS LOS CASOS RESULTAN EN UN VEREDICTO DE M\u00daLTIPLES MILLONES DE D\u00d3LARES.<\/h2>\n<p><strong>AQU\u00cd HAY ALGUNOS RESULTADOS M\u00c1S DE LOS ABOGADOS DE JUSTINIAN &amp; ASSOCIATES<\/strong><\/p>\n\n    \n    <div class=\"mt-5 card-columns results-columns\">\n                <div class=\"card-result\" id=\"card-1\">\n            <div class=\"result-amount d-flex align-items-center flex-wrap\">\n                <div class=\"icon\">\n                    <img decoding=\"async\" src=\"https:\/\/www.justinian.com\/wp-content\/themes\/justinian\/images\/demo\/icon-bank.svg\" alt=\"\">\n                <\/div>\n                <div class=\"amount\">\n                    <span>$800,000<\/span>\n                                        <span class=\"ref\">Responsabilidad de las instalaciones<\/span>\n                                    <\/div>\n            <\/div>\n            <div class=\"result-content\">\n                <p>Un cliente result\u00f3 herido mientras estaba en un conocido banco en Bastrop. La espalda del cliente result\u00f3 gravemente herida durante el incidente, lo que requiri\u00f3 que el cliente recibiera dos cirug\u00edas de espalda. Nuestros abogados negociaron $ 800,000.00 en nombre del cliente.<\/p>\n                            <\/div>\n        <\/div>\n                <div class=\"card-result\" id=\"card-2\">\n            <div class=\"result-amount d-flex align-items-center flex-wrap\">\n                <div class=\"icon\">\n                    <img decoding=\"async\" src=\"https:\/\/www.justinian.com\/wp-content\/themes\/justinian\/images\/demo\/icon-bank.svg\" alt=\"\">\n                <\/div>\n                <div class=\"amount\">\n                    <span>$400,000<\/span>\n                                        <span class=\"ref\">ACCIDENTE DE VEH\u00cdCULO MOTORIZADO<\/span>\n                                    <\/div>\n            <\/div>\n            <div class=\"result-content\">\n                <p>En un incidente muy desafortunado, representamos a la esposa en un caso de muerte por negligencia en el que su esposo muri\u00f3 en un accidente automovil\u00edstico debido a la negligencia de otro conductor. Nuestros abogados pudieron obtener la p\u00f3liza de seguro completa en nombre de la esposa.<\/p>\n                            <\/div>\n        <\/div>\n                <div class=\"card-result\" id=\"card-3\">\n            <div class=\"result-amount d-flex align-items-center flex-wrap\">\n                <div class=\"icon\">\n                    <img decoding=\"async\" src=\"https:\/\/www.justinian.com\/wp-content\/themes\/justinian\/images\/demo\/icon-bank.svg\" alt=\"\">\n                <\/div>\n                <div class=\"amount\">\n                    <span>$300,000<\/span>\n                                        <span class=\"ref\">Responsabilidad de las instalaciones<\/span>\n                                    <\/div>\n            <\/div>\n            <div class=\"result-content\">\n                <p>Un cliente result\u00f3 herido mientras trabajaba en la construcci\u00f3n en el Centro de Gobierno del Condado de Hays. Desafortunadamente, se cay\u00f3 de una escalera por causas ajenas a \u00e9l, y result\u00f3 gravemente herido durante la ca\u00edda, incluido un pene roto. Nuestros abogados obtuvieron un acuerdo de $ 300,000.00 para el cliente.<\/p>\n                            <\/div>\n        <\/div>\n                <div class=\"card-result\" id=\"card-4\">\n            <div class=\"result-amount d-flex align-items-center flex-wrap\">\n                <div class=\"icon\">\n                    <img decoding=\"async\" src=\"https:\/\/www.justinian.com\/wp-content\/themes\/justinian\/images\/demo\/icon-bank.svg\" alt=\"\">\n                <\/div>\n                <div class=\"amount\">\n                    <span>$75,000<\/span>\n                                        <span class=\"ref\">Responsabilidad de las instalaciones<\/span>\n                                    <\/div>\n            <\/div>\n            <div class=\"result-content\">\n                <p>Mientras asist\u00eda a Burning Man en Austin, TX, nuestro cliente sufri\u00f3 una lesi\u00f3n grave en el ojo cuando fue apu\u00f1alado en el ojo debido a una seguridad inadecuada. Nuestros abogados negociaron un acuerdo de $ 75,000.00 con la organizaci\u00f3n que organiz\u00f3 el festival.<\/p>\n                            <\/div>\n        <\/div>\n                <div class=\"card-result d-none\" id=\"card-5\">\n            <div class=\"result-amount d-flex align-items-center flex-wrap\">\n                <div class=\"icon\">\n                    <img decoding=\"async\" src=\"https:\/\/www.justinian.com\/wp-content\/themes\/justinian\/images\/demo\/icon-bank.svg\" alt=\"\">\n                <\/div>\n                <div class=\"amount\">\n                    <span>10,000+<\/span>\n                                        <span class=\"ref\">CASOS GUARDADOS!<\/span>\n                                    <\/div>\n            <\/div>\n            <div class=\"result-content\">\n                <p>Durante d\u00e9cadas, los demandantes se basaron en la aplicaci\u00f3n de los tribunales de Minnesota del generoso estatuto de limitaciones de seis a\u00f1os del estado a las demandas por agravios fuera del estado. Cuando Wyeth impugn\u00f3 ese resultado, la barra de los demandantes hizo que Erik Walker presentara y discutiera la pregunta certificada ante la Corte Suprema de Minnesota, que fall\u00f3 un\u00e1nimemente a favor de los demandantes, salvando decenas de miles de casos en todo el pa\u00eds. V\u00e9ase Fleeger v. Wyeth, 771 NW2d 524 (Minnesota, 2009).<\/p>\n                            <\/div>\n        <\/div>\n                <div class=\"card-result d-none\" id=\"card-6\">\n            <div class=\"result-amount d-flex align-items-center flex-wrap\">\n                <div class=\"icon\">\n                    <img decoding=\"async\" src=\"https:\/\/www.justinian.com\/wp-content\/themes\/justinian\/images\/demo\/icon-bank.svg\" alt=\"\">\n                <\/div>\n                <div class=\"amount\">\n                    <span>Reversi\u00f3n de un MDL<\/span>\n                                        <span class=\"ref\">\u00a1DECISI\u00d3N DE DAUBERT!<\/span>\n                                    <\/div>\n            <\/div>\n            <div class=\"result-content\">\n                <p>En el litigio de terapia hormonal, el tribunal de MDL concedi\u00f3 una moci\u00f3n de Daubert, excluyendo el testimonio de expertos de que el uso a muy corto plazo de la terapia hormonal causa c\u00e1ncer de mama. Dado que los tribunales de circuito federal se someten en gran medida a las decisiones del tribunal de distrito Daubert, y la revocaci\u00f3n de una decisi\u00f3n de MDL Daubert es inaudita, los demandantes hicieron que Erik Walker informara y argumentara el asunto ante la Corte de Apelaciones del Octavo Circuito de los Estados Unidos. La corte de apelaciones revoc\u00f3 la orden judicial MDL, salvando miles de casos de terapia hormonal de uso a corto plazo en todo el pa\u00eds. V\u00e9ase Kuhn v. Wyeth, 686 F.3d 618 (8th Cir. 2012).<\/p>\n                            <\/div>\n        <\/div>\n            <\/div>\n\n        <div class=\"text-center\">\n        <button type=\"button\" class=\"text-uppercase btn-learn-more\"\n            data-block=\"#case-results-block-1\"><span>Aprende m\u00e1s<\/span><\/button>\n    <\/div>\n        <\/section>\n\n\n\n\n<h2 class=\"wp-block-heading\" id=\"h-do-you-have-questions-about-how-much-your-case-is-worth\">\u00bfTIENE PREGUNTAS SOBRE CU\u00c1NTO VALE SU CASO?<\/h2>\n\n\n\n<p><strong><a href=\"#contact-us-form\">CONTACT JUSTINIAN &amp; ASSOCIATES TODAY<\/a> FOR A FREE CASE EVALUATION AND CONSULTATION!<\/strong><\/p>\n\n\n\n<p class=\"has-text-align-center has-background has-medium-font-size\" style=\"background-color:#f3f3f3\"><strong>\u00a1GUERREROS POR LOS HERIDOS!<\/strong><\/p>\n\n\n\n<figure class=\"wp-block-image size-large\"><img decoding=\"async\" width=\"1360\" height=\"430\" src=\"https:\/\/www.justinian.com\/wp-content\/uploads\/2020\/11\/case-results-banner.jpg\" alt=\"\" class=\"wp-image-1744\" srcset=\"https:\/\/www.justinian.com\/wp-content\/uploads\/2020\/11\/case-results-banner.jpg 1360w, https:\/\/www.justinian.com\/wp-content\/uploads\/2020\/11\/case-results-banner-540x171.jpg 540w, https:\/\/www.justinian.com\/wp-content\/uploads\/2020\/11\/case-results-banner-768x243.jpg 768w\" sizes=\"(max-width: 1360px) 100vw, 1360px\" \/><\/figure>"},"excerpt":{"rendered":"<p>DO YOU HAVE QUESTIONS ABOUT HOW MUCH YOUR CASE IS WORTH? CONTACT JUSTINIAN &amp; ASSOCIATES TODAY FOR A FREE CASE EVALUATION AND CONSULTATION! WARRIORS FOR THE INJURED! [&#8230;]<\/p>\n<p><a class=\"btn btn-secondary understrap-read-more-link\" href=\"https:\/\/www.justinian.com\/es\/resultados-de-casos\/\">Leer m\u00e1s&#8230;<\/a><\/p>","protected":false},"author":1,"featured_media":0,"parent":0,"menu_order":61,"comment_status":"closed","ping_status":"closed","template":"page-templates\/page-full-width-template.php","meta":{"_acf_changed":false,"ub_ctt_via":"","footnotes":""},"class_list":["post-222","page","type-page","status-publish","hentry"],"acf":[],"featured_image_src":null,"_links":{"self":[{"href":"https:\/\/www.justinian.com\/es\/wp-json\/wp\/v2\/pages\/222","targetHints":{"allow":["GET"]}}],"collection":[{"href":"https:\/\/www.justinian.com\/es\/wp-json\/wp\/v2\/pages"}],"about":[{"href":"https:\/\/www.justinian.com\/es\/wp-json\/wp\/v2\/types\/page"}],"author":[{"embeddable":true,"href":"https:\/\/www.justinian.com\/es\/wp-json\/wp\/v2\/users\/1"}],"replies":[{"embeddable":true,"href":"https:\/\/www.justinian.com\/es\/wp-json\/wp\/v2\/comments?post=222"}],"version-history":[{"count":13,"href":"https:\/\/www.justinian.com\/es\/wp-json\/wp\/v2\/pages\/222\/revisions"}],"predecessor-version":[{"id":5811,"href":"https:\/\/www.justinian.com\/es\/wp-json\/wp\/v2\/pages\/222\/revisions\/5811"}],"wp:attachment":[{"href":"https:\/\/www.justinian.com\/es\/wp-json\/wp\/v2\/media?parent=222"}],"curies":[{"name":"wp","href":"https:\/\/api.w.org\/{rel}","templated":true}]}}