{"id":186,"date":"2020-10-01T21:24:52","date_gmt":"2020-10-01T21:24:52","guid":{"rendered":"https:\/\/www.justinian.com\/?page_id=186"},"modified":"2024-01-02T19:20:37","modified_gmt":"2024-01-03T01:20:37","slug":"community","status":"publish","type":"page","link":"https:\/\/www.justinian.com\/es\/sobre-nosotros\/comunidad\/","title":{"rendered":"COMUNIDAD"},"content":{"rendered":"<h2 class=\"wp-block-heading\" id=\"h-justinian-associates-in-the-texas-community\">Justinian &amp; Associates In The Texas Community<\/h2>\n\n\n\n<p>Nuestros abogados y personal son miembros activos de la comunidad. Alentamos a todos en nuestra firma para que se ofrezcan como voluntarios para cualquier causa que les apasione.<\/p>\n\n\n\n<div class=\"wp-block-columns is-layout-flex wp-container-core-columns-is-layout-9d6595d7 wp-block-columns-is-layout-flex\">\n<div class=\"wp-block-column is-layout-flow wp-block-column-is-layout-flow\" style=\"flex-basis:50%\">\n<figure class=\"wp-block-image size-large\"><img decoding=\"async\" width=\"450\" height=\"257\" src=\"https:\/\/www.justinian.com\/wp-content\/uploads\/2020\/10\/If-you-have-a-cause-that-you-think-we-should-hear-about-please-let-us-know..jpg\" alt=\"\" class=\"wp-image-604\"\/><\/figure>\n<\/div>\n\n\n\n<div class=\"wp-block-column is-vertically-aligned-center is-layout-flow wp-block-column-is-layout-flow\">\n<h3 class=\"wp-block-heading\" id=\"h-if-you-have-a-cause-that-you-think-we-should-hear-about-please-let-us-know\">Si tiene una causa que cree deber\u00edamos escuchar, h\u00e1ganoslo saber.<\/h3>\n\n\n\n<p>Tambi\u00e9n estamos felices de ayudar a su organizaci\u00f3n ben\u00e9fica si podemos. Simplemente\nenv\u00ede un correo electr\u00f3nico a community@justinian.com y le responderemos lo antes posible.<\/p>\n<\/div>\n<\/div>\n\n\n\n<div class=\"wp-block-columns is-layout-flex wp-container-core-columns-is-layout-9d6595d7 wp-block-columns-is-layout-flex\">\n<div class=\"wp-block-column is-vertically-aligned-center is-layout-flow wp-block-column-is-layout-flow\">\n<h3 class=\"wp-block-heading\" id=\"h-come-and-see-us\">\u00a1Venga a visitarnos!<\/h3>\n\n\n\n<p>Todas nuestras oficinas tienen una pol\u00edtica de puertas abiertas. Entonces, si necesita ayuda inmediata, no dude en visitar cualquiera de <a href=\"https:\/\/www.justinian.com\/es\/sobre-nosotros\/nuestras-oficinas\/\">nuestras ubicaciones<\/a>. Tambi\u00e9n organizamos eventos mensuales en nuestras oficinas y damos la bienvenida a cualquiera que venga, tome algo de comida y bebida y conozca a los amigables abogados de\nlesiones personales de su vecindario.<\/p>\n<\/div>\n\n\n\n<div class=\"wp-block-column is-layout-flow wp-block-column-is-layout-flow\">\n<figure class=\"wp-block-image size-large\"><img decoding=\"async\" width=\"420\" height=\"252\" src=\"https:\/\/www.justinian.com\/wp-content\/uploads\/2020\/10\/Come-and-see-us.jpg\" alt=\"\" class=\"wp-image-605\"\/><\/figure>\n<\/div>\n<\/div>\n\n\n\n<p>Para obtener m\u00e1s informaci\u00f3n sobre nuestros eventos mensuales, haga clic en Me gusta en nuestra p\u00e1gina de <a href=\"https:\/\/www.facebook.com\/justinian\" target=\"_blank\" rel=\"noreferrer noopener\">Facebook <\/a>y busque nuestros anuncios de eventos. \u00a1Esperamos contar con su presencia!<\/p>"},"excerpt":{"rendered":"<p>Justinian &amp; Associates In The Texas Community Our lawyers and staff are active members of the community. We encourage everyone at our firm to volunteer for any cause they are passionate about. If you have a cause that you think we should hear about, please let us know. We are also happy to help your [&#8230;]<\/p>\n<p><a class=\"btn btn-secondary understrap-read-more-link\" href=\"https:\/\/www.justinian.com\/es\/sobre-nosotros\/comunidad\/\">Leer m\u00e1s&#8230;<\/a><\/p>","protected":false},"author":1,"featured_media":0,"parent":11,"menu_order":69,"comment_status":"closed","ping_status":"closed","template":"page-templates\/page-sidebar-template.php","meta":{"_acf_changed":false,"ub_ctt_via":"","footnotes":""},"class_list":["post-186","page","type-page","status-publish","hentry"],"acf":[],"featured_image_src":null,"_links":{"self":[{"href":"https:\/\/www.justinian.com\/es\/wp-json\/wp\/v2\/pages\/186","targetHints":{"allow":["GET"]}}],"collection":[{"href":"https:\/\/www.justinian.com\/es\/wp-json\/wp\/v2\/pages"}],"about":[{"href":"https:\/\/www.justinian.com\/es\/wp-json\/wp\/v2\/types\/page"}],"author":[{"embeddable":true,"href":"https:\/\/www.justinian.com\/es\/wp-json\/wp\/v2\/users\/1"}],"replies":[{"embeddable":true,"href":"https:\/\/www.justinian.com\/es\/wp-json\/wp\/v2\/comments?post=186"}],"version-history":[{"count":2,"href":"https:\/\/www.justinian.com\/es\/wp-json\/wp\/v2\/pages\/186\/revisions"}],"predecessor-version":[{"id":5900,"href":"https:\/\/www.justinian.com\/es\/wp-json\/wp\/v2\/pages\/186\/revisions\/5900"}],"up":[{"embeddable":true,"href":"https:\/\/www.justinian.com\/es\/wp-json\/wp\/v2\/pages\/11"}],"wp:attachment":[{"href":"https:\/\/www.justinian.com\/es\/wp-json\/wp\/v2\/media?parent=186"}],"curies":[{"name":"wp","href":"https:\/\/api.w.org\/{rel}","templated":true}]}}