{"id":180,"date":"2020-10-01T21:21:58","date_gmt":"2020-10-01T21:21:58","guid":{"rendered":"https:\/\/www.justinian.com\/?page_id=180"},"modified":"2021-03-01T22:37:03","modified_gmt":"2021-03-01T22:37:03","slug":"whether-you-can-afford-to-hire-us","status":"publish","type":"page","link":"https:\/\/www.justinian.com\/es\/sobre-nosotros\/si-puede-permitirse-contratarnos\/","title":{"rendered":"SI PUEDE PERMITIRSE CONTRATARNOS"},"content":{"rendered":"<p>Definitivamente puede permitirse contratarnos, por <strong>dos razones<\/strong>:<\/p>\n\n\n<div class=\"wp-block-ub-content-toggle\" id=\"ub-content-toggle-b249cc3c-56fb-4b32-8327-072d78bf1a73\" data-showonlyone=\"true\" data-mobilecollapse=\"false\" data-desktopcollapse=\"false\">\n<div class=\"wp-block-ub-content-toggle-accordion\" id=\"ub-content-toggle-panel-block-\">\n                <div class=\"wp-block-ub-content-toggle-accordion-title-wrap\"\" aria-controls=\"ub-content-toggle-panel-0-b249cc3c-56fb-4b32-8327-072d78bf1a73\" tabindex=\"0\">\n                    <p class=\"wp-block-ub-content-toggle-accordion-title ub-content-toggle-title-b249cc3c-56fb-4b32-8327-072d78bf1a73\"><strong>Raz\u00f3n # 1:<\/strong> Justinian &amp; Associates ofrece una consulta totalmente gratuita<\/p><div class=\"wp-block-ub-content-toggle-accordion-toggle-wrap right\"><span class=\"wp-block-ub-content-toggle-accordion-state-indicator wp-block-ub-chevron-down\"><\/span>\n                    <\/div><\/div><div role=\"region\" aria-expanded=\"false\" class=\"wp-block-ub-content-toggle-accordion-content-wrap ub-hide\" id=\"ub-content-toggle-panel-0-b249cc3c-56fb-4b32-8327-072d78bf1a73\">\n\n<p>Nuestra firma ofrece una <em>consulta totalmente gratuita<\/em> con un abogado con experiencia en lesiones personales (no un \"evaluador\" o asistente legal). Nuestros abogados escuchar\u00e1n los detalles espec\u00edficos de su caso y le informar\u00e1n sus opciones seg\u00fan la ley.<\/p>\n\n\n\n<p><strong>No lo presionamos para que demande. No lo presionamos para que acepte un acuerdo.<\/strong><\/p>\n\n\n\n<p>Simplemente ofrecemos una evaluaci\u00f3n con experiencia e informaci\u00f3n de su caso y sus derechos. Nadie puede predecir el resultado exacto de ninguna demanda o acuerdo, y debe tener cuidado con cualquier abogado que ofrezca tal promesa.<\/p>\n\n\n\n<p>Pero bas\u00e1ndonos en nuestro <a href=\"https:\/\/www.justinian.com\/es\/resultados-de-casos\/\">historial de \u00e9xito<\/a>, podemos darle una buena idea de lo que vale su caso. Podemos asesorarle sobre la mejor forma de proceder. Nunca hay ninguna obligaci\u00f3n.<\/p>\n\n\n\n<p>E incluso si decide contratarnos, el riesgo para usted es muy bajo.<\/p>\n\n<\/div><\/div>\n\n<div class=\"wp-block-ub-content-toggle-accordion\" id=\"ub-content-toggle-panel-block-\">\n                <div class=\"wp-block-ub-content-toggle-accordion-title-wrap\"\" aria-controls=\"ub-content-toggle-panel-1-b249cc3c-56fb-4b32-8327-072d78bf1a73\" tabindex=\"0\">\n                    <p class=\"wp-block-ub-content-toggle-accordion-title ub-content-toggle-title-b249cc3c-56fb-4b32-8327-072d78bf1a73\"><strong>Raz\u00f3n # 2: <\/strong>A menos que ganemos su caso, no paga nada<\/p><div class=\"wp-block-ub-content-toggle-accordion-toggle-wrap right\"><span class=\"wp-block-ub-content-toggle-accordion-state-indicator wp-block-ub-chevron-down\"><\/span>\n                    <\/div><\/div><div role=\"region\" aria-expanded=\"false\" class=\"wp-block-ub-content-toggle-accordion-content-wrap ub-hide\" id=\"ub-content-toggle-panel-1-b249cc3c-56fb-4b32-8327-072d78bf1a73\">\n\n<p>Trabajamos sobre la base de honorarios de contingencia. Eso significa que nuestro pago <em>depende<\/em> de si recuperamos dinero para usted o no. Entonces, si trabajamos en su caso y fallamos, <em>no debe ni un centavo<\/em>.<\/p>\n\n\n\n<p>Si decide contratar a un abogado de lesiones personales en Austin, Justinian &amp; Associates est\u00e1 listo para ayudarlo a hacer valer sus intereses desde el acuerdo previo al juicio hasta el final del juicio.<\/p>\n\n<\/div><\/div>\n<\/div>\n\n\n<h2 class=\"wp-block-heading\" id=\"h-warriors-for-the-injured\">Guerreros por los heridos<\/h2>\n\n\n\n<p>Justinian &amp; Associates ha representado a v\u00edctimas heridas durante una d\u00e9cada. Desde peque\u00f1os asuntos de lesiones personales hasta <a href=\"https:\/\/www.justinian.com\/es\/como-resulto-herido\/litigio-masivo-por-agravio\/\">litigios por agravios masivos<\/a> que involucran a cientos de consumidores lesionados. Hemos luchado por miles de clientes afectados por <a href=\"https:\/\/www.justinian.com\/es\/how-were-you-injured\/car-accidents\/\">accidentes automovil\u00edsticos<\/a>, <a href=\"https:\/\/www.justinian.com\/es\/how-were-you-injured\/motorcycle-wrecks\/\">colisiones de motocicletas<\/a><strong>, <\/strong><a href=\"https:\/\/www.justinian.com\/es\/how-were-you-injured\/premises-liability\/\">instalaciones inseguras<\/a>, <a href=\"https:\/\/www.justinian.com\/es\/como-resulto-herido\/responsabilidad-por-productos-y-productos-peligrosos\/\">productos defectuosos<\/a><strong> <\/strong>y sustancias peligrosas como productos qu\u00edmicos peligrosos o productos <a href=\"https:\/\/www.justinian.com\/es\/como-resulto-herido\/lesiones-por-medicamentos-recetados\/\">farmac\u00e9uticos problem\u00e1ticos<\/a>.<\/p>\n\n\n\n<p>Contamos con una lista de abogados de lesiones personales altamente capacitados y experimentados, impulsados por un sentido de justicia.<\/p>\n\n\n\n<div class=\"wp-block-columns is-layout-flex wp-container-core-columns-is-layout-9d6595d7 wp-block-columns-is-layout-flex\">\n<div class=\"wp-block-column is-vertically-aligned-center is-layout-flow wp-block-column-is-layout-flow\" style=\"flex-basis:40%\">\n<figure class=\"wp-block-image size-large\"><img decoding=\"async\" width=\"420\" height=\"380\" src=\"https:\/\/www.justinian.com\/wp-content\/uploads\/2020\/10\/executive-teamwork-accountant-people-businesswoman-group2.jpg\" alt=\"\" class=\"wp-image-602\" \/><\/figure>\n<\/div>\n\n\n\n<div class=\"wp-block-column is-vertically-aligned-center is-layout-flow wp-block-column-is-layout-flow\">\n<p>They will build your case using investigators, advanced technology like computer modeling and testimony from health and engineering experts. We can demonstrate how you were injured, and why the person or company responsible must compensate your injuries.<\/p>\n\n\n\n<p>Nuestra representaci\u00f3n se adapta a su caso y necesidades individuales. Nuestra tecnolog\u00eda de comunicaciones de vanguardia nos mantiene a su alcance en todo momento. Pero siempre estamos disponibles y con gusto lo conoceremos en persona mientras se recupera en el hospital o donde sea conveniente.<\/p>\n<\/div>\n<\/div>\n\n\n\n<h3 class=\"wp-block-heading\" id=\"h-and-unless-we-get-you-money-for-your-damages-you-don-t-owe-a-dime\">Y a menos que le consigamos una compensaci\u00f3n monetaria por los da\u00f1os, <em>no nos debe ni un centavo<\/em>.<\/h3>\n\n\n\n<p>Esperar para presentar un reclamo de seguro o una demanda puede da\u00f1ar su caso. Puede perder el derecho a recibir cualquier compensaci\u00f3n por sus lesiones y da\u00f1os a la propiedad. Eso es cierto, incluso si los hechos muestran que la otra parte fue responsable y usted no hizo nada malo.<\/p>\n\n\n\n<p>No se demore. Haga la llamada telef\u00f3nica y comience a explicar <em>su versi\u00f3n de los hechos.<\/em><\/p>"},"excerpt":{"rendered":"<p>You can definitely afford to hire us, for two reasons: Warriors for the Injured Justinian &amp; Associates has been representing injured victims for a decade. From small personal injury matters to mass tort litigation involving hundreds of injured consumers, we have fought for thousands of clients hurt by auto accidents, motorcycle collisions, unsafe premises, defective [&#8230;]<\/p>\n<p><a class=\"btn btn-secondary understrap-read-more-link\" href=\"https:\/\/www.justinian.com\/es\/sobre-nosotros\/si-puede-permitirse-contratarnos\/\">Leer m\u00e1s&#8230;<\/a><\/p>","protected":false},"author":1,"featured_media":0,"parent":11,"menu_order":66,"comment_status":"closed","ping_status":"closed","template":"page-templates\/page-sidebar-template.php","meta":{"_acf_changed":false,"ub_ctt_via":"","footnotes":""},"class_list":["post-180","page","type-page","status-publish","hentry"],"acf":[],"featured_image_src":null,"_links":{"self":[{"href":"https:\/\/www.justinian.com\/es\/wp-json\/wp\/v2\/pages\/180","targetHints":{"allow":["GET"]}}],"collection":[{"href":"https:\/\/www.justinian.com\/es\/wp-json\/wp\/v2\/pages"}],"about":[{"href":"https:\/\/www.justinian.com\/es\/wp-json\/wp\/v2\/types\/page"}],"author":[{"embeddable":true,"href":"https:\/\/www.justinian.com\/es\/wp-json\/wp\/v2\/users\/1"}],"replies":[{"embeddable":true,"href":"https:\/\/www.justinian.com\/es\/wp-json\/wp\/v2\/comments?post=180"}],"version-history":[{"count":0,"href":"https:\/\/www.justinian.com\/es\/wp-json\/wp\/v2\/pages\/180\/revisions"}],"up":[{"embeddable":true,"href":"https:\/\/www.justinian.com\/es\/wp-json\/wp\/v2\/pages\/11"}],"wp:attachment":[{"href":"https:\/\/www.justinian.com\/es\/wp-json\/wp\/v2\/media?parent=180"}],"curies":[{"name":"wp","href":"https:\/\/api.w.org\/{rel}","templated":true}]}}