{"id":178,"date":"2020-10-01T21:12:27","date_gmt":"2020-10-01T21:12:27","guid":{"rendered":"https:\/\/www.justinian.com\/?page_id=178"},"modified":"2024-01-03T17:21:57","modified_gmt":"2024-01-03T23:21:57","slug":"whether-an-texas-personal-injury-lawyer-can-help-you","status":"publish","type":"page","link":"https:\/\/www.justinian.com\/es\/sobre-nosotros\/si-un-abogado-de-lesiones-personales-en-austin-puede-ayudarlo\/","title":{"rendered":"Whether a Texas Personal Injury Lawyer Can Help You"},"content":{"rendered":"<h2 class=\"wp-block-heading\" id=\"h-whether-a-texas-personal-injury-lawyer-from-justinian-associates-can-help-you\">Whether a Texas Personal Injury Lawyer from Justinian &amp; Associates Can Help You<\/h2>\n\n\n\n<p>Si ha resultado lesionado por el descuido de otra persona, es posible que tenga que lidiar con:<\/p>\n\n\n\n<ul class=\"dot-list wp-block-list\">\n<li><a href=\"https:\/\/www.justinian.com\/es\/faqs\/how-do-i-get-my-car-repaired-after-an-austin-auto-accident-2\/\">Car Repairs<\/a> or Other Property Damage<\/li>\n\n\n\n<li>Visitas al m\u00e9dico \/ Hospitalizaci\u00f3n<\/li>\n\n\n\n<li>Trabajo perdido \/ salarios perdidos<\/li>\n\n\n\n<li>Dolor f\u00edsico<\/li>\n\n\n\n<li>Trauma emocional<\/li>\n\n\n\n<li>Facturas que se acumulan<\/li>\n<\/ul>\n\n\n\n<p><strong>No tienes que enfrentarte a eso solo.<\/strong><\/p>\n\n\n\n<p>Un abogado de lesiones personales a menudo puede ayudarlo a resolver muchos problemas:<\/p>\n\n\n\n<h2 class=\"wp-block-heading\" id=\"h-a-texas-personal-injury-attorney-explains-your-rights-under-the-law\">A Texas Personal Injury Attorney Explains Your Rights Under the Law<\/h2>\n\n\n\n<p>Muchas personas involucradas en un accidente no conocen todos sus derechos y responsabilidades. Pero no conocer sus derechos puede perjudicarlo.<\/p>\n\n\n\n<p>Seg\u00fan el estatuto de limitaci\u00f3n de Texas, esperar demasiado para presentar un reclamo o una demanda <a href=\"https:\/\/www.justinian.com\/es\/faqs\/#faq-67\">podr\u00eda significar que pierde la oportunidad<\/a> de recibir una compensaci\u00f3n por sus lesiones. Se aplican diferentes reglas, dependiendo de qui\u00e9n lo lastim\u00f3 y c\u00f3mo o d\u00f3nde se lesion\u00f3.<\/p>\n\n\n\n<p>At Justinian &amp; Associates, our attorneys are experienced with the Federal and Texas state laws of personal injury. We have negotiated thousands of settlements and logged hundreds of hours in court. We understand how the system works. We understand how to fight for your rights.<\/p>\n\n\n\n<div class=\"wp-block-columns is-layout-flex wp-container-core-columns-is-layout-9d6595d7 wp-block-columns-is-layout-flex\">\n<div class=\"wp-block-column is-vertically-aligned-center is-layout-flow wp-block-column-is-layout-flow\" style=\"flex-basis:40%\">\n<figure class=\"wp-block-image size-large\"><img decoding=\"async\" width=\"420\" height=\"506\" src=\"https:\/\/www.justinian.com\/wp-content\/uploads\/2020\/10\/Free-Consultation-with-an-Austin-Personal-Attorney-\u2013-No-Obligation.jpg\" alt=\"\" class=\"wp-image-593\"\/><\/figure>\n<\/div>\n\n\n\n<div class=\"wp-block-column is-layout-flow wp-block-column-is-layout-flow\">\n<h3 class=\"wp-block-heading\" id=\"h-free-consultation-with-a-texas-personal-attorney-no-obligation\"><a href=\"#wrapper-footer\">Consulta gratuita<\/a> with a Texas Personal Attorney &#8211; No Obligation<\/h3>\n\n\n\n<p>Ofrecemos una consulta gratuita con un abogado experimentado (no un \"evaluador\"). Si est\u00e1 en el hospital o en casa, lo visitaremos si le resulta m\u00e1s f\u00e1cil.<\/p>\n\n\n\n<p>Nuestro abogado se sentar\u00e1 con usted y escuchar\u00e1 su historia. Le explicaremos sus opciones bajo la ley de Texas. Sin obligaci\u00f3n. Y si nos contrata, a menos que le consigamos dinero por sus lesiones, <em>no deber\u00e1 nada<\/em>.<\/p>\n\n\n\n<p>No pretendemos que tengas un mejor caso que el tuyo. No lo presionamos para que haga un arreglo r\u00e1pido. Le decimos la verdad sobre su caso para que pueda tomar una decisi\u00f3n informada.<\/p>\n<\/div>\n<\/div>\n\n\n\n<h2 class=\"wp-block-heading\" id=\"h-a-texas-personal-injury-attorney-can-help-you-make-clear-decisions\">A Texas Personal Injury Attorney Can Help You Make Clear Decisions<\/h2>\n\n\n\n<p>Muchas v\u00edctimas de accidentes se enfrentan a la hospitalizaci\u00f3n o al dolor f\u00edsico y emocional despu\u00e9s del accidente. Ellos y sus seres queridos pueden estar demasiado ocupados o lesionados para pensar en c\u00f3mo pagar\u00e1 todas las facturas.<\/p>\n\n\n\n<p>En el caso de una lesi\u00f3n corporal grave o la <a href=\"https:\/\/www.justinian.com\/es\/how-were-you-injured\/wrongful-death\/\">muerte por negligencia<\/a> de un ser querido, las personas a menudo se sienten abrumadas y enfrentan un futuro incierto. Es posible que no se encuentren en una posici\u00f3n, emocional o mental, para tomar decisiones financieras complejas o de otro tipo sin consejo.<\/p>\n\n\n\n<p>Su abogado est\u00e1 de su lado, tanto como abogado como asesor.<\/p>\n\n\n\n<p>En Justinian &amp; Associates, cada uno de nuestros abogados est\u00e1 impulsado por la equidad. Luchamos contra los matones y luchamos por las v\u00edctimas todos los d\u00edas. Y nuestro \u00fanico objetivo es la justicia para nuestros clientes, sea lo que sea que eso signifique para ellos. Somos guerreros para los heridos.<\/p>\n\n\n\n<h2 class=\"wp-block-heading\" id=\"h-an-attorney-can-help-make-sure-that-your-damages-get-compensated\">Un abogado puede ayudar a asegurarse de que sus da\u00f1os sean compensados<\/h2>\n\n\n\n<h3 class=\"wp-block-heading\" id=\"h-medical-bills-and-healthcare-costs\">Facturas m\u00e9dicas y costos de atenci\u00f3n m\u00e9dica<\/h3>\n\n\n\n<p>Despu\u00e9s de un accidente automovil\u00edstico, es muy importante que profesionales m\u00e9dicos capacitados examinen sus lesiones. Puede resultar m\u00e1s herido de lo que cree. Y las lesiones no tratadas a menudo simplemente empeoran.<\/p>\n\n\n\n<p>Even if you receive a settlement offer from the person or company that injured you, it may cover your medical bills and repair costs. Your injuries may require ongoing therapy. Healthcare costs have skyrocketed, and these bills may quickly add up. A Texas  personal injury lawyer from Justinian &amp; Associates can build a case that lays out all of your costs and damages and explains why the other side must pay for them. We have decades of combined experience and are skilled at <a href=\"https:\/\/www.justinian.com\/es\/resultados-de-casos\/\">getting our clients\u2019 bills paid<\/a> after an accident.<\/p>\n\n\n\n<div class=\"wp-block-columns is-layout-flex wp-container-core-columns-is-layout-9d6595d7 wp-block-columns-is-layout-flex\">\n<div class=\"wp-block-column is-vertically-aligned-center is-layout-flow wp-block-column-is-layout-flow\" style=\"flex-basis:33.333%\">\n<figure class=\"wp-block-image size-large\"><img decoding=\"async\" width=\"340\" height=\"522\" src=\"https:\/\/www.justinian.com\/wp-content\/uploads\/2020\/10\/An-Austin-Personal-Injury-Attorneys-Letter-of-Protection-Can-Get-You-Medical-Care-Without-Paying-Up-Front.jpg\" alt=\"\" class=\"wp-image-595\"\/><\/figure>\n<\/div>\n\n\n\n<div class=\"wp-block-column is-layout-flow wp-block-column-is-layout-flow\">\n<h4 class=\"wp-block-heading\" id=\"h-a-texas-personal-injury-attorney-s-letter-of-protection-can-get-you-medical-care-without-paying-up-front\">A Texas Personal Injury Attorney\u2019s Letter of Protection Can Get You Medical Care Without Paying Up-Front<\/h4>\n\n\n\n<p>If you do not have enough money to pay for your medical care costs upfront, we can write a <em>Carta de Protecci\u00f3n <\/em>que garantizar\u00e1 que si obtenemos un acuerdo en su caso de lesiones personales, le\nreembolsaremos al proveedor m\u00e9dico con ese acuerdo.&nbsp;<\/p>\n\n\n\n<p>Trabajamos todos los d\u00edas con profesionales m\u00e9dicos calificados que tratan a las v\u00edctimas de accidentes.&nbsp;<\/p>\n\n\n\n<p>Many of these professionals will treat you at no upfront cost to you. They do not get paid unless we get you a money settlement. They trust our legal abilities and judgment and are comfortable taking the risk, because of our excellent record of results.<\/p>\n<\/div>\n<\/div>\n\n\n\n<h3 class=\"wp-block-heading\" id=\"h-property-damage-including-compensation-for-its-diminished-value\">Da\u00f1os a la propiedad, incluida la compensaci\u00f3n por su depreciaci\u00f3n de valor<\/h3>\n\n\n\n<p>En Justinian &amp; Associates, nuestros abogados trabajan para garantizar que la compa\u00f1\u00eda de seguros pague una cantidad justa para reparar o reemplazar su veh\u00edculo u otra propiedad.<\/p>\n\n\n\n<p>Pero muchas personas creen que un autom\u00f3vil \"nunca es el mismo\" despu\u00e9s de un accidente. Cierto o no, su propiedad puede valer menos despu\u00e9s de la reparaci\u00f3n. Es por eso que a menudo logramos acuerdos para la \u201cdepreciaci\u00f3n de valor\u201d. Estos compensan a nuestros clientes por la p\u00e9rdida de valor de su propiedad.<\/p>\n\n\n\n<figure class=\"wp-block-image size-large\"><img decoding=\"async\" width=\"890\" height=\"385\" src=\"https:\/\/www.justinian.com\/wp-content\/uploads\/2020\/10\/Property-Damage-Including-Compensation-For-Its-Diminished-Value.jpg\" alt=\"\" class=\"wp-image-596\" srcset=\"https:\/\/www.justinian.com\/wp-content\/uploads\/2020\/10\/Property-Damage-Including-Compensation-For-Its-Diminished-Value.jpg 890w, https:\/\/www.justinian.com\/wp-content\/uploads\/2020\/10\/Property-Damage-Including-Compensation-For-Its-Diminished-Value-540x234.jpg 540w, https:\/\/www.justinian.com\/wp-content\/uploads\/2020\/10\/Property-Damage-Including-Compensation-For-Its-Diminished-Value-768x332.jpg 768w\" sizes=\"(max-width: 890px) 100vw, 890px\" \/><\/figure>\n\n\n\n<h3 class=\"wp-block-heading\" id=\"h-pain-and-suffering\">Dolor y sufrimiento<\/h3>\n\n\n\n<p>Los accidentes y las lesiones pueden exponer a una v\u00edctima a un trauma mental y dolor corporal. Adem\u00e1s de las colisiones de autom\u00f3viles, los defectos de los productos defectuosos y los productos farmac\u00e9uticos da\u00f1inos pueden dejar a alguien con lesiones de por vida. Incluso los accidentes menores pueden causar dolores y sufrimientos importantes.<\/p>\n\n\n\n<p>El dolor continuo puede interferir con sus actividades de la vida diaria como caminar, ir de compras, cargar a su hijo o mascota y realizar su trabajo de la mejor manera posible.&nbsp;<\/p>\n\n\n\n<p>En Justinian &amp; Associates no adivinamos si una oferta de indemnizaci\u00f3n es justa. Mantenemos un extenso registro de acuerdos de todo el pa\u00eds. Nos aseguramos de que la compa\u00f1\u00eda de seguros no est\u00e9 tratando de resolver su reclamo por menos de lo que vale.<\/p>\n\n\n\n<p>No hay ninguna raz\u00f3n por la que no deba recibir toda la compensaci\u00f3n que una empresa debe pagar por su caso.<\/p>\n\n\n\n<div class=\"wp-block-columns is-layout-flex wp-container-core-columns-is-layout-9d6595d7 wp-block-columns-is-layout-flex\">\n<div class=\"wp-block-column is-layout-flow wp-block-column-is-layout-flow\">\n<h3 class=\"wp-block-heading\" id=\"h-lost-wages\">Salarios perdidos<\/h3>\n\n\n\n<p>No s\u00f3lo es molesto perder tiempo fuera del trabajo debido a un accidente automovil\u00edstico, a menudo cuesta dinero porque muchos empleadores no pagan a los trabajadores por el tiempo que pasan en el consultorio del m\u00e9dico.&nbsp;<\/p>\n\n\n\n<p>Afortunadamente, la ley generalmente requiere que una persona o empresa que lesiona a otra tambi\u00e9n debe compensar a la v\u00edctima lesionada por los salarios perdidos. Trabajaremos para asegurarnos de que reciba una compensaci\u00f3n adecuada por todo el tiempo que tenga que faltar al trabajo mientras se recupera de su accidente.<\/p>\n\n\n\n<p><a href=\"#contact-us-form\">Cont\u00e1ctenos ahora<\/a> si falt\u00f3 al trabajo debido a un accidente automovil\u00edstico y necesita ayuda para que le paguen las horas o los d\u00edas que perdi\u00f3.<\/p>\n<\/div>\n\n\n\n<div class=\"wp-block-column is-vertically-aligned-center is-layout-flow wp-block-column-is-layout-flow\" style=\"flex-basis:33.333%\">\n<figure class=\"wp-block-image size-large\"><img decoding=\"async\" width=\"360\" height=\"476\" src=\"https:\/\/www.justinian.com\/wp-content\/uploads\/2020\/10\/Lost-Wages.jpg\" alt=\"\" class=\"wp-image-598\"\/><\/figure>\n<\/div>\n<\/div>\n\n\n\n<h2 class=\"wp-block-heading\" id=\"h-auto-accident-victims-with-personal-injury-attorneys-receive-much-higher-settlements\">V\u00edctimas de accidentes automovil\u00edsticos con abogados de lesiones personales reciben acuerdos mucho m\u00e1s altos<\/h2>\n\n\n\n<p>Un estudio ampliamente citado por el Insurance Research Council demostr\u00f3 que:<\/p>\n\n\n\n<ul class=\"check-list wp-block-list\">\n<li>Las v\u00edctimas de accidentes automovil\u00edsticos representadas por un abogado generalmente reciben una compensaci\u00f3n aproximadamente <em>tres veces mayor<\/em> que las que no lo tienen.<\/li>\n\n\n\n<li><em>El ochenta y cinco por ciento de los pagos de las compa\u00f1\u00edas de seguros de autom\u00f3viles por lesiones corporales<\/em> se hacen a las v\u00edctimas representadas por un abogado en lugar de a las personas que se representan a s\u00ed mismas.<\/li>\n<\/ul>\n\n\n\n<p><em>But the most basic reason to get a lawyer if you have been in a car accident is that <a href=\"https:\/\/www.justinian.com\/es\/faqs\/puedo-resolver-mi-caso-con-la-compania-de-seguros-por-mi-cuenta\/\">the odds are stacked against you<\/a> without one.<\/em><\/p>\n\n\n\n<h2 class=\"wp-block-heading\" id=\"h-a-texas-personal-injury-attorney-deals-with-the-insurance-company-for-you\">A Texas Personal Injury Attorney Deals With the Insurance Company For You<\/h2>\n\n\n\n<p>Tratar con una compa\u00f1\u00eda de seguros puede resultar agotador. Pueden ser dif\u00edciles de contactar. Los empleados de las compa\u00f1\u00edas de seguros a veces son hostiles o distantes. Incluso cuando un ajustador de seguros es amigable, debe tener cuidado.<\/p>\n\n\n\n<p>That\u2019s because insurance company employees use any statements you make, or legal theories they can construct, <a href=\"https:\/\/www.justinian.com\/es\/faqs\/tengo-que-entregar-una-declaracion-grabada-a-una-compania-de-seguros\/\">to deny or reduce compensation<\/a>.<\/p>\n\n\n\n<p>Pueden sentir compasi\u00f3n por su dolor y sufrimiento. Pero es su trabajo. Las compa\u00f1\u00edas de seguros son negocios. Por ley, est\u00e1n impulsados por las ganancias.<\/p>\n\n\n\n<p><em>Pero no tiene que afrontar estresantes llamadas telef\u00f3nicas y negociaciones por su cuenta.<\/em><\/p>\n\n\n\n<p>The Texas personal injury attorneys at Justinian &amp; Associates are experienced in dealing with insurance companies. We know their tactics. We understand the law and how the court system works, and we never retreat from fighting for your rights.<\/p>\n\n\n\n<p>Incluso si la otra parte claramente tuvo la culpa, podemos asegurarnos de que la compa\u00f1\u00eda de seguros pague para reparar su autom\u00f3vil y le proporcione un autom\u00f3vil de alquiler si es necesario. Si su autom\u00f3vil qued\u00f3 inutilizable, podemos negociar un acuerdo justo.<\/p>\n\n\n\n<p>Una cosa es segura: cuando hable con la compa\u00f1\u00eda de seguros, <em>consultar\u00e1n a un abogado<\/em>. De hecho, probablemente <em>todo un departamento lleno de abogados<\/em>, todos los cuales entienden que la victoria radica en lograr el acuerdo m\u00e1s bajo posible que pueda estar convencido de aceptar. Antes de hablar con cualquier empleado de una compa\u00f1\u00eda de seguros, desea conocer sus derechos.<\/p>\n\n\n\n<figure class=\"wp-block-image size-large\"><img decoding=\"async\" width=\"890\" height=\"408\" src=\"https:\/\/www.justinian.com\/wp-content\/uploads\/2020\/10\/An-Austin-Personal-Injury-Attorney-Deals-With-the-Insurance-Company-For-You.jpg\" alt=\"\" class=\"wp-image-599\" srcset=\"https:\/\/www.justinian.com\/wp-content\/uploads\/2020\/10\/An-Austin-Personal-Injury-Attorney-Deals-With-the-Insurance-Company-For-You.jpg 890w, https:\/\/www.justinian.com\/wp-content\/uploads\/2020\/10\/An-Austin-Personal-Injury-Attorney-Deals-With-the-Insurance-Company-For-You-540x248.jpg 540w, https:\/\/www.justinian.com\/wp-content\/uploads\/2020\/10\/An-Austin-Personal-Injury-Attorney-Deals-With-the-Insurance-Company-For-You-768x352.jpg 768w\" sizes=\"(max-width: 890px) 100vw, 890px\" \/><\/figure>\n\n\n\n<h2 class=\"wp-block-heading\" id=\"h-speaking-to-an-auto-accident-lawyer-at-justinian-associates-costs-nothing\">Hablar con un abogado de accidentes automovil\u00edsticos en Justinian &amp; Associates no cuesta nada<\/h2>\n\n\n\n<p>Justinian &amp; Associates ha representado a v\u00edctimas lesionadas durante casi una d\u00e9cada. Nuestro personal dedicado de abogados de lesiones personales ofrece una <em>consulta totalmente gratuita<\/em> para escuchar los detalles espec\u00edficos de su caso y hacerle saber sus opciones.<\/p>\n\n\n\n<p>We work on a <a href=\"https:\/\/www.justinian.com\/es\/faqs\/quien-paga-los-costos-de-mi-caso-es-eso-parte-del-acuerdo\/\">contingency-fee basis<\/a>. That means our pay is <em>depende<\/em> de si recuperamos dinero para usted o no. Entonces, a menos que le consigamos dinero por sus lesiones, <em>no debe nada<\/em><\/p>\n\n\n\n<p>If you do decide to hire a Texas car accident attorney, Justinian &amp; Associates is ready to help. Our roster of seasoned attorneys and staff of experts will assert your interests from pre-trial settlement all the way through the court trial.<\/p>\n\n\n\n<div class=\"wp-block-columns is-layout-flex wp-container-core-columns-is-layout-9d6595d7 wp-block-columns-is-layout-flex\">\n<div class=\"wp-block-column is-vertically-aligned-center is-layout-flow wp-block-column-is-layout-flow\">\n<figure class=\"wp-block-image size-large\"><img decoding=\"async\" width=\"420\" height=\"252\" src=\"https:\/\/www.justinian.com\/wp-content\/uploads\/2020\/10\/Speaking-To-An-Auto-Accident-Lawyer-At-Justinian-Associates-Costs-Nothing.jpg\" alt=\"\" class=\"wp-image-600\"\/><\/figure>\n<\/div>\n\n\n\n<div class=\"wp-block-column is-layout-flow wp-block-column-is-layout-flow\">\n<p>Nuestra representaci\u00f3n se adapta a los detalles de su caso y sus necesidades individuales. Ofrecemos tecnolog\u00eda de comunicaciones de vanguardia, pero nos especializamos en ofrecer un toque personal, conoci\u00e9ndolo en persona mientras se recupera en el hospital o donde sea conveniente.<\/p>\n\n\n\n<p>Lo importante es hacer la llamada telef\u00f3nica y comenzar a explicar <em>su versi\u00f3n de los hechos.<\/em><strong><\/strong><\/p>\n<\/div>\n<\/div>"},"excerpt":{"rendered":"<p>Whether a Texas Personal Injury Lawyer from Justinian &amp; Associates Can Help You If you have been injured by someone else\u2019s carelessness, you may be dealing with: You don\u2019t have to face that all alone. A personal injury lawyer can often help solve a lot of problems for you: A Texas Personal Injury Attorney Explains [&#8230;]<\/p>\n<p><a class=\"btn btn-secondary understrap-read-more-link\" href=\"https:\/\/www.justinian.com\/es\/sobre-nosotros\/si-un-abogado-de-lesiones-personales-en-austin-puede-ayudarlo\/\">Leer m\u00e1s&#8230;<\/a><\/p>","protected":false},"author":1,"featured_media":0,"parent":11,"menu_order":65,"comment_status":"closed","ping_status":"closed","template":"page-templates\/page-sidebar-template.php","meta":{"_acf_changed":false,"ub_ctt_via":"","footnotes":""},"class_list":["post-178","page","type-page","status-publish","hentry"],"acf":[],"featured_image_src":null,"_links":{"self":[{"href":"https:\/\/www.justinian.com\/es\/wp-json\/wp\/v2\/pages\/178","targetHints":{"allow":["GET"]}}],"collection":[{"href":"https:\/\/www.justinian.com\/es\/wp-json\/wp\/v2\/pages"}],"about":[{"href":"https:\/\/www.justinian.com\/es\/wp-json\/wp\/v2\/types\/page"}],"author":[{"embeddable":true,"href":"https:\/\/www.justinian.com\/es\/wp-json\/wp\/v2\/users\/1"}],"replies":[{"embeddable":true,"href":"https:\/\/www.justinian.com\/es\/wp-json\/wp\/v2\/comments?post=178"}],"version-history":[{"count":11,"href":"https:\/\/www.justinian.com\/es\/wp-json\/wp\/v2\/pages\/178\/revisions"}],"predecessor-version":[{"id":5912,"href":"https:\/\/www.justinian.com\/es\/wp-json\/wp\/v2\/pages\/178\/revisions\/5912"}],"up":[{"embeddable":true,"href":"https:\/\/www.justinian.com\/es\/wp-json\/wp\/v2\/pages\/11"}],"wp:attachment":[{"href":"https:\/\/www.justinian.com\/es\/wp-json\/wp\/v2\/media?parent=178"}],"curies":[{"name":"wp","href":"https:\/\/api.w.org\/{rel}","templated":true}]}}