{"id":173,"date":"2020-10-01T17:55:43","date_gmt":"2020-10-01T17:55:43","guid":{"rendered":"https:\/\/www.justinian.com\/?page_id=173"},"modified":"2024-01-03T17:39:38","modified_gmt":"2024-01-03T23:39:38","slug":"hire-a-personal-injury-lawyer","status":"publish","type":"page","link":"https:\/\/www.justinian.com\/es\/sobre-nosotros\/contratar-a-un-abogado-de-lesiones-personales\/","title":{"rendered":"CONTRATAR A UN ABOGADO DE LESIONES PERSONALES"},"content":{"rendered":"<p id=\"h-justinian-associates-is-an-austin-based-personal-injury-law-firm-with-a-staff-of-seasoned-personal-injury-attorneys-and-a-record-of-success\">Justinian &amp; Associates is a Texas-based personal injury law firm with a staff of seasoned personal injury attorneys and a <a href=\"https:\/\/www.justinian.com\/es\/resultados-de-casos\/\">historial de \u00e9xito<\/a>.<\/p>\n\n\n\n<h2 class=\"wp-block-heading\" id=\"h-hire-a-texas-personal-injury-lawyer\">Hire A Texas Personal Injury Lawyer<\/h2>\n\n\n\n<p>Contratar a un abogado es una experiencia estresante para la mayor\u00eda de las personas porque la mayor\u00eda de las personas ni siquiera saben qu\u00e9 buscar en un abogado.<\/p>\n\n\n\n<ul class=\"dot-list wp-block-list\">\n<li>Algunas personas necesitan ayuda para llegar a un acuerdo en un simple \"<a href=\"https:\/\/www.justinian.com\/es\/how-were-you-injured\/car-accidents\/\">accidente<\/a>.<\/li>\n\n\n\n<li>Otros necesitan ayuda para rehacer su vida despu\u00e9s de una <a href=\"https:\/\/www.justinian.com\/es\/how-were-you-injured\/wrongful-death\/\">lesi\u00f3n que les cambi\u00f3 la vida<\/a> o a un <a href=\"https:\/\/www.justinian.com\/es\/recursos-legales\/miembros-de-la-familia\/\">miembro de su familia<\/a>.<\/li>\n<\/ul>\n\n\n\n<h2 class=\"wp-block-heading\" id=\"h-in-choosing-your-texas-personal-injury-attorney-you-should-think-about\">In Choosing Your Texas Personal Injury Attorney, You Should Think About:<\/h2>\n\n\n\n<ul class=\"dot-list wp-block-list\">\n<li>Does this attorney or firm have experience in car accidents or areas of law relating to your case? Can the attorney or firm point to a record of success?<\/li>\n\n\n\n<li>\u00bfSe siente c\u00f3modo con este abogado o bufete de abogados?<\/li>\n\n\n\n<li>\u00bfSu abogado habla su idioma?<\/li>\n\n\n\n<li>\u00bfTiene el abogado la paciencia que necesita al discutir su caso?<\/li>\n\n\n\n<li>\u00bfEl abogado o el bufete de abogados tiene los recursos para manejar su caso?<\/li>\n<\/ul>\n\n\n\n<h2 class=\"wp-block-heading\" id=\"h-we-have-the-resources-and-experience-to-handle-most-personal-injury-cases\">Contamos con los recursos y la experiencia para manejar la mayor\u00eda de los casos de lesiones personales<\/h2>\n\n\n\n<div class=\"wp-block-columns is-layout-flex wp-container-core-columns-is-layout-9d6595d7 wp-block-columns-is-layout-flex\">\n<div class=\"wp-block-column is-vertically-aligned-center is-layout-flow wp-block-column-is-layout-flow\" style=\"flex-basis:40%\">\n<figure class=\"wp-block-image size-large\"><img decoding=\"async\" width=\"420\" height=\"445\" src=\"https:\/\/www.justinian.com\/wp-content\/uploads\/2020\/10\/No-Client-Is-Too-Big-Or-Small.jpg\" alt=\"\" class=\"wp-image-584\"\/><\/figure>\n<\/div>\n\n\n\n<div class=\"wp-block-column is-vertically-aligned-center is-layout-flow wp-block-column-is-layout-flow\">\n<h3 class=\"wp-block-heading\" id=\"h-no-client-is-too-big-or-small\">Ning\u00fan cliente es demasiado grande o peque\u00f1o<\/h3>\n\n\n\n<p>A veces representamos a un solo cliente con un asunto peque\u00f1o como <a href=\"https:\/\/www.justinian.com\/es\/how-were-you-injured\/car-accidents\/\">reparar un autom\u00f3vil y pagar las facturas m\u00e9dicas<\/a>. Es posible que solo implique una investigaci\u00f3n y algunas llamadas telef\u00f3nicas para que la compa\u00f1\u00eda de seguros sepa que usted habla en serio.<\/p>\n\n\n\n<p>Otras veces manejamos un grupo grande de personas que resultaron heridas por un producto farmac\u00e9utico peligroso o defectuoso. Se trata de grandes demandas conocidas como demandas por <a href=\"https:\/\/www.justinian.com\/es\/como-resulto-herido\/litigio-masivo-por-agravio\/\">agravio masivo<\/a>.<\/p>\n<\/div>\n<\/div>\n\n\n\n<h3 class=\"wp-block-heading\" id=\"block-16cdbd36-85da-4eac-993b-7cbca320bef2\">Experiencia con todo tipo de lesiones y leyes.<\/h3>\n\n\n\n<p id=\"block-fe8b46f3-d567-4bcb-9a35-792ba98debd4\">Hemos manejado todo tipo de casos de accidentes relacionados a lesiones personales:<\/p>\n\n\n\n<div class=\"wp-block-columns is-layout-flex wp-container-core-columns-is-layout-9d6595d7 wp-block-columns-is-layout-flex\">\n<div class=\"wp-block-column is-layout-flow wp-block-column-is-layout-flow\">\n<ul id=\"block-4f929e39-ecf8-49dc-b380-07936f75054c\" class=\"dot-list wp-block-list\">\n<li><a href=\"https:\/\/www.justinian.com\/es\/how-were-you-injured\/18-wheeler-accidents\/\">Accidentes de veh\u00edculos de 18 ruedas<\/a><\/li>\n\n\n\n<li><a href=\"https:\/\/www.justinian.com\/es\/how-were-you-injured\/car-accidents\/\">Accidentes automovil\u00edsticos<\/a><\/li>\n\n\n\n<li><a href=\"https:\/\/www.justinian.com\/es\/how-were-you-injured\/motorcycle-wrecks\/\">Accidentes de motocicleta<\/a><\/li>\n\n\n\n<li><a href=\"https:\/\/www.justinian.com\/es\/how-were-you-injured\/wrongful-death\/\">La muerte por negligencia<\/a><\/li>\n\n\n\n<li><a href=\"https:\/\/www.justinian.com\/es\/how-were-you-injured\/bicycle-accidents\/\">Accidentes de bicicletas<\/a><\/li>\n\n\n\n<li><a href=\"https:\/\/www.justinian.com\/es\/como-resulto-herido\/responsabilidad-por-productos-y-productos-peligrosos\/\">Responsabilidad del producto<\/a><\/li>\n\n\n\n<li><a href=\"https:\/\/www.justinian.com\/es\/how-were-you-injured\/bus-and-rail-accidents\/\">Accidentes de autob\u00fas y ferrocarril<\/a><\/li>\n\n\n\n<li><a href=\"https:\/\/www.justinian.com\/es\/how-were-you-injured\/dog-bite-and-animal-attacks\/\">Mordeduras de perro y ataques de animales<\/a><\/li>\n\n\n\n<li><a href=\"https:\/\/www.justinian.com\/es\/how-were-you-injured\/pedestrian-accidents\/\">Accidentes de peatones<\/a><\/li>\n<\/ul>\n<\/div>\n\n\n\n<div class=\"wp-block-column is-layout-flow wp-block-column-is-layout-flow\" style=\"flex-basis:50%\">\n<p id=\"block-77cbd769-4f56-469f-a2ca-d11c563d4c2f\">Tambi\u00e9n manejamos casos m\u00e1s complicados, como:<\/p>\n\n\n\n<ul id=\"block-498d920b-ced0-43eb-9939-41ec04e317e7\" class=\"dot-list wp-block-list\">\n<li><a href=\"https:\/\/www.justinian.com\/es\/como-resulto-herido\/responsabilidad-por-productos-y-productos-peligrosos\/\">Responsabilidad de producto<\/a><\/li>\n\n\n\n<li><a href=\"https:\/\/www.justinian.com\/es\/como-resulto-herido\/lesiones-por-medicamentos-recetados\/\">Medicamentos recetados peligrosos<\/a><\/li>\n\n\n\n<li><a href=\"https:\/\/www.justinian.com\/es\/como-resulto-herido\/estuches-para-dispositivos-medicos\/\">Dispositivos m\u00e9dicos<\/a><\/li>\n\n\n\n<li>Piezas de autom\u00f3vil defectuosas<\/li>\n<\/ul>\n<\/div>\n<\/div>\n\n\n\n<h3 class=\"wp-block-heading\" id=\"h-professional-compassionate-and-relentless\">Profesional, compasivo e implacable<\/h3>\n\n\n\n<p>Nuestro objetivo es eliminar el estr\u00e9s lo m\u00e1s r\u00e1pido posible siendo amigables, accesibles y nunca menospreciando a nadie.<\/p>\n\n\n\n<p>While every case is different, at Justinian &amp; Associates, our Texas personal injury attorneys all treat clients the same way we would want to be treated. That includes:<\/p>\n\n\n\n<div class=\"wp-block-columns is-layout-flex wp-container-core-columns-is-layout-9d6595d7 wp-block-columns-is-layout-flex\">\n<div class=\"wp-block-column is-layout-flow wp-block-column-is-layout-flow\">\n<ul id=\"block-e8738a2c-1663-4fdd-8af6-938a0c348466\" class=\"dot-list wp-block-list\">\n<li>Paciencia<\/li>\n\n\n\n<li>El respeto<\/li>\n\n\n\n<li>Compasi\u00f3n<\/li>\n\n\n\n<li>Lealtad<\/li>\n\n\n\n<li>Apoyo<\/li>\n<\/ul>\n<\/div>\n\n\n\n<div class=\"wp-block-column is-layout-flow wp-block-column-is-layout-flow\">\n<ul id=\"block-a1fe160b-5c7c-49fc-b0d1-2370a5554114\" class=\"dot-list wp-block-list\">\n<li>Trabajo duro implacable<\/li>\n\n\n\n<li>Escuchar al cliente<\/li>\n\n\n\n<li>Sin ning\u00fan cargo a menos que obtengamos una compensaci\u00f3n<\/li>\n\n\n\n<li>Devoci\u00f3n a la justicia<\/li>\n<\/ul>\n<\/div>\n<\/div>\n\n\n\n<h3 class=\"wp-block-heading\" id=\"h-we-face-down-the-biggest-adversaries\">Enfrentamos a los mayores adversarios<\/h3>\n\n\n\n<p>Hay muchos abogados que gritan a la c\u00e1mara o lanzan palabras como \"malo\" o \"duro\". Algunos incluso se califican a s\u00ed mismos como \u201cm\u00e1s feroces que un perro guardian\" o \"un gorila\" o alguna otra tonter\u00eda para persuadir a los clientes para que los contraten.<\/p>\n\n\n\n<p><em>Nosotros no.<\/em><\/p>\n\n\n\n<p>Estamos contentos de luchar sin descanso contra el otro lado hasta que hayamos recuperado una\ncompensaci\u00f3n justa para nuestros clientes. Guardamos la \"actuaci\u00f3n de tipo duro\" para los malos.<\/p>\n\n\n\n<p>Pero contamos con los recursos, la experiencia, los investigadores y la dedicaci\u00f3n necesarios para\nenfrentarnos a empresas de miles de millones de d\u00f3lares como fabricantes de productos farmac\u00e9uticos y compa\u00f1\u00edas de seguros. Lo hemos hecho muchas veces antes <a href=\"https:\/\/www.justinian.com\/es\/resultados-de-casos\/\">y hemos ganado<\/a>.<\/p>\n\n\n\n<div class=\"wp-block-columns is-layout-flex wp-container-core-columns-is-layout-9d6595d7 wp-block-columns-is-layout-flex\">\n<div class=\"wp-block-column is-vertically-aligned-center is-layout-flow wp-block-column-is-layout-flow\" style=\"flex-basis:40%\">\n<figure class=\"wp-block-image size-large\"><img decoding=\"async\" width=\"420\" height=\"320\" src=\"https:\/\/www.justinian.com\/wp-content\/uploads\/2020\/10\/Our-Only-Goal-Is-Justice-For-Our-Clients-Whatever-That-Means-For-Them.jpg\" alt=\"\" class=\"wp-image-586\"\/><\/figure>\n<\/div>\n\n\n\n<div class=\"wp-block-column is-vertically-aligned-center is-layout-flow wp-block-column-is-layout-flow\">\n<h3 class=\"wp-block-heading\" id=\"h-our-only-goal-is-justice-for-our-clients-whatever-that-means-for-them\">Nuestro \u00fanico objetivo es la justicia para nuestros clientes, lo que sea que eso signifique para ellos<\/h3>\n\n\n\n<p>Todos en Justinian &amp; Associates trabajan arduamente para maximizar la cantidad de dinero que podemos recuperar para nuestros clientes. Trabajamos diligentemente para asegurarnos de no dejar dinero sobre la mesa.<\/p>\n<\/div>\n<\/div>\n\n\n\n<div class=\"wp-block-columns is-layout-flex wp-container-core-columns-is-layout-9d6595d7 wp-block-columns-is-layout-flex\">\n<div class=\"wp-block-column is-vertically-aligned-center is-layout-flow wp-block-column-is-layout-flow\">\n<h3 class=\"wp-block-heading\" id=\"h-if-we-aren-t-the-right-firm-to-handle-your-case-we-ll-tell-you\">Si no somos la empresa adecuada para manejar su caso, se lo diremos.<\/h3>\n\n\n\n<p>For example, we\u2019re not a good choice if you have a medical malpractice case. However, we\u2019re more than happy to help you <a href=\"https:\/\/www.justinian.com\/es\/sobre-nosotros\/trabajar-con-otros-abogados\/\">find the right lawyer or law firm<\/a> to handle your case.<\/p>\n<\/div>\n\n\n\n<div class=\"wp-block-column is-vertically-aligned-center is-layout-flow wp-block-column-is-layout-flow\" style=\"flex-basis:40%\">\n<figure class=\"wp-block-image size-large\"><img decoding=\"async\" width=\"420\" height=\"280\" src=\"https:\/\/www.justinian.com\/wp-content\/uploads\/2020\/10\/If-we-arent-the-right-firm-to-handle-your-case-well-tell-you..jpg\" alt=\"\" class=\"wp-image-587\"\/><\/figure>\n<\/div>\n<\/div>\n\n\n\n<h2 class=\"wp-block-heading\" id=\"h-warriors-for-the-injured\">Guerreros para los heridos<\/h2>\n\n\n\n<p>Justinian &amp; Associates no es un bufete de abogados \"perseguidor de ambulancias\", una f\u00e1brica de drones con t\u00edtulos de abogado o una \u201cmaquina automatizada\" que intenta presionar a los acusados para obtener una ganancia r\u00e1pida.<\/p>\n\n\n\n<p><a href=\"https:\/\/www.justinian.com\/es\/abogados\/\">Speak to any attorney at Justinian &amp; Associates<\/a>, you will find not only an educated and experienced legal advocate, but an individual driven by a sense of justice, decency and a real desire to fight for those who cannot fight for themselves.<\/p>\n\n\n\n<p>No aceptamos todos los casos, pero los que aceptamos reciben una dedicaci\u00f3n compasiva pero intr\u00e9pida para que nuestros clientes reciban la compensaci\u00f3n a la que tienen derecho seg\u00fan la ley.<\/p>\n\n\n\n<p>Nunca lo presionaremos para demandar o llegar a un acuerdo, porque no estamos en el negocio de\ndemandar. Nos dedicamos a hacer justicia a nuestros clientes, <em>sea lo que sea que eso signifique para ellos.<\/em>.<\/p>\n\n\n\n<h3 class=\"wp-block-heading\" id=\"h-free-consultation-with-a-seasoned-texas-injury-attorney-no-obligation\"> Free Consultation With A Seasoned Texas Injury Attorney, No Obligation<\/h3>\n\n\n\n<p><a href=\"#wrapper-footer\">Ll\u00e1menos, env\u00edenos un mensaje de texto o env\u00edenos un correo electr\u00f3nico para una consulta gratuita<\/a>, y obtenga una evaluaci\u00f3n informada y honesta de su caso por parte de un abogado experimentado con un <a href=\"https:\/\/www.justinian.com\/es\/resultados-de-casos\/\">historial de \u00e9xito<\/a>.<\/p>\n\n\n\n<p>Su correo electr\u00f3nico ir\u00e1 directamente a un abogado, no a un \"evaluador\". Uno de nuestros abogados le dar\u00e1 un an\u00e1lisis sencillo de su caso y le dir\u00e1 si creemos que podemos ayudarlo.<\/p>\n\n\n\n<p>Su correo electr\u00f3nico ir\u00e1 directamente a un abogado, no a un \"evaluador\". Uno de nuestros abogados le dar\u00e1 un an\u00e1lisis sencillo de su caso y le dir\u00e1 si creemos que podemos ayudarlo.<\/p>\n\n\n\n<p>Si desea venir a una de nuestras oficinas, genial. Si prefiere que uno de nosotros lo encuentre donde Ud. est\u00e9, tambi\u00e9n estaremos encantados de hacerlo. Y estaremos encantados de acudir a usted en cualquier momento del d\u00eda o de la noche; trabajamos para usted, no al rev\u00e9s.<\/p>\n\n\n\n<h3 class=\"wp-block-heading\" id=\"h-no-fee-unless-you-receive-compensation-for-your-damages\">Sin cargo a menos que reciba una compensaci\u00f3n por sus da\u00f1os<\/h3>\n\n\n\n<p>If we can help, we will work for you on a <a href=\"https:\/\/www.justinian.com\/es\/faqs\/quien-paga-los-costos-de-mi-caso-es-eso-parte-del-acuerdo\/\">contingency fee basis<\/a>, which means that we only get paid a fee if we win your case.<\/p>\n\n\n\n<p>Para que quede claro, s\u00f3lo nos pagan si recuperamos dinero para usted.<\/p>\n\n\n\n<div class=\"wp-block-columns is-layout-flex wp-container-core-columns-is-layout-9d6595d7 wp-block-columns-is-layout-flex\">\n<div class=\"wp-block-column is-layout-flow wp-block-column-is-layout-flow\">\n<h3 class=\"wp-block-heading\" id=\"h-a-fearless-fighter-on-your-side\">Un luchador intr\u00e9pido de su lado<\/h3>\n\n\n\n<p>La verdad es que el sistema legal puede estar desequilibrado. Las grandes empresas tienen ej\u00e9rcitos de abogados que intentan evitar que tengan que pagar por las lesiones que causan.<\/p>\n\n\n\n<p>No es personal, es negocio. Pero el sistema legal a veces necesita ayuda para equilibrar la balanza.<\/p>\n\n\n\n<p><em>Por eso estamos aqu\u00ed.<\/em><\/p>\n\n\n\n<p><strong>Porque Justiniano significa Justicia.<\/strong><\/p>\n<\/div>\n\n\n\n<div class=\"wp-block-column is-vertically-aligned-center is-layout-flow wp-block-column-is-layout-flow\" style=\"flex-basis:40%\">\n<figure class=\"wp-block-image size-large\"><img decoding=\"async\" width=\"420\" height=\"380\" src=\"https:\/\/www.justinian.com\/wp-content\/uploads\/2020\/10\/A-Fearless-Fighter-On-Your-Side.jpg\" alt=\"\" class=\"wp-image-588\"\/><\/figure>\n<\/div>\n<\/div>"},"excerpt":{"rendered":"<p>Justinian &amp; Associates is a Texas-based personal injury law firm with a staff of seasoned personal injury attorneys and a record of success. Hire A Texas Personal Injury Lawyer Hiring a lawyer is a stressful experience for most people because most people don\u2019t even know what to look for in a lawyer. In Choosing Your [&#8230;]<\/p>\n<p><a class=\"btn btn-secondary understrap-read-more-link\" href=\"https:\/\/www.justinian.com\/es\/sobre-nosotros\/contratar-a-un-abogado-de-lesiones-personales\/\">Leer m\u00e1s&#8230;<\/a><\/p>","protected":false},"author":1,"featured_media":0,"parent":11,"menu_order":63,"comment_status":"closed","ping_status":"closed","template":"page-templates\/page-sidebar-template.php","meta":{"_acf_changed":false,"ub_ctt_via":"","footnotes":""},"class_list":["post-173","page","type-page","status-publish","hentry"],"acf":[],"featured_image_src":null,"_links":{"self":[{"href":"https:\/\/www.justinian.com\/es\/wp-json\/wp\/v2\/pages\/173","targetHints":{"allow":["GET"]}}],"collection":[{"href":"https:\/\/www.justinian.com\/es\/wp-json\/wp\/v2\/pages"}],"about":[{"href":"https:\/\/www.justinian.com\/es\/wp-json\/wp\/v2\/types\/page"}],"author":[{"embeddable":true,"href":"https:\/\/www.justinian.com\/es\/wp-json\/wp\/v2\/users\/1"}],"replies":[{"embeddable":true,"href":"https:\/\/www.justinian.com\/es\/wp-json\/wp\/v2\/comments?post=173"}],"version-history":[{"count":6,"href":"https:\/\/www.justinian.com\/es\/wp-json\/wp\/v2\/pages\/173\/revisions"}],"predecessor-version":[{"id":5947,"href":"https:\/\/www.justinian.com\/es\/wp-json\/wp\/v2\/pages\/173\/revisions\/5947"}],"up":[{"embeddable":true,"href":"https:\/\/www.justinian.com\/es\/wp-json\/wp\/v2\/pages\/11"}],"wp:attachment":[{"href":"https:\/\/www.justinian.com\/es\/wp-json\/wp\/v2\/media?parent=173"}],"curies":[{"name":"wp","href":"https:\/\/api.w.org\/{rel}","templated":true}]}}