{"id":1458,"date":"2020-11-04T20:03:42","date_gmt":"2020-11-04T20:03:42","guid":{"rendered":"https:\/\/www.justinian.com\/?page_id=1458"},"modified":"2024-01-03T17:29:42","modified_gmt":"2024-01-03T23:29:42","slug":"texas-personal-injury-attorney-privacy-policy","status":"publish","type":"page","link":"https:\/\/www.justinian.com\/es\/politica-de-privacidad-del-abogado-de-lesiones-personales-de-austin\/","title":{"rendered":"Pol\u00edtica de privacidad"},"content":{"rendered":"<div class=\"wp-block-buttons is-layout-flex wp-block-buttons-is-layout-flex\">\n<div class=\"wp-block-button\"><a class=\"wp-block-button__link has-background wp-element-button\" href=\"#h-california-consumer-privacy-act-ccpa\" style=\"background-color:#0aadff\">NOTA SOBRE LA LEY DE PRIVACIDAD DEL CONSUMIDOR DE CALIFORNIA<\/a><\/div>\n<\/div>\n\n\n\n<h2 class=\"wp-block-heading\" id=\"h-a-introduction\">A. Introducci\u00f3n<\/h2>\n\n\n\n<ol class=\"wp-block-list\">\n<li>La privacidad de los visitantes de nuestro sitio web es muy importante para nosotros y estamos comprometidos a protegerla. Esta pol\u00edtica explica lo que hacemos con su informaci\u00f3n personal.<\/li>\n\n\n\n<li>El consentimiento para nuestro uso de cookies de acuerdo con los t\u00e9rminos de esta pol\u00edtica cuando visita nuestro sitio web por primera vez nos permite utilizar cookies cada vez que visita nuestro sitio web.<\/li>\n<\/ol>\n\n\n\n<h2 class=\"wp-block-heading\" id=\"h-b-credit\">B. Cr\u00e9dito<\/h2>\n\n\n\n<ol class=\"wp-block-list\">\n<li>Este documento fue creado usando una plantilla de SEQ Legal (seqlegal.com) y modificado por vpnMentor (www.vpnmentor.com)<\/li>\n<\/ol>\n\n\n\n<h2 class=\"wp-block-heading\" id=\"h-c-how-we-collect-your-personal-data\">C.C\u00f3mo recopilamos sus datos personales<\/h2>\n\n\n\n<p id=\"h-the-following-types-of-personal-information-may-be-collected-stored-and-used\">Los siguientes tipos de informaci\u00f3n personal se pueden recopilar, almacenar y utilizar:<\/p>\n\n\n\n<ol class=\"wp-block-list\">\n<li>Informaci\u00f3n sobre su computadora, incluida su direcci\u00f3n IP, ubicaci\u00f3n geogr\u00e1fica, tipo y versi\u00f3n de navegador y sistema operativo<\/li>\n\n\n\n<li>Informaci\u00f3n sobre sus visitas y uso de este sitio web, incluida la fuente de referencia, la duraci\u00f3n de la visita, las visitas a la p\u00e1gina y las rutas de navegaci\u00f3n del sitio web.<\/li>\n\n\n\n<li>Informaci\u00f3n que ingresa cuando se registra en nuestro sitio web, como su sitio web de correo electr\u00f3nico.<\/li>\n\n\n\n<li>Informaci\u00f3n que ingresa cuando crea un perfil en nuestro sitio web. Por ejemplo, su nombre, fotos de perfil, sexo, fecha de nacimiento, estado civil, intereses y pasatiempos, detalles educativos y detalles laborales.<\/li>\n\n\n\n<li>Informaci\u00f3n que ingresa para configurar la suscripci\u00f3n a nuestros correos electr\u00f3nicos y \/ o boletines.<\/li>\n\n\n\n<li>Informaci\u00f3n que se genera durante el uso de nuestro sitio web, incluido cu\u00e1ndo, con qu\u00e9 frecuencia y en qu\u00e9 circunstancias lo usa.<\/li>\n\n\n\n<li>Informaci\u00f3n relacionada con cualquier cosa que compre, los servicios que use o las transacciones que realice a trav\u00e9s de nuestro sitio web, que incluye su nombre, direcci\u00f3n, n\u00famero de tel\u00e9fono, direcci\u00f3n de correo electr\u00f3nico y detalles de la tarjeta de cr\u00e9dito.<\/li>\n\n\n\n<li>Informaci\u00f3n que publica en nuestro sitio web con la intenci\u00f3n de publicarla en Internet.<\/li>\n\n\n\n<li>Cualquier otra informaci\u00f3n personal que nos env\u00ede.<\/li>\n<\/ol>\n\n\n\n<h2 class=\"wp-block-heading\" id=\"h-d-using-personal-information\">D. Uso de informaci\u00f3n personal<\/h2>\n\n\n\n<p>La informaci\u00f3n personal que se nos env\u00ede a trav\u00e9s de nuestro sitio web se utilizar\u00e1 para los fines especificados en esta pol\u00edtica o en las p\u00e1ginas relevantes del sitio web. \u00c9stas incluyen:<br>&nbsp;&nbsp;&nbsp;&nbsp;&nbsp;&nbsp;&nbsp;&nbsp;&nbsp;<\/p>\n\n\n\n<ol class=\"wp-block-list\">\n<li>Administrar nuestro sitio web y nuestro negocio<\/li>\n\n\n\n<li>Personalizando nuestro sitio web para usted<\/li>\n\n\n\n<li>Habilitar su uso de los servicios disponibles en nuestro sitio web<\/li>\n\n\n\n<li>Enviarle productos comprados a trav\u00e9s de nuestro sitio web<\/li>\n\n\n\n<li>Suministro de servicios adquiridos a trav\u00e9s de nuestro sitio web<\/li>\n\n\n\n<li>Enviarle extractos, facturas y recordatorios de pago, y cobrarle sus pagos.<\/li>\n\n\n\n<li>Enviarle comunicaciones comerciales de marketing.<\/li>\n\n\n\n<li>Enviarle notificaciones por correo electr\u00f3nico que haya solicitado espec\u00edficamente.<\/li>\n\n\n\n<li>Envi\u00e1ndole nuestro bolet\u00edn de noticias por correo electr\u00f3nico si se suscribi\u00f3 (puede darse de baja en cualquier momento).<\/li>\n\n\n\n<li>Enviarle comunicaciones de marketing relacionadas con nuestro negocio o los negocios de terceros que pensamos que pueden ser de su inter\u00e9s.<\/li>\n\n\n\n<li>Facilitar a terceros informaci\u00f3n estad\u00edstica sobre nuestros usuarios.<\/li>\n\n\n\n<li>Atender las consultas y quejas realizadas por usted o sobre usted en relaci\u00f3n con nuestro sitio web<\/li>\n\n\n\n<li>Mantener nuestro sitio web seguro y prevenir el fraude.<\/li>\n\n\n\n<li>Verificar el cumplimiento de los t\u00e9rminos y condiciones que rigen el uso de nuestro sitio web.<\/li>\n\n\n\n<li>Otros usos.<\/li>\n<\/ol>\n\n\n\n<p>Si env\u00eda informaci\u00f3n personal para su publicaci\u00f3n en nuestro sitio web, publicaremos y usaremos esa informaci\u00f3n de acuerdo con la licencia que nos otorga. Su configuraci\u00f3n de privacidad se puede utilizar para limitar la publicaci\u00f3n de su informaci\u00f3n en nuestro sitio web y se puede ajustar mediante controles de privacidad en el sitio web.<\/p>\n\n\n\n<p id=\"h-we-will-not-without-your-expressed-consent-supply-your-personal-information-to-any-third-party-for-their-or-any-other-third-party-s-direct-marketing\"><strong>Sin su consentimiento expreso, no proporcionaremos su informaci\u00f3n personal a ning\u00fan tercero para su comercializaci\u00f3n directa o la de cualquier otro tercero.<\/strong><\/p>\n\n\n\n<h2 class=\"wp-block-heading\" id=\"h-e-disclosing-personal-information\">E. Divulgaci\u00f3n de informaci\u00f3n personal<\/h2>\n\n\n\n<p>Podemos divulgar su informaci\u00f3n personal a cualquiera de nuestros empleados, funcionarios, aseguradoras, asesores profesionales, agentes, proveedores o subcontratistas seg\u00fan sea razonablemente necesario para los fines establecidos en esta pol\u00edtica.<\/p>\n\n\n\n<p>Podemos divulgar su informaci\u00f3n personal a cualquier miembro de nuestro grupo de empresas (esto significa nuestras subsidiarias, nuestra \u00faltima empresa matriz y todas sus subsidiarias) seg\u00fan sea razonablemente necesario para los fines establecidos en esta pol\u00edtica.<\/p>\n\n\n\n<p>Podemos divulgar su informaci\u00f3n personal:<\/p>\n\n\n\n<ol class=\"wp-block-list\">\n<li>en la medida en que la ley nos exija hacerlo;<\/li>\n\n\n\n<li>en relaci\u00f3n con cualquier procedimiento legal en curso o prospectivo;<\/li>\n\n\n\n<li>para establecer, ejercer o defender nuestros derechos legales (incluido el suministro de informaci\u00f3n a otros con el fin de prevenir el fraude y reducir el riesgo crediticio);<\/li>\n\n\n\n<li>al comprador (o posible comprador) de cualquier negocio o activo que estemos (o estamos contemplando) vendiendo; y<\/li>\n\n\n\n<li>a cualquier persona que creamos razonablemente que puede solicitar a un tribunal u otra autoridad competente la divulgaci\u00f3n de esa informaci\u00f3n personal cuando, en nuestra opini\u00f3n razonable, dicho tribunal o autoridad podr\u00eda ordenar la divulgaci\u00f3n de esa informaci\u00f3n personal.<\/li>\n<\/ol>\n\n\n\n<p>Salvo lo dispuesto en esta pol\u00edtica, no proporcionaremos su informaci\u00f3n personal a terceros.<\/p>\n\n\n\n<p>Tenga en cuenta que ciertos proveedores de servicios de terceros, como pasarelas de pago y otros procesadores de transacciones de pago, tienen sus propias pol\u00edticas de privacidad con respecto a la informaci\u00f3n que estamos obligados a proporcionarles para sus transacciones relacionadas con la compra.<\/p>\n\n\n\n<p>Para estos proveedores, le recomendamos que lea sus pol\u00edticas de privacidad para que pueda comprender la manera en que estos proveedores manejar\u00e1n su informaci\u00f3n personal.<\/p>\n\n\n\n<p>Ciertos proveedores pueden estar ubicados o tener instalaciones que se encuentran en una jurisdicci\u00f3n diferente a usted o nosotros. Si elige continuar con una transacci\u00f3n que involucra los servicios de un proveedor de servicios externo, entonces su informaci\u00f3n puede estar sujeta a las leyes de las jurisdicciones en las que se encuentran ese proveedor de servicios o sus instalaciones.<\/p>\n\n\n\n<p>Por ejemplo, si se encuentra en Canad\u00e1 y su transacci\u00f3n es procesada por una pasarela de pago ubicada en los Estados Unidos, entonces su informaci\u00f3n personal utilizada para completar esa transacci\u00f3n puede estar sujeta a divulgaci\u00f3n bajo la legislaci\u00f3n de los Estados Unidos, incluida la Ley Patriota.<\/p>\n\n\n\n<p>Una vez que abandona el sitio web de nuestro curso o es redirigido a un sitio web o aplicaci\u00f3n de terceros, ya no se rige por esta Pol\u00edtica de privacidad ni por los T\u00e9rminos de servicio de nuestro sitio web.<\/p>\n\n\n\n<h2 class=\"wp-block-heading\" id=\"h-f-payment-information\">F. Informaci\u00f3n de pago<\/h2>\n\n\n\n<ol class=\"wp-block-list\">\n<li>Si realiza una compra en nuestro sitio, utilizamos un procesador de pagos de terceros, como Stripe o Paypal. Los pagos se cifran a trav\u00e9s del Est\u00e1ndar de seguridad de datos de la industria de tarjetas de pago (PCI-DSS). Los datos de su transacci\u00f3n de compra se almacenan solo el tiempo que sea necesario para completar su transacci\u00f3n de compra.<br><br>Todas las pasarelas de pago directo se adhieren a los est\u00e1ndares establecidos por PCI-DSS seg\u00fan lo administra el PCI Security Standards Council, que es un esfuerzo conjunto de marcas como Visa, MasterCard, American Express y Discover.<br><br>Los requisitos de PCI-DSS ayudan a garantizar el manejo seguro de la informaci\u00f3n de la tarjeta de cr\u00e9dito por parte de nuestro sitio y los cursos relacionados y sus proveedores de servicios.<br><\/li>\n\n\n\n<li>Transferencias internacionales de datos\n<ol class=\"wp-block-list\">\n<li>La informaci\u00f3n que recopilamos puede almacenarse, procesarse y transferirse entre cualquiera de los pa\u00edses en los que operamos para permitirnos utilizar la informaci\u00f3n de acuerdo con esta pol\u00edtica.<\/li>\n\n\n\n<li>La informaci\u00f3n que recopilamos puede transferirse a los siguientes pa\u00edses que no tienen leyes de protecci\u00f3n de datos equivalentes a las vigentes en el Espacio Econ\u00f3mico Europeo: los Estados Unidos de Am\u00e9rica, Rusia, Jap\u00f3n, China e India.<\/li>\n\n\n\n<li>La informaci\u00f3n personal que publique en nuestro sitio web o env\u00ede para su publicaci\u00f3n en nuestro sitio web puede estar disponible, a trav\u00e9s de Internet, en todo el mundo. No podemos evitar el uso o mal uso de dicha informaci\u00f3n por parte de terceros.<\/li>\n\n\n\n<li>Usted acepta expresamente las transferencias de informaci\u00f3n personal descritas en esta Secci\u00f3n F (2).<\/li>\n<\/ol>\n<\/li>\n<\/ol>\n\n\n\n<h2 class=\"wp-block-heading\" id=\"h-g-retaining-personal-information\">G. Conservaci\u00f3n de informaci\u00f3n personal<\/h2>\n\n\n\n<ol class=\"wp-block-list\">\n<li>Esta Secci\u00f3n G establece nuestras pol\u00edticas y procedimientos de retenci\u00f3n de datos, que est\u00e1n dise\u00f1ados para ayudar a garantizar que cumplamos con nuestras obligaciones legales con respecto a la retenci\u00f3n y eliminaci\u00f3n de informaci\u00f3n personal.<\/li>\n\n\n\n<li>La informaci\u00f3n personal que procesamos para cualquier prop\u00f3sito o prop\u00f3sitos no se conservar\u00e1 por m\u00e1s tiempo del necesario para ese prop\u00f3sito o esos prop\u00f3sitos.<\/li>\n\n\n\n<li>Sin perjuicio de lo dispuesto en el art\u00edculo G-2, normalmente eliminaremos los datos personales que pertenezcan a las categor\u00edas que se detallan a continuaci\u00f3n en la fecha \/ hora que se indica a continuaci\u00f3n:\n<ol class=\"wp-block-list\">\n<li>se borrar\u00e1 el tipo de datos personales <strong>{INTRODUZCA FECHA \/ HORA}<\/strong>; y<\/li>\n\n\n\n<li><strong>{INTRODUZCA FECHAS \/ HORARIOS ADICIONALES}<\/strong>.<\/li>\n<\/ol>\n<\/li>\n<\/ol>\n\n\n\n<ol class=\"wp-block-list\" start=\"4\">\n<li>Sin perjuicio de las dem\u00e1s disposiciones de esta Secci\u00f3n G, conservaremos los documentos (incluidos los documentos electr\u00f3nicos) que contengan datos personales:\n<ol class=\"wp-block-list\">\n<li>en la medida en que la ley nos exija hacerlo;&nbsp;&nbsp;&nbsp;&nbsp;&nbsp;&nbsp;&nbsp;&nbsp;&nbsp;&nbsp;&nbsp;<\/li>\n\n\n\n<li>si creemos que los documentos pueden ser relevantes para cualquier procedimiento legal en curso o prospectivo; y<\/li>\n\n\n\n<li>con el fin de establecer, ejercer o defender nuestros derechos legales (incluido el suministro de informaci\u00f3n a terceros con el fin de prevenir el fraude y reducir el riesgo crediticio).<\/li>\n<\/ol>\n<\/li>\n<\/ol>\n\n\n\n<h2 class=\"wp-block-heading\" id=\"h-h-security-of-your-personal-information\">H. Seguridad de su informaci\u00f3n personal<\/h2>\n\n\n\n<ol class=\"wp-block-list\">\n<li>Tomaremos precauciones t\u00e9cnicas y organizativas razonables para evitar la p\u00e9rdida, el uso indebido o la alteraci\u00f3n de su informaci\u00f3n personal.<\/li>\n\n\n\n<li>Almacenaremos toda la informaci\u00f3n personal que nos proporcione en nuestros servidores seguros (protegidos con contrase\u00f1a y firewall).<\/li>\n\n\n\n<li>Todas las transacciones financieras electr\u00f3nicas realizadas a trav\u00e9s de nuestro sitio web estar\u00e1n protegidas por tecnolog\u00eda de cifrado.<\/li>\n\n\n\n<li>Usted reconoce que la transmisi\u00f3n de informaci\u00f3n a trav\u00e9s de Internet es intr\u00ednsecamente insegura y no podemos garantizar la seguridad de los datos enviados a trav\u00e9s de Internet.<\/li>\n\n\n\n<li>Usted es responsable de mantener confidencial la contrase\u00f1a que utiliza para acceder a nuestro sitio web; no le pediremos su contrase\u00f1a (excepto cuando inicie sesi\u00f3n en nuestro sitio web).<\/li>\n\n\n\n<li>Si nos proporciona la informaci\u00f3n de su tarjeta de cr\u00e9dito, la informaci\u00f3n se cifra mediante la tecnolog\u00eda de capa de conexi\u00f3n segura (SSL) y se almacena con un cifrado AES-256. Aunque ning\u00fan m\u00e9todo de transmisi\u00f3n a trav\u00e9s de Internet o almacenamiento electr\u00f3nico es 100% seguro, seguimos todos los requisitos de PCI-DSS e implementamos est\u00e1ndares adicionales de la industria generalmente aceptados.<\/li>\n<\/ol>\n\n\n\n<h2 class=\"wp-block-heading\" id=\"h-i-amendments\">I. Enmiendas&nbsp;&nbsp;&nbsp;&nbsp;&nbsp;&nbsp;&nbsp;&nbsp;&nbsp;&nbsp;&nbsp;<\/h2>\n\n\n\n<p>Es posible que actualicemos esta pol\u00edtica de vez en cuando mediante la publicaci\u00f3n de una nueva versi\u00f3n en nuestro sitio web. Debe consultar esta p\u00e1gina de vez en cuando para asegurarse de que comprende cualquier cambio en esta pol\u00edtica. Podemos notificarle los cambios a esta pol\u00edtica por correo electr\u00f3nico o mediante el sistema de mensajer\u00eda privada en nuestro sitio web.<\/p>\n\n\n\n<h2 class=\"wp-block-heading\" id=\"h-j-your-rights\">J. Tus derechos<\/h2>\n\n\n\n<p id=\"h-you-may-instruct-us-to-provide-you-with-any-personal-information-we-hold-about-you-provision-of-such-information-will-be-subject-to-the-following\">Puede indicarnos que le proporcionemos cualquier informaci\u00f3n personal que tengamos sobre usted; El suministro de dicha informaci\u00f3n estar\u00e1 sujeto a lo siguiente:<\/p>\n\n\n\n<ol class=\"wp-block-list\">\n<li>el pago de una tasa administrativa; y<\/li>\n\n\n\n<li>el suministro de evidencia apropiada de su identidad para este prop\u00f3sito, generalmente aceptaremos una fotocopia de su pasaporte certificada por un notario m\u00e1s una copia original de una factura de servicios p\u00fablicos que muestre su direcci\u00f3n actual). Podemos retener la informaci\u00f3n personal que solicite en la medida en que lo permita la ley.<\/li>\n<\/ol>\n\n\n\n<p>Puede indicarnos en cualquier momento que no procesemos su informaci\u00f3n personal con fines de marketing.<\/p>\n\n\n\n<p>En la pr\u00e1ctica, generalmente aceptar\u00e1 expresamente por adelantado nuestro uso de su informaci\u00f3n personal con fines de marketing, o le brindaremos la oportunidad de optar por no utilizar su informaci\u00f3n personal con fines de marketing.<\/p>\n\n\n\n<h2 class=\"wp-block-heading\" id=\"h-k-third-party-websites\">K. Sitios web de terceros<\/h2>\n\n\n\n<p>Nuestro sitio web incluye hiperv\u00ednculos y detalles de sitios web de terceros. No tenemos control ni somos responsables de las pol\u00edticas y pr\u00e1cticas de privacidad de terceros y le recomendamos que lea sus pol\u00edticas de privacidad.<\/p>\n\n\n\n<h2 class=\"wp-block-heading\" id=\"h-l-updating-information\">L. Actualizaci\u00f3n de informaci\u00f3n<\/h2>\n\n\n\n<p>H\u00e1ganos saber si la informaci\u00f3n personal que tenemos sobre usted necesita ser corregida o actualizada.<\/p>\n\n\n\n<h2 class=\"wp-block-heading\" id=\"h-m-cookies\">M. Cookies<\/h2>\n\n\n\n<p>Nuestro sitio web utiliza cookies. Una cookie es un archivo que contiene un identificador (una cadena de letras y n\u00fameros) que un servidor web env\u00eda a un navegador web y es almacenado por el navegador. A continuaci\u00f3n, el identificador se env\u00eda de vuelta al servidor cada vez que el navegador solicita una p\u00e1gina del servidor. Las cookies pueden ser cookies \"persistentes\" o cookies de \"sesi\u00f3n\": una cookie persistente ser\u00e1 almacenada por un navegador web y seguir\u00e1 siendo v\u00e1lida hasta la fecha de caducidad establecida, a menos que el usuario la elimine antes de la fecha de caducidad; una cookie de sesi\u00f3n, por otro lado, caducar\u00e1 al final de la sesi\u00f3n del usuario, cuando se cierre el navegador web. Las cookies no suelen contener ninguna informaci\u00f3n que identifique personalmente a un usuario, pero la informaci\u00f3n personal que almacenamos sobre usted puede estar vinculada a la informaci\u00f3n almacenada y obtenida de las cookies <strong>Usamos cookies de sesi\u00f3n y persistentes en nuestro sitio web.<\/strong><\/p>\n\n\n\n<ol class=\"wp-block-list\">\n<li>Los nombres de las cookies que utilizamos en nuestro sitio web y los fines para los<br>que se utilizan se establecen a continuaci\u00f3n:\n<ol class=\"wp-block-list\">\n<li>Podemos utilizar herramientas de an\u00e1lisis web que est\u00e1n integradas en el sitio web de BUSINESS NAME para medir y recopilar informaci\u00f3n de sesi\u00f3n an\u00f3nima. Pueden reconocer una computadora cuando un usuario visita el sitio web, rastrear a los usuarios mientras navegan por el sitio web, habilitar el uso de un carrito de compras en el sitio web, mejorar la usabilidad del sitio web \/ analizar el uso del sitio web \/ administrar el sitio web, prevenir el fraude y mejorar la seguridad del sitio web, personalizar el sitio web para cada usuario \/ anuncios de destino que puedan ser de particular inter\u00e9s para usuarios espec\u00edficos.<\/li>\n<\/ol>\n<\/li>\n\n\n\n<li>La mayor\u00eda de los navegadores le permiten negarse a aceptar cookies, por ejemplo:\n<ol class=\"wp-block-list\">\n<li>en Internet Explorer (versi\u00f3n 10) puede bloquear las cookies utilizando la configuraci\u00f3n de anulaci\u00f3n de manejo de cookies disponible al hacer clic en \"Herramientas\", \"Opciones de Internet\", \"Privacidad\" y luego en \"Avanzado\";<\/li>\n\n\n\n<li>en Firefox (versi\u00f3n 24) puede bloquear todas las cookies haciendo clic en \"Herramientas\", \"Opciones\", \"Privacidad\", seleccionando \"Usar configuraci\u00f3n personalizada para el historial\" en el men\u00fa desplegable y desmarcando \"Aceptar cookies de sitios\"; y<\/li>\n\n\n\n<li>en Chrome (versi\u00f3n 29), puede bloquear todas las cookies al acceder al men\u00fa \"Personalizar y controlar\", hacer clic en \"Configuraci\u00f3n\", \"Mostrar configuraci\u00f3n avanzada\" y \"Configuraci\u00f3n de contenido\", y luego seleccionar \"Bloquear sitios para que no configuren ning\u00fan dato\". \u201dBajo el t\u00edtulo\u201c Cookies \u201d.<br>El bloqueo de todas las cookies tendr\u00e1 un impacto negativo en la usabilidad de muchos sitios web. Si bloquea las cookies, no podr\u00e1 utilizar todas las funciones de nuestro sitio web.<\/li>\n<\/ol>\n<\/li>\n\n\n\n<li>Puede eliminar las cookies que ya est\u00e1n almacenadas en su computadora, por ejemplo:\n<ol class=\"wp-block-list\">\n<li>en Internet Explorer (versi\u00f3n 10), debe eliminar manualmente los archivos de cookies (puede encontrar instrucciones para hacerlo en http:\/\/support.microsoft.com\/kb\/278835);<\/li>\n\n\n\n<li>en Firefox (versi\u00f3n 24), puede eliminar las cookies haciendo clic en \"Herramientas\", \"Opciones\" y \"Privacidad\", luego seleccionando \"Usar configuraci\u00f3n personalizada para el historial\", haciendo clic en \"Mostrar cookies\" y luego en \"Eliminar todas las cookies\" ; y<\/li>\n\n\n\n<li>en Chrome (versi\u00f3n 29), puede eliminar todas las cookies accediendo al men\u00fa \"Personalizar y controlar\" y haciendo clic en \"Configuraci\u00f3n\", \"Mostrar configuraci\u00f3n avanzada\" y \"Borrar datos de navegaci\u00f3n\", y luego seleccionando \"Eliminar cookies y otro sitio y complementos \"antes de hacer clic en\" Borrar datos de navegaci\u00f3n \".<\/li>\n<\/ol>\n<\/li>\n\n\n\n<li>La eliminaci\u00f3n de cookies tendr\u00e1 un impacto negativo en la usabilidad de muchos sitios web.<\/li>\n<\/ol>\n\n\n\n<h2 class=\"wp-block-heading\" id=\"h-n-age-of-consent\">N. Edad de consentimiento<\/h2>\n\n\n\n<p>Al utilizar este sitio, usted declara que tiene al menos la mayor\u00eda de edad en su estado o provincia de residencia, o que tiene la mayor\u00eda de edad en su estado o provincia de residencia.<\/p>\n\n\n\n<h2 class=\"wp-block-heading\" id=\"h-o-changes-to-this-privacy-policy\">O. Cambios a esta Pol\u00edtica de privacidad<\/h2>\n\n\n\n<p>Nos reservamos el derecho de modificar esta pol\u00edtica de privacidad en cualquier momento, as\u00ed que rev\u00edsela con frecuencia. Los cambios y aclaraciones entrar\u00e1n en vigor inmediatamente despu\u00e9s de su publicaci\u00f3n en el sitio web. Si realizamos cambios sustanciales a esta pol\u00edtica, le notificaremos aqu\u00ed que se ha actualizado, para que sepa qu\u00e9 informaci\u00f3n recopilamos, c\u00f3mo la usamos y bajo qu\u00e9 circunstancias, si las hay, usamos y \/ o divulgamos. eso.<\/p>\n\n\n\n<p>Si nuestro sitio o curso se adquiere o se fusiona con otra empresa, su informaci\u00f3n puede ser transferida a los nuevos propietarios para que podamos seguir vendi\u00e9ndole productos.<\/p>\n\n\n\n<h2 class=\"wp-block-heading\" id=\"h-p-questions-and-contact-information\">P. Preguntas e informaci\u00f3n de contacto<\/h2>\n\n\n\n<p>If you would like to: access, correct, amend or delete any personal information we have about you, register a complaint, or simply want more information contact our Privacy Compliance Officer at richard@justinian.com or by mail at 8770 Research Blvd, Texas, TX 78758.<\/p>\n\n\n\n<h3 class=\"wp-block-heading\" id=\"h-california-consumer-privacy-act-ccpa\">Ley de Privacidad del Consumidor de California (CCPA)<\/h3>\n\n\n\n<p>We are a Texas, Texas-based law firm, and accordingly we do not conduct business in California. In addition, we do not sell the information we obtain from users.<\/p>\n\n\n\n<p><strong>Por lo tanto, nuestro sitio web no est\u00e1 sujeto a las regulaciones de California, como la Ley de Privacidad del Consumidor de California (CCPA).<\/strong><\/p>\n\n\n\n<p>However, if you would like to: access, correct, amend or delete any personal information we have about you, please contact our Privacy Compliance Officer at richard@justinian.com or by mail at 8770 Research Blvd, Texas, TX 78758.<\/p>"},"excerpt":{"rendered":"<p>A. Introduction B. Credit C. How we collect your personal data The following types of personal information may be collected, stored, and used: D. Using Personal Information Personal information submitted to us through our website will be used for the purposes specified in this policy or on the relevant pages of the website. These include:&nbsp;&nbsp;&nbsp;&nbsp;&nbsp;&nbsp;&nbsp;&nbsp;&nbsp; [&#8230;]<\/p>\n<p><a class=\"btn btn-secondary understrap-read-more-link\" href=\"https:\/\/www.justinian.com\/es\/politica-de-privacidad-del-abogado-de-lesiones-personales-de-austin\/\">Leer m\u00e1s&#8230;<\/a><\/p>","protected":false},"author":1,"featured_media":0,"parent":0,"menu_order":0,"comment_status":"closed","ping_status":"closed","template":"","meta":{"_acf_changed":false,"ub_ctt_via":"","footnotes":""},"class_list":["post-1458","page","type-page","status-publish","hentry"],"acf":[],"featured_image_src":null,"_links":{"self":[{"href":"https:\/\/www.justinian.com\/es\/wp-json\/wp\/v2\/pages\/1458","targetHints":{"allow":["GET"]}}],"collection":[{"href":"https:\/\/www.justinian.com\/es\/wp-json\/wp\/v2\/pages"}],"about":[{"href":"https:\/\/www.justinian.com\/es\/wp-json\/wp\/v2\/types\/page"}],"author":[{"embeddable":true,"href":"https:\/\/www.justinian.com\/es\/wp-json\/wp\/v2\/users\/1"}],"replies":[{"embeddable":true,"href":"https:\/\/www.justinian.com\/es\/wp-json\/wp\/v2\/comments?post=1458"}],"version-history":[{"count":2,"href":"https:\/\/www.justinian.com\/es\/wp-json\/wp\/v2\/pages\/1458\/revisions"}],"predecessor-version":[{"id":5924,"href":"https:\/\/www.justinian.com\/es\/wp-json\/wp\/v2\/pages\/1458\/revisions\/5924"}],"wp:attachment":[{"href":"https:\/\/www.justinian.com\/es\/wp-json\/wp\/v2\/media?parent=1458"}],"curies":[{"name":"wp","href":"https:\/\/api.w.org\/{rel}","templated":true}]}}