{"id":1455,"date":"2020-11-04T00:36:22","date_gmt":"2020-11-04T00:36:22","guid":{"rendered":"https:\/\/www.justinian.com\/?page_id=1455"},"modified":"2021-02-19T01:10:24","modified_gmt":"2021-02-19T01:10:24","slug":"asbestos-and-mesothelioma","status":"publish","type":"page","link":"https:\/\/www.justinian.com\/es\/recursos-legales\/amianto-y-mesotelioma\/","title":{"rendered":"AMIANTO Y MESOTELIOMA"},"content":{"rendered":"<h2 class=\"wp-block-heading\" id=\"h-the-health-dangers-of-asbestos\">Los peligros para la salud del amianto<\/h2>\n\n\n\n<p>El asbesto ha sido llamado \"el mineral milagroso\" porque tiene muchas propiedades \u00fanicas. Puede tejerlo en una tela, aislar tuber\u00edas y hornos con \u00e9l, \u00a1e incluso usarlo para filtrar cerveza! (<a href=\"http:\/\/www.probrewer.com\/library\/filtration\/history-of-beer-filtration\/\" target=\"_blank\" rel=\"noreferrer noopener\">S\u00ed, de verdad.<\/a>)&nbsp;<\/p>\n\n\n\n<h2 class=\"wp-block-heading\" id=\"h-but-in-addition-to-being-very-useful-asbestos-fibers-also-contribute-to-a-variety-of-serious-illnesses-including\">Pero adem\u00e1s de ser muy \u00fatiles, las fibras de asbesto tambi\u00e9n contribuyen a una variedad de enfermedades graves, que incluyen:<\/h2>\n\n\n\n<div class=\"wp-block-columns is-layout-flex wp-container-core-columns-is-layout-9d6595d7 wp-block-columns-is-layout-flex\">\n<div class=\"wp-block-column is-layout-flow wp-block-column-is-layout-flow\">\n<h3 class=\"wp-block-heading\" id=\"h-asbestosis\">Asbestosis<\/h3>\n\n\n\n<p>Cicatrices en los pulmones causadas por la inhalaci\u00f3n de fibras de asbesto.<\/p>\n<\/div>\n\n\n\n<div class=\"wp-block-column is-layout-flow wp-block-column-is-layout-flow\">\n<h3 class=\"wp-block-heading\" id=\"h-pleural-disease\">Enfermedad pleural<\/h3>\n\n\n\n<p>Engrosamiento o acumulaci\u00f3n da\u00f1inos en la <em>pleura<\/em> (la membrana que rodea los pulmones)<\/p>\n<\/div>\n<\/div>\n\n\n\n<div class=\"wp-block-columns is-layout-flex wp-container-core-columns-is-layout-9d6595d7 wp-block-columns-is-layout-flex\">\n<div class=\"wp-block-column is-layout-flow wp-block-column-is-layout-flow\">\n<h3 class=\"wp-block-heading\" id=\"h-lung-cancer\">C\u00e1ncer de pulm\u00f3n<\/h3>\n<\/div>\n\n\n\n<div class=\"wp-block-column is-layout-flow wp-block-column-is-layout-flow\">\n<h3 class=\"wp-block-heading\" id=\"h-mesothelioma\">Mesotelioma<\/h3>\n\n\n\n<p>C\u00e1ncer de <em>pleura<\/em> (la membrana que rodea los pulmones)<\/p>\n<\/div>\n<\/div>\n\n\n\n<h2 class=\"wp-block-heading\" id=\"h-health-facts-about-asbestos\">Datos de salud sobre el asbesto<\/h2>\n\n\n\n<p><strong>El Instituto Nacional del C\u00e1ncer<\/strong> dice que d\u00e9cadas de investigaci\u00f3n cient\u00edfica y m\u00e9dica muestran que no existe un nivel seguro de exposici\u00f3n al asbesto.<\/p>\n\n\n\n<p>Incluso una peque\u00f1a exposici\u00f3n al asbesto en su infancia puede causar enfermedades relacionadas con el asbesto y los s\u00edntomas pueden tardar 40 a\u00f1os o m\u00e1s en aparecer.<\/p>\n\n\n\n<h2 class=\"wp-block-heading\" id=\"h-symptoms-of-asbestos-related-health-problems-can-include\">Los s\u00edntomas de problemas de salud relacionados con el asbesto pueden incluir:<\/h2>\n\n\n\n<div class=\"wp-block-columns is-layout-flex wp-container-core-columns-is-layout-9d6595d7 wp-block-columns-is-layout-flex\">\n<div class=\"wp-block-column is-vertically-aligned-center is-layout-flow wp-block-column-is-layout-flow\" style=\"flex-basis:50%\">\n<ul class=\"check-list wp-block-list\"><li>Dificultad para respirar o ronquera<\/li><li>Tos persistente que empeora con el tiempo<\/li><li>Dolor o opresi\u00f3n en el pecho<\/li><li>Dificultad para tragar<\/li><li>Hinchaz\u00f3n del cuello o la cara<\/li><li>P\u00e9rdida de apetito<\/li><li>P\u00e9rdida de peso y fatiga<\/li><\/ul>\n<\/div>\n\n\n\n<div class=\"wp-block-column is-vertically-aligned-center is-layout-flow wp-block-column-is-layout-flow\">\n<figure class=\"wp-block-image size-large\"><img decoding=\"async\" width=\"540\" height=\"331\" src=\"https:\/\/www.justinian.com\/wp-content\/uploads\/2020\/11\/Symptoms-of-asbestos-related-health-problems-can-include2.jpg\" alt=\"\" class=\"wp-image-1501\" \/><\/figure>\n<\/div>\n<\/div>\n\n\n\n<p>Los problemas de salud relacionados con el asbesto pueden empeorar con el tiempo. Si tiene alguno de estos s\u00edntomas, comun\u00edquese con un m\u00e9dico para que lo eval\u00faen en busca de enfermedades relacionadas con el asbesto.<\/p>\n\n\n\n<h2 class=\"wp-block-heading\" id=\"h-legal-compensation-for-asbestos-related-health-problems\">Compensaci\u00f3n legal por problemas de salud relacionados con el asbesto<\/h2>\n\n\n\n<div class=\"wp-block-columns is-layout-flex wp-container-core-columns-is-layout-9d6595d7 wp-block-columns-is-layout-flex\">\n<div class=\"wp-block-column is-vertically-aligned-center is-layout-flow wp-block-column-is-layout-flow\" style=\"flex-basis:40%\">\n<figure class=\"wp-block-image size-large\"><img decoding=\"async\" width=\"540\" height=\"439\" src=\"https:\/\/www.justinian.com\/wp-content\/uploads\/2020\/11\/Asbestosclaims-Law.jpg\" alt=\"\" class=\"wp-image-1497\" \/><\/figure>\n<\/div>\n\n\n\n<div class=\"wp-block-column is-vertically-aligned-center is-layout-flow wp-block-column-is-layout-flow\">\n<h2 class=\"wp-block-heading\" id=\"h-asbestosclaims-law\">Ley de reclamaciones de amianto<\/h2>\n\n\n\n<p><em>Justinian &amp; Associates no maneja directamente casos de lesiones por asbesto.<\/em><\/p>\n\n\n\n<p>Sin embargo, remitimos todos estos casos a las <a href=\"https:\/\/www.asbestosclaims.law\/about\" target=\"_blank\" rel=\"noreferrer noopener\">Oficinas Legales de Justiniano C. Lane, Esq. - PLLC<\/a>, con sede en Washington DC. Tienen oficinas en Texas y DC, y han asegurado millones de d\u00f3lares de compensaci\u00f3n para las v\u00edctimas lesionadas por exposici\u00f3n al asbesto.<\/p>\n<\/div>\n<\/div>\n\n\n\n<div class=\"wp-block-columns is-layout-flex wp-container-core-columns-is-layout-9d6595d7 wp-block-columns-is-layout-flex\">\n<div class=\"wp-block-column is-vertically-aligned-center is-layout-flow wp-block-column-is-layout-flow\" style=\"flex-basis:60%\">\n<h2 class=\"wp-block-heading\" id=\"h-don-t-delay\">No se demore<\/h2>\n\n\n\n<p>La enfermedad del asbesto puede aparecer d\u00e9cadas despu\u00e9s de la exposici\u00f3n. Incluso una peque\u00f1a exposici\u00f3n puede causar lesiones graves, muchas de las cuales empeoran con el tiempo.<\/p>\n\n\n\n<p>Si ha estado expuesto al asbesto, no espere para saber si su salud y la de sus seres queridos est\u00e1n en riesgo. Comun\u00edquese con las <a href=\"https:\/\/www.asbestosclaims.law\/about\" target=\"_blank\" rel=\"noreferrer noopener\">Oficinas Legales de Justiniano C. Lane, Esq. - PLLC<\/a>.<\/p>\n<\/div>\n\n\n\n<div class=\"wp-block-column is-vertically-aligned-center is-layout-flow wp-block-column-is-layout-flow\">\n<figure class=\"wp-block-image size-large\"><img decoding=\"async\" width=\"540\" height=\"450\" src=\"https:\/\/www.justinian.com\/wp-content\/uploads\/2020\/11\/Dont-Delay.jpg\" alt=\"\" class=\"wp-image-1498\" \/><\/figure>\n<\/div>\n<\/div>"},"excerpt":{"rendered":"<p>The Health Dangers of Asbestos Asbestos has been called &#8220;the miracle mineral&#8221; because it has so many unique properties.&nbsp; You can weave it into a cloth, insulate pipes and furnaces with it, and even use it to filter beer!&nbsp; (Yes, really.)&nbsp; But in addition to being very useful, asbestos fibers also contribute to a variety [&#8230;]<\/p>\n<p><a class=\"btn btn-secondary understrap-read-more-link\" href=\"https:\/\/www.justinian.com\/es\/recursos-legales\/amianto-y-mesotelioma\/\">Leer m\u00e1s&#8230;<\/a><\/p>","protected":false},"author":1,"featured_media":0,"parent":240,"menu_order":41,"comment_status":"closed","ping_status":"closed","template":"page-templates\/page-sidebar-template.php","meta":{"_acf_changed":false,"ub_ctt_via":"","footnotes":""},"class_list":["post-1455","page","type-page","status-publish","hentry"],"acf":[],"featured_image_src":null,"_links":{"self":[{"href":"https:\/\/www.justinian.com\/es\/wp-json\/wp\/v2\/pages\/1455","targetHints":{"allow":["GET"]}}],"collection":[{"href":"https:\/\/www.justinian.com\/es\/wp-json\/wp\/v2\/pages"}],"about":[{"href":"https:\/\/www.justinian.com\/es\/wp-json\/wp\/v2\/types\/page"}],"author":[{"embeddable":true,"href":"https:\/\/www.justinian.com\/es\/wp-json\/wp\/v2\/users\/1"}],"replies":[{"embeddable":true,"href":"https:\/\/www.justinian.com\/es\/wp-json\/wp\/v2\/comments?post=1455"}],"version-history":[{"count":0,"href":"https:\/\/www.justinian.com\/es\/wp-json\/wp\/v2\/pages\/1455\/revisions"}],"up":[{"embeddable":true,"href":"https:\/\/www.justinian.com\/es\/wp-json\/wp\/v2\/pages\/240"}],"wp:attachment":[{"href":"https:\/\/www.justinian.com\/es\/wp-json\/wp\/v2\/media?parent=1455"}],"curies":[{"name":"wp","href":"https:\/\/api.w.org\/{rel}","templated":true}]}}