{"id":1101,"date":"2020-10-27T18:11:48","date_gmt":"2020-10-27T18:11:48","guid":{"rendered":"https:\/\/www.justinian.com\/?page_id=1101"},"modified":"2024-01-02T18:56:33","modified_gmt":"2024-01-03T00:56:33","slug":"justinian-associates-is-still-working-during-covid","status":"publish","type":"page","link":"https:\/\/www.justinian.com\/es\/justinian-associates-sigue-trabajando-durante-covid\/","title":{"rendered":"Justinian &amp; Associates is still working during COVID"},"content":{"rendered":"<h2 class=\"wp-block-heading\" id=\"h-we-are-available-by-phone-orvideo-conferencing-day-or-night\">Estamos disponibles por TEL\u00c9FONO o<br>VIDEOCONFERENCIAS, de d\u00eda o de noche:<\/h2>\n\n\n\n<div class=\"wp-block-columns autosized is-layout-flex wp-container-core-columns-is-layout-9d6595d7 wp-block-columns-is-layout-flex\">\n<div class=\"wp-block-column is-layout-flow wp-block-column-is-layout-flow\">\n<h3 class=\"wp-block-heading\" id=\"h-512-980-0000\"><img decoding=\"async\" width=\"27\" height=\"27\" class=\"wp-image-1103\" style=\"width: 27px\" src=\"https:\/\/www.justinian.com\/wp-content\/uploads\/2020\/10\/phone.png\" alt=\"\"> (512) 980-0000<\/h3>\n<\/div>\n\n\n\n<div class=\"wp-block-column is-layout-flow wp-block-column-is-layout-flow\">\n<h3 class=\"wp-block-heading\" id=\"h-contactus-justinian-com\"><img decoding=\"async\" width=\"29\" height=\"20\" class=\"wp-image-1104\" style=\"width: 29px\" src=\"https:\/\/www.justinian.com\/wp-content\/uploads\/2020\/10\/message.png\" alt=\"\"> contactus@justinian.com<\/h3>\n<\/div>\n<\/div>\n\n\n\n<h2 class=\"wp-block-heading\" id=\"h-to-our-clients\">A NUESTROS CLIENTES:<\/h2>\n\n\n\n<h3 class=\"wp-block-heading\" id=\"h-we-have-not-slowed-down\">\u00a1No hemos frenado!<\/h3>\n\n\n\n<p>All of our Texas personal injury attorneys and staff are hard at work on your cases, and we are available to discuss any concerns or matters relating to your injuries or representation any time of the day.<\/p>\n\n\n\n<div class=\"wp-block-columns autosized has-background is-layout-flex wp-container-core-columns-is-layout-9d6595d7 wp-block-columns-is-layout-flex\" style=\"background-color:#f8f8f8\">\n<div class=\"wp-block-column is-vertically-aligned-center is-layout-flow wp-block-column-is-layout-flow\">\n<figure class=\"wp-block-image size-large\"><img decoding=\"async\" width=\"59\" height=\"71\" src=\"https:\/\/www.justinian.com\/wp-content\/uploads\/2020\/10\/pc-user-vinet.png\" alt=\"\" class=\"wp-image-1105\"\/><\/figure>\n<\/div>\n\n\n\n<div class=\"wp-block-column is-vertically-aligned-center is-layout-flow wp-block-column-is-layout-flow\">\n<p>Todos nuestros abogados y personal de lesiones personales en Austin est\u00e1n trabajando arduamente en sus casos, y estamos disponibles para discutir cualquier inquietud o asunto relacionado con sus lesiones o representaci\u00f3n en cualquier momento del d\u00eda.<\/p>\n<\/div>\n<\/div>\n\n\n\n<h3 class=\"wp-block-heading\" id=\"h-the-texas-court-system-is-partly-closed-during-covid-but-still-working\">El sistema judicial de Texas est\u00e1 parcialmente cerrado durante Covid, pero sigue funcionando<\/h3>\n\n\n\n<p>El sistema judicial de Texas est\u00e1 actualmente <a href=\"http:\/\/www.txcourts.gov\/media\/coronavirus-covid-19-court-operation-guidance\/\" target=\"_blank\" rel=\"noreferrer noopener\">limitando sus servicios disponibles<\/a> y realizando la mayor parte de sus negocios de forma remota, pero usaremos los recursos disponibles de los tribunales para promover su caso y estaremos completamente listos en el momento en que los tribunales vuelvan a abrir.<\/p>\n\n\n\n<p>Se pueden encontrar m\u00e1s recursos sobre la respuesta de Texas a la epidemia de COVID <a href=\"https:\/\/gov.texas.gov\/coronavirus\" target=\"_blank\" rel=\"noreferrer noopener\">aqu\u00ed<\/a>.<\/p>\n\n\n\n<h2 class=\"wp-block-heading\" id=\"h-if-you-have-been-injured-or-need-a-personal-injury-attorney-in-texas\">SI HA SIDO LESIONADO O NECESITA UN ABOGADO DE LESIONES PERSONALES EN TEXAS:<\/h2>\n\n\n\n<h3 class=\"wp-block-heading\" id=\"h-we-provide-an-absolutely-free-consultation-by-phone-or-video-conference\">Ofrecemos una consulta absolutamente gratuita por tel\u00e9fono o videoconferencia.<\/h3>\n\n\n\n<p>No hay riesgo ni obligaci\u00f3n.<\/p>\n\n\n\n<p>Justinian &amp; Associates tiene m\u00e1s de una d\u00e9cada de experiencia en casos de lesiones personales que van desde simples accidentes automovil\u00edsticos hasta casos de acci\u00f3n colectiva masiva por lesiones causadas por productos qu\u00edmicos y productos peligrosos. Sabemos que el sistema legal a menudo est\u00e1 desequilibrado y que conseguir justicia a veces puede parecer una lucha cuesta arriba.<\/p>\n\n\n\n<h3 class=\"wp-block-heading\" id=\"h-justinian-associates-levels-the-playing-field\">Justinian &amp; Associates nivela el campo de juego.<\/h3>\n\n\n\n<p>Nuestra lista de abogados y personal bien capacitados escuchar\u00e1 todos los detalles de su caso y discutir\u00e1 pacientemente sus opciones para buscar justicia. No hay compromiso ni obligaci\u00f3n de simplemente llamar y discutir lo sucedido.<\/p>\n\n\n\n<figure class=\"wp-block-image size-large\"><img decoding=\"async\" width=\"1430\" height=\"368\" src=\"https:\/\/www.justinian.com\/wp-content\/uploads\/2020\/10\/covid-1.jpg\" alt=\"\" class=\"wp-image-1107\" srcset=\"https:\/\/www.justinian.com\/wp-content\/uploads\/2020\/10\/covid-1.jpg 1430w, https:\/\/www.justinian.com\/wp-content\/uploads\/2020\/10\/covid-1-540x139.jpg 540w, https:\/\/www.justinian.com\/wp-content\/uploads\/2020\/10\/covid-1-768x198.jpg 768w\" sizes=\"(max-width: 1430px) 100vw, 1430px\" \/><\/figure>\n\n\n\n<h3 class=\"wp-block-heading\" id=\"h-we-work-on-a-contingency-basis-which-means-we-only-get-paid-if-you-win\">Trabajamos sobre una base de contingencia, lo que significa que solo nos pagan si usted gana.<\/h3>\n\n\n\n<p>Comun\u00edquese con nosotros si desea contar su historia y comprender sus opciones seg\u00fan la ley de Texas.<\/p>\n\n\n\n<div class=\"wp-block-columns is-layout-flex wp-container-core-columns-is-layout-9d6595d7 wp-block-columns-is-layout-flex\">\n<div class=\"wp-block-column is-vertically-aligned-center is-layout-flow wp-block-column-is-layout-flow\">\n<figure class=\"wp-block-image size-large\"><img decoding=\"async\" width=\"710\" height=\"565\" src=\"https:\/\/www.justinian.com\/wp-content\/uploads\/2020\/10\/covid-2.jpg\" alt=\"\" class=\"wp-image-1106\" srcset=\"https:\/\/www.justinian.com\/wp-content\/uploads\/2020\/10\/covid-2.jpg 710w, https:\/\/www.justinian.com\/wp-content\/uploads\/2020\/10\/covid-2-540x430.jpg 540w\" sizes=\"(max-width: 710px) 100vw, 710px\" \/><\/figure>\n<\/div>\n\n\n\n<div class=\"wp-block-column is-vertically-aligned-center is-layout-flow wp-block-column-is-layout-flow\">\n<h2 class=\"wp-block-heading\" id=\"h-texas-stay-at-home-order-during-covid\">PEDIDO DE PERMANENCIA EN CASA DE TEXAS DURANTE EL COVID<\/h2>\n\n\n\n<p>Como casos estadounidenses de coronavirus Covid-19 <a href=\"https:\/\/voxeu.org\/article\/it-s-not-exponential-economist-s-view-epidemiological-curve\" target=\"_blank\" rel=\"noreferrer noopener\">en Estados Unidos a un ritmo alarmante<\/a>, los temores sobre su propagaci\u00f3n han llevado a <a href=\"https:\/\/travel.state.gov\/content\/travel\/en\/traveladvisories\/ea\/Presidential-Proclamation-Coronavirus.html\" target=\"_blank\" rel=\"noreferrer noopener\">federales<\/a> y <a href=\"https:\/\/www.cnn.com\/2020\/03\/31\/us\/states-travel-restrictions-list\/index.html\" target=\"_blank\" rel=\"noreferrer noopener\">culpable<\/a> \u00f3rdenes que restringen viajes <a href=\"https:\/\/wwwnc.cdc.gov\/travel\/notices\/warning\/coronavirus-global\" target=\"_blank\" rel=\"noreferrer noopener\">dentro<\/a> y alrededor de los Estados Unidos.<\/p>\n\n\n\n<p>En respuesta al brote de COVID, el gobernador de Texas emiti\u00f3 una <a href=\"https:\/\/gov.texas.gov\/uploads\/files\/press\/EO-GA-14_Statewide_Essential_Service_and_Activity_COVID-19_IMAGE_03-31-2020.pdf\" target=\"_blank\" rel=\"noreferrer noopener\">orden de quedarse en casa<\/a> para negocios no esenciales. El estado est\u00e1 pidiendo a los tejanos que limiten severamente todas las reuniones sociales y minimicen el contacto en persona con personas que no viven en el mismo hogar.<\/p>\n\n\n\n<p>El Departamento de Seguridad Nacional de EE. UU. Proporciona <a href=\"https:\/\/www.cisa.gov\/publication\/guidance-essential-critical-infrastructure-workforce\" target=\"_blank\" rel=\"noreferrer noopener\">una gu\u00eda detallada<\/a> en cuanto a qu\u00e9 negocios y servicios pueden permanecer abiertos, y la Divisi\u00f3n de Manejo de Emergencias de Texas mantiene <a href=\"https:\/\/tdem.texas.gov\/essentialservices\/\" target=\"_blank\" rel=\"noreferrer noopener\">una lista de negocios esenciales<\/a> bajo la orden del Gobernador.<\/p>\n\n\n\n<p>Los funcionarios estatales han <a href=\"https:\/\/gov.texas.gov\/uploads\/files\/press\/EO-GA-18_expanded_reopening_of_services_COVID-19.pdf\" target=\"_blank\" rel=\"noreferrer noopener\">anunciado planes preliminares<\/a> para reabrir el estado, pero mientras tanto, Justiniano &amp; Asociados est\u00e1 abierto, y podemos ser contactados por tel\u00e9fono o videoconferencia, a cualquier hora del d\u00eda o de la noche.<\/p>\n<\/div>\n<\/div>\n\n\n\n<h2 class=\"wp-block-heading\" id=\"h-information-about-covid\">INFORMACI\u00d3N SOBRE COVID<\/h2>\n\n\n\n<p>Covid-19 es una <a href=\"https:\/\/www.cdc.gov\/coronavirus\/2019-ncov\/downloads\/2019-ncov-factsheet.pdf\" target=\"_blank\" rel=\"noreferrer noopener\">nueva infecci\u00f3n<\/a> que fue detectada por primera vez por m\u00e9dicos en Wuhan, China, donde varios pacientes del hospital presentaban un tipo de neumon\u00eda no reconocido. Aunque algunos investigadores especulan que <a href=\"https:\/\/www.sciencedaily.com\/releases\/2020\/03\/200317175442.htm\" target=\"_blank\" rel=\"noreferrer noopener\">puede haberse propagado de un animal a los humanos<\/a>, la naturaleza exacta del virus es una inc\u00f3gnita.<\/p>\n\n\n\n<p class=\"has-text-align-center has-background has-small-font-size\" style=\"background-color:#f3f3f3\"><strong>Si usted es alguien que conoce que muestra <a href=\"https:\/\/www.cdc.gov\/coronavirus\/2019-ncov\/symptoms-testing\/symptoms.html\" target=\"_blank\" rel=\"noreferrer noopener\">s\u00edntomas del coronavirus Covid-19<\/a>, o <a href=\"https:\/\/www.doh.wa.gov\/Portals\/1\/Documents\/1600\/coronavirus\/COVIDexposed.pdf\" target=\"_blank\" rel=\"noreferrer noopener\">cree que ha estado expuesto<\/a>, hay muchos sitios web de atenci\u00f3n m\u00e9dica oficiales que ofrecen consejos actualizados sobre c\u00f3mo responder, incluido el <a href=\"https:\/\/www.cdc.gov\/coronavirus\/2019-ncov\/if-you-are-sick\/steps-when-sick.html\" target=\"_blank\" rel=\"noreferrer noopener\">Centro para el Control de Enfermedades<\/a>, el <a href=\"https:\/\/www.ecdc.europa.eu\/en\/novel-coronavirus-china\/sources-updated\" target=\"_blank\" rel=\"noreferrer noopener\">Centro Europeo de Centro de investigaci\u00f3n de Control de Enfermedades<\/a> y <a href=\"https:\/\/www.hopkinsmedicine.org\/health\/conditions-and-diseases\/coronavirus\/coronavirus-what-if-i-feel-sick\" target=\"_blank\" rel=\"noreferrer noopener\">Epidemiolog\u00eda de Johns Hopkins<\/a> (el m\u00e1s grande y antiguo del mundo).<\/strong><\/p>\n\n\n\n<p><\/p>"},"excerpt":{"rendered":"<p>We are available by PHONE orVIDEO-CONFERENCING, day or night: (512) 980-0000 contactus@justinian.com TO OUR CLIENTS: We have not slowed down! All of our Texas personal injury attorneys and staff are hard at work on your cases, and we are available to discuss any concerns or matters relating to your injuries or representation any time of [&#8230;]<\/p>\n<p><a class=\"btn btn-secondary understrap-read-more-link\" href=\"https:\/\/www.justinian.com\/es\/justinian-associates-sigue-trabajando-durante-covid\/\">Leer m\u00e1s&#8230;<\/a><\/p>","protected":false},"author":1,"featured_media":0,"parent":0,"menu_order":2,"comment_status":"closed","ping_status":"closed","template":"page-templates\/page-full-width-template.php","meta":{"_acf_changed":false,"ub_ctt_via":"","footnotes":""},"class_list":["post-1101","page","type-page","status-publish","hentry"],"acf":[],"featured_image_src":null,"_links":{"self":[{"href":"https:\/\/www.justinian.com\/es\/wp-json\/wp\/v2\/pages\/1101","targetHints":{"allow":["GET"]}}],"collection":[{"href":"https:\/\/www.justinian.com\/es\/wp-json\/wp\/v2\/pages"}],"about":[{"href":"https:\/\/www.justinian.com\/es\/wp-json\/wp\/v2\/types\/page"}],"author":[{"embeddable":true,"href":"https:\/\/www.justinian.com\/es\/wp-json\/wp\/v2\/users\/1"}],"replies":[{"embeddable":true,"href":"https:\/\/www.justinian.com\/es\/wp-json\/wp\/v2\/comments?post=1101"}],"version-history":[{"count":1,"href":"https:\/\/www.justinian.com\/es\/wp-json\/wp\/v2\/pages\/1101\/revisions"}],"predecessor-version":[{"id":5845,"href":"https:\/\/www.justinian.com\/es\/wp-json\/wp\/v2\/pages\/1101\/revisions\/5845"}],"wp:attachment":[{"href":"https:\/\/www.justinian.com\/es\/wp-json\/wp\/v2\/media?parent=1101"}],"curies":[{"name":"wp","href":"https:\/\/api.w.org\/{rel}","templated":true}]}}