{"id":11,"date":"2020-09-04T16:37:42","date_gmt":"2020-09-04T16:37:42","guid":{"rendered":"https:\/\/www.justinian.com\/?page_id=11"},"modified":"2024-01-03T17:39:51","modified_gmt":"2024-01-03T23:39:51","slug":"about-us","status":"publish","type":"page","link":"https:\/\/www.justinian.com\/es\/sobre-nosotros\/","title":{"rendered":"SOBRE NOSOTROS"},"content":{"rendered":"<div class=\"wp-block-columns is-layout-flex wp-container-core-columns-is-layout-9d6595d7 wp-block-columns-is-layout-flex\">\n<div class=\"wp-block-column is-vertically-aligned-center is-layout-flow wp-block-column-is-layout-flow\">\n<h2 class=\"wp-block-heading\" id=\"h-warriors-for-the-injured\">Guerreros para los heridos<\/h2>\n\n\n\n<p>Justinian &amp; Associates is a Texas personal injury law firm with additional offices in <strong><a href=\"https:\/\/www.justinian.com\/es\/sobre-nosotros\/nuestras-oficinas\/\">San Antonio<\/a><\/strong> y<a href=\"#\"> <\/a><strong><a href=\"https:\/\/www.justinian.com\/es\/sobre-nosotros\/nuestras-oficinas\/\">Round Rock<\/a><\/strong>. Toda nuestra pr\u00e1ctica legal est\u00e1 dedicada a proteger a las v\u00edctimas lesionadas.\nEs todo lo que hacemos.<\/p>\n\n\n\n<p>Nuestros abogados han registrado miles de horas en la sala del tribunal y conocemos los entresijos del sistema legal. De hecho, sabemos lo injusto que puede ser el sistema. Es por eso que formamos nuestra misi\u00f3n como bufete de abogados: ayudar a quienes se aprovechan. Ser guerreros por los heridos.<\/p>\n<\/div>\n\n\n\n<div class=\"wp-block-column is-vertically-aligned-center gallery is-layout-flow wp-block-column-is-layout-flow\" style=\"flex-basis:40%\">\n<figure class=\"wp-block-image size-large\"><img decoding=\"async\" width=\"370\" height=\"460\" src=\"https:\/\/www.justinian.com\/wp-content\/uploads\/2021\/01\/Justinian-Lane-about-us-slide-370x460-1.png\" alt=\"\" class=\"wp-image-2249\" srcset=\"https:\/\/www.justinian.com\/wp-content\/uploads\/2021\/01\/Justinian-Lane-about-us-slide-370x460-1.png 370w, https:\/\/www.justinian.com\/wp-content\/uploads\/2021\/01\/Justinian-Lane-about-us-slide-370x460-1-10x12.png 10w\" sizes=\"(max-width: 370px) 100vw, 370px\" \/><\/figure>\n\n\n\n<figure class=\"wp-block-image size-large\"><img decoding=\"async\" width=\"370\" height=\"460\" src=\"https:\/\/www.justinian.com\/wp-content\/uploads\/2021\/01\/Justinian-Dustin-about-us-slide-370x460-1.png\" alt=\"\" class=\"wp-image-2250\" srcset=\"https:\/\/www.justinian.com\/wp-content\/uploads\/2021\/01\/Justinian-Dustin-about-us-slide-370x460-1.png 370w, https:\/\/www.justinian.com\/wp-content\/uploads\/2021\/01\/Justinian-Dustin-about-us-slide-370x460-1-10x12.png 10w\" sizes=\"(max-width: 370px) 100vw, 370px\" \/><\/figure>\n\n\n\n<figure class=\"wp-block-image size-large\"><img decoding=\"async\" width=\"370\" height=\"460\" src=\"https:\/\/www.justinian.com\/wp-content\/uploads\/2021\/01\/Justinian-Erik-about-us-slide-370x460-1.png\" alt=\"\" class=\"wp-image-2251\" srcset=\"https:\/\/www.justinian.com\/wp-content\/uploads\/2021\/01\/Justinian-Erik-about-us-slide-370x460-1.png 370w, https:\/\/www.justinian.com\/wp-content\/uploads\/2021\/01\/Justinian-Erik-about-us-slide-370x460-1-10x12.png 10w\" sizes=\"(max-width: 370px) 100vw, 370px\" \/><\/figure>\n\n\n\n<figure class=\"wp-block-image size-large\"><img decoding=\"async\" width=\"370\" height=\"460\" src=\"https:\/\/www.justinian.com\/wp-content\/uploads\/2021\/01\/Justinian-Amber-about-us-slide-370x460-1.png\" alt=\"\" class=\"wp-image-2252\" srcset=\"https:\/\/www.justinian.com\/wp-content\/uploads\/2021\/01\/Justinian-Amber-about-us-slide-370x460-1.png 370w, https:\/\/www.justinian.com\/wp-content\/uploads\/2021\/01\/Justinian-Amber-about-us-slide-370x460-1-10x12.png 10w\" sizes=\"(max-width: 370px) 100vw, 370px\" \/><\/figure>\n\n\n\n<figure class=\"wp-block-image size-large\"><img decoding=\"async\" width=\"370\" height=\"460\" src=\"https:\/\/www.justinian.com\/wp-content\/uploads\/2021\/01\/Justinian-Kevin-about-us-slide-370x460-1.png\" alt=\"\" class=\"wp-image-2253\" srcset=\"https:\/\/www.justinian.com\/wp-content\/uploads\/2021\/01\/Justinian-Kevin-about-us-slide-370x460-1.png 370w, https:\/\/www.justinian.com\/wp-content\/uploads\/2021\/01\/Justinian-Kevin-about-us-slide-370x460-1-10x12.png 10w\" sizes=\"(max-width: 370px) 100vw, 370px\" \/><\/figure>\n<\/div>\n<\/div>\n\n\n\n<h2 class=\"wp-block-heading\" id=\"h-no-fight-too-big-or-small\">Ninguna pelea es demasiado grande o peque\u00f1a<\/h2>\n\n\n\n<p>Justinian &amp; Associates ha ganado casos que van desde da\u00f1os menores hasta acciones de agravio masivo de varios millones de d\u00f3lares contra corporaciones negligentes. Nuestros experimentados abogados, asistentes legales, investigadores y personal trabajan juntos como una fuerza interactiva, presionando incansablemente para hacer valer sus intereses desde el acuerdo previo hasta el final del juicio.<\/p>\n\n\n\n<p>Por lo tanto, sin importar el tama\u00f1o de su caso, en Justinian &amp; Associates recibir\u00e1 una atenci\u00f3n dedicada y representaci\u00f3n adaptada a los detalles de su caso y sus necesidades individuales.<\/p>\n\n\n\n<p>Por lo tanto, sin importar el tama\u00f1o de su caso, en Justiniano &amp; Associates recibir\u00e1 atenci\u00f3n dedicada y representaci\u00f3n adaptada a los detalles de su caso y sus necesidades individuales.<\/p>\n\n\n\n<p>Whether you\u2019re facing a Fortune 500 drug company, or just<a href=\"https:\/\/www.justinian.com\/es\/personal-injury-blog\/justinian-associates-reconocido-como-un-destacado-abogado-en-accidentes-automovilisticos\/\"> getting the runaround from a car insurance company<\/a>, we will lead the charge. We\u2019ve stood up to thousands of bullies for injured people, and got them the full compensation they were owed under the law. That\u2019s all we do.<\/p>\n\n\n\n<p class=\"h4\"><strong>Y no aceptamos ninguna derrota. Entonces, si no ganamos su caso, Ud. no paga nada.<\/strong><\/p>\n\n\n\n<figure class=\"wp-block-image size-full\"><img decoding=\"async\" width=\"870\" height=\"400\" src=\"https:\/\/www.justinian.com\/wp-content\/uploads\/2020\/10\/about-2.jpg\" alt=\"\" class=\"wp-image-194\" srcset=\"https:\/\/www.justinian.com\/wp-content\/uploads\/2020\/10\/about-2.jpg 870w, https:\/\/www.justinian.com\/wp-content\/uploads\/2020\/10\/about-2-300x138.jpg 300w, https:\/\/www.justinian.com\/wp-content\/uploads\/2020\/10\/about-2-768x353.jpg 768w\" sizes=\"(max-width: 870px) 100vw, 870px\" \/><\/figure>\n\n\n\n<div class=\"wp-block-columns is-layout-flex wp-container-core-columns-is-layout-9d6595d7 wp-block-columns-is-layout-flex\">\n<div class=\"wp-block-column is-vertically-aligned-center is-layout-flow wp-block-column-is-layout-flow\">\n<h2 class=\"wp-block-heading\" id=\"h-speaking-to-a-texas-personal-injury-lawyer-at-justinian-associates-costs-nothing\">Speaking to a Texas Personal Injury Lawyer at Justinian &amp; Associates Costs Nothing<\/h2>\n\n\n\n<p><a href=\"https:\/\/www.justinian.com\/es\/faqs\/quien-paga-los-costos-de-mi-caso-es-eso-parte-del-acuerdo\/\">We offer an entirely free consultation<\/a> with a seasoned attorney (not a paralegal or \u201cscreener,\u201d) who will listen to the details of your case and explain your rights under U.S. and Texas law. We offer cutting edge communications technology, but are ready and willing to meet you in person while you recover at the hospital, or wherever is convenient.<\/p>\n\n\n\n<p>Estamos aqu\u00ed para escucharlo 24 horas al d\u00eda, 7 d\u00edas a la semana. Sin obligaci\u00f3n. Ll\u00e1menos, env\u00edenos un mensaje de texto o env\u00edenos un correo electr\u00f3nico ahora.<\/p>\n<\/div>\n\n\n\n<div class=\"wp-block-column is-layout-flow wp-block-column-is-layout-flow\" style=\"flex-basis:45%\">\n<figure class=\"wp-block-image size-large\"><img decoding=\"async\" width=\"370\" height=\"610\" src=\"https:\/\/www.justinian.com\/wp-content\/uploads\/2020\/12\/Speaking-to-an-Austin-Personal-Injury-Lawyer-at-Justinian-Associates-Costs-Nothing.jpg\" alt=\"\" class=\"wp-image-2006\" srcset=\"https:\/\/www.justinian.com\/wp-content\/uploads\/2020\/12\/Speaking-to-an-Austin-Personal-Injury-Lawyer-at-Justinian-Associates-Costs-Nothing.jpg 370w, https:\/\/www.justinian.com\/wp-content\/uploads\/2020\/12\/Speaking-to-an-Austin-Personal-Injury-Lawyer-at-Justinian-Associates-Costs-Nothing-328x540.jpg 328w\" sizes=\"(max-width: 370px) 100vw, 370px\" \/><\/figure>\n<\/div>\n<\/div>"},"excerpt":{"rendered":"<p>Warriors For The Injured Justinian &amp; Associates is a Texas personal injury law firm with additional offices in San Antonio and Round Rock. Our entire legal practice is devoted to protecting injured victims. It\u2019s all we do. Our attorneys have clocked thousands of hours in the courtroom, and we know the ins and outs of [&#8230;]<\/p>\n<p><a class=\"btn btn-secondary understrap-read-more-link\" href=\"https:\/\/www.justinian.com\/es\/sobre-nosotros\/\">Leer m\u00e1s&#8230;<\/a><\/p>","protected":false},"author":1,"featured_media":0,"parent":0,"menu_order":62,"comment_status":"closed","ping_status":"closed","template":"page-templates\/page-sidebar-template.php","meta":{"_acf_changed":false,"ub_ctt_via":"","footnotes":""},"class_list":["post-11","page","type-page","status-publish","hentry"],"acf":[],"featured_image_src":null,"_links":{"self":[{"href":"https:\/\/www.justinian.com\/es\/wp-json\/wp\/v2\/pages\/11","targetHints":{"allow":["GET"]}}],"collection":[{"href":"https:\/\/www.justinian.com\/es\/wp-json\/wp\/v2\/pages"}],"about":[{"href":"https:\/\/www.justinian.com\/es\/wp-json\/wp\/v2\/types\/page"}],"author":[{"embeddable":true,"href":"https:\/\/www.justinian.com\/es\/wp-json\/wp\/v2\/users\/1"}],"replies":[{"embeddable":true,"href":"https:\/\/www.justinian.com\/es\/wp-json\/wp\/v2\/comments?post=11"}],"version-history":[{"count":5,"href":"https:\/\/www.justinian.com\/es\/wp-json\/wp\/v2\/pages\/11\/revisions"}],"predecessor-version":[{"id":5949,"href":"https:\/\/www.justinian.com\/es\/wp-json\/wp\/v2\/pages\/11\/revisions\/5949"}],"wp:attachment":[{"href":"https:\/\/www.justinian.com\/es\/wp-json\/wp\/v2\/media?parent=11"}],"curies":[{"name":"wp","href":"https:\/\/api.w.org\/{rel}","templated":true}]}}